{"id":3439,"date":"2012-03-08T15:13:36","date_gmt":"2012-03-08T19:13:36","guid":{"rendered":"https:\/\/spcsigns.com\/gravure\/"},"modified":"2012-03-08T15:13:36","modified_gmt":"2012-03-08T19:13:36","slug":"gravure","status":"publish","type":"page","link":"https:\/\/spcsigns.com\/fr\/gravure\/","title":{"rendered":"Gravure"},"content":{"rendered":"<section class=\"l-section wpb_row height_medium\"><div class=\"l-section-h i-cf\"><div class=\"g-cols vc_row via_flex valign_top type_default stacking_default\"><div class=\"vc_col-sm-12 wpb_column vc_column_container\"><div class=\"vc_column-inner\"><div class=\"wpb_wrapper\"><div class=\"wpb_text_column us_custom_fcfb512a has_text_color\"><div class=\"wpb_wrapper\"><h1 style=\"text-align: left;\">&nbsp;GRAVURE<\/h1>\n<\/div><\/div><div class=\"w-image us_custom_fab4abd9 align_none\"><div class=\"w-image-h\"><img decoding=\"async\" width=\"990\" height=\"292\" data-src=\"https:\/\/spcsigns.com\/wp-content\/uploads\/2020\/05\/engraving-h1-1024x302.jpg\" class=\"attachment-large size-large lazyload\" alt=\"\" data-srcset=\"https:\/\/spcsigns.com\/wp-content\/uploads\/2020\/05\/engraving-h1-1024x302.jpg 1024w, https:\/\/spcsigns.com\/wp-content\/uploads\/2020\/05\/engraving-h1-300x88.jpg 300w, https:\/\/spcsigns.com\/wp-content\/uploads\/2020\/05\/engraving-h1.jpg 1251w\" data-sizes=\"auto, (max-width: 990px) 100vw, 990px\" src=\"data:image\/gif;base64,R0lGODlhAQABAAAAACH5BAEKAAEALAAAAAABAAEAAAICTAEAOw==\" style=\"--smush-placeholder-width: 990px; --smush-placeholder-aspect-ratio: 990\/292;\" \/><\/div><\/div><div class=\"wpb_text_column us_custom_cc5ffa17\"><div class=\"wpb_wrapper\"><\/div><\/div><div class=\"w-separator size_medium\"><\/div><div class=\"g-cols wpb_row via_flex valign_top type_default stacking_default\" style=\"--additional-gap:2px;\"><div class=\"vc_col-sm-8 wpb_column vc_column_container\"><div class=\"vc_column-inner\"><div class=\"wpb_wrapper\"><div class=\"wpb_text_column\"><div class=\"wpb_wrapper\"><h3 style=\"text-align: center;\"><strong>Gravure rotative et au laser<br \/>\nCommercial, industriel et r\u00e9sidentiel<\/strong><\/h3>\n<p><em><strong>Bienvenue chez gravures SPC<\/strong><\/em><\/p>\n<p>Nous sommes sp\u00e9cialis\u00e9s dans la gravure et l&rsquo;identification industrielles, commerciales et r\u00e9sidentielles. Nos services de gravure comprennent la gravure au laser, la gravure rotative \u00e0 commande num\u00e9rique et la gravure au diamant, toutes les machines \u00e9tant capables de graver sur des surfaces planes et rondes. <\/p>\n<p>Fabricant de plaques et d&rsquo;\u00e9tiquettes \u00e9lectriques, de lamaco\u00efdes (ou lamiciodes), de plaques de l\u00e9gende, d&rsquo;\u00e9tiquettes de vannes, de panneaux de s\u00e9curit\u00e9 et d&rsquo;avertissement, de plaques signal\u00e9tiques, de plaques de bureau, d&rsquo;\u00e9tiquettes nominatives, de panneaux tactiles ADA et de panneaux en braille. Gravure et d\u00e9coupe rotative, cylindrique et au laser sur laiton, bronze, aluminium, acier inoxydable, bois, plastique \u00e0 graver, acrylique, cuir, verre et autres. <\/p>\n<p>Quels que soient vos besoins en mati\u00e8re de gravure, nous pouvons vous aider. Nous sommes situ\u00e9s \u00e0 Pointe-Claire, mais nous desservons tout le Canada. <\/p>\n<\/div><\/div><\/div><\/div><\/div><div class=\"vc_col-sm-4 wpb_column vc_column_container\"><div class=\"vc_column-inner\"><div class=\"wpb_wrapper\"><div class=\"wpb_text_column\"><div class=\"wpb_wrapper\"><h2 style=\"text-align: center;\">Contactez nous<\/h2>\n<\/div><\/div><form class=\"w-form  us-field-style_1 layout_ver for_cform us_form_1\" autocomplete=\"off\" action=\"https:\/\/spcsigns.com\/fr\/wp-json\/wp\/v2\/pages\/3439\" method=\"post\"><div class=\"w-form-h\"><div class=\"w-form-row for_text\">\r\n\t\t<div class=\"w-form-row-field\">\r\n\t\t\t\t\t\t<input aria-label=\"Name\" type=\"text\" name=\"us_form_1_text_1\" value placeholder=\"Name\"\/>\r\n\t\t\t<\/div>\r\n\t\t<div class=\"w-form-row-state\">Vous devez remplir ce champ<\/div>\r\n<\/div>\r\n<div class=\"w-form-row for_email\">\r\n\t\t<div class=\"w-form-row-field\">\r\n\t\t\t\t\t\t<input aria-label=\"Email\" type=\"email\" name=\"us_form_1_email_1\" value placeholder=\"Email\"\/>\r\n\t\t\t<\/div>\r\n\t\t<div class=\"w-form-row-state\">Veuillez saisir une adresse e-mail valide.<\/div>\r\n<\/div>\r\n<div class=\"w-form-row for_textarea\">\r\n\t\t<div class=\"w-form-row-field\">\r\n\t\t\t\t\t\t<textarea aria-label=\"Text\" name=\"us_form_1_textarea_1\" placeholder=\"Text\"><\/textarea>\r\n\t\t\t<\/div>\r\n\t\t<div class=\"w-form-row-state\">Vous devez remplir ce champ<\/div>\r\n<\/div>\r\n<input type=\"hidden\" name=\"action\" value=\"us_ajax_cform\" \/>\r\n<input type=\"hidden\" name=\"post_id\" value=\"0\" \/>\r\n<input type=\"hidden\" name=\"form_index\" value=\"1\" \/>\r\n<div class=\"w-form-row for_submit align_none\">\r\n\t<button class=\"w-btn  us-btn-style_1\" aria-label=\"Envoyer\" type=\"submit\">\r\n\t\t<span class=\"g-preloader type_1\"><\/span>\r\n\t\t\t\t<span class=\"w-btn-label\">Envoyer<\/span>\r\n\t\t\t<\/button>\r\n\t<\/div>\r\n<\/div><div class=\"w-form-message\"><\/div><div class=\"w-form-json hidden\" onclick='return {&quot;ajaxurl&quot;:&quot;https:\\\/\\\/spcsigns.com\\\/wp-admin\\\/admin-ajax.php&quot;,&quot;messages&quot;:{&quot;err_empty&quot;:&quot;Vous devez remplir ce champ&quot;,&quot;err_size&quot;:&quot;La taille du fichier ne peut pas d\\u00e9passer %s Mo&quot;,&quot;err_extension&quot;:&quot;Le type de fichier %s n&#039;est pas autoris\\u00e9&quot;,&quot;err_recaptcha_keys&quot;:&quot;Les cl\\u00e9s reCAPTCHA sont incorrectes&quot;}}'><\/div><\/form><\/div><\/div><\/div><\/div><div class=\"w-separator size_medium\"><\/div><div class=\"g-cols wpb_row via_flex valign_top type_default stacking_default\"><div class=\"vc_col-sm-4 wpb_column vc_column_container\"><div class=\"vc_column-inner\"><div class=\"wpb_wrapper\"><div class=\"w-image us_custom_6bb80f14 align_center\"><div class=\"w-image-h\"><img decoding=\"async\" width=\"300\" height=\"300\" data-src=\"https:\/\/spcsigns.com\/wp-content\/uploads\/2020\/06\/lamacoids-300x300.jpg\" class=\"attachment-medium size-medium lazyload\" alt=\"\" data-srcset=\"https:\/\/spcsigns.com\/wp-content\/uploads\/2020\/06\/lamacoids-300x300.jpg 300w, https:\/\/spcsigns.com\/wp-content\/uploads\/2020\/06\/lamacoids-150x150.jpg 150w, https:\/\/spcsigns.com\/wp-content\/uploads\/2020\/06\/lamacoids.jpg 1025w\" data-sizes=\"auto, (max-width: 300px) 100vw, 300px\" src=\"data:image\/gif;base64,R0lGODlhAQABAAAAACH5BAEKAAEALAAAAAABAAEAAAICTAEAOw==\" style=\"--smush-placeholder-width: 300px; --smush-placeholder-aspect-ratio: 300\/300;\" \/><\/div><\/div><div class=\"wpb_text_column\"><div class=\"wpb_wrapper\"><h3 style=\"text-align: center;\"><strong>Lamico\u00efdes<\/strong><\/h3>\n<\/div><\/div><\/div><\/div><\/div><div class=\"vc_col-sm-4 wpb_column vc_column_container\"><div class=\"vc_column-inner\"><div class=\"wpb_wrapper\"><div class=\"w-image us_custom_6bb80f14 align_center\"><div class=\"w-image-h\"><img decoding=\"async\" width=\"300\" height=\"300\" data-src=\"https:\/\/spcsigns.com\/wp-content\/uploads\/2020\/06\/decal-warning-300x300.jpg\" class=\"attachment-medium size-medium lazyload\" alt=\"\" data-srcset=\"https:\/\/spcsigns.com\/wp-content\/uploads\/2020\/06\/decal-warning-300x300.jpg 300w, https:\/\/spcsigns.com\/wp-content\/uploads\/2020\/06\/decal-warning-150x150.jpg 150w, https:\/\/spcsigns.com\/wp-content\/uploads\/2020\/06\/decal-warning.jpg 1025w\" data-sizes=\"auto, (max-width: 300px) 100vw, 300px\" src=\"data:image\/gif;base64,R0lGODlhAQABAAAAACH5BAEKAAEALAAAAAABAAEAAAICTAEAOw==\" style=\"--smush-placeholder-width: 300px; --smush-placeholder-aspect-ratio: 300\/300;\" \/><\/div><\/div><div class=\"wpb_text_column\"><div class=\"wpb_wrapper\"><h3 style=\"text-align: center;\"><strong>S\u00e9curit\u00e9 et avertissement<\/strong><\/h3>\n<\/div><\/div><\/div><\/div><\/div><div class=\"vc_col-sm-4 wpb_column vc_column_container\"><div class=\"vc_column-inner\"><div class=\"wpb_wrapper\"><div class=\"w-image us_custom_6bb80f14 align_none\"><div class=\"w-image-h\"><img decoding=\"async\" width=\"300\" height=\"300\" data-src=\"https:\/\/spcsigns.com\/wp-content\/uploads\/2020\/06\/control-panel-300x300.jpg\" class=\"attachment-medium size-medium lazyload\" alt=\"\" data-srcset=\"https:\/\/spcsigns.com\/wp-content\/uploads\/2020\/06\/control-panel-300x300.jpg 300w, https:\/\/spcsigns.com\/wp-content\/uploads\/2020\/06\/control-panel-150x150.jpg 150w, https:\/\/spcsigns.com\/wp-content\/uploads\/2020\/06\/control-panel.jpg 1025w\" data-sizes=\"auto, (max-width: 300px) 100vw, 300px\" src=\"data:image\/gif;base64,R0lGODlhAQABAAAAACH5BAEKAAEALAAAAAABAAEAAAICTAEAOw==\" style=\"--smush-placeholder-width: 300px; --smush-placeholder-aspect-ratio: 300\/300;\" \/><\/div><\/div><div class=\"wpb_text_column\"><div class=\"wpb_wrapper\"><h3 style=\"text-align: center;\"><strong>Panneaux de contr\u00f4le<\/strong><\/h3>\n<\/div><\/div><\/div><\/div><\/div><\/div><div class=\"w-separator size_small\"><\/div><div class=\"g-cols wpb_row via_flex valign_top type_default stacking_default\"><div class=\"vc_col-sm-4 wpb_column vc_column_container\"><div class=\"vc_column-inner\"><div class=\"wpb_wrapper\"><div class=\"w-image us_custom_6bb80f14 align_none\"><div class=\"w-image-h\"><img decoding=\"async\" width=\"990\" height=\"990\" data-src=\"https:\/\/spcsigns.com\/wp-content\/uploads\/2020\/06\/diamond-engraving-1024x1024.jpg\" class=\"attachment-large size-large lazyload\" alt=\"\" data-srcset=\"https:\/\/spcsigns.com\/wp-content\/uploads\/2020\/06\/diamond-engraving-1024x1024.jpg 1024w, https:\/\/spcsigns.com\/wp-content\/uploads\/2020\/06\/diamond-engraving-300x300.jpg 300w, https:\/\/spcsigns.com\/wp-content\/uploads\/2020\/06\/diamond-engraving-150x150.jpg 150w, https:\/\/spcsigns.com\/wp-content\/uploads\/2020\/06\/diamond-engraving.jpg 1026w\" data-sizes=\"auto, (max-width: 990px) 100vw, 990px\" src=\"data:image\/gif;base64,R0lGODlhAQABAAAAACH5BAEKAAEALAAAAAABAAEAAAICTAEAOw==\" style=\"--smush-placeholder-width: 990px; --smush-placeholder-aspect-ratio: 990\/990;\" \/><\/div><\/div><div class=\"wpb_text_column\"><div class=\"wpb_wrapper\"><h3 style=\"text-align: center;\"><strong>&nbsp;Gravure sur m\u00e9tal personnalis\u00e9e<br \/>\n<\/strong><\/h3>\n<\/div><\/div><\/div><\/div><\/div><div class=\"vc_col-sm-4 wpb_column vc_column_container\"><div class=\"vc_column-inner\"><div class=\"wpb_wrapper\"><div class=\"w-image us_custom_6bb80f14 align_none\"><div class=\"w-image-h\"><img decoding=\"async\" width=\"990\" height=\"990\" data-src=\"https:\/\/spcsigns.com\/wp-content\/uploads\/2020\/06\/anodized-aluminum.jpg\" class=\"attachment-large size-large lazyload\" alt=\"\" data-srcset=\"https:\/\/spcsigns.com\/wp-content\/uploads\/2020\/06\/anodized-aluminum.jpg 1025w, https:\/\/spcsigns.com\/wp-content\/uploads\/2020\/06\/anodized-aluminum-300x300.jpg 300w, https:\/\/spcsigns.com\/wp-content\/uploads\/2020\/06\/anodized-aluminum-150x150.jpg 150w\" data-sizes=\"auto, (max-width: 990px) 100vw, 990px\" src=\"data:image\/gif;base64,R0lGODlhAQABAAAAACH5BAEKAAEALAAAAAABAAEAAAICTAEAOw==\" style=\"--smush-placeholder-width: 990px; --smush-placeholder-aspect-ratio: 990\/990;\" \/><\/div><\/div><div class=\"wpb_text_column\"><div class=\"wpb_wrapper\"><h3 style=\"text-align: center;\"><strong>Gravure sur aluminium<\/strong><\/h3>\n<\/div><\/div><\/div><\/div><\/div><div class=\"vc_col-sm-4 wpb_column vc_column_container\"><div class=\"vc_column-inner\"><div class=\"wpb_wrapper\"><div class=\"w-image us_custom_7a40ee0a align_none\"><div class=\"w-image-h\"><img decoding=\"async\" width=\"990\" height=\"990\" data-src=\"https:\/\/spcsigns.com\/wp-content\/uploads\/2020\/06\/stainless-steel-tag.jpg\" class=\"attachment-large size-large lazyload\" alt=\"\" data-srcset=\"https:\/\/spcsigns.com\/wp-content\/uploads\/2020\/06\/stainless-steel-tag.jpg 1025w, https:\/\/spcsigns.com\/wp-content\/uploads\/2020\/06\/stainless-steel-tag-300x300.jpg 300w, https:\/\/spcsigns.com\/wp-content\/uploads\/2020\/06\/stainless-steel-tag-150x150.jpg 150w\" data-sizes=\"auto, (max-width: 990px) 100vw, 990px\" src=\"data:image\/gif;base64,R0lGODlhAQABAAAAACH5BAEKAAEALAAAAAABAAEAAAICTAEAOw==\" style=\"--smush-placeholder-width: 990px; --smush-placeholder-aspect-ratio: 990\/990;\" \/><\/div><\/div><div class=\"wpb_text_column\"><div class=\"wpb_wrapper\"><h3 style=\"text-align: center;\"><strong>Gravure sur acier inoxydable<\/strong><\/h3>\n<\/div><\/div><\/div><\/div><\/div><\/div><div class=\"w-separator size_small\"><\/div><div class=\"g-cols wpb_row via_flex valign_top type_default stacking_default\"><div class=\"vc_col-sm-4 wpb_column vc_column_container\"><div class=\"vc_column-inner\"><div class=\"wpb_wrapper\"><div class=\"w-image us_custom_6bb80f14 align_none\"><div class=\"w-image-h\"><img decoding=\"async\" width=\"990\" height=\"990\" data-src=\"https:\/\/spcsigns.com\/wp-content\/uploads\/2020\/07\/valve-tags-1024x1024.png\" class=\"attachment-large size-large lazyload\" alt=\"\" data-srcset=\"https:\/\/spcsigns.com\/wp-content\/uploads\/2020\/07\/valve-tags-1024x1024.png 1024w, https:\/\/spcsigns.com\/wp-content\/uploads\/2020\/07\/valve-tags-300x300.png 300w, https:\/\/spcsigns.com\/wp-content\/uploads\/2020\/07\/valve-tags-150x150.png 150w, https:\/\/spcsigns.com\/wp-content\/uploads\/2020\/07\/valve-tags.png 1251w\" data-sizes=\"auto, (max-width: 990px) 100vw, 990px\" src=\"data:image\/gif;base64,R0lGODlhAQABAAAAACH5BAEKAAEALAAAAAABAAEAAAICTAEAOw==\" style=\"--smush-placeholder-width: 990px; --smush-placeholder-aspect-ratio: 990\/990;\" \/><\/div><\/div><div class=\"wpb_text_column\"><div class=\"wpb_wrapper\"><h3 style=\"text-align: center;\"><strong>Tags sur les vannes<br \/>\n<\/strong><\/h3>\n<\/div><\/div><\/div><\/div><\/div><div class=\"vc_col-sm-4 wpb_column vc_column_container\"><div class=\"vc_column-inner\"><div class=\"wpb_wrapper\"><div class=\"w-image us_custom_6bb80f14 align_none\"><div class=\"w-image-h\"><img decoding=\"async\" width=\"990\" height=\"990\" data-src=\"https:\/\/spcsigns.com\/wp-content\/uploads\/2020\/07\/legend-plates-square-1024x1024.png\" class=\"attachment-large size-large lazyload\" alt=\"\" data-srcset=\"https:\/\/spcsigns.com\/wp-content\/uploads\/2020\/07\/legend-plates-square-1024x1024.png 1024w, https:\/\/spcsigns.com\/wp-content\/uploads\/2020\/07\/legend-plates-square-300x300.png 300w, https:\/\/spcsigns.com\/wp-content\/uploads\/2020\/07\/legend-plates-square-150x150.png 150w, https:\/\/spcsigns.com\/wp-content\/uploads\/2020\/07\/legend-plates-square.png 1251w\" data-sizes=\"auto, (max-width: 990px) 100vw, 990px\" src=\"data:image\/gif;base64,R0lGODlhAQABAAAAACH5BAEKAAEALAAAAAABAAEAAAICTAEAOw==\" style=\"--smush-placeholder-width: 990px; --smush-placeholder-aspect-ratio: 990\/990;\" \/><\/div><\/div><div class=\"wpb_text_column\"><div class=\"wpb_wrapper\"><h3 style=\"text-align: center;\"><strong>Plaques de l\u00e9gende<br \/>\n<\/strong><\/h3>\n<\/div><\/div><\/div><\/div><\/div><div class=\"vc_col-sm-4 wpb_column vc_column_container\"><div class=\"vc_column-inner\"><div class=\"wpb_wrapper\"><div class=\"w-image us_custom_6bb80f14 align_none\"><a title=\"Cylindrical Engraving\" href=\"https:\/\/spcsigns.com\/rotary-engraving\/cylindrical-engraving\/\" aria-label=\"cylindrical engraving\" class=\"w-image-h\"><img decoding=\"async\" width=\"990\" height=\"990\" data-src=\"https:\/\/spcsigns.com\/wp-content\/uploads\/2020\/07\/cylindrical-engraving-1024x1024.png\" class=\"attachment-large size-large lazyload\" alt=\"\" data-srcset=\"https:\/\/spcsigns.com\/wp-content\/uploads\/2020\/07\/cylindrical-engraving-1024x1024.png 1024w, https:\/\/spcsigns.com\/wp-content\/uploads\/2020\/07\/cylindrical-engraving-300x300.png 300w, https:\/\/spcsigns.com\/wp-content\/uploads\/2020\/07\/cylindrical-engraving-150x150.png 150w, https:\/\/spcsigns.com\/wp-content\/uploads\/2020\/07\/cylindrical-engraving.png 1251w\" data-sizes=\"auto, (max-width: 990px) 100vw, 990px\" src=\"data:image\/gif;base64,R0lGODlhAQABAAAAACH5BAEKAAEALAAAAAABAAEAAAICTAEAOw==\" style=\"--smush-placeholder-width: 990px; --smush-placeholder-aspect-ratio: 990\/990;\" \/><\/a><\/div><div class=\"wpb_text_column\"><div class=\"wpb_wrapper\"><h3 style=\"text-align: center;\"><strong>Gravure cylindrique<\/strong><\/h3>\n<\/div><\/div><\/div><\/div><\/div><\/div><div class=\"w-separator size_small\"><\/div><div class=\"g-cols wpb_row via_flex valign_top type_default stacking_default\"><div class=\"vc_col-sm-4 wpb_column vc_column_container\"><div class=\"vc_column-inner\"><div class=\"wpb_wrapper\"><div class=\"w-image us_custom_6bb80f14 align_none\"><div class=\"w-image-h\"><img decoding=\"async\" width=\"990\" height=\"990\" data-src=\"https:\/\/spcsigns.com\/wp-content\/uploads\/2020\/07\/badges-1024x1024.png\" class=\"attachment-large size-large lazyload\" alt=\"\" data-srcset=\"https:\/\/spcsigns.com\/wp-content\/uploads\/2020\/07\/badges-1024x1024.png 1024w, https:\/\/spcsigns.com\/wp-content\/uploads\/2020\/07\/badges-300x300.png 300w, https:\/\/spcsigns.com\/wp-content\/uploads\/2020\/07\/badges-150x150.png 150w, https:\/\/spcsigns.com\/wp-content\/uploads\/2020\/07\/badges.png 1251w\" data-sizes=\"auto, (max-width: 990px) 100vw, 990px\" src=\"data:image\/gif;base64,R0lGODlhAQABAAAAACH5BAEKAAEALAAAAAABAAEAAAICTAEAOw==\" style=\"--smush-placeholder-width: 990px; --smush-placeholder-aspect-ratio: 990\/990;\" \/><\/div><\/div><div class=\"wpb_text_column\"><div class=\"wpb_wrapper\"><h3 style=\"text-align: center;\"><strong>Badges<br \/>\n<\/strong><\/h3>\n<\/div><\/div><\/div><\/div><\/div><div class=\"vc_col-sm-4 wpb_column vc_column_container\"><div class=\"vc_column-inner\"><div class=\"wpb_wrapper\"><div class=\"w-image us_custom_6bb80f14 align_none\"><div class=\"w-image-h\"><img decoding=\"async\" width=\"990\" height=\"990\" data-src=\"https:\/\/spcsigns.com\/wp-content\/uploads\/2020\/07\/nameplates-engraved-1024x1024.png\" class=\"attachment-large size-large lazyload\" alt=\"\" data-srcset=\"https:\/\/spcsigns.com\/wp-content\/uploads\/2020\/07\/nameplates-engraved-1024x1024.png 1024w, https:\/\/spcsigns.com\/wp-content\/uploads\/2020\/07\/nameplates-engraved-300x300.png 300w, https:\/\/spcsigns.com\/wp-content\/uploads\/2020\/07\/nameplates-engraved-150x150.png 150w, https:\/\/spcsigns.com\/wp-content\/uploads\/2020\/07\/nameplates-engraved.png 1251w\" data-sizes=\"auto, (max-width: 990px) 100vw, 990px\" src=\"data:image\/gif;base64,R0lGODlhAQABAAAAACH5BAEKAAEALAAAAAABAAEAAAICTAEAOw==\" style=\"--smush-placeholder-width: 990px; --smush-placeholder-aspect-ratio: 990\/990;\" \/><\/div><\/div><div class=\"wpb_text_column\"><div class=\"wpb_wrapper\"><h3 style=\"text-align: center;\"><strong>Porte<br \/>\n<\/strong><strong>Plaques signal\u00e9tiques<br \/>\n<\/strong><\/h3>\n<\/div><\/div><\/div><\/div><\/div><div class=\"vc_col-sm-4 wpb_column vc_column_container\"><div class=\"vc_column-inner\"><div class=\"wpb_wrapper\"><div class=\"w-image us_custom_6bb80f14 align_none\"><a title=\"Cylindrical Engraving\" href=\"https:\/\/spcsigns.com\/rotary-engraving\/cylindrical-engraving\/\" aria-label=\"cylindrical engraving\" class=\"w-image-h\"><img decoding=\"async\" width=\"990\" height=\"990\" data-src=\"https:\/\/spcsigns.com\/wp-content\/uploads\/2020\/07\/cylindrical-engraving-1024x1024.png\" class=\"attachment-large size-large lazyload\" alt=\"\" data-srcset=\"https:\/\/spcsigns.com\/wp-content\/uploads\/2020\/07\/cylindrical-engraving-1024x1024.png 1024w, https:\/\/spcsigns.com\/wp-content\/uploads\/2020\/07\/cylindrical-engraving-300x300.png 300w, https:\/\/spcsigns.com\/wp-content\/uploads\/2020\/07\/cylindrical-engraving-150x150.png 150w, https:\/\/spcsigns.com\/wp-content\/uploads\/2020\/07\/cylindrical-engraving.png 1251w\" data-sizes=\"auto, (max-width: 990px) 100vw, 990px\" src=\"data:image\/gif;base64,R0lGODlhAQABAAAAACH5BAEKAAEALAAAAAABAAEAAAICTAEAOw==\" style=\"--smush-placeholder-width: 990px; --smush-placeholder-aspect-ratio: 990\/990;\" \/><\/a><\/div><div class=\"wpb_text_column\"><div class=\"wpb_wrapper\"><h3 style=\"text-align: center;\"><strong>Grav\u00e9<br \/>\nPlaques d\u00e9coratives<br \/>\n<\/strong><\/h3>\n<\/div><\/div><\/div><\/div><\/div><\/div><\/div><\/div><\/div><\/div><\/div><\/section>\n","protected":false},"excerpt":{"rendered":"&nbsp;GRAVURE Gravure rotative et au laser Commercial, industriel et r\u00e9sidentiel Bienvenue chez gravures SPC Nous sommes sp\u00e9cialis\u00e9s dans la gravure et l&rsquo;identification industrielles, commerciales et r\u00e9sidentielles. Nos services de gravure comprennent la gravure au laser, la gravure rotative \u00e0 commande num\u00e9rique et la gravure au diamant, toutes les machines \u00e9tant capables de graver sur des...","protected":false},"author":1,"featured_media":0,"parent":0,"menu_order":0,"comment_status":"closed","ping_status":"closed","template":"","meta":{"ngg_post_thumbnail":0,"footnotes":""},"class_list":["post-3439","page","type-page","status-publish","hentry"],"_links":{"self":[{"href":"https:\/\/spcsigns.com\/fr\/wp-json\/wp\/v2\/pages\/3439","targetHints":{"allow":["GET"]}}],"collection":[{"href":"https:\/\/spcsigns.com\/fr\/wp-json\/wp\/v2\/pages"}],"about":[{"href":"https:\/\/spcsigns.com\/fr\/wp-json\/wp\/v2\/types\/page"}],"author":[{"embeddable":true,"href":"https:\/\/spcsigns.com\/fr\/wp-json\/wp\/v2\/users\/1"}],"replies":[{"embeddable":true,"href":"https:\/\/spcsigns.com\/fr\/wp-json\/wp\/v2\/comments?post=3439"}],"version-history":[{"count":0,"href":"https:\/\/spcsigns.com\/fr\/wp-json\/wp\/v2\/pages\/3439\/revisions"}],"wp:attachment":[{"href":"https:\/\/spcsigns.com\/fr\/wp-json\/wp\/v2\/media?parent=3439"}],"curies":[{"name":"wp","href":"https:\/\/api.w.org\/{rel}","templated":true}]}}