{"id":3438,"date":"2012-03-08T15:13:59","date_gmt":"2012-03-08T19:13:59","guid":{"rendered":"https:\/\/spcsigns.com\/impression-numerique\/"},"modified":"2025-05-18T09:51:12","modified_gmt":"2025-05-18T13:51:12","slug":"impression-numerique","status":"publish","type":"page","link":"https:\/\/spcsigns.com\/fr\/impression-numerique\/","title":{"rendered":"Impression num\u00e9rique"},"content":{"rendered":"<section class=\"l-section wpb_row height_medium\"><div class=\"l-section-h i-cf\"><div class=\"g-cols vc_row via_flex valign_top type_default stacking_default\"><div class=\"vc_col-sm-12 wpb_column vc_column_container\"><div class=\"vc_column-inner\"><div class=\"wpb_wrapper\"><div class=\"w-image us_custom_69c5f284 align_center us_animate_afc\" style=\"animation-delay:1s\"><div class=\"w-image-h\"><img decoding=\"async\" width=\"990\" height=\"242\" data-src=\"https:\/\/spcsigns.com\/wp-content\/uploads\/2020\/05\/DIGITAL-HEAD2-1024x250.jpg\" class=\"attachment-large size-large lazyload\" alt=\"\" data-srcset=\"https:\/\/spcsigns.com\/wp-content\/uploads\/2020\/05\/DIGITAL-HEAD2-1024x250.jpg 1024w, https:\/\/spcsigns.com\/wp-content\/uploads\/2020\/05\/DIGITAL-HEAD2-300x73.jpg 300w, https:\/\/spcsigns.com\/wp-content\/uploads\/2020\/05\/DIGITAL-HEAD2.jpg 1500w\" data-sizes=\"auto, (max-width: 990px) 100vw, 990px\" src=\"data:image\/gif;base64,R0lGODlhAQABAAAAACH5BAEKAAEALAAAAAABAAEAAAICTAEAOw==\" style=\"--smush-placeholder-width: 990px; --smush-placeholder-aspect-ratio: 990\/242;\" \/><\/div><\/div><div class=\"w-separator size_small\"><\/div><div class=\"wpb_text_column us_custom_d5693750 has_text_color\"><div class=\"wpb_wrapper\"><h2 style=\"text-align: center;\">IMPRESSION NUM\u00c9RIQUE GRAND FORMAT<\/h2>\n<\/div><\/div><div class=\"g-cols wpb_row via_flex valign_top type_default stacking_default\"><div class=\"vc_col-sm-12 wpb_column vc_column_container\"><div class=\"vc_column-inner\"><div class=\"wpb_wrapper\"><div class=\"w-separator size_medium\"><\/div><\/div><\/div><\/div><\/div><div class=\"wpb_text_column\"><div class=\"wpb_wrapper\"><h3>IMPRESSION NUM\u00c9RIQUE GRAND FORMAT<\/h3>\n<p>Les services d&rsquo;impression num\u00e9rique comprennent l&rsquo;impression grand format sur vinyle, banni\u00e8res, d\u00e9calcomanies, toiles, rev\u00eatements muraux, mat\u00e9riaux magn\u00e9tiques, graphismes en vinyle pour le sol, graphismes pour v\u00e9hicules, ainsi que les enseignes int\u00e9rieures et ext\u00e9rieures et le lettrage et les logos d\u00e9coup\u00e9s en vinyle. <\/p>\n<\/div><\/div><div class=\"w-separator size_medium\"><\/div><div class=\"g-cols wpb_row via_flex valign_top type_default stacking_default\"><div class=\"vc_col-sm-6 wpb_column vc_column_container\"><div class=\"vc_column-inner\"><div class=\"wpb_wrapper\"><div class=\"wpb_text_column\"><div class=\"wpb_wrapper\"><p>Nous utilisons des imprimantes Roland pour imprimer num\u00e9riquement des graphiques de haute qualit\u00e9 \u00e0 1440 dpi sur une large gamme de mat\u00e9riaux, y compris les vinyles, les banni\u00e8res, les rouleaux d&rsquo;aimants, etc.<\/p>\n<\/div><\/div><\/div><\/div><\/div><div class=\"vc_col-sm-6 wpb_column vc_column_container\"><div class=\"vc_column-inner\"><div class=\"wpb_wrapper\"><div class=\"w-image align_none\"><div class=\"w-image-h\"><img decoding=\"async\" width=\"886\" height=\"473\" data-src=\"https:\/\/spcsigns.com\/wp-content\/uploads\/2020\/05\/roland-machine.jpg\" class=\"attachment-large size-large lazyload\" alt=\"\" data-srcset=\"https:\/\/spcsigns.com\/wp-content\/uploads\/2020\/05\/roland-machine.jpg 886w, https:\/\/spcsigns.com\/wp-content\/uploads\/2020\/05\/roland-machine-300x160.jpg 300w\" data-sizes=\"auto, (max-width: 886px) 100vw, 886px\" src=\"data:image\/gif;base64,R0lGODlhAQABAAAAACH5BAEKAAEALAAAAAABAAEAAAICTAEAOw==\" style=\"--smush-placeholder-width: 886px; --smush-placeholder-aspect-ratio: 886\/473;\" \/><\/div><\/div><\/div><\/div><\/div><\/div><\/div><\/div><\/div><\/div><\/div><\/section><section class=\"l-section wpb_row height_medium\"><div class=\"l-section-h i-cf\"><div class=\"g-cols vc_row via_flex valign_top type_default stacking_default\"><div class=\"vc_col-sm-12 wpb_column vc_column_container\"><div class=\"vc_column-inner\"><div class=\"wpb_wrapper\"><div class=\"wpb_text_column\"><div class=\"wpb_wrapper\"><h1>Impression directe<\/h1>\n<\/div><\/div><div class=\"wpb_text_column\"><div class=\"wpb_wrapper\"><p>L&rsquo;impression directe nous permet d&rsquo;imprimer directement sur n&rsquo;importe quelle surface plane d&rsquo;une \u00e9paisseur maximale de 4 pieds. Nous pouvons imprimer sur une large gamme de produits tels que le m\u00e9tal, le plastique, la c\u00e9ramique, le cuir, le verre, le tissu et le bois en utilisant des encres UV. <\/p>\n<\/div><\/div><div class=\"w-image align_none\"><div class=\"w-image-h\"><img decoding=\"async\" width=\"480\" height=\"302\" data-src=\"https:\/\/spcsigns.com\/wp-content\/uploads\/2025\/01\/lef300.webp\" class=\"attachment-large size-large lazyload\" alt=\"\" data-srcset=\"https:\/\/spcsigns.com\/wp-content\/uploads\/2025\/01\/lef300.webp 480w, https:\/\/spcsigns.com\/wp-content\/uploads\/2025\/01\/lef300-300x189.webp 300w\" data-sizes=\"auto, (max-width: 480px) 100vw, 480px\" src=\"data:image\/gif;base64,R0lGODlhAQABAAAAACH5BAEKAAEALAAAAAABAAEAAAICTAEAOw==\" style=\"--smush-placeholder-width: 480px; --smush-placeholder-aspect-ratio: 480\/302;\" \/><\/div><\/div><\/div><\/div><\/div><\/div><\/div><\/section><section class=\"l-section wpb_row height_medium\"><div class=\"l-section-h i-cf\"><div class=\"g-cols vc_row via_flex valign_top type_default stacking_default\"><div class=\"vc_col-sm-12 wpb_column vc_column_container\"><div class=\"vc_column-inner\"><div class=\"wpb_wrapper\"><div class=\"g-cols wpb_row via_flex valign_top type_default stacking_default\"><div class=\"vc_col-sm-12 wpb_column vc_column_container\"><div class=\"vc_column-inner\"><div class=\"wpb_wrapper\"><div class=\"wpb_text_column\"><div class=\"wpb_wrapper\"><h3 style=\"text-align: center;\">\u00c9CHANTILLONS DE PRODUITS<\/h3>\n<\/div><\/div><div class=\"w-separator size_medium\"><\/div><\/div><\/div><\/div><\/div><div class=\"w-grid type_grid layout_portfolio_compact cols_4 ratio_3x2\" id=\"us_grid_1\" style=\"--columns:4;--gap:1rem;--item-ratio:0.66667;\" data-filterable=\"true\"><style>@media (max-width:1280px){#us_grid_1{--columns:3!important}}@media (max-width:1024px){#us_grid_1{--columns:2!important}}@media (max-width:600px){#us_grid_1{--columns:1!important}}.layout_portfolio_compact .w-grid-item-h{}.layout_portfolio_compact .usg_vwrapper_1{transition-duration:0.3s;transform-origin:50% 50%;transform:scale(1) translate(0%,0%);opacity:0}.layout_portfolio_compact .w-grid-item-h:hover .usg_vwrapper_1{transform:scale(1) translate(0%,0%);opacity:1}.layout_portfolio_compact .usg_post_image_1{position:absolute!important;top:0!important;right:0!important;bottom:0!important;left:0!important}.layout_portfolio_compact .usg_vwrapper_1{position:absolute!important;top:0!important;right:0!important;bottom:0!important;left:0!important;padding:0.5rem!important;background:rgba(0,0,0,0.8)!important}.layout_portfolio_compact .usg_post_title_1{color:#fff!important;font-size:11px!important;line-height:1.4!important}<\/style><div class=\"w-grid-list\">\t<article class=\"w-grid-item size_1x1 post-3168 attachment type-attachment status-inherit hentry\" data-id=\"3168\">\r\n\t\t<div class=\"w-grid-item-h\">\r\n\t\t\t\t\t\t\t<a ref=\"magnificPopupGrid\" href=\"https:\/\/spcsigns.com\/wp-content\/uploads\/2020\/05\/floor-decal.jpg\" class=\"w-grid-item-anchor\" aria-label=\"floor decal\"><\/a>\r\n\t\t\t\t\t\t<div class=\"w-post-elm post_image usg_post_image_1 stretched\"><img decoding=\"async\" width=\"150\" height=\"150\" data-src=\"https:\/\/spcsigns.com\/wp-content\/uploads\/2020\/05\/floor-decal-150x150.jpg\" class=\"attachment-thumbnail size-thumbnail lazyload\" alt=\"\" data-srcset=\"https:\/\/spcsigns.com\/wp-content\/uploads\/2020\/05\/floor-decal-150x150.jpg 150w, https:\/\/spcsigns.com\/wp-content\/uploads\/2020\/05\/floor-decal-300x300.jpg 300w, https:\/\/spcsigns.com\/wp-content\/uploads\/2020\/05\/floor-decal.jpg 904w\" data-sizes=\"(max-width: 150px) 100vw, 150px\" src=\"data:image\/gif;base64,R0lGODlhAQABAAAAACH5BAEKAAEALAAAAAABAAEAAAICTAEAOw==\" style=\"--smush-placeholder-width: 150px; --smush-placeholder-aspect-ratio: 150\/150;\" \/><\/div><div class=\"w-vwrapper usg_vwrapper_1 align_center valign_middle\"><div class=\"w-post-elm post_title usg_post_title_1 has_text_color entry-title color_link_inherit\">floor decal<\/div><\/div>\t\t<\/div>\r\n\t\t\t<\/article>\r\n\t<article class=\"w-grid-item size_1x1 post-3163 attachment type-attachment status-inherit hentry\" data-id=\"3163\">\r\n\t\t<div class=\"w-grid-item-h\">\r\n\t\t\t\t\t\t\t<a ref=\"magnificPopupGrid\" href=\"https:\/\/spcsigns.com\/wp-content\/uploads\/2020\/05\/roland-1500.jpg\" class=\"w-grid-item-anchor\" aria-label=\"roland-1500\"><\/a>\r\n\t\t\t\t\t\t<div class=\"w-post-elm post_image usg_post_image_1 stretched\"><img decoding=\"async\" width=\"150\" height=\"150\" data-src=\"https:\/\/spcsigns.com\/wp-content\/uploads\/2020\/05\/roland-1500-150x150.jpg\" class=\"attachment-thumbnail size-thumbnail lazyload\" alt=\"\" src=\"data:image\/gif;base64,R0lGODlhAQABAAAAACH5BAEKAAEALAAAAAABAAEAAAICTAEAOw==\" style=\"--smush-placeholder-width: 150px; --smush-placeholder-aspect-ratio: 150\/150;\" \/><\/div><div class=\"w-vwrapper usg_vwrapper_1 align_center valign_middle\"><div class=\"w-post-elm post_title usg_post_title_1 has_text_color entry-title color_link_inherit\">roland-1500<\/div><\/div>\t\t<\/div>\r\n\t\t\t<\/article>\r\n\t<article class=\"w-grid-item size_1x1 post-3162 attachment type-attachment status-inherit hentry\" data-id=\"3162\">\r\n\t\t<div class=\"w-grid-item-h\">\r\n\t\t\t\t\t\t\t<a ref=\"magnificPopupGrid\" href=\"https:\/\/spcsigns.com\/wp-content\/uploads\/2020\/05\/roland-machine.jpg\" class=\"w-grid-item-anchor\" aria-label=\"roland machine\"><\/a>\r\n\t\t\t\t\t\t<div class=\"w-post-elm post_image usg_post_image_1 stretched\"><img decoding=\"async\" width=\"150\" height=\"150\" data-src=\"https:\/\/spcsigns.com\/wp-content\/uploads\/2020\/05\/roland-machine-150x150.jpg\" class=\"attachment-thumbnail size-thumbnail lazyload\" alt=\"\" src=\"data:image\/gif;base64,R0lGODlhAQABAAAAACH5BAEKAAEALAAAAAABAAEAAAICTAEAOw==\" style=\"--smush-placeholder-width: 150px; --smush-placeholder-aspect-ratio: 150\/150;\" \/><\/div><div class=\"w-vwrapper usg_vwrapper_1 align_center valign_middle\"><div class=\"w-post-elm post_title usg_post_title_1 has_text_color entry-title color_link_inherit\">roland machine<\/div><\/div>\t\t<\/div>\r\n\t\t\t<\/article>\r\n\t<article class=\"w-grid-item size_1x1 post-3161 attachment type-attachment status-inherit hentry\" data-id=\"3161\">\r\n\t\t<div class=\"w-grid-item-h\">\r\n\t\t\t\t\t\t\t<a ref=\"magnificPopupGrid\" href=\"https:\/\/spcsigns.com\/wp-content\/uploads\/2020\/05\/digital-printing.jpg\" class=\"w-grid-item-anchor\" aria-label=\"digital printing\"><\/a>\r\n\t\t\t\t\t\t<div class=\"w-post-elm post_image usg_post_image_1 stretched\"><img decoding=\"async\" width=\"150\" height=\"150\" data-src=\"https:\/\/spcsigns.com\/wp-content\/uploads\/2020\/05\/digital-printing-150x150.jpg\" class=\"attachment-thumbnail size-thumbnail lazyload\" alt=\"\" src=\"data:image\/gif;base64,R0lGODlhAQABAAAAACH5BAEKAAEALAAAAAABAAEAAAICTAEAOw==\" style=\"--smush-placeholder-width: 150px; --smush-placeholder-aspect-ratio: 150\/150;\" \/><\/div><div class=\"w-vwrapper usg_vwrapper_1 align_center valign_middle\"><div class=\"w-post-elm post_title usg_post_title_1 has_text_color entry-title color_link_inherit\">digital printing<\/div><\/div>\t\t<\/div>\r\n\t\t\t<\/article>\r\n<\/div><div class=\"w-grid-preloader\">\t<div class=\"g-preloader type_1\">\r\n\t\t<div><\/div>\r\n\t<\/div>\r\n\t<\/div>\t<div class=\"w-grid-json hidden\" onclick='return {&quot;action&quot;:&quot;us_ajax_grid&quot;,&quot;infinite_scroll&quot;:0,&quot;max_num_pages&quot;:1,&quot;pagination&quot;:&quot;none&quot;,&quot;template_vars&quot;:{&quot;columns&quot;:&quot;4&quot;,&quot;exclude_items&quot;:&quot;none&quot;,&quot;img_size&quot;:&quot;thumbnail&quot;,&quot;ignore_items_size&quot;:0,&quot;items_layout&quot;:&quot;portfolio_compact&quot;,&quot;items_offset&quot;:&quot;1&quot;,&quot;load_animation&quot;:&quot;none&quot;,&quot;overriding_link&quot;:&quot;%7B%22type%22%3A%22popup_image%22%7D&quot;,&quot;post_id&quot;:0,&quot;query_args&quot;:{&quot;post_type&quot;:[&quot;attachment&quot;],&quot;post__in&quot;:[&quot;1942&quot;,&quot;1940&quot;,&quot;1939&quot;,&quot;1769&quot;,&quot;2251&quot;],&quot;post_status&quot;:&quot;inherit&quot;,&quot;post_mime_type&quot;:&quot;image&quot;,&quot;posts_per_page&quot;:&quot;10&quot;},&quot;orderby_query_args&quot;:{&quot;orderby&quot;:{&quot;date&quot;:&quot;DESC&quot;}},&quot;type&quot;:&quot;grid&quot;,&quot;us_grid_post_type&quot;:&quot;attachment&quot;,&quot;us_grid_ajax_index&quot;:1,&quot;us_grid_filter_query_string&quot;:null,&quot;us_grid_index&quot;:1,&quot;page_args&quot;:[],&quot;lang&quot;:&quot;fr&quot;}}'><\/div>\r\n\t<\/div><\/div><\/div><\/div><\/div><\/div><\/section>\n","protected":false},"excerpt":{"rendered":"","protected":false},"author":1,"featured_media":0,"parent":0,"menu_order":0,"comment_status":"closed","ping_status":"closed","template":"","meta":{"ngg_post_thumbnail":0,"footnotes":""},"class_list":["post-3438","page","type-page","status-publish","hentry"],"_links":{"self":[{"href":"https:\/\/spcsigns.com\/fr\/wp-json\/wp\/v2\/pages\/3438","targetHints":{"allow":["GET"]}}],"collection":[{"href":"https:\/\/spcsigns.com\/fr\/wp-json\/wp\/v2\/pages"}],"about":[{"href":"https:\/\/spcsigns.com\/fr\/wp-json\/wp\/v2\/types\/page"}],"author":[{"embeddable":true,"href":"https:\/\/spcsigns.com\/fr\/wp-json\/wp\/v2\/users\/1"}],"replies":[{"embeddable":true,"href":"https:\/\/spcsigns.com\/fr\/wp-json\/wp\/v2\/comments?post=3438"}],"version-history":[{"count":1,"href":"https:\/\/spcsigns.com\/fr\/wp-json\/wp\/v2\/pages\/3438\/revisions"}],"predecessor-version":[{"id":3490,"href":"https:\/\/spcsigns.com\/fr\/wp-json\/wp\/v2\/pages\/3438\/revisions\/3490"}],"wp:attachment":[{"href":"https:\/\/spcsigns.com\/fr\/wp-json\/wp\/v2\/media?parent=3438"}],"curies":[{"name":"wp","href":"https:\/\/api.w.org\/{rel}","templated":true}]}}