{"id":3434,"date":"2012-03-08T15:14:15","date_gmt":"2012-03-08T19:14:15","guid":{"rendered":"https:\/\/spcsigns.com\/bannieres\/"},"modified":"2012-03-08T15:14:15","modified_gmt":"2012-03-08T19:14:15","slug":"bannieres","status":"publish","type":"page","link":"https:\/\/spcsigns.com\/fr\/bannieres\/","title":{"rendered":"Banni\u00e8res"},"content":{"rendered":"<section class=\"l-section wpb_row height_medium\"><div class=\"l-section-h i-cf\"><div class=\"g-cols vc_row via_flex valign_top type_default stacking_default\"><div class=\"vc_col-sm-12 wpb_column vc_column_container\"><div class=\"vc_column-inner\"><div class=\"wpb_wrapper\"><div class=\"w-image us_custom_a0047e83 align_none\"><div class=\"w-image-h\"><img decoding=\"async\" width=\"990\" height=\"242\" data-src=\"https:\/\/spcsigns.com\/wp-content\/uploads\/2020\/05\/DIGITAL-HEAD2-1024x250.jpg\" class=\"attachment-large size-large lazyload\" alt=\"\" data-srcset=\"https:\/\/spcsigns.com\/wp-content\/uploads\/2020\/05\/DIGITAL-HEAD2-1024x250.jpg 1024w, https:\/\/spcsigns.com\/wp-content\/uploads\/2020\/05\/DIGITAL-HEAD2-300x73.jpg 300w, https:\/\/spcsigns.com\/wp-content\/uploads\/2020\/05\/DIGITAL-HEAD2.jpg 1500w\" data-sizes=\"auto, (max-width: 990px) 100vw, 990px\" src=\"data:image\/gif;base64,R0lGODlhAQABAAAAACH5BAEKAAEALAAAAAABAAEAAAICTAEAOw==\" style=\"--smush-placeholder-width: 990px; --smush-placeholder-aspect-ratio: 990\/242;\" \/><\/div><\/div><div class=\"w-separator size_medium\"><\/div><div class=\"wpb_text_column us_custom_00350702 has_text_color\"><div class=\"wpb_wrapper\"><h2 style=\"text-align: center;\"><strong>BANNI\u00c8RES, R\u00c9TRACTABLE, A-FRAMES<\/strong><\/h2>\n<\/div><\/div><div class=\"wpb_text_column\"><div class=\"wpb_wrapper\"><p>Fabrication de banni\u00e8res int\u00e9rieures et ext\u00e9rieures, de banni\u00e8res en maille, de banni\u00e8res drapeaux, de stands de banni\u00e8res et de pr\u00e9sentoirs, de drapeaux, de banni\u00e8res sportives, de couvertures de table, de banni\u00e8res de rue, de syst\u00e8mes de barri\u00e8res et de solutions de table.<\/p>\n<\/div><\/div><div class=\"w-separator size_small\"><\/div><div class=\"g-cols wpb_row via_flex valign_top type_default stacking_default\"><div class=\"vc_col-sm-3 wpb_column vc_column_container\"><div class=\"vc_column-inner us_custom_38fdf0ab\"><div class=\"wpb_wrapper\"><div class=\"w-image us_custom_021161ca align_none\"><div class=\"w-image-h\"><img decoding=\"async\" width=\"300\" height=\"300\" data-src=\"https:\/\/spcsigns.com\/wp-content\/uploads\/2020\/05\/banner-300x300.jpg\" class=\"attachment-medium size-medium lazyload\" alt=\"\" data-srcset=\"https:\/\/spcsigns.com\/wp-content\/uploads\/2020\/05\/banner-300x300.jpg 300w, https:\/\/spcsigns.com\/wp-content\/uploads\/2020\/05\/banner-1024x1024.jpg 1024w, https:\/\/spcsigns.com\/wp-content\/uploads\/2020\/05\/banner-150x150.jpg 150w, https:\/\/spcsigns.com\/wp-content\/uploads\/2020\/05\/banner.jpg 1050w\" data-sizes=\"auto, (max-width: 300px) 100vw, 300px\" src=\"data:image\/gif;base64,R0lGODlhAQABAAAAACH5BAEKAAEALAAAAAABAAEAAAICTAEAOw==\" style=\"--smush-placeholder-width: 300px; --smush-placeholder-aspect-ratio: 300\/300;\" \/><\/div><\/div><\/div><\/div><\/div><div class=\"vc_col-sm-9 wpb_column vc_column_container has_bg_color\"><div class=\"vc_column-inner us_custom_e4eb24e1\"><div class=\"wpb_wrapper\"><div class=\"wpb_text_column\"><div class=\"wpb_wrapper\"><h5><strong>Banni\u00e8res en vinyle personnalis\u00e9es<\/strong><\/h5>\n<p>Disponibles dans presque toutes les hauteurs et longueurs. 13oz standard ou 18oz heavy duty avec des bords coup\u00e9s, ourl\u00e9s ou des poches de poteau, avec ou sans \u0153illets. Imprim\u00e9s num\u00e9riquement avec des encres UV ou des graphiques en vinyle d\u00e9coup\u00e9.  <\/p>\n<\/div><\/div><\/div><\/div><\/div><\/div><div class=\"w-separator size_small\"><\/div><div class=\"g-cols wpb_row via_flex valign_top type_default stacking_default\"><div class=\"vc_col-sm-3 wpb_column vc_column_container\"><div class=\"vc_column-inner us_custom_38fdf0ab\"><div class=\"wpb_wrapper\"><div class=\"w-image us_custom_021161ca align_none\"><div class=\"w-image-h\"><img decoding=\"async\" width=\"300\" height=\"300\" data-src=\"https:\/\/spcsigns.com\/wp-content\/uploads\/2020\/05\/mesh-banner-300x300.jpg\" class=\"attachment-medium size-medium lazyload\" alt=\"\" data-srcset=\"https:\/\/spcsigns.com\/wp-content\/uploads\/2020\/05\/mesh-banner-300x300.jpg 300w, https:\/\/spcsigns.com\/wp-content\/uploads\/2020\/05\/mesh-banner-150x150.jpg 150w, https:\/\/spcsigns.com\/wp-content\/uploads\/2020\/05\/mesh-banner.jpg 901w\" data-sizes=\"auto, (max-width: 300px) 100vw, 300px\" src=\"data:image\/gif;base64,R0lGODlhAQABAAAAACH5BAEKAAEALAAAAAABAAEAAAICTAEAOw==\" style=\"--smush-placeholder-width: 300px; --smush-placeholder-aspect-ratio: 300\/300;\" \/><\/div><\/div><\/div><\/div><\/div><div class=\"vc_col-sm-9 wpb_column vc_column_container has_bg_color\"><div class=\"vc_column-inner us_custom_e4eb24e1\"><div class=\"wpb_wrapper\"><div class=\"wpb_text_column\"><div class=\"wpb_wrapper\"><h5><strong>Banni\u00e8res en maille sur mesure<\/strong><\/h5>\n<p>Les banni\u00e8res en maille sont similaires aux banni\u00e8res en vinyle, sauf qu&rsquo;elles ont des fibres entrelac\u00e9es qui permettent au vent de passer \u00e0 travers. Disponibles dans presque toutes les hauteurs et longueurs. 8oz standard avec bords coup\u00e9s ou ourl\u00e9s, avec \u0153illets. Imprim\u00e9 num\u00e9riquement avec des encres UV   <\/p>\n<\/div><\/div><\/div><\/div><\/div><\/div><div class=\"w-separator size_small\"><\/div><div class=\"g-cols wpb_row via_flex valign_top type_default stacking_default\"><div class=\"vc_col-sm-3 wpb_column vc_column_container\"><div class=\"vc_column-inner us_custom_38fdf0ab\"><div class=\"wpb_wrapper\"><div class=\"w-image us_custom_021161ca align_none\"><div class=\"w-image-h\"><img decoding=\"async\" width=\"300\" height=\"300\" data-src=\"https:\/\/spcsigns.com\/wp-content\/uploads\/2020\/05\/FLAG-BANNER-300x300.jpg\" class=\"attachment-medium size-medium lazyload\" alt=\"\" data-srcset=\"https:\/\/spcsigns.com\/wp-content\/uploads\/2020\/05\/FLAG-BANNER-300x300.jpg 300w, https:\/\/spcsigns.com\/wp-content\/uploads\/2020\/05\/FLAG-BANNER-1024x1024.jpg 1024w, https:\/\/spcsigns.com\/wp-content\/uploads\/2020\/05\/FLAG-BANNER-150x150.jpg 150w, https:\/\/spcsigns.com\/wp-content\/uploads\/2020\/05\/FLAG-BANNER.jpg 1051w\" data-sizes=\"auto, (max-width: 300px) 100vw, 300px\" src=\"data:image\/gif;base64,R0lGODlhAQABAAAAACH5BAEKAAEALAAAAAABAAEAAAICTAEAOw==\" style=\"--smush-placeholder-width: 300px; --smush-placeholder-aspect-ratio: 300\/300;\" \/><\/div><\/div><\/div><\/div><\/div><div class=\"vc_col-sm-9 wpb_column vc_column_container has_bg_color\"><div class=\"vc_column-inner us_custom_e4eb24e1\"><div class=\"wpb_wrapper\"><div class=\"wpb_text_column\"><div class=\"wpb_wrapper\"><h5><strong>Banni\u00e8res de drapeaux &#8211; en forme de goutte d&rsquo;eau, rectangulaires et en plumes<\/strong><\/h5>\n<p>Simple ou double face (avec mat\u00e9riau d&rsquo;occultation), tailles en goutte d&rsquo;eau 5ft-7ft-9ft-15ft, tailles rectangulaires 6ft, 9.5ft, 13.5ft, et 14ft et tailles en plume 6ft-8ft-10ft-12ft et 15ft. Tous sont livr\u00e9s avec un piquet de terre ou un support de terre. <\/p>\n<\/div><\/div><\/div><\/div><\/div><\/div><div class=\"w-separator size_small\"><\/div><div class=\"g-cols wpb_row via_flex valign_top type_default stacking_default\"><div class=\"vc_col-sm-3 wpb_column vc_column_container\"><div class=\"vc_column-inner us_custom_38fdf0ab\"><div class=\"wpb_wrapper\"><div class=\"w-image us_custom_021161ca align_none\"><div class=\"w-image-h\"><img decoding=\"async\" width=\"300\" height=\"300\" data-src=\"https:\/\/spcsigns.com\/wp-content\/uploads\/2020\/05\/FLAG-BANNER-300x300.jpg\" class=\"attachment-medium size-medium lazyload\" alt=\"\" data-srcset=\"https:\/\/spcsigns.com\/wp-content\/uploads\/2020\/05\/FLAG-BANNER-300x300.jpg 300w, https:\/\/spcsigns.com\/wp-content\/uploads\/2020\/05\/FLAG-BANNER-1024x1024.jpg 1024w, https:\/\/spcsigns.com\/wp-content\/uploads\/2020\/05\/FLAG-BANNER-150x150.jpg 150w, https:\/\/spcsigns.com\/wp-content\/uploads\/2020\/05\/FLAG-BANNER.jpg 1051w\" data-sizes=\"auto, (max-width: 300px) 100vw, 300px\" src=\"data:image\/gif;base64,R0lGODlhAQABAAAAACH5BAEKAAEALAAAAAABAAEAAAICTAEAOw==\" style=\"--smush-placeholder-width: 300px; --smush-placeholder-aspect-ratio: 300\/300;\" \/><\/div><\/div><\/div><\/div><\/div><div class=\"vc_col-sm-9 wpb_column vc_column_container has_bg_color\"><div class=\"vc_column-inner us_custom_e4eb24e1\"><div class=\"wpb_wrapper\"><div class=\"wpb_text_column\"><div class=\"wpb_wrapper\"><h5><strong>BANNI\u00c8RES SPORTIVES &#8211; BANNI\u00c8RES POUR PODIUMS ET CHEVRONS &#8211; MINI-BANNI\u00c8RES &#8211; DRAPEAUX<\/strong><\/h5>\n<p>Les banni\u00e8res sont imprim\u00e9es num\u00e9riquement et sont disponibles dans toutes les tailles. Elles comprennent une cheville, une ficelle de suspension et une frange. Disponibles en coupe droite, en coupe d&rsquo;angle ou en coupe en V. <\/p>\n<\/div><\/div><\/div><\/div><\/div><\/div><div class=\"w-separator size_small\"><\/div><div class=\"g-cols wpb_row via_flex valign_top type_default stacking_default\"><div class=\"vc_col-sm-3 wpb_column vc_column_container\"><div class=\"vc_column-inner us_custom_38fdf0ab\"><div class=\"wpb_wrapper\"><div class=\"w-image us_custom_021161ca align_none\"><div class=\"w-image-h\"><img decoding=\"async\" width=\"148\" height=\"300\" data-src=\"https:\/\/spcsigns.com\/wp-content\/uploads\/2020\/05\/pull_up_display-148x300.jpg\" class=\"attachment-medium size-medium lazyload\" alt=\"\" data-srcset=\"https:\/\/spcsigns.com\/wp-content\/uploads\/2020\/05\/pull_up_display-148x300.jpg 148w, https:\/\/spcsigns.com\/wp-content\/uploads\/2020\/05\/pull_up_display-506x1024.jpg 506w, https:\/\/spcsigns.com\/wp-content\/uploads\/2020\/05\/pull_up_display-758x1536.jpg 758w, https:\/\/spcsigns.com\/wp-content\/uploads\/2020\/05\/pull_up_display-1011x2048.jpg 1011w, https:\/\/spcsigns.com\/wp-content\/uploads\/2020\/05\/pull_up_display-scaled.jpg 1264w\" data-sizes=\"auto, (max-width: 148px) 100vw, 148px\" src=\"data:image\/gif;base64,R0lGODlhAQABAAAAACH5BAEKAAEALAAAAAABAAEAAAICTAEAOw==\" style=\"--smush-placeholder-width: 148px; --smush-placeholder-aspect-ratio: 148\/300;\" \/><\/div><\/div><\/div><\/div><\/div><div class=\"vc_col-sm-9 wpb_column vc_column_container has_bg_color\"><div class=\"vc_column-inner us_custom_e4eb24e1\"><div class=\"wpb_wrapper\"><div class=\"wpb_text_column\"><div class=\"wpb_wrapper\"><h5><strong>Supports de banni\u00e8res r\u00e9tractables ou enroulables<\/strong><\/h5>\n<p>Disponible en cadres standard et premium, en largeur 23,5 pouces, 33 pouces, 39 pouces et 47 pouces, en hauteur jusqu&rsquo;\u00e0 environ 80 pouces. Les banni\u00e8res de table mesurent environ 11 pouces de large et 17 pouces de haut. Graphiques imprim\u00e9s num\u00e9riquement et mallette de transport incluse.  <\/p>\n<p>&nbsp;<\/p>\n<\/div><\/div><\/div><\/div><\/div><\/div><div class=\"w-separator size_small\"><\/div><div class=\"g-cols wpb_row via_flex valign_top type_default stacking_default\"><div class=\"vc_col-sm-3 wpb_column vc_column_container\"><div class=\"vc_column-inner us_custom_38fdf0ab\"><div class=\"wpb_wrapper\"><div class=\"w-image us_custom_021161ca align_none\"><div class=\"w-image-h\"><img decoding=\"async\" width=\"300\" height=\"300\" data-src=\"https:\/\/spcsigns.com\/wp-content\/uploads\/2020\/05\/x-frame-1-300x300.jpg\" class=\"attachment-medium size-medium lazyload\" alt=\"\" data-srcset=\"https:\/\/spcsigns.com\/wp-content\/uploads\/2020\/05\/x-frame-1-300x300.jpg 300w, https:\/\/spcsigns.com\/wp-content\/uploads\/2020\/05\/x-frame-1-1024x1024.jpg 1024w, https:\/\/spcsigns.com\/wp-content\/uploads\/2020\/05\/x-frame-1-150x150.jpg 150w, https:\/\/spcsigns.com\/wp-content\/uploads\/2020\/05\/x-frame-1.jpg 1054w\" data-sizes=\"auto, (max-width: 300px) 100vw, 300px\" src=\"data:image\/gif;base64,R0lGODlhAQABAAAAACH5BAEKAAEALAAAAAABAAEAAAICTAEAOw==\" style=\"--smush-placeholder-width: 300px; --smush-placeholder-aspect-ratio: 300\/300;\" \/><\/div><\/div><\/div><\/div><\/div><div class=\"vc_col-sm-9 wpb_column vc_column_container has_bg_color\"><div class=\"vc_column-inner us_custom_e4eb24e1\"><div class=\"wpb_wrapper\"><div class=\"wpb_text_column\"><div class=\"wpb_wrapper\"><h5><strong>Supports \u00e0 banni\u00e8res X Frame<\/strong><\/h5>\n<p>Une solution \u00e9conomique. Le stand fonctionne avec une banni\u00e8re munie d&rsquo;\u0153illets dans les coins qui se fixent \u00e0 chacun des quatre bras du stand de banni\u00e8re et sont facilement assembl\u00e9s. Largeur 23,5&Prime; et hauteur jusqu&rsquo;\u00e0 71&Prime;.  <\/p>\n<\/div><\/div><\/div><\/div><\/div><\/div><div class=\"w-separator size_small\"><\/div><div class=\"g-cols wpb_row via_flex valign_top type_default stacking_default\"><div class=\"vc_col-sm-3 wpb_column vc_column_container\"><div class=\"vc_column-inner us_custom_38fdf0ab\"><div class=\"wpb_wrapper\"><div class=\"w-image us_custom_021161ca align_none\"><div class=\"w-image-h\"><img decoding=\"async\" width=\"300\" height=\"300\" data-src=\"https:\/\/spcsigns.com\/wp-content\/uploads\/2020\/05\/a-frame-signs-300x300.jpg\" class=\"attachment-medium size-medium lazyload\" alt=\"\" data-srcset=\"https:\/\/spcsigns.com\/wp-content\/uploads\/2020\/05\/a-frame-signs-300x300.jpg 300w, https:\/\/spcsigns.com\/wp-content\/uploads\/2020\/05\/a-frame-signs-1024x1024.jpg 1024w, https:\/\/spcsigns.com\/wp-content\/uploads\/2020\/05\/a-frame-signs-150x150.jpg 150w, https:\/\/spcsigns.com\/wp-content\/uploads\/2020\/05\/a-frame-signs.jpg 1054w\" data-sizes=\"auto, (max-width: 300px) 100vw, 300px\" src=\"data:image\/gif;base64,R0lGODlhAQABAAAAACH5BAEKAAEALAAAAAABAAEAAAICTAEAOw==\" style=\"--smush-placeholder-width: 300px; --smush-placeholder-aspect-ratio: 300\/300;\" \/><\/div><\/div><\/div><\/div><\/div><div class=\"vc_col-sm-9 wpb_column vc_column_container has_bg_color\"><div class=\"vc_column-inner us_custom_e4eb24e1\"><div class=\"wpb_wrapper\"><div class=\"wpb_text_column\"><div class=\"wpb_wrapper\"><h5><strong>Supports de cadre A ou supports de trottoir<\/strong><\/h5>\n<p>Cadre en A durable pouvant contenir deux panneaux. Poign\u00e9e moul\u00e9e pour faciliter le transport des panneaux. Les panneaux se glissent facilement \u00e0 l&rsquo;int\u00e9rieur et \u00e0 l&rsquo;ext\u00e9rieur du cadre et restent bien en place. Disponible en diff\u00e9rentes tailles  <\/p>\n<\/div><\/div><\/div><\/div><\/div><\/div><\/div><\/div><\/div><\/div><\/div><\/section><section class=\"l-section wpb_row height_medium\"><div class=\"l-section-h i-cf\"><div class=\"g-cols vc_row via_flex valign_top type_default stacking_default\"><div class=\"vc_col-sm-12 wpb_column vc_column_container\"><div class=\"vc_column-inner\"><div class=\"wpb_wrapper\"><div class=\"wpb_text_column\"><div class=\"wpb_wrapper\"><h3 style=\"text-align: center;\"><strong>GALERIE D&rsquo;IMAGES<\/strong><\/h3>\n<\/div><\/div><\/div><\/div><\/div><\/div><\/div><\/section><section class=\"l-section wpb_row height_medium\"><div class=\"l-section-h i-cf\"><div class=\"g-cols vc_row via_flex valign_top type_default stacking_default\"><div class=\"vc_col-sm-12 wpb_column vc_column_container\"><div class=\"vc_column-inner\"><div class=\"wpb_wrapper\"><div class=\"w-grid type_grid layout_gallery_default cols_4\" id=\"us_grid_1\" style=\"--columns:4;--gap:1.5rem;\" data-filterable=\"true\"><style>@media (max-width:1280px){#us_grid_1{--columns:3!important}}@media (max-width:1024px){#us_grid_1{--columns:2!important}}@media (max-width:600px){#us_grid_1{--columns:1!important}}.layout_gallery_default .w-grid-item-h{}<\/style><div class=\"w-grid-list\">\t<article class=\"w-grid-item size_1x1 post-3177 attachment type-attachment status-inherit hentry\" data-id=\"3177\">\r\n\t\t<div class=\"w-grid-item-h\">\r\n\t\t\t\t\t\t<div class=\"w-post-elm post_image usg_post_image_1 stretched\"><img decoding=\"async\" width=\"402\" height=\"668\" data-src=\"https:\/\/spcsigns.com\/wp-content\/uploads\/2020\/05\/sidewalk-stand-24-24.jpg\" class=\"attachment-full size-full lazyload\" alt=\"\" data-srcset=\"https:\/\/spcsigns.com\/wp-content\/uploads\/2020\/05\/sidewalk-stand-24-24.jpg 402w, https:\/\/spcsigns.com\/wp-content\/uploads\/2020\/05\/sidewalk-stand-24-24-181x300.jpg 181w\" data-sizes=\"(max-width: 402px) 100vw, 402px\" src=\"data:image\/gif;base64,R0lGODlhAQABAAAAACH5BAEKAAEALAAAAAABAAEAAAICTAEAOw==\" style=\"--smush-placeholder-width: 402px; --smush-placeholder-aspect-ratio: 402\/668;\" \/><\/div>\t\t<\/div>\r\n\t\t\t<\/article>\r\n\t<article class=\"w-grid-item size_1x1 post-3176 attachment type-attachment status-inherit hentry\" data-id=\"3176\">\r\n\t\t<div class=\"w-grid-item-h\">\r\n\t\t\t\t\t\t<div class=\"w-post-elm post_image usg_post_image_1 stretched\"><img decoding=\"async\" width=\"579\" height=\"910\" data-src=\"https:\/\/spcsigns.com\/wp-content\/uploads\/2020\/05\/sidewalk-stand-2.jpg\" class=\"attachment-full size-full lazyload\" alt=\"\" data-srcset=\"https:\/\/spcsigns.com\/wp-content\/uploads\/2020\/05\/sidewalk-stand-2.jpg 579w, https:\/\/spcsigns.com\/wp-content\/uploads\/2020\/05\/sidewalk-stand-2-191x300.jpg 191w\" data-sizes=\"(max-width: 579px) 100vw, 579px\" src=\"data:image\/gif;base64,R0lGODlhAQABAAAAACH5BAEKAAEALAAAAAABAAEAAAICTAEAOw==\" style=\"--smush-placeholder-width: 579px; --smush-placeholder-aspect-ratio: 579\/910;\" \/><\/div>\t\t<\/div>\r\n\t\t\t<\/article>\r\n\t<article class=\"w-grid-item size_1x1 post-3175 attachment type-attachment status-inherit hentry\" data-id=\"3175\">\r\n\t\t<div class=\"w-grid-item-h\">\r\n\t\t\t\t\t\t<div class=\"w-post-elm post_image usg_post_image_1 stretched\"><img decoding=\"async\" width=\"662\" height=\"1099\" data-src=\"https:\/\/spcsigns.com\/wp-content\/uploads\/2020\/05\/sidewalk-sign.jpg\" class=\"attachment-full size-full lazyload\" alt=\"\" data-srcset=\"https:\/\/spcsigns.com\/wp-content\/uploads\/2020\/05\/sidewalk-sign.jpg 662w, https:\/\/spcsigns.com\/wp-content\/uploads\/2020\/05\/sidewalk-sign-181x300.jpg 181w, https:\/\/spcsigns.com\/wp-content\/uploads\/2020\/05\/sidewalk-sign-617x1024.jpg 617w\" data-sizes=\"(max-width: 662px) 100vw, 662px\" src=\"data:image\/gif;base64,R0lGODlhAQABAAAAACH5BAEKAAEALAAAAAABAAEAAAICTAEAOw==\" style=\"--smush-placeholder-width: 662px; --smush-placeholder-aspect-ratio: 662\/1099;\" \/><\/div>\t\t<\/div>\r\n\t\t\t<\/article>\r\n\t<article class=\"w-grid-item size_1x1 post-3174 attachment type-attachment status-inherit hentry\" data-id=\"3174\">\r\n\t\t<div class=\"w-grid-item-h\">\r\n\t\t\t\t\t\t<div class=\"w-post-elm post_image usg_post_image_1 stretched\"><img decoding=\"async\" width=\"1264\" height=\"2560\" data-src=\"https:\/\/spcsigns.com\/wp-content\/uploads\/2020\/05\/pull_up_display-scaled.jpg\" class=\"attachment-full size-full lazyload\" alt=\"\" data-srcset=\"https:\/\/spcsigns.com\/wp-content\/uploads\/2020\/05\/pull_up_display-scaled.jpg 1264w, https:\/\/spcsigns.com\/wp-content\/uploads\/2020\/05\/pull_up_display-148x300.jpg 148w, https:\/\/spcsigns.com\/wp-content\/uploads\/2020\/05\/pull_up_display-506x1024.jpg 506w, https:\/\/spcsigns.com\/wp-content\/uploads\/2020\/05\/pull_up_display-758x1536.jpg 758w, https:\/\/spcsigns.com\/wp-content\/uploads\/2020\/05\/pull_up_display-1011x2048.jpg 1011w\" data-sizes=\"(max-width: 1264px) 100vw, 1264px\" src=\"data:image\/gif;base64,R0lGODlhAQABAAAAACH5BAEKAAEALAAAAAABAAEAAAICTAEAOw==\" style=\"--smush-placeholder-width: 1264px; --smush-placeholder-aspect-ratio: 1264\/2560;\" \/><\/div>\t\t<\/div>\r\n\t\t\t<\/article>\r\n\t<article class=\"w-grid-item size_1x1 post-3173 attachment type-attachment status-inherit hentry\" data-id=\"3173\">\r\n\t\t<div class=\"w-grid-item-h\">\r\n\t\t\t\t\t\t<div class=\"w-post-elm post_image usg_post_image_1 stretched\"><img decoding=\"async\" width=\"1264\" height=\"2560\" data-src=\"https:\/\/spcsigns.com\/wp-content\/uploads\/2020\/05\/pull_up_display-scaled.gif\" class=\"attachment-full size-full lazyload\" alt=\"\" src=\"data:image\/gif;base64,R0lGODlhAQABAAAAACH5BAEKAAEALAAAAAABAAEAAAICTAEAOw==\" style=\"--smush-placeholder-width: 1264px; --smush-placeholder-aspect-ratio: 1264\/2560;\" \/><\/div>\t\t<\/div>\r\n\t\t\t<\/article>\r\n\t<article class=\"w-grid-item size_1x1 post-3172 attachment type-attachment status-inherit hentry\" data-id=\"3172\">\r\n\t\t<div class=\"w-grid-item-h\">\r\n\t\t\t\t\t\t<div class=\"w-post-elm post_image usg_post_image_1 stretched\"><img decoding=\"async\" width=\"1280\" height=\"804\" data-src=\"https:\/\/spcsigns.com\/wp-content\/uploads\/2020\/05\/CLIO-LIBRARY.jpg\" class=\"attachment-full size-full lazyload\" alt=\"\" data-srcset=\"https:\/\/spcsigns.com\/wp-content\/uploads\/2020\/05\/CLIO-LIBRARY.jpg 1280w, https:\/\/spcsigns.com\/wp-content\/uploads\/2020\/05\/CLIO-LIBRARY-300x188.jpg 300w, https:\/\/spcsigns.com\/wp-content\/uploads\/2020\/05\/CLIO-LIBRARY-1024x643.jpg 1024w\" data-sizes=\"(max-width: 1280px) 100vw, 1280px\" src=\"data:image\/gif;base64,R0lGODlhAQABAAAAACH5BAEKAAEALAAAAAABAAEAAAICTAEAOw==\" style=\"--smush-placeholder-width: 1280px; --smush-placeholder-aspect-ratio: 1280\/804;\" \/><\/div>\t\t<\/div>\r\n\t\t\t<\/article>\r\n\t<article class=\"w-grid-item size_1x1 post-3171 attachment type-attachment status-inherit hentry\" data-id=\"3171\">\r\n\t\t<div class=\"w-grid-item-h\">\r\n\t\t\t\t\t\t<div class=\"w-post-elm post_image usg_post_image_1 stretched\"><img decoding=\"async\" width=\"588\" height=\"883\" data-src=\"https:\/\/spcsigns.com\/wp-content\/uploads\/2020\/05\/banner-with-fringe.jpg\" class=\"attachment-full size-full lazyload\" alt=\"\" data-srcset=\"https:\/\/spcsigns.com\/wp-content\/uploads\/2020\/05\/banner-with-fringe.jpg 588w, https:\/\/spcsigns.com\/wp-content\/uploads\/2020\/05\/banner-with-fringe-200x300.jpg 200w\" data-sizes=\"(max-width: 588px) 100vw, 588px\" src=\"data:image\/gif;base64,R0lGODlhAQABAAAAACH5BAEKAAEALAAAAAABAAEAAAICTAEAOw==\" style=\"--smush-placeholder-width: 588px; --smush-placeholder-aspect-ratio: 588\/883;\" \/><\/div>\t\t<\/div>\r\n\t\t\t<\/article>\r\n<\/div><div class=\"w-grid-preloader\">\t<div class=\"g-preloader type_1\">\r\n\t\t<div><\/div>\r\n\t<\/div>\r\n\t<\/div>\t<div class=\"w-grid-json hidden\" onclick='return {&quot;action&quot;:&quot;us_ajax_grid&quot;,&quot;infinite_scroll&quot;:0,&quot;max_num_pages&quot;:1,&quot;pagination&quot;:&quot;none&quot;,&quot;template_vars&quot;:{&quot;columns&quot;:&quot;4&quot;,&quot;exclude_items&quot;:&quot;none&quot;,&quot;img_size&quot;:&quot;full&quot;,&quot;ignore_items_size&quot;:0,&quot;items_layout&quot;:&quot;gallery_default&quot;,&quot;items_offset&quot;:&quot;1&quot;,&quot;load_animation&quot;:&quot;none&quot;,&quot;overriding_link&quot;:&quot;{\\&quot;url\\&quot;:\\&quot;\\&quot;}&quot;,&quot;post_id&quot;:0,&quot;query_args&quot;:{&quot;post_type&quot;:[&quot;attachment&quot;],&quot;post__in&quot;:[&quot;2261&quot;,&quot;2262&quot;,&quot;2263&quot;,&quot;2264&quot;,&quot;2265&quot;,&quot;2266&quot;,&quot;2267&quot;],&quot;post_status&quot;:&quot;inherit&quot;,&quot;post_mime_type&quot;:&quot;image&quot;,&quot;posts_per_page&quot;:&quot;10&quot;},&quot;orderby_query_args&quot;:{&quot;orderby&quot;:{&quot;date&quot;:&quot;DESC&quot;}},&quot;type&quot;:&quot;grid&quot;,&quot;us_grid_post_type&quot;:&quot;attachment&quot;,&quot;us_grid_ajax_index&quot;:1,&quot;us_grid_filter_query_string&quot;:null,&quot;us_grid_index&quot;:1,&quot;page_args&quot;:[],&quot;lang&quot;:&quot;fr&quot;}}'><\/div>\r\n\t<\/div><\/div><\/div><\/div><\/div><\/div><\/section>\n","protected":false},"excerpt":{"rendered":"","protected":false},"author":1,"featured_media":0,"parent":0,"menu_order":0,"comment_status":"closed","ping_status":"closed","template":"","meta":{"ngg_post_thumbnail":0,"footnotes":""},"class_list":["post-3434","page","type-page","status-publish","hentry"],"_links":{"self":[{"href":"https:\/\/spcsigns.com\/fr\/wp-json\/wp\/v2\/pages\/3434","targetHints":{"allow":["GET"]}}],"collection":[{"href":"https:\/\/spcsigns.com\/fr\/wp-json\/wp\/v2\/pages"}],"about":[{"href":"https:\/\/spcsigns.com\/fr\/wp-json\/wp\/v2\/types\/page"}],"author":[{"embeddable":true,"href":"https:\/\/spcsigns.com\/fr\/wp-json\/wp\/v2\/users\/1"}],"replies":[{"embeddable":true,"href":"https:\/\/spcsigns.com\/fr\/wp-json\/wp\/v2\/comments?post=3434"}],"version-history":[{"count":0,"href":"https:\/\/spcsigns.com\/fr\/wp-json\/wp\/v2\/pages\/3434\/revisions"}],"wp:attachment":[{"href":"https:\/\/spcsigns.com\/fr\/wp-json\/wp\/v2\/media?parent=3434"}],"curies":[{"name":"wp","href":"https:\/\/api.w.org\/{rel}","templated":true}]}}