{"id":3432,"date":"2012-03-08T15:14:31","date_gmt":"2012-03-08T19:14:31","guid":{"rendered":"https:\/\/spcsigns.com\/etampes-2\/"},"modified":"2012-03-08T15:14:31","modified_gmt":"2012-03-08T19:14:31","slug":"etampes-2","status":"publish","type":"page","link":"https:\/\/spcsigns.com\/fr\/etampes-2\/","title":{"rendered":"\u00c9tampes"},"content":{"rendered":"<p>\t\t\t\t<a ref=\"magnificPopup\" href=\"http:\/\/spcsigns.com\/wp-content\/uploads\/2012\/03\/stamps.png\"><img decoding=\"async\" class=\"aligncenter size-full wp-image-448 lazyload\" title=\"\u00c9tampes\" data-src=\"http:\/\/spcsigns.com\/wp-content\/uploads\/2012\/03\/stamps.png\" alt=\"\" width=\"690\" height=\"180\" src=\"data:image\/gif;base64,R0lGODlhAQABAAAAACH5BAEKAAEALAAAAAABAAEAAAICTAEAOw==\" style=\"--smush-placeholder-width: 690px; --smush-placeholder-aspect-ratio: 690\/180;\"><\/a>Enseignes et \u00e9tampes SPC<\/p>\n<p>Gamme Colop de tampons et dateurs en caoutchouc pr\u00e9-encr\u00e9s, auto-encreurs et traditionnels. Pochoirs sur mesure<\/p>\n<p>&nbsp;<\/p>\n<p>&nbsp;<\/p>\n<p>&nbsp;<\/p>\n<p><a href=\"http:\/\/spcsigns.com\/wp-content\/uploads\/2012\/03\/stamps-standard.pdf\"><img decoding=\"async\" class=\"alignleft wp-image-396 lazyload\" title=\"p60-clic\" data-src=\"http:\/\/spcsigns.com\/wp-content\/uploads\/2012\/03\/p60-click-150x150.jpg\" alt=\"\" width=\"125\" height=\"134\" src=\"data:image\/gif;base64,R0lGODlhAQABAAAAACH5BAEKAAEALAAAAAABAAEAAAICTAEAOw==\" style=\"--smush-placeholder-width: 125px; --smush-placeholder-aspect-ratio: 125\/134;\"><\/a><span style=\"font-size: large;\">Colop Printer <\/span> <a href=\"http:\/\/spcsigns.com\/wp-content\/uploads\/2012\/03\/stamps-standard.pdf\">\u00e9tampes-standard<\/a><\/p>\n<p>&nbsp;<\/p>\n<p>&nbsp;<\/p>\n<p>&nbsp;<\/p>\n<p>&nbsp;\t\t<\/p>\n","protected":false},"excerpt":{"rendered":"<p>Enseignes et \u00e9tampes SPC Gamme Colop de tampons et dateurs en caoutchouc pr\u00e9-encr\u00e9s, auto-encreurs et traditionnels. Pochoirs sur mesure &nbsp; &nbsp; &nbsp; Colop Printer \u00e9tampes-standard &nbsp; &nbsp; &nbsp; &nbsp;<\/p>\n","protected":false},"author":1,"featured_media":0,"parent":0,"menu_order":0,"comment_status":"closed","ping_status":"closed","template":"","meta":{"ngg_post_thumbnail":0,"footnotes":""},"class_list":["post-3432","page","type-page","status-publish","hentry"],"_links":{"self":[{"href":"https:\/\/spcsigns.com\/fr\/wp-json\/wp\/v2\/pages\/3432","targetHints":{"allow":["GET"]}}],"collection":[{"href":"https:\/\/spcsigns.com\/fr\/wp-json\/wp\/v2\/pages"}],"about":[{"href":"https:\/\/spcsigns.com\/fr\/wp-json\/wp\/v2\/types\/page"}],"author":[{"embeddable":true,"href":"https:\/\/spcsigns.com\/fr\/wp-json\/wp\/v2\/users\/1"}],"replies":[{"embeddable":true,"href":"https:\/\/spcsigns.com\/fr\/wp-json\/wp\/v2\/comments?post=3432"}],"version-history":[{"count":0,"href":"https:\/\/spcsigns.com\/fr\/wp-json\/wp\/v2\/pages\/3432\/revisions"}],"wp:attachment":[{"href":"https:\/\/spcsigns.com\/fr\/wp-json\/wp\/v2\/media?parent=3432"}],"curies":[{"name":"wp","href":"https:\/\/api.w.org\/{rel}","templated":true}]}}