{"id":3430,"date":"2012-03-08T15:15:06","date_gmt":"2012-03-08T19:15:06","guid":{"rendered":"https:\/\/spcsigns.com\/trophees-et-recognition\/"},"modified":"2012-03-08T15:15:06","modified_gmt":"2012-03-08T19:15:06","slug":"trophees-et-recognition","status":"publish","type":"page","link":"https:\/\/spcsigns.com\/fr\/trophees-et-recognition\/","title":{"rendered":"troph\u00e9es et recognition"},"content":{"rendered":"<section class=\"l-section wpb_row height_medium\"><div class=\"l-section-h i-cf\"><div class=\"g-cols vc_row via_flex valign_top type_default stacking_default\"><div class=\"vc_col-sm-12 wpb_column vc_column_container\"><div class=\"vc_column-inner\"><div class=\"wpb_wrapper\"><div class=\"wpb_text_column\"><div class=\"wpb_wrapper\"><p style=\"text-align: left;\">Bienvenue sur le site de SPC Awards, sp\u00e9cialis\u00e9 dans les r\u00e9compenses d&rsquo;entreprise et les r\u00e9compenses en cristal. Tous nos travaux de gravure et de sablage sont r\u00e9alis\u00e9s sur place. Nous utilisons des graveurs laser Epilog et Trotec ainsi que des graveurs rotatifs. Nous proposons des prix en acrylique, cristal, m\u00e9tal, bois, r\u00e9sine et pierre. Gravure au laser et sablage sur verrerie, r\u00e9compenses en cristal et carafes&nbsp;&nbsp;  Veuillez consulter nos catalogues de prix en ligne pour une large gamme de produits.<\/p>\n<\/div><\/div><div class=\"g-cols wpb_row via_flex valign_top type_default stacking_default\"><div class=\"vc_col-sm-3 wpb_column vc_column_container\"><div class=\"vc_column-inner\"><div class=\"wpb_wrapper\"><div class=\"w-image align_none\"><a href=\"https:\/\/caldwellrecognition.com\/catalogs\/awards_and_recognition\/Index.html#p=1\" aria-label=\"awards\" class=\"w-image-h\"><img decoding=\"async\" width=\"290\" height=\"160\" data-src=\"https:\/\/spcsigns.com\/wp-content\/uploads\/2020\/05\/awards.jpg\" class=\"attachment-full size-full lazyload\" alt=\"\" src=\"data:image\/gif;base64,R0lGODlhAQABAAAAACH5BAEKAAEALAAAAAABAAEAAAICTAEAOw==\" style=\"--smush-placeholder-width: 290px; --smush-placeholder-aspect-ratio: 290\/160;\" \/><\/a><\/div><\/div><\/div><\/div><div class=\"vc_col-sm-3 wpb_column vc_column_container\"><div class=\"vc_column-inner\"><div class=\"wpb_wrapper\"><\/div><\/div><\/div><div class=\"vc_col-sm-3 wpb_column vc_column_container\"><div class=\"vc_column-inner\"><div class=\"wpb_wrapper\"><\/div><\/div><\/div><div class=\"vc_col-sm-3 wpb_column vc_column_container\"><div class=\"vc_column-inner\"><div class=\"wpb_wrapper\"><\/div><\/div><\/div><\/div><div class=\"wpb_text_column\"><div class=\"wpb_wrapper\"><h2 style=\"text-align: center;\">Prix en verre et en cristal<\/h2>\n<\/div><\/div><\/div><\/div><\/div><\/div><\/div><\/section>\n","protected":false},"excerpt":{"rendered":"Bienvenue sur le site de SPC Awards, sp\u00e9cialis\u00e9 dans les r\u00e9compenses d&rsquo;entreprise et les r\u00e9compenses en cristal. Tous nos travaux de gravure et de sablage sont r\u00e9alis\u00e9s sur place. Nous utilisons des graveurs laser Epilog et Trotec ainsi que des graveurs rotatifs. Nous proposons des prix en acrylique, cristal, m\u00e9tal, bois, r\u00e9sine et pierre. Gravure...","protected":false},"author":1,"featured_media":0,"parent":0,"menu_order":0,"comment_status":"closed","ping_status":"closed","template":"","meta":{"ngg_post_thumbnail":0,"footnotes":""},"class_list":["post-3430","page","type-page","status-publish","hentry"],"_links":{"self":[{"href":"https:\/\/spcsigns.com\/fr\/wp-json\/wp\/v2\/pages\/3430","targetHints":{"allow":["GET"]}}],"collection":[{"href":"https:\/\/spcsigns.com\/fr\/wp-json\/wp\/v2\/pages"}],"about":[{"href":"https:\/\/spcsigns.com\/fr\/wp-json\/wp\/v2\/types\/page"}],"author":[{"embeddable":true,"href":"https:\/\/spcsigns.com\/fr\/wp-json\/wp\/v2\/users\/1"}],"replies":[{"embeddable":true,"href":"https:\/\/spcsigns.com\/fr\/wp-json\/wp\/v2\/comments?post=3430"}],"version-history":[{"count":0,"href":"https:\/\/spcsigns.com\/fr\/wp-json\/wp\/v2\/pages\/3430\/revisions"}],"wp:attachment":[{"href":"https:\/\/spcsigns.com\/fr\/wp-json\/wp\/v2\/media?parent=3430"}],"curies":[{"name":"wp","href":"https:\/\/api.w.org\/{rel}","templated":true}]}}