{"id":3429,"date":"2012-03-20T18:40:41","date_gmt":"2012-03-20T22:40:41","guid":{"rendered":"https:\/\/spcsigns.com\/signalisation-interieure\/signalisation-ada\/"},"modified":"2012-03-20T18:40:41","modified_gmt":"2012-03-20T22:40:41","slug":"signalisation-ada","status":"publish","type":"page","link":"https:\/\/spcsigns.com\/fr\/signalisation-interieure\/signalisation-ada\/","title":{"rendered":"Signalisation ADA"},"content":{"rendered":"<section class=\"l-section wpb_row height_medium\"><div class=\"l-section-h i-cf\"><div class=\"g-cols vc_row via_flex valign_top type_default stacking_default\"><div class=\"vc_col-sm-12 wpb_column vc_column_container\"><div class=\"vc_column-inner\"><div class=\"wpb_wrapper\"><div class=\"wpb_text_column us_custom_2b2ca4c2 has_text_color\"><div class=\"wpb_wrapper\"><h3><strong>&nbsp;  SIGNALISATION EN BRAILLE ADA<\/strong><\/h3>\n<\/div><\/div><div class=\"w-image us_custom_337527de align_none\"><div class=\"w-image-h\"><img decoding=\"async\" width=\"990\" height=\"277\" data-src=\"https:\/\/spcsigns.com\/wp-content\/uploads\/2020\/07\/ADA-1024x287.png\" class=\"attachment-large size-large lazyload\" alt=\"\" data-srcset=\"https:\/\/spcsigns.com\/wp-content\/uploads\/2020\/07\/ADA-1024x287.png 1024w, https:\/\/spcsigns.com\/wp-content\/uploads\/2020\/07\/ADA-300x84.png 300w, https:\/\/spcsigns.com\/wp-content\/uploads\/2020\/07\/ADA.png 1251w\" data-sizes=\"auto, (max-width: 990px) 100vw, 990px\" src=\"data:image\/gif;base64,R0lGODlhAQABAAAAACH5BAEKAAEALAAAAAABAAEAAAICTAEAOw==\" style=\"--smush-placeholder-width: 990px; --smush-placeholder-aspect-ratio: 990\/277;\" \/><\/div><\/div><div class=\"wpb_text_column us_custom_5b4ae31f\"><div class=\"wpb_wrapper\"><\/div><\/div><div class=\"w-separator size_small\"><\/div><div class=\"g-cols wpb_row via_flex valign_top type_default stacking_default\"><div class=\"vc_col-sm-8 wpb_column vc_column_container\"><div class=\"vc_column-inner\"><div class=\"wpb_wrapper\"><div class=\"wpb_text_column\"><div class=\"wpb_wrapper\"><p>Nous produisons des panneaux de signalisation en braille pour r\u00e9pondre aux exigences gouvernementales et r\u00e9glementaires, utilis\u00e9s dans les h\u00f4tels, les appartements et les condominiums, les halls d&rsquo;entr\u00e9e et les zones de r\u00e9ception, les bureaux et les salles de conf\u00e9rence, les zones communes, les ascenseurs et les cages d&rsquo;escaliers.<\/p>\n<\/div><\/div><div class=\"w-btn-wrapper align_none\"><a class=\"w-btn us-btn-style_1\" title=\"spc@spcsigns.com\" href=\"https:\/\/spcsigns.com\/contact-us\/\"><span class=\"w-btn-label\">Contactez nous<\/span><\/a><\/div><\/div><\/div><\/div><div class=\"vc_col-sm-4 wpb_column vc_column_container\"><div class=\"vc_column-inner\"><div class=\"wpb_wrapper\"><div class=\"w-image us_custom_9783925d align_none\"><div class=\"w-image-h\"><img decoding=\"async\" width=\"990\" height=\"990\" data-src=\"https:\/\/spcsigns.com\/wp-content\/uploads\/2020\/07\/ada-sign.png\" class=\"attachment-large size-large lazyload\" alt=\"\" data-srcset=\"https:\/\/spcsigns.com\/wp-content\/uploads\/2020\/07\/ada-sign.png 1025w, https:\/\/spcsigns.com\/wp-content\/uploads\/2020\/07\/ada-sign-300x300.png 300w, https:\/\/spcsigns.com\/wp-content\/uploads\/2020\/07\/ada-sign-150x150.png 150w\" data-sizes=\"auto, (max-width: 990px) 100vw, 990px\" src=\"data:image\/gif;base64,R0lGODlhAQABAAAAACH5BAEKAAEALAAAAAABAAEAAAICTAEAOw==\" style=\"--smush-placeholder-width: 990px; --smush-placeholder-aspect-ratio: 990\/990;\" \/><\/div><\/div><\/div><\/div><\/div><\/div><div class=\"w-separator size_medium with_line width_default thick_2 style_solid color_border align_center\"><div class=\"w-separator-h\"><\/div><\/div><div class=\"wpb_text_column\"><div class=\"wpb_wrapper\"><h2><strong><span style=\"font-family: arial,helvetica,sans-serif;\">Solutions mat\u00e9rielles<\/span><\/strong><\/h2>\n<h3><span style=\"font-family: arial,helvetica,sans-serif;\"><strong>Applique ADA &#8211; Braille beads<br \/>\n<\/strong><\/span><\/h3>\n<p><span style=\"font-family: arial,helvetica,sans-serif;\"> Les <strong>panneaux appliqu\u00e9s ADA<\/strong> comportent un fond de couleur unie de 1\/16&Prime; ou 1\/8&Prime;, peint ou appliqu\u00e9 graphiquement, avec des lettres en relief de 1\/32&Prime; et des points de braille. La m\u00e9thode Raster\u2122, qui nous permet de concevoir des panneaux enti\u00e8rement conformes aux normes ADA en utilisant pratiquement n&rsquo;importe quel mat\u00e9riau. La m\u00e9thode Raster produit des points braille bomb\u00e9s (ou arrondis).  <\/span><\/p>\n<h2><strong><span style=\"font-family: arial,helvetica,sans-serif;\">Braille photopolym\u00e8re<\/span><\/strong><\/h2>\n<p><span style=\"font-family: arial,helvetica,sans-serif;\">Les enseignes photopolym\u00e8res sont des enseignes en r\u00e9sine polym\u00e8re d&rsquo;une seule pi\u00e8ce, r\u00e9sistantes au vandalisme, avec des lettres en relief, du braille et des graphiques pour l&rsquo;int\u00e9rieur et l&rsquo;ext\u00e9rieur.<\/span><\/p>\n<p>&nbsp;<\/p>\n<h2><strong><span style=\"font-family: arial,helvetica,sans-serif;\">Plaques ADA en m\u00e9tal  <\/span><\/strong><\/h2>\n<p><span style=\"font-family: arial,helvetica,sans-serif;\">Fabriqu\u00e9 en m\u00e9tal solide. Choix entre l&rsquo;aluminium, le laiton, le bronze, le cuivre, le zinc et l&rsquo;acier inoxydable. <\/span><\/p>\n<p>&nbsp;<\/p>\n<h3><strong><span style=\"font-family: arial,helvetica,sans-serif;\">Lignes directrices de l&rsquo;ADA<\/span><\/strong><\/h3>\n<ul>\n<li><span style=\"font-family: arial,helvetica,sans-serif;\">Caract\u00e8res en relief et en braille et symboles pictographiques (pictogrammes). Les lettres et les chiffres doivent \u00eatre en relief (1\/32 po), en majuscules, sans empattement ou avec empattement simple, et doivent \u00eatre accompagn\u00e9s de braille de degr\u00e9 2. Les caract\u00e8res en relief doivent avoir une hauteur d&rsquo;au moins 5\/8 po (16 mm), mais pas plus de 2 po (50 mm). Les pictogrammes doivent \u00eatre accompagn\u00e9s d&rsquo;une description verbale \u00e9quivalente plac\u00e9e directement sous le pictogramme. La bordure du pictogramme doit avoir une hauteur minimale de 6 pouces (152 mm)\u00a0\u00bb.    <\/span><\/li>\n<\/ul>\n<p><span style=\"font-family: arial,helvetica,sans-serif;\">Le braille est un syst\u00e8me cod\u00e9 de points tactiles en relief organis\u00e9s en cellules compos\u00e9es de un \u00e0 six points. Chaque cellule repr\u00e9sente une lettre diff\u00e9rente de l&rsquo;alphabet. <\/span><\/p>\n<p><span style=\"font-family: arial,helvetica,sans-serif;\">Le <strong>braille de deuxi\u00e8me ann\u00e9e<\/strong> est bas\u00e9 sur le <strong>braille<\/strong> de premi\u00e8re ann\u00e9e, mais comprend \u00e9galement plus de 200 abr\u00e9viations et contractions de phrases et de mots couramment utilis\u00e9s. Cette approche abr\u00e9g\u00e9e rend le message plus rapide \u00e0 lire car moins de points sont utilis\u00e9s pour transmettre la m\u00eame information. Les r\u00e8glements de l&rsquo;ADA exigent le braille de grade 2, et c&rsquo;est le seul type de braille autoris\u00e9 sur les panneaux de signalisation aux \u00c9tats-Unis.  <\/span><\/p>\n<\/div><\/div><div class=\"w-separator size_small\"><\/div><div class=\"w-grid type_grid layout_gallery_default cols_5\" id=\"us_grid_1\" style=\"--columns:5;--gap:1.5rem;\" data-filterable=\"true\"><style>@media (max-width:1280px){#us_grid_1{--columns:3!important}}@media (max-width:1024px){#us_grid_1{--columns:2!important}}@media (max-width:600px){#us_grid_1{--columns:1!important}}.layout_gallery_default .w-grid-item-h{}<\/style><div class=\"w-grid-list\">\t<article class=\"w-grid-item size_1x1 post-3301 attachment type-attachment status-inherit hentry\" data-id=\"3301\">\r\n\t\t<div class=\"w-grid-item-h\">\r\n\t\t\t\t\t\t<div class=\"w-post-elm post_image usg_post_image_1 stretched\"><img decoding=\"async\" width=\"300\" height=\"300\" data-src=\"https:\/\/spcsigns.com\/wp-content\/uploads\/2020\/07\/ADA-WOMEN-300x300.png\" class=\"attachment-medium size-medium lazyload\" alt=\"\" data-srcset=\"https:\/\/spcsigns.com\/wp-content\/uploads\/2020\/07\/ADA-WOMEN-300x300.png 300w, https:\/\/spcsigns.com\/wp-content\/uploads\/2020\/07\/ADA-WOMEN-150x150.png 150w, https:\/\/spcsigns.com\/wp-content\/uploads\/2020\/07\/ADA-WOMEN.png 1025w\" data-sizes=\"(max-width: 300px) 100vw, 300px\" src=\"data:image\/gif;base64,R0lGODlhAQABAAAAACH5BAEKAAEALAAAAAABAAEAAAICTAEAOw==\" style=\"--smush-placeholder-width: 300px; --smush-placeholder-aspect-ratio: 300\/300;\" \/><\/div>\t\t<\/div>\r\n\t\t\t<\/article>\r\n\t<article class=\"w-grid-item size_1x1 post-3300 attachment type-attachment status-inherit hentry\" data-id=\"3300\">\r\n\t\t<div class=\"w-grid-item-h\">\r\n\t\t\t\t\t\t<div class=\"w-post-elm post_image usg_post_image_1 stretched\"><img decoding=\"async\" width=\"300\" height=\"300\" data-src=\"https:\/\/spcsigns.com\/wp-content\/uploads\/2020\/07\/ADA-STAIR1-300x300.png\" class=\"attachment-medium size-medium lazyload\" alt=\"\" data-srcset=\"https:\/\/spcsigns.com\/wp-content\/uploads\/2020\/07\/ADA-STAIR1-300x300.png 300w, https:\/\/spcsigns.com\/wp-content\/uploads\/2020\/07\/ADA-STAIR1-150x150.png 150w, https:\/\/spcsigns.com\/wp-content\/uploads\/2020\/07\/ADA-STAIR1.png 1025w\" data-sizes=\"(max-width: 300px) 100vw, 300px\" src=\"data:image\/gif;base64,R0lGODlhAQABAAAAACH5BAEKAAEALAAAAAABAAEAAAICTAEAOw==\" style=\"--smush-placeholder-width: 300px; --smush-placeholder-aspect-ratio: 300\/300;\" \/><\/div>\t\t<\/div>\r\n\t\t\t<\/article>\r\n\t<article class=\"w-grid-item size_1x1 post-3299 attachment type-attachment status-inherit hentry\" data-id=\"3299\">\r\n\t\t<div class=\"w-grid-item-h\">\r\n\t\t\t\t\t\t<div class=\"w-post-elm post_image usg_post_image_1 stretched\"><img decoding=\"async\" width=\"300\" height=\"300\" data-src=\"https:\/\/spcsigns.com\/wp-content\/uploads\/2020\/07\/ADA-STAIR-300x300.png\" class=\"attachment-medium size-medium lazyload\" alt=\"\" data-srcset=\"https:\/\/spcsigns.com\/wp-content\/uploads\/2020\/07\/ADA-STAIR-300x300.png 300w, https:\/\/spcsigns.com\/wp-content\/uploads\/2020\/07\/ADA-STAIR-150x150.png 150w, https:\/\/spcsigns.com\/wp-content\/uploads\/2020\/07\/ADA-STAIR.png 1025w\" data-sizes=\"(max-width: 300px) 100vw, 300px\" src=\"data:image\/gif;base64,R0lGODlhAQABAAAAACH5BAEKAAEALAAAAAABAAEAAAICTAEAOw==\" style=\"--smush-placeholder-width: 300px; --smush-placeholder-aspect-ratio: 300\/300;\" \/><\/div>\t\t<\/div>\r\n\t\t\t<\/article>\r\n\t<article class=\"w-grid-item size_1x1 post-3298 attachment type-attachment status-inherit hentry\" data-id=\"3298\">\r\n\t\t<div class=\"w-grid-item-h\">\r\n\t\t\t\t\t\t<div class=\"w-post-elm post_image usg_post_image_1 stretched\"><img decoding=\"async\" width=\"300\" height=\"300\" data-src=\"https:\/\/spcsigns.com\/wp-content\/uploads\/2020\/07\/ada-sign-1-300x300.png\" class=\"attachment-medium size-medium lazyload\" alt=\"\" data-srcset=\"https:\/\/spcsigns.com\/wp-content\/uploads\/2020\/07\/ada-sign-1-300x300.png 300w, https:\/\/spcsigns.com\/wp-content\/uploads\/2020\/07\/ada-sign-1-150x150.png 150w, https:\/\/spcsigns.com\/wp-content\/uploads\/2020\/07\/ada-sign-1.png 1025w\" data-sizes=\"(max-width: 300px) 100vw, 300px\" src=\"data:image\/gif;base64,R0lGODlhAQABAAAAACH5BAEKAAEALAAAAAABAAEAAAICTAEAOw==\" style=\"--smush-placeholder-width: 300px; --smush-placeholder-aspect-ratio: 300\/300;\" \/><\/div>\t\t<\/div>\r\n\t\t\t<\/article>\r\n\t<article class=\"w-grid-item size_1x1 post-3297 attachment type-attachment status-inherit hentry\" data-id=\"3297\">\r\n\t\t<div class=\"w-grid-item-h\">\r\n\t\t\t\t\t\t<div class=\"w-post-elm post_image usg_post_image_1 stretched\"><img decoding=\"async\" width=\"300\" height=\"300\" data-src=\"https:\/\/spcsigns.com\/wp-content\/uploads\/2020\/07\/ADA-BAGGAGE-300x300.png\" class=\"attachment-medium size-medium lazyload\" alt=\"\" data-srcset=\"https:\/\/spcsigns.com\/wp-content\/uploads\/2020\/07\/ADA-BAGGAGE-300x300.png 300w, https:\/\/spcsigns.com\/wp-content\/uploads\/2020\/07\/ADA-BAGGAGE-150x150.png 150w, https:\/\/spcsigns.com\/wp-content\/uploads\/2020\/07\/ADA-BAGGAGE.png 1025w\" data-sizes=\"(max-width: 300px) 100vw, 300px\" src=\"data:image\/gif;base64,R0lGODlhAQABAAAAACH5BAEKAAEALAAAAAABAAEAAAICTAEAOw==\" style=\"--smush-placeholder-width: 300px; --smush-placeholder-aspect-ratio: 300\/300;\" \/><\/div>\t\t<\/div>\r\n\t\t\t<\/article>\r\n<\/div><div class=\"w-grid-preloader\">\t<div class=\"g-preloader type_1\">\r\n\t\t<div><\/div>\r\n\t<\/div>\r\n\t<\/div>\t<div class=\"w-grid-json hidden\" onclick='return {&quot;action&quot;:&quot;us_ajax_grid&quot;,&quot;infinite_scroll&quot;:0,&quot;max_num_pages&quot;:1,&quot;pagination&quot;:&quot;none&quot;,&quot;template_vars&quot;:{&quot;columns&quot;:&quot;5&quot;,&quot;exclude_items&quot;:&quot;none&quot;,&quot;img_size&quot;:&quot;medium&quot;,&quot;ignore_items_size&quot;:0,&quot;items_layout&quot;:&quot;gallery_default&quot;,&quot;items_offset&quot;:&quot;1&quot;,&quot;load_animation&quot;:&quot;none&quot;,&quot;overriding_link&quot;:&quot;{\\&quot;url\\&quot;:\\&quot;\\&quot;}&quot;,&quot;post_id&quot;:0,&quot;query_args&quot;:{&quot;post_type&quot;:[&quot;attachment&quot;],&quot;post__in&quot;:[&quot;2780&quot;,&quot;2781&quot;,&quot;2782&quot;,&quot;2783&quot;,&quot;2784&quot;],&quot;post_status&quot;:&quot;inherit&quot;,&quot;post_mime_type&quot;:&quot;image&quot;,&quot;posts_per_page&quot;:&quot;10&quot;},&quot;orderby_query_args&quot;:{&quot;orderby&quot;:{&quot;date&quot;:&quot;DESC&quot;}},&quot;type&quot;:&quot;grid&quot;,&quot;us_grid_post_type&quot;:&quot;attachment&quot;,&quot;us_grid_ajax_index&quot;:1,&quot;us_grid_filter_query_string&quot;:null,&quot;us_grid_index&quot;:1,&quot;page_args&quot;:[],&quot;lang&quot;:&quot;fr&quot;}}'><\/div>\r\n\t<\/div><\/div><\/div><\/div><\/div><\/div><\/section>\n","protected":false},"excerpt":{"rendered":"","protected":false},"author":1,"featured_media":0,"parent":3399,"menu_order":0,"comment_status":"closed","ping_status":"closed","template":"","meta":{"ngg_post_thumbnail":0,"footnotes":""},"class_list":["post-3429","page","type-page","status-publish","hentry"],"_links":{"self":[{"href":"https:\/\/spcsigns.com\/fr\/wp-json\/wp\/v2\/pages\/3429","targetHints":{"allow":["GET"]}}],"collection":[{"href":"https:\/\/spcsigns.com\/fr\/wp-json\/wp\/v2\/pages"}],"about":[{"href":"https:\/\/spcsigns.com\/fr\/wp-json\/wp\/v2\/types\/page"}],"author":[{"embeddable":true,"href":"https:\/\/spcsigns.com\/fr\/wp-json\/wp\/v2\/users\/1"}],"replies":[{"embeddable":true,"href":"https:\/\/spcsigns.com\/fr\/wp-json\/wp\/v2\/comments?post=3429"}],"version-history":[{"count":0,"href":"https:\/\/spcsigns.com\/fr\/wp-json\/wp\/v2\/pages\/3429\/revisions"}],"up":[{"embeddable":true,"href":"https:\/\/spcsigns.com\/fr\/wp-json\/wp\/v2\/pages\/3399"}],"wp:attachment":[{"href":"https:\/\/spcsigns.com\/fr\/wp-json\/wp\/v2\/media?parent=3429"}],"curies":[{"name":"wp","href":"https:\/\/api.w.org\/{rel}","templated":true}]}}