{"id":3428,"date":"2012-03-20T18:53:02","date_gmt":"2012-03-20T22:53:02","guid":{"rendered":"https:\/\/spcsigns.com\/catalogues-de-trophees\/"},"modified":"2025-05-17T13:49:54","modified_gmt":"2025-05-17T17:49:54","slug":"catalogues-de-trophees","status":"publish","type":"page","link":"https:\/\/spcsigns.com\/fr\/trophees-et-recognition\/catalogues-de-trophees\/","title":{"rendered":"Catalogues de troph\u00e9es"},"content":{"rendered":"<section class=\"l-section wpb_row height_medium\"><div class=\"l-section-h i-cf\"><div class=\"g-cols vc_row via_flex valign_top type_default stacking_default\"><div class=\"vc_col-sm-12 wpb_column vc_column_container\"><div class=\"vc_column-inner\"><div class=\"wpb_wrapper\"><div class=\"wpb_text_column\"><div class=\"wpb_wrapper\"><h1 style=\"padding-left: 30px; text-align: center;\">Catalogues en ligne<\/h1>\n<p>Bienvenue dans nos catalogues de troph\u00e9es en ligne. Les catalogues ci-dessous sont li\u00e9s \u00e0 la gamme compl\u00e8te des produits disponibles.&nbsp;Les catalogues num\u00e9riques sont un moyen facile de naviguer et de voir les articles en couleur.<\/p>\n<\/div><\/div><\/div><\/div><\/div><\/div><\/div><\/section>\n","protected":false},"excerpt":{"rendered":"Catalogues en ligne Bienvenue dans nos catalogues de troph\u00e9es en ligne. Les catalogues ci-dessous sont li\u00e9s \u00e0 la gamme compl\u00e8te des produits disponibles.&nbsp;Les catalogues num\u00e9riques sont un moyen facile de naviguer et de voir les articles en couleur.","protected":false},"author":1,"featured_media":0,"parent":3430,"menu_order":1,"comment_status":"closed","ping_status":"closed","template":"","meta":{"ngg_post_thumbnail":0,"footnotes":""},"class_list":["post-3428","page","type-page","status-publish","hentry"],"_links":{"self":[{"href":"https:\/\/spcsigns.com\/fr\/wp-json\/wp\/v2\/pages\/3428","targetHints":{"allow":["GET"]}}],"collection":[{"href":"https:\/\/spcsigns.com\/fr\/wp-json\/wp\/v2\/pages"}],"about":[{"href":"https:\/\/spcsigns.com\/fr\/wp-json\/wp\/v2\/types\/page"}],"author":[{"embeddable":true,"href":"https:\/\/spcsigns.com\/fr\/wp-json\/wp\/v2\/users\/1"}],"replies":[{"embeddable":true,"href":"https:\/\/spcsigns.com\/fr\/wp-json\/wp\/v2\/comments?post=3428"}],"version-history":[{"count":1,"href":"https:\/\/spcsigns.com\/fr\/wp-json\/wp\/v2\/pages\/3428\/revisions"}],"predecessor-version":[{"id":3431,"href":"https:\/\/spcsigns.com\/fr\/wp-json\/wp\/v2\/pages\/3428\/revisions\/3431"}],"up":[{"embeddable":true,"href":"https:\/\/spcsigns.com\/fr\/wp-json\/wp\/v2\/pages\/3430"}],"wp:attachment":[{"href":"https:\/\/spcsigns.com\/fr\/wp-json\/wp\/v2\/media?parent=3428"}],"curies":[{"name":"wp","href":"https:\/\/api.w.org\/{rel}","templated":true}]}}