{"id":3418,"date":"2015-01-19T20:00:52","date_gmt":"2015-01-20T00:00:52","guid":{"rendered":"https:\/\/spcsigns.com\/gravure-et-decoupe-au-laser\/"},"modified":"2025-05-17T13:58:35","modified_gmt":"2025-05-17T17:58:35","slug":"gravure-et-decoupe-au-laser","status":"publish","type":"page","link":"https:\/\/spcsigns.com\/fr\/gravure\/gravure-et-decoupe-au-laser\/","title":{"rendered":"Gravure et d\u00e9coupe au laser"},"content":{"rendered":"<p>SPC propose la gravure et la d\u00e9coupe au laser d&rsquo;une grande vari\u00e9t\u00e9 de mat\u00e9riaux. Avec les machines laser Trotec et Epilog, nous pouvons r\u00e9aliser des gravures plats et cylindriques. <\/p>\n<p>Nos lasers et syst\u00e8mes laser offrent les meilleures performances de gravure possibles sur une grande vari\u00e9t\u00e9 de mat\u00e9riaux tels que le bois, le verre, les plastiques, les textiles et bien d&rsquo;autres encore.<\/p>\n<p>&nbsp;<\/p>\n<h2 style=\"text-align: left;\"><strong>Gravure au laser<\/strong><\/h2>\nngg_shortcode_0_placeholder\n<h2 style=\"text-align: left;\"><strong>D\u00e9coupe au laser<\/strong><\/h2>\nngg_shortcode_1_placeholder\n","protected":false},"excerpt":{"rendered":"<p>SPC propose la gravure et la d\u00e9coupe au laser d&rsquo;une grande vari\u00e9t\u00e9 de mat\u00e9riaux. Avec les machines laser Trotec et Epilog, nous pouvons r\u00e9aliser des gravures plats et cylindriques. Nos lasers et syst\u00e8mes laser offrent les meilleures performances de gravure possibles sur une grande vari\u00e9t\u00e9 de mat\u00e9riaux tels que le bois, le verre, les plastiques,&#8230;<\/p>\n","protected":false},"author":1,"featured_media":0,"parent":3439,"menu_order":1,"comment_status":"closed","ping_status":"closed","template":"","meta":{"ngg_post_thumbnail":0,"footnotes":""},"class_list":["post-3418","page","type-page","status-publish","hentry"],"_links":{"self":[{"href":"https:\/\/spcsigns.com\/fr\/wp-json\/wp\/v2\/pages\/3418","targetHints":{"allow":["GET"]}}],"collection":[{"href":"https:\/\/spcsigns.com\/fr\/wp-json\/wp\/v2\/pages"}],"about":[{"href":"https:\/\/spcsigns.com\/fr\/wp-json\/wp\/v2\/types\/page"}],"author":[{"embeddable":true,"href":"https:\/\/spcsigns.com\/fr\/wp-json\/wp\/v2\/users\/1"}],"replies":[{"embeddable":true,"href":"https:\/\/spcsigns.com\/fr\/wp-json\/wp\/v2\/comments?post=3418"}],"version-history":[{"count":1,"href":"https:\/\/spcsigns.com\/fr\/wp-json\/wp\/v2\/pages\/3418\/revisions"}],"predecessor-version":[{"id":3440,"href":"https:\/\/spcsigns.com\/fr\/wp-json\/wp\/v2\/pages\/3418\/revisions\/3440"}],"up":[{"embeddable":true,"href":"https:\/\/spcsigns.com\/fr\/wp-json\/wp\/v2\/pages\/3439"}],"wp:attachment":[{"href":"https:\/\/spcsigns.com\/fr\/wp-json\/wp\/v2\/media?parent=3418"}],"curies":[{"name":"wp","href":"https:\/\/api.w.org\/{rel}","templated":true}]}}