{"id":3414,"date":"2015-01-20T18:37:35","date_gmt":"2015-01-20T22:37:35","guid":{"rendered":"https:\/\/spcsigns.com\/porte-noms\/"},"modified":"2025-05-17T13:58:35","modified_gmt":"2025-05-17T17:58:35","slug":"porte-noms","status":"publish","type":"page","link":"https:\/\/spcsigns.com\/fr\/gravure\/porte-noms\/","title":{"rendered":"Porte noms"},"content":{"rendered":"<section class=\"l-section wpb_row height_medium\"><div class=\"l-section-h i-cf\"><div class=\"g-cols vc_row via_flex valign_top type_default stacking_default\"><div class=\"vc_col-sm-12 wpb_column vc_column_container\"><div class=\"vc_column-inner\"><div class=\"wpb_wrapper\"><div class=\"wpb_text_column\"><div class=\"wpb_wrapper\"><p>Les badges sont disponibles dans de nombreuses vari\u00e9t\u00e9s, styles et mat\u00e9riaux. Plastique, m\u00e9tal ou bois. Gravure laser avec ou sans logo, impression num\u00e9rique, marquage \u00e0 chaud avec des couleurs m\u00e9talliques, s\u00e9rigraphie, badges avec cadre m\u00e9tallique et badges de poche. Pas de quantit\u00e9s minimales, 1, 100 ou 1000. Tous sont livr\u00e9s avec l&rsquo;attache de votre choix au dos.<\/p>\n<\/div><\/div><\/div><\/div><\/div><\/div><\/div><\/section><section class=\"l-section wpb_row height_medium\"><div class=\"l-section-h i-cf\"><div class=\"g-cols vc_row via_flex valign_top type_default stacking_default\"><div class=\"vc_col-sm-12 wpb_column vc_column_container\"><div class=\"vc_column-inner\"><div class=\"wpb_wrapper\"><div class=\"wpb_text_column\"><div class=\"wpb_wrapper\">ngg_shortcode_0_placeholder\n<\/div><\/div><\/div><\/div><\/div><\/div><\/div><\/section>\n","protected":false},"excerpt":{"rendered":"Les badges sont disponibles dans de nombreuses vari\u00e9t\u00e9s, styles et mat\u00e9riaux. Plastique, m\u00e9tal ou bois. Gravure laser avec ou sans logo, impression num\u00e9rique, marquage \u00e0 chaud avec des couleurs m\u00e9talliques, s\u00e9rigraphie, badges avec cadre m\u00e9tallique et badges de poche. Pas de quantit\u00e9s minimales, 1, 100 ou 1000. Tous sont livr\u00e9s avec l&rsquo;attache de votre choix...","protected":false},"author":1,"featured_media":0,"parent":3439,"menu_order":0,"comment_status":"closed","ping_status":"closed","template":"","meta":{"ngg_post_thumbnail":0,"footnotes":""},"class_list":["post-3414","page","type-page","status-publish","hentry"],"_links":{"self":[{"href":"https:\/\/spcsigns.com\/fr\/wp-json\/wp\/v2\/pages\/3414","targetHints":{"allow":["GET"]}}],"collection":[{"href":"https:\/\/spcsigns.com\/fr\/wp-json\/wp\/v2\/pages"}],"about":[{"href":"https:\/\/spcsigns.com\/fr\/wp-json\/wp\/v2\/types\/page"}],"author":[{"embeddable":true,"href":"https:\/\/spcsigns.com\/fr\/wp-json\/wp\/v2\/users\/1"}],"replies":[{"embeddable":true,"href":"https:\/\/spcsigns.com\/fr\/wp-json\/wp\/v2\/comments?post=3414"}],"version-history":[{"count":1,"href":"https:\/\/spcsigns.com\/fr\/wp-json\/wp\/v2\/pages\/3414\/revisions"}],"predecessor-version":[{"id":3441,"href":"https:\/\/spcsigns.com\/fr\/wp-json\/wp\/v2\/pages\/3414\/revisions\/3441"}],"up":[{"embeddable":true,"href":"https:\/\/spcsigns.com\/fr\/wp-json\/wp\/v2\/pages\/3439"}],"wp:attachment":[{"href":"https:\/\/spcsigns.com\/fr\/wp-json\/wp\/v2\/media?parent=3414"}],"curies":[{"name":"wp","href":"https:\/\/api.w.org\/{rel}","templated":true}]}}