{"id":3413,"date":"2015-01-20T18:48:53","date_gmt":"2015-01-20T22:48:53","guid":{"rendered":"https:\/\/spcsigns.com\/plaques-commemoratives\/"},"modified":"2015-01-20T18:48:53","modified_gmt":"2015-01-20T22:48:53","slug":"plaques-commemoratives","status":"publish","type":"page","link":"https:\/\/spcsigns.com\/fr\/plaques-commemoratives\/","title":{"rendered":"Plaques comm\u00e9moratives"},"content":{"rendered":"<section class=\"l-section wpb_row height_medium\"><div class=\"l-section-h i-cf\"><div class=\"g-cols vc_row via_flex valign_top type_default stacking_default\"><div class=\"vc_col-sm-12 wpb_column vc_column_container\"><div class=\"vc_column-inner\"><div class=\"wpb_wrapper\"><div class=\"wpb_text_column us_custom_36e1aef2 has_text_color\"><div class=\"wpb_wrapper\"><h2><strong>Plaques comm\u00e9moratives et commerciales<\/strong><\/h2>\n<\/div><\/div><div class=\"w-image us_custom_fab4abd9 align_none\"><div class=\"w-image-h\"><img decoding=\"async\" width=\"990\" height=\"277\" data-src=\"https:\/\/spcsigns.com\/wp-content\/uploads\/2020\/09\/memorial-plaques-1024x287.png\" class=\"attachment-large size-large lazyload\" alt=\"\" data-srcset=\"https:\/\/spcsigns.com\/wp-content\/uploads\/2020\/09\/memorial-plaques-1024x287.png 1024w, https:\/\/spcsigns.com\/wp-content\/uploads\/2020\/09\/memorial-plaques-300x84.png 300w, https:\/\/spcsigns.com\/wp-content\/uploads\/2020\/09\/memorial-plaques.png 1251w\" data-sizes=\"auto, (max-width: 990px) 100vw, 990px\" src=\"data:image\/gif;base64,R0lGODlhAQABAAAAACH5BAEKAAEALAAAAAABAAEAAAICTAEAOw==\" style=\"--smush-placeholder-width: 990px; --smush-placeholder-aspect-ratio: 990\/277;\" \/><\/div><\/div><div class=\"wpb_text_column us_custom_ea890650\"><div class=\"wpb_wrapper\"><\/div><\/div><div class=\"w-separator size_medium with_line width_default thick_1 style_solid color_border align_center\"><div class=\"w-separator-h\"><\/div><\/div><div class=\"g-cols wpb_row via_flex valign_top type_default stacking_default\"><div class=\"vc_col-sm-8 wpb_column vc_column_container\"><div class=\"vc_column-inner\"><div class=\"wpb_wrapper\"><div class=\"wpb_text_column\"><div class=\"wpb_wrapper\"><h2><strong>PLAQUES EN M\u00c9TAL MOUL\u00c9 ET GRAV\u00c9<\/strong><\/h2>\n<p>La permanence du bronze et de l&rsquo;aluminium, combin\u00e9e \u00e0 la polyvalence du design, fait des plaques coul\u00e9es un excellent choix pour les projets de signalisation, de comm\u00e9moration et de reconnaissance.&nbsp;  Les plaques grav\u00e9es en laiton, en bronze, en aluminium, en cuivre et en acier inoxydable permettent de r\u00e9aliser des \u0153uvres d&rsquo;art tr\u00e8s d\u00e9taill\u00e9es dans des graphiques encastr\u00e9s ou en relief, avec la possibilit\u00e9 d&rsquo;ajouter des remplissages multicolores. Quel que soit le type de plaque que vous recherchez, nous avons ce qu&rsquo;il vous faut. <\/p>\n<p>&nbsp;<\/p>\n<p>&nbsp;<\/p>\n<\/div><\/div><\/div><\/div><\/div><div class=\"vc_col-sm-4 wpb_column vc_column_container\"><div class=\"vc_column-inner\"><div class=\"wpb_wrapper\"><div class=\"w-image us_custom_12fc506f align_none\"><div class=\"w-image-h\"><img decoding=\"async\" width=\"300\" height=\"300\" data-src=\"https:\/\/spcsigns.com\/wp-content\/uploads\/2020\/09\/stainless-steel-plaque.png\" class=\"attachment-medium size-medium lazyload\" alt=\"\" data-srcset=\"https:\/\/spcsigns.com\/wp-content\/uploads\/2020\/09\/stainless-steel-plaque.png 301w, https:\/\/spcsigns.com\/wp-content\/uploads\/2020\/09\/stainless-steel-plaque-150x150.png 150w\" data-sizes=\"auto, (max-width: 300px) 100vw, 300px\" src=\"data:image\/gif;base64,R0lGODlhAQABAAAAACH5BAEKAAEALAAAAAABAAEAAAICTAEAOw==\" style=\"--smush-placeholder-width: 300px; --smush-placeholder-aspect-ratio: 300\/300;\" \/><\/div><\/div><\/div><\/div><\/div><\/div><div class=\"w-separator size_medium with_line width_default thick_1 style_solid color_border align_center\"><div class=\"w-separator-h\"><\/div><\/div><div class=\"g-cols wpb_row via_flex valign_top type_default stacking_default\"><div class=\"vc_col-sm-4 wpb_column vc_column_container\"><div class=\"vc_column-inner\"><div class=\"wpb_wrapper\"><div class=\"w-image align_left\"><div class=\"w-image-h\"><img decoding=\"async\" width=\"300\" height=\"300\" data-src=\"https:\/\/spcsigns.com\/wp-content\/uploads\/2020\/09\/bronze-plaque-300x300.png\" class=\"attachment-medium size-medium lazyload\" alt=\"\" data-srcset=\"https:\/\/spcsigns.com\/wp-content\/uploads\/2020\/09\/bronze-plaque-300x300.png 300w, https:\/\/spcsigns.com\/wp-content\/uploads\/2020\/09\/bronze-plaque-1024x1024.png 1024w, https:\/\/spcsigns.com\/wp-content\/uploads\/2020\/09\/bronze-plaque-150x150.png 150w, https:\/\/spcsigns.com\/wp-content\/uploads\/2020\/09\/bronze-plaque.png 1051w\" data-sizes=\"auto, (max-width: 300px) 100vw, 300px\" src=\"data:image\/gif;base64,R0lGODlhAQABAAAAACH5BAEKAAEALAAAAAABAAEAAAICTAEAOw==\" style=\"--smush-placeholder-width: 300px; --smush-placeholder-aspect-ratio: 300\/300;\" \/><\/div><\/div><\/div><\/div><\/div><div class=\"vc_col-sm-8 wpb_column vc_column_container\"><div class=\"vc_column-inner\"><div class=\"wpb_wrapper\"><div class=\"wpb_text_column\"><div class=\"wpb_wrapper\"><h2><strong>Plaques en bronze<\/strong><\/h2>\n<p>Les plaques coul\u00e9es offrent un sentiment de permanence avec un aspect classique et une profondeur architecturale, 12 bordures standard au choix ainsi que des bordures personnalis\u00e9es. Texte et images en relief ou en retrait, plus de 45 couleurs de peinture standard ou choisissez une couleur personnalis\u00e9e. 5 finitions d&rsquo;arri\u00e8re-plan, plusieurs m\u00e9thodes de montage en surface ainsi que des montages sur piquet ou sur poteau. Les options de portrait comprennent le bas-relief, le relief plat et le relief photo. Quelles que soient vos exigences, nous pouvons concevoir et fabriquer sur mesure n&rsquo;importe quel type de plaque en bronze pour r\u00e9pondre \u00e0 vos besoins.    <\/p>\n<\/div><\/div><\/div><\/div><\/div><\/div><div class=\"w-separator size_medium with_line width_default thick_1 style_solid color_border align_center\"><div class=\"w-separator-h\"><\/div><\/div><div class=\"g-cols wpb_row via_flex valign_top type_default stacking_default\"><div class=\"vc_col-sm-4 wpb_column vc_column_container\"><div class=\"vc_column-inner\"><div class=\"wpb_wrapper\"><div class=\"w-image align_center\"><div class=\"w-image-h\"><img decoding=\"async\" width=\"300\" height=\"300\" data-src=\"https:\/\/spcsigns.com\/wp-content\/uploads\/2020\/09\/aluminum-plaque-300x300.png\" class=\"attachment-medium size-medium lazyload\" alt=\"\" data-srcset=\"https:\/\/spcsigns.com\/wp-content\/uploads\/2020\/09\/aluminum-plaque-300x300.png 300w, https:\/\/spcsigns.com\/wp-content\/uploads\/2020\/09\/aluminum-plaque-1024x1024.png 1024w, https:\/\/spcsigns.com\/wp-content\/uploads\/2020\/09\/aluminum-plaque-150x150.png 150w, https:\/\/spcsigns.com\/wp-content\/uploads\/2020\/09\/aluminum-plaque.png 1051w\" data-sizes=\"auto, (max-width: 300px) 100vw, 300px\" src=\"data:image\/gif;base64,R0lGODlhAQABAAAAACH5BAEKAAEALAAAAAABAAEAAAICTAEAOw==\" style=\"--smush-placeholder-width: 300px; --smush-placeholder-aspect-ratio: 300\/300;\" \/><\/div><\/div><\/div><\/div><\/div><div class=\"vc_col-sm-8 wpb_column vc_column_container\"><div class=\"vc_column-inner\"><div class=\"wpb_wrapper\"><div class=\"wpb_text_column\"><div class=\"wpb_wrapper\"><h2><strong>Plaques en aluminium<\/strong><\/h2>\n<p>Les plaques en aluminium offrent un sentiment de permanence avec un aspect classique et une profondeur architecturale, une alternative moins co\u00fbteuse mais durable au bronze. Vous avez le choix entre 12 bordures standard et des bordures personnalis\u00e9es. Texte et images en relief ou en retrait, plus de 45 couleurs de peinture standard ou choisissez une couleur personnalis\u00e9e. 5 finitions d&rsquo;arri\u00e8re-plan, plusieurs m\u00e9thodes de montage en surface ainsi que des montages sur piquet ou sur poteau. Les options de portrait comprennent le bas-relief, le relief plat et le relief photo. Quelles que soient vos exigences, nous pouvons concevoir et fabriquer sur mesure n&rsquo;importe quel type de plaque en bronze pour r\u00e9pondre \u00e0 vos besoins.     <\/p>\n<\/div><\/div><\/div><\/div><\/div><\/div><div class=\"w-separator size_medium with_line width_default thick_1 style_solid color_border align_center\"><div class=\"w-separator-h\"><\/div><\/div><div class=\"wpb_text_column\"><div class=\"wpb_wrapper\"><h2><strong>Styles de bordure<\/strong><\/h2>\n<\/div><\/div><div class=\"w-image align_none\"><div class=\"w-image-h\"><img decoding=\"async\" width=\"990\" height=\"225\" data-src=\"https:\/\/spcsigns.com\/wp-content\/uploads\/2020\/09\/plaque-border-1024x233.png\" class=\"attachment-large size-large lazyload\" alt=\"\" data-srcset=\"https:\/\/spcsigns.com\/wp-content\/uploads\/2020\/09\/plaque-border-1024x233.png 1024w, https:\/\/spcsigns.com\/wp-content\/uploads\/2020\/09\/plaque-border-300x68.png 300w\" data-sizes=\"auto, (max-width: 990px) 100vw, 990px\" src=\"data:image\/gif;base64,R0lGODlhAQABAAAAACH5BAEKAAEALAAAAAABAAEAAAICTAEAOw==\" style=\"--smush-placeholder-width: 990px; --smush-placeholder-aspect-ratio: 990\/225;\" \/><\/div><\/div><div class=\"w-separator size_medium with_line width_default thick_1 style_solid color_border align_center\"><div class=\"w-separator-h\"><\/div><\/div><div class=\"g-cols wpb_row via_flex valign_top type_default stacking_default\"><div class=\"vc_col-sm-4 wpb_column vc_column_container\"><div class=\"vc_column-inner\"><div class=\"wpb_wrapper\"><div class=\"w-image align_center\"><div class=\"w-image-h\"><img decoding=\"async\" width=\"300\" height=\"300\" data-src=\"https:\/\/spcsigns.com\/wp-content\/uploads\/2020\/09\/etched-plaque-300x300.png\" class=\"attachment-medium size-medium lazyload\" alt=\"\" data-srcset=\"https:\/\/spcsigns.com\/wp-content\/uploads\/2020\/09\/etched-plaque-300x300.png 300w, https:\/\/spcsigns.com\/wp-content\/uploads\/2020\/09\/etched-plaque-1024x1024.png 1024w, https:\/\/spcsigns.com\/wp-content\/uploads\/2020\/09\/etched-plaque-150x150.png 150w, https:\/\/spcsigns.com\/wp-content\/uploads\/2020\/09\/etched-plaque.png 1051w\" data-sizes=\"auto, (max-width: 300px) 100vw, 300px\" src=\"data:image\/gif;base64,R0lGODlhAQABAAAAACH5BAEKAAEALAAAAAABAAEAAAICTAEAOw==\" style=\"--smush-placeholder-width: 300px; --smush-placeholder-aspect-ratio: 300\/300;\" \/><\/div><\/div><\/div><\/div><\/div><div class=\"vc_col-sm-8 wpb_column vc_column_container\"><div class=\"vc_column-inner\"><div class=\"wpb_wrapper\"><div class=\"wpb_text_column\"><div class=\"wpb_wrapper\"><h2><strong>Plaques grav\u00e9es en aluminium, laiton, bronze, cuivre et acier inoxydable<br \/>\n<\/strong><\/h2>\n<p>Les plaques \u00e0 gravure chimique nous permettent de transf\u00e9rer des dessins d\u00e9taill\u00e9s sur des plaques en laiton, en bronze, en cuivre et en acier inoxydable. Graphiques en creux ou en relief, dessins au trait ou photos en demi-teinte. Bords carr\u00e9s ou biseaut\u00e9s. Options de montage sur goujon, ruban adh\u00e9sif double face ou trous perc\u00e9s avec vis. Finitions polies disponibles pour les graphiques encastr\u00e9s, option de remplissage \u00e0 la peinture disponible.    <\/p>\n<\/div><\/div><\/div><\/div><\/div><\/div><div class=\"w-separator size_medium\"><\/div><\/div><\/div><\/div><\/div><\/div><\/section><section class=\"l-section wpb_row height_medium\"><div class=\"l-section-h i-cf\"><div class=\"g-cols vc_row via_flex valign_top type_default stacking_default\"><div class=\"vc_col-sm-12 wpb_column vc_column_container\"><div class=\"vc_column-inner\"><div class=\"wpb_wrapper\"><div class=\"wpb_text_column us_custom_fcfb512a has_text_color\"><div class=\"wpb_wrapper\"><h2><em><strong>Nos travaux<\/strong><\/em><\/h2>\n<\/div><\/div><div class=\"w-grid type_grid layout_gallery_default cols_3\" id=\"us_grid_1\" style=\"--columns:3;--gap:1.5rem;\" data-filterable=\"true\"><style>@media (max-width:1024px){#us_grid_1{--columns:2!important}}@media (max-width:600px){#us_grid_1{--columns:1!important}}.layout_gallery_default .w-grid-item-h{}<\/style><div class=\"w-grid-list\">\t<article class=\"w-grid-item size_1x1 post-3385 attachment type-attachment status-inherit hentry\" data-id=\"3385\">\r\n\t\t<div class=\"w-grid-item-h\">\r\n\t\t\t\t\t\t<div class=\"w-post-elm post_image usg_post_image_1 stretched\"><img decoding=\"async\" width=\"990\" height=\"668\" data-src=\"https:\/\/spcsigns.com\/wp-content\/uploads\/2024\/07\/des-plaque-1024x691.jpg\" class=\"attachment-large size-large lazyload\" alt=\"\" data-srcset=\"https:\/\/spcsigns.com\/wp-content\/uploads\/2024\/07\/des-plaque-1024x691.jpg 1024w, https:\/\/spcsigns.com\/wp-content\/uploads\/2024\/07\/des-plaque-300x202.jpg 300w, https:\/\/spcsigns.com\/wp-content\/uploads\/2024\/07\/des-plaque.jpg 1944w\" data-sizes=\"(max-width: 990px) 100vw, 990px\" src=\"data:image\/gif;base64,R0lGODlhAQABAAAAACH5BAEKAAEALAAAAAABAAEAAAICTAEAOw==\" style=\"--smush-placeholder-width: 990px; --smush-placeholder-aspect-ratio: 990\/668;\" \/><\/div>\t\t<\/div>\r\n\t\t\t<\/article>\r\n\t<article class=\"w-grid-item size_1x1 post-3384 attachment type-attachment status-inherit hentry\" data-id=\"3384\">\r\n\t\t<div class=\"w-grid-item-h\">\r\n\t\t\t\t\t\t<div class=\"w-post-elm post_image usg_post_image_1 stretched\"><img decoding=\"async\" width=\"990\" height=\"990\" data-src=\"https:\/\/spcsigns.com\/wp-content\/uploads\/2021\/01\/mcgill-arts-building-1024x1024.png\" class=\"attachment-large size-large lazyload\" alt=\"\" data-srcset=\"https:\/\/spcsigns.com\/wp-content\/uploads\/2021\/01\/mcgill-arts-building-1024x1024.png 1024w, https:\/\/spcsigns.com\/wp-content\/uploads\/2021\/01\/mcgill-arts-building-300x300.png 300w, https:\/\/spcsigns.com\/wp-content\/uploads\/2021\/01\/mcgill-arts-building-150x150.png 150w, https:\/\/spcsigns.com\/wp-content\/uploads\/2021\/01\/mcgill-arts-building.png 1051w\" data-sizes=\"(max-width: 990px) 100vw, 990px\" src=\"data:image\/gif;base64,R0lGODlhAQABAAAAACH5BAEKAAEALAAAAAABAAEAAAICTAEAOw==\" style=\"--smush-placeholder-width: 990px; --smush-placeholder-aspect-ratio: 990\/990;\" \/><\/div>\t\t<\/div>\r\n\t\t\t<\/article>\r\n\t<article class=\"w-grid-item size_1x1 post-3383 attachment type-attachment status-inherit hentry\" data-id=\"3383\">\r\n\t\t<div class=\"w-grid-item-h\">\r\n\t\t\t\t\t\t<div class=\"w-post-elm post_image usg_post_image_1 stretched\"><img decoding=\"async\" width=\"990\" height=\"990\" data-src=\"https:\/\/spcsigns.com\/wp-content\/uploads\/2020\/11\/ANGELLSTONE-1024x1024.png\" class=\"attachment-large size-large lazyload\" alt=\"\" data-srcset=\"https:\/\/spcsigns.com\/wp-content\/uploads\/2020\/11\/ANGELLSTONE-1024x1024.png 1024w, https:\/\/spcsigns.com\/wp-content\/uploads\/2020\/11\/ANGELLSTONE-300x300.png 300w, https:\/\/spcsigns.com\/wp-content\/uploads\/2020\/11\/ANGELLSTONE-150x150.png 150w, https:\/\/spcsigns.com\/wp-content\/uploads\/2020\/11\/ANGELLSTONE.png 1026w\" data-sizes=\"(max-width: 990px) 100vw, 990px\" src=\"data:image\/gif;base64,R0lGODlhAQABAAAAACH5BAEKAAEALAAAAAABAAEAAAICTAEAOw==\" style=\"--smush-placeholder-width: 990px; --smush-placeholder-aspect-ratio: 990\/990;\" \/><\/div>\t\t<\/div>\r\n\t\t\t<\/article>\r\n\t<article class=\"w-grid-item size_1x1 post-3371 attachment type-attachment status-inherit hentry\" data-id=\"3371\">\r\n\t\t<div class=\"w-grid-item-h\">\r\n\t\t\t\t\t\t<div class=\"w-post-elm post_image usg_post_image_1 stretched\"><img decoding=\"async\" width=\"990\" height=\"743\" data-src=\"https:\/\/spcsigns.com\/wp-content\/uploads\/2020\/09\/etched-3-1024x768.png\" class=\"attachment-large size-large lazyload\" alt=\"\" data-srcset=\"https:\/\/spcsigns.com\/wp-content\/uploads\/2020\/09\/etched-3-1024x768.png 1024w, https:\/\/spcsigns.com\/wp-content\/uploads\/2020\/09\/etched-3-300x225.png 300w, https:\/\/spcsigns.com\/wp-content\/uploads\/2020\/09\/etched-3.png 1400w\" data-sizes=\"(max-width: 990px) 100vw, 990px\" src=\"data:image\/gif;base64,R0lGODlhAQABAAAAACH5BAEKAAEALAAAAAABAAEAAAICTAEAOw==\" style=\"--smush-placeholder-width: 990px; --smush-placeholder-aspect-ratio: 990\/743;\" \/><\/div>\t\t<\/div>\r\n\t\t\t<\/article>\r\n\t<article class=\"w-grid-item size_1x1 post-3370 attachment type-attachment status-inherit hentry\" data-id=\"3370\">\r\n\t\t<div class=\"w-grid-item-h\">\r\n\t\t\t\t\t\t<div class=\"w-post-elm post_image usg_post_image_1 stretched\"><img decoding=\"async\" width=\"768\" height=\"1024\" data-src=\"https:\/\/spcsigns.com\/wp-content\/uploads\/2020\/09\/etched-2-768x1024.png\" class=\"attachment-large size-large lazyload\" alt=\"\" data-srcset=\"https:\/\/spcsigns.com\/wp-content\/uploads\/2020\/09\/etched-2-768x1024.png 768w, https:\/\/spcsigns.com\/wp-content\/uploads\/2020\/09\/etched-2-225x300.png 225w, https:\/\/spcsigns.com\/wp-content\/uploads\/2020\/09\/etched-2.png 788w\" data-sizes=\"(max-width: 768px) 100vw, 768px\" src=\"data:image\/gif;base64,R0lGODlhAQABAAAAACH5BAEKAAEALAAAAAABAAEAAAICTAEAOw==\" style=\"--smush-placeholder-width: 768px; --smush-placeholder-aspect-ratio: 768\/1024;\" \/><\/div>\t\t<\/div>\r\n\t\t\t<\/article>\r\n\t<article class=\"w-grid-item size_1x1 post-3369 attachment type-attachment status-inherit hentry\" data-id=\"3369\">\r\n\t\t<div class=\"w-grid-item-h\">\r\n\t\t\t\t\t\t<div class=\"w-post-elm post_image usg_post_image_1 stretched\"><img decoding=\"async\" width=\"990\" height=\"685\" data-src=\"https:\/\/spcsigns.com\/wp-content\/uploads\/2020\/09\/etched-1-1024x709.png\" class=\"attachment-large size-large lazyload\" alt=\"\" data-srcset=\"https:\/\/spcsigns.com\/wp-content\/uploads\/2020\/09\/etched-1-1024x709.png 1024w, https:\/\/spcsigns.com\/wp-content\/uploads\/2020\/09\/etched-1-300x208.png 300w, https:\/\/spcsigns.com\/wp-content\/uploads\/2020\/09\/etched-1.png 1517w\" data-sizes=\"(max-width: 990px) 100vw, 990px\" src=\"data:image\/gif;base64,R0lGODlhAQABAAAAACH5BAEKAAEALAAAAAABAAEAAAICTAEAOw==\" style=\"--smush-placeholder-width: 990px; --smush-placeholder-aspect-ratio: 990\/685;\" \/><\/div>\t\t<\/div>\r\n\t\t\t<\/article>\r\n\t<article class=\"w-grid-item size_1x1 post-3368 attachment type-attachment status-inherit hentry\" data-id=\"3368\">\r\n\t\t<div class=\"w-grid-item-h\">\r\n\t\t\t\t\t\t<div class=\"w-post-elm post_image usg_post_image_1 stretched\"><img decoding=\"async\" width=\"990\" height=\"596\" data-src=\"https:\/\/spcsigns.com\/wp-content\/uploads\/2020\/09\/bronze-5-1024x616.png\" class=\"attachment-large size-large lazyload\" alt=\"\" data-srcset=\"https:\/\/spcsigns.com\/wp-content\/uploads\/2020\/09\/bronze-5-1024x616.png 1024w, https:\/\/spcsigns.com\/wp-content\/uploads\/2020\/09\/bronze-5-300x181.png 300w, https:\/\/spcsigns.com\/wp-content\/uploads\/2020\/09\/bronze-5.png 1745w\" data-sizes=\"(max-width: 990px) 100vw, 990px\" src=\"data:image\/gif;base64,R0lGODlhAQABAAAAACH5BAEKAAEALAAAAAABAAEAAAICTAEAOw==\" style=\"--smush-placeholder-width: 990px; --smush-placeholder-aspect-ratio: 990\/596;\" \/><\/div>\t\t<\/div>\r\n\t\t\t<\/article>\r\n\t<article class=\"w-grid-item size_1x1 post-3367 attachment type-attachment status-inherit hentry\" data-id=\"3367\">\r\n\t\t<div class=\"w-grid-item-h\">\r\n\t\t\t\t\t\t<div class=\"w-post-elm post_image usg_post_image_1 stretched\"><img decoding=\"async\" width=\"990\" height=\"743\" data-src=\"https:\/\/spcsigns.com\/wp-content\/uploads\/2020\/09\/bronze4-1024x768.png\" class=\"attachment-large size-large lazyload\" alt=\"\" data-srcset=\"https:\/\/spcsigns.com\/wp-content\/uploads\/2020\/09\/bronze4-1024x768.png 1024w, https:\/\/spcsigns.com\/wp-content\/uploads\/2020\/09\/bronze4-300x225.png 300w, https:\/\/spcsigns.com\/wp-content\/uploads\/2020\/09\/bronze4.png 1400w\" data-sizes=\"(max-width: 990px) 100vw, 990px\" src=\"data:image\/gif;base64,R0lGODlhAQABAAAAACH5BAEKAAEALAAAAAABAAEAAAICTAEAOw==\" style=\"--smush-placeholder-width: 990px; --smush-placeholder-aspect-ratio: 990\/743;\" \/><\/div>\t\t<\/div>\r\n\t\t\t<\/article>\r\n\t<article class=\"w-grid-item size_1x1 post-3366 attachment type-attachment status-inherit hentry\" data-id=\"3366\">\r\n\t\t<div class=\"w-grid-item-h\">\r\n\t\t\t\t\t\t<div class=\"w-post-elm post_image usg_post_image_1 stretched\"><img decoding=\"async\" width=\"990\" height=\"743\" data-src=\"https:\/\/spcsigns.com\/wp-content\/uploads\/2020\/09\/bronze2-1024x768.png\" class=\"attachment-large size-large lazyload\" alt=\"\" data-srcset=\"https:\/\/spcsigns.com\/wp-content\/uploads\/2020\/09\/bronze2-1024x768.png 1024w, https:\/\/spcsigns.com\/wp-content\/uploads\/2020\/09\/bronze2-300x225.png 300w, https:\/\/spcsigns.com\/wp-content\/uploads\/2020\/09\/bronze2.png 1400w\" data-sizes=\"(max-width: 990px) 100vw, 990px\" src=\"data:image\/gif;base64,R0lGODlhAQABAAAAACH5BAEKAAEALAAAAAABAAEAAAICTAEAOw==\" style=\"--smush-placeholder-width: 990px; --smush-placeholder-aspect-ratio: 990\/743;\" \/><\/div>\t\t<\/div>\r\n\t\t\t<\/article>\r\n\t<article class=\"w-grid-item size_1x1 post-3365 attachment type-attachment status-inherit hentry\" data-id=\"3365\">\r\n\t\t<div class=\"w-grid-item-h\">\r\n\t\t\t\t\t\t<div class=\"w-post-elm post_image usg_post_image_1 stretched\"><img decoding=\"async\" width=\"768\" height=\"1024\" data-src=\"https:\/\/spcsigns.com\/wp-content\/uploads\/2020\/09\/bronze1-768x1024.png\" class=\"attachment-large size-large lazyload\" alt=\"\" data-srcset=\"https:\/\/spcsigns.com\/wp-content\/uploads\/2020\/09\/bronze1-768x1024.png 768w, https:\/\/spcsigns.com\/wp-content\/uploads\/2020\/09\/bronze1-225x300.png 225w, https:\/\/spcsigns.com\/wp-content\/uploads\/2020\/09\/bronze1.png 787w\" data-sizes=\"(max-width: 768px) 100vw, 768px\" src=\"data:image\/gif;base64,R0lGODlhAQABAAAAACH5BAEKAAEALAAAAAABAAEAAAICTAEAOw==\" style=\"--smush-placeholder-width: 768px; --smush-placeholder-aspect-ratio: 768\/1024;\" \/><\/div>\t\t<\/div>\r\n\t\t\t<\/article>\r\n<\/div><div class=\"w-grid-preloader\">\t<div class=\"g-preloader type_1\">\r\n\t\t<div><\/div>\r\n\t<\/div>\r\n\t<\/div>\t<div class=\"w-grid-json hidden\" onclick='return {&quot;action&quot;:&quot;us_ajax_grid&quot;,&quot;infinite_scroll&quot;:0,&quot;max_num_pages&quot;:2,&quot;pagination&quot;:&quot;none&quot;,&quot;template_vars&quot;:{&quot;columns&quot;:&quot;3&quot;,&quot;exclude_items&quot;:&quot;none&quot;,&quot;img_size&quot;:&quot;default&quot;,&quot;ignore_items_size&quot;:0,&quot;items_layout&quot;:&quot;gallery_default&quot;,&quot;items_offset&quot;:&quot;1&quot;,&quot;load_animation&quot;:&quot;none&quot;,&quot;overriding_link&quot;:&quot;%7B%22url%22%3A%22%22%7D&quot;,&quot;post_id&quot;:0,&quot;query_args&quot;:{&quot;post_type&quot;:[&quot;attachment&quot;],&quot;post__in&quot;:[&quot;2985&quot;,&quot;2986&quot;,&quot;2987&quot;,&quot;2988&quot;,&quot;2989&quot;,&quot;2990&quot;,&quot;2991&quot;,&quot;2992&quot;,&quot;2993&quot;,&quot;2994&quot;,&quot;3041&quot;,&quot;3050&quot;,&quot;3096&quot;],&quot;post_status&quot;:&quot;inherit&quot;,&quot;post_mime_type&quot;:&quot;image&quot;,&quot;posts_per_page&quot;:&quot;10&quot;},&quot;orderby_query_args&quot;:{&quot;orderby&quot;:{&quot;date&quot;:&quot;DESC&quot;}},&quot;type&quot;:&quot;grid&quot;,&quot;us_grid_post_type&quot;:&quot;attachment&quot;,&quot;us_grid_ajax_index&quot;:1,&quot;us_grid_filter_query_string&quot;:null,&quot;us_grid_index&quot;:1,&quot;page_args&quot;:[],&quot;lang&quot;:&quot;fr&quot;}}'><\/div>\r\n\t<\/div><\/div><\/div><\/div><\/div><\/div><\/section>\n","protected":false},"excerpt":{"rendered":"","protected":false},"author":1,"featured_media":0,"parent":0,"menu_order":0,"comment_status":"closed","ping_status":"closed","template":"","meta":{"ngg_post_thumbnail":0,"footnotes":""},"class_list":["post-3413","page","type-page","status-publish","hentry"],"_links":{"self":[{"href":"https:\/\/spcsigns.com\/fr\/wp-json\/wp\/v2\/pages\/3413","targetHints":{"allow":["GET"]}}],"collection":[{"href":"https:\/\/spcsigns.com\/fr\/wp-json\/wp\/v2\/pages"}],"about":[{"href":"https:\/\/spcsigns.com\/fr\/wp-json\/wp\/v2\/types\/page"}],"author":[{"embeddable":true,"href":"https:\/\/spcsigns.com\/fr\/wp-json\/wp\/v2\/users\/1"}],"replies":[{"embeddable":true,"href":"https:\/\/spcsigns.com\/fr\/wp-json\/wp\/v2\/comments?post=3413"}],"version-history":[{"count":0,"href":"https:\/\/spcsigns.com\/fr\/wp-json\/wp\/v2\/pages\/3413\/revisions"}],"wp:attachment":[{"href":"https:\/\/spcsigns.com\/fr\/wp-json\/wp\/v2\/media?parent=3413"}],"curies":[{"name":"wp","href":"https:\/\/api.w.org\/{rel}","templated":true}]}}