{"id":3412,"date":"2015-01-20T19:07:42","date_gmt":"2015-01-20T23:07:42","guid":{"rendered":"https:\/\/spcsigns.com\/gravure-rotative\/"},"modified":"2025-05-17T13:58:35","modified_gmt":"2025-05-17T17:58:35","slug":"gravure-rotative","status":"publish","type":"page","link":"https:\/\/spcsigns.com\/fr\/gravure\/gravure-rotative\/","title":{"rendered":"Gravure rotative"},"content":{"rendered":"<p>La gravure <strong>rotative<\/strong> est le terme utilis\u00e9 pour d\u00e9crire la gravure r\u00e9alis\u00e9e \u00e0 l&rsquo;aide d&rsquo;un outil de coupe rotatif dans une broche motoris\u00e9e. L&rsquo;outil, ou fraise, coupe la surface du mat\u00e9riau \u00e0 une profondeur pr\u00e9d\u00e9termin\u00e9e et produit une rainure de la m\u00eame forme et de la m\u00eame dimension que la fraise. La gravure rotative peut \u00eatre r\u00e9alis\u00e9e sur une grande vari\u00e9t\u00e9 de mat\u00e9riaux, le plastique, le laiton, le bronze et l&rsquo;aluminium \u00e9tant les plus courants dans l&rsquo;industrie des r\u00e9compenses.&nbsp;  L&rsquo;aluminium, le laiton et le bronze remplis de peinture profonde en sont un bon exemple.<\/p>\n<p>&nbsp;<\/p>\nngg_shortcode_0_placeholder\n","protected":false},"excerpt":{"rendered":"<p>La gravure rotative est le terme utilis\u00e9 pour d\u00e9crire la gravure r\u00e9alis\u00e9e \u00e0 l&rsquo;aide d&rsquo;un outil de coupe rotatif dans une broche motoris\u00e9e. L&rsquo;outil, ou fraise, coupe la surface du mat\u00e9riau \u00e0 une profondeur pr\u00e9d\u00e9termin\u00e9e et produit une rainure de la m\u00eame forme et de la m\u00eame dimension que la fraise. La gravure rotative peut&#8230;<\/p>\n","protected":false},"author":1,"featured_media":0,"parent":3439,"menu_order":0,"comment_status":"closed","ping_status":"closed","template":"","meta":{"ngg_post_thumbnail":0,"footnotes":""},"class_list":["post-3412","page","type-page","status-publish","hentry"],"_links":{"self":[{"href":"https:\/\/spcsigns.com\/fr\/wp-json\/wp\/v2\/pages\/3412","targetHints":{"allow":["GET"]}}],"collection":[{"href":"https:\/\/spcsigns.com\/fr\/wp-json\/wp\/v2\/pages"}],"about":[{"href":"https:\/\/spcsigns.com\/fr\/wp-json\/wp\/v2\/types\/page"}],"author":[{"embeddable":true,"href":"https:\/\/spcsigns.com\/fr\/wp-json\/wp\/v2\/users\/1"}],"replies":[{"embeddable":true,"href":"https:\/\/spcsigns.com\/fr\/wp-json\/wp\/v2\/comments?post=3412"}],"version-history":[{"count":1,"href":"https:\/\/spcsigns.com\/fr\/wp-json\/wp\/v2\/pages\/3412\/revisions"}],"predecessor-version":[{"id":3442,"href":"https:\/\/spcsigns.com\/fr\/wp-json\/wp\/v2\/pages\/3412\/revisions\/3442"}],"up":[{"embeddable":true,"href":"https:\/\/spcsigns.com\/fr\/wp-json\/wp\/v2\/pages\/3439"}],"wp:attachment":[{"href":"https:\/\/spcsigns.com\/fr\/wp-json\/wp\/v2\/media?parent=3412"}],"curies":[{"name":"wp","href":"https:\/\/api.w.org\/{rel}","templated":true}]}}