{"id":3411,"date":"2015-01-20T19:08:15","date_gmt":"2015-01-20T23:08:15","guid":{"rendered":"https:\/\/spcsigns.com\/plaques-signaletiques\/"},"modified":"2025-05-17T13:58:35","modified_gmt":"2025-05-17T17:58:35","slug":"plaques-signaletiques","status":"publish","type":"page","link":"https:\/\/spcsigns.com\/fr\/gravure\/plaques-signaletiques\/","title":{"rendered":"Plaques signal\u00e9tiques"},"content":{"rendered":"<section class=\"l-section wpb_row height_medium\"><div class=\"l-section-h i-cf\"><div class=\"g-cols vc_row via_flex valign_top type_default stacking_default\"><div class=\"vc_col-sm-12 wpb_column vc_column_container\"><div class=\"vc_column-inner\"><div class=\"wpb_wrapper\"><div class=\"wpb_text_column us_custom_c595be0f has_text_color\"><div class=\"wpb_wrapper\"><h3><strong>&nbsp;PLAQUES MURALES, PLAQUES DE BUREAU<br \/>\n<\/strong><\/h3>\n<\/div><\/div><div class=\"w-image us_custom_337527de align_none\"><div class=\"w-image-h\"><img decoding=\"async\" width=\"990\" height=\"277\" data-src=\"https:\/\/spcsigns.com\/wp-content\/uploads\/2020\/07\/nameplates-holders-1024x287.png\" class=\"attachment-large size-large lazyload\" alt=\"\" data-srcset=\"https:\/\/spcsigns.com\/wp-content\/uploads\/2020\/07\/nameplates-holders-1024x287.png 1024w, https:\/\/spcsigns.com\/wp-content\/uploads\/2020\/07\/nameplates-holders-300x84.png 300w, https:\/\/spcsigns.com\/wp-content\/uploads\/2020\/07\/nameplates-holders.png 1251w\" data-sizes=\"auto, (max-width: 990px) 100vw, 990px\" src=\"data:image\/gif;base64,R0lGODlhAQABAAAAACH5BAEKAAEALAAAAAABAAEAAAICTAEAOw==\" style=\"--smush-placeholder-width: 990px; --smush-placeholder-aspect-ratio: 990\/277;\" \/><\/div><\/div><div class=\"wpb_text_column us_custom_cea0813d\"><div class=\"wpb_wrapper\"><\/div><\/div><div class=\"w-separator size_medium\"><\/div><div class=\"g-cols wpb_row via_flex valign_top type_default stacking_default\"><div class=\"vc_col-sm-8 wpb_column vc_column_container\"><div class=\"vc_column-inner\"><div class=\"wpb_wrapper\"><div class=\"wpb_text_column\"><div class=\"wpb_wrapper\"><h3><strong>Plaques de bureau, murales et de porte<\/strong><\/h3>\n<p>Les nameplates peuvent \u00eatre grav\u00e9es au laser, par gravure rotation et imprim\u00e9es directement sur un large choix de mat\u00e9riaux, sabl\u00e9es sur le verre et l&rsquo;acrylique. Grav\u00e9es sur plastique, bois et m\u00e9tal, avec des logos en couleur. Impression directe sur presque toutes les surfaces et dans toutes les couleurs.  &nbsp;  Les plaques d&rsquo;identification peuvent \u00eatre fabriqu\u00e9es dans toutes les dimensions souhait\u00e9es. Les supports muraux et de bureau sont disponibles dans une vari\u00e9t\u00e9 de couleurs et de tailles. <\/p>\n<p>&nbsp;<\/p>\n<\/div><\/div><\/div><\/div><\/div><div class=\"vc_col-sm-4 wpb_column vc_column_container\"><div class=\"vc_column-inner\"><div class=\"wpb_wrapper\"><div class=\"w-image us_custom_a828458c align_none\"><div class=\"w-image-h\"><img decoding=\"async\" width=\"351\" height=\"351\" data-src=\"https:\/\/spcsigns.com\/wp-content\/uploads\/2020\/07\/engraved-plates.png\" class=\"attachment-large size-large lazyload\" alt=\"\" data-srcset=\"https:\/\/spcsigns.com\/wp-content\/uploads\/2020\/07\/engraved-plates.png 351w, https:\/\/spcsigns.com\/wp-content\/uploads\/2020\/07\/engraved-plates-300x300.png 300w, https:\/\/spcsigns.com\/wp-content\/uploads\/2020\/07\/engraved-plates-150x150.png 150w\" data-sizes=\"auto, (max-width: 351px) 100vw, 351px\" src=\"data:image\/gif;base64,R0lGODlhAQABAAAAACH5BAEKAAEALAAAAAABAAEAAAICTAEAOw==\" style=\"--smush-placeholder-width: 351px; --smush-placeholder-aspect-ratio: 351\/351;\" \/><\/div><\/div><\/div><\/div><\/div><\/div><div class=\"w-separator size_small with_line width_default thick_1 style_solid color_border align_center\"><div class=\"w-separator-h\"><\/div><\/div><div class=\"w-tabs layout_hor style_default switch_hover has_scrolling\" style=\"--sections-title-size:1em\"><div class=\"w-tabs-list items_2 align_justify\" style=\"font-weight:700;\"><div class=\"w-tabs-list-h\"><button class=\"w-tabs-item active\" aria-controls=\"content-q020\" aria-expanded=\"false\"><span class=\"w-tabs-item-title\">Plaques en plastique grav\u00e9es<\/span><\/button><button class=\"w-tabs-item\" aria-controls=\"content-m45a\" aria-expanded=\"false\"><span class=\"w-tabs-item-title\">Graphique des couleurs des mat\u00e9riaux de gravure<\/span><\/button><\/div><\/div><div class=\"w-tabs-sections titles-align_none icon_chevron cpos_right\"><div class=\"w-tabs-section active\" id=\"q020\"><button class=\"w-tabs-section-header active\" aria-controls=\"content-q020\" aria-expanded=\"true\"><p class=\"w-tabs-section-title\">Plaques en plastique grav\u00e9es<\/p><div class=\"w-tabs-section-control\"><\/div><\/button><div  class=\"w-tabs-section-content\" id=\"content-q020\"><div class=\"w-tabs-section-content-h i-cf\"><div class=\"g-cols wpb_row via_flex valign_top type_default stacking_default\"><div class=\"vc_col-sm-8 wpb_column vc_column_container\"><div class=\"vc_column-inner\"><div class=\"wpb_wrapper\"><div class=\"wpb_text_column\"><div class=\"wpb_wrapper\"><h4><strong>Plaques en plastique grav\u00e9es<\/strong><\/h4>\n<p>Plaques nameplates en plastique grav\u00e9es de 1\/16&Prime; ou 1\/8&Prime; avec des noms, des titres et des logos. Nous pouvons graver n&rsquo;importe quelle police ou logo et la plupart des langues, dans une vari\u00e9t\u00e9 de tailles. Nous pouvons m\u00eame d\u00e9couper n&rsquo;importe quelle forme sur mesure. Pas de minimum, quantit\u00e9s de 1 \u00e0 1000. Prix de gros disponibles pour les grandes quantit\u00e9s.    <\/p>\n<\/div><\/div><\/div><\/div><\/div><div class=\"vc_col-sm-4 wpb_column vc_column_container\"><div class=\"vc_column-inner\"><div class=\"wpb_wrapper\"><div class=\"w-image align_none\"><div class=\"w-image-h\"><img decoding=\"async\" width=\"300\" height=\"300\" data-src=\"https:\/\/spcsigns.com\/wp-content\/uploads\/2020\/07\/nameplates-engraved-300x300.png\" class=\"attachment-medium size-medium lazyload\" alt=\"\" data-srcset=\"https:\/\/spcsigns.com\/wp-content\/uploads\/2020\/07\/nameplates-engraved-300x300.png 300w, https:\/\/spcsigns.com\/wp-content\/uploads\/2020\/07\/nameplates-engraved-1024x1024.png 1024w, https:\/\/spcsigns.com\/wp-content\/uploads\/2020\/07\/nameplates-engraved-150x150.png 150w, https:\/\/spcsigns.com\/wp-content\/uploads\/2020\/07\/nameplates-engraved.png 1251w\" data-sizes=\"auto, (max-width: 300px) 100vw, 300px\" src=\"data:image\/gif;base64,R0lGODlhAQABAAAAACH5BAEKAAEALAAAAAABAAEAAAICTAEAOw==\" style=\"--smush-placeholder-width: 300px; --smush-placeholder-aspect-ratio: 300\/300;\" \/><\/div><\/div><\/div><\/div><\/div><\/div><div class=\"w-separator size_small with_line width_default thick_1 style_solid color_border align_center\"><div class=\"w-separator-h\"><\/div><\/div><\/div><\/div><\/div><div class=\"w-tabs-section\" id=\"m45a\"><button class=\"w-tabs-section-header\" aria-controls=\"content-m45a\" aria-expanded=\"false\"><p class=\"w-tabs-section-title\">Graphique des couleurs des mat\u00e9riaux de gravure<\/p><div class=\"w-tabs-section-control\"><\/div><\/button><div  class=\"w-tabs-section-content\" id=\"content-m45a\"><div class=\"w-tabs-section-content-h i-cf\"><div class=\"w-image align_none\"><div class=\"w-image-h\"><img decoding=\"async\" width=\"990\" height=\"495\" data-src=\"https:\/\/spcsigns.com\/wp-content\/uploads\/2020\/07\/colorchart-1024x512.png\" class=\"attachment-large size-large lazyload\" alt=\"\" data-srcset=\"https:\/\/spcsigns.com\/wp-content\/uploads\/2020\/07\/colorchart-1024x512.png 1024w, https:\/\/spcsigns.com\/wp-content\/uploads\/2020\/07\/colorchart-300x150.png 300w\" data-sizes=\"auto, (max-width: 990px) 100vw, 990px\" src=\"data:image\/gif;base64,R0lGODlhAQABAAAAACH5BAEKAAEALAAAAAABAAEAAAICTAEAOw==\" style=\"--smush-placeholder-width: 990px; --smush-placeholder-aspect-ratio: 990\/495;\" \/><\/div><\/div><\/div><\/div><\/div><\/div><\/div><div class=\"w-tabs layout_hor style_default switch_hover has_scrolling\" style=\"--sections-title-size:1em\"><div class=\"w-tabs-list items_2 align_justify\" style=\"font-weight:700;\"><div class=\"w-tabs-list-h\"><button class=\"w-tabs-item active\" aria-controls=\"content-a4c6\" aria-expanded=\"false\"><span class=\"w-tabs-item-title\">Plaques signal\u00e9tiques en m\u00e9tal<\/span><\/button><button class=\"w-tabs-item\" aria-controls=\"content-h8dd\" aria-expanded=\"false\"><span class=\"w-tabs-item-title\">Carte des couleurs des mat\u00e9riaux m\u00e9talliques<\/span><\/button><\/div><\/div><div class=\"w-tabs-sections titles-align_none icon_chevron cpos_right\"><div class=\"w-tabs-section active\" id=\"a4c6\"><button class=\"w-tabs-section-header active\" aria-controls=\"content-a4c6\" aria-expanded=\"true\"><p class=\"w-tabs-section-title\">Plaques signal\u00e9tiques en m\u00e9tal<\/p><div class=\"w-tabs-section-control\"><\/div><\/button><div  class=\"w-tabs-section-content\" id=\"content-a4c6\"><div class=\"w-tabs-section-content-h i-cf\"><div class=\"g-cols wpb_row via_flex valign_top type_default stacking_default\"><div class=\"vc_col-sm-8 wpb_column vc_column_container\"><div class=\"vc_column-inner\"><div class=\"wpb_wrapper\"><div class=\"wpb_text_column\"><div class=\"wpb_wrapper\"><h3><strong>Plaques signal\u00e9tiques en m\u00e9tal<\/strong><\/h3>\n<p>Plaques signal\u00e9tiques en m\u00e9tal avec noms, titres et logos. Aluminium, laiton, cuivre et aluminium color\u00e9. Nous pouvons graver ou imprimer n&rsquo;importe quelle police ou logo et la plupart des langues, dans une vari\u00e9t\u00e9 de tailles. Pas de minimum, quantit\u00e9s de 1 \u00e0 1000. Prix de gros disponibles pour les grandes quantit\u00e9s.    <\/p>\n<\/div><\/div><\/div><\/div><\/div><div class=\"vc_col-sm-4 wpb_column vc_column_container\"><div class=\"vc_column-inner\"><div class=\"wpb_wrapper\"><div class=\"w-image align_none\"><div class=\"w-image-h\"><img decoding=\"async\" width=\"300\" height=\"300\" data-src=\"https:\/\/spcsigns.com\/wp-content\/uploads\/2020\/07\/nameplates-metal-300x300.png\" class=\"attachment-medium size-medium lazyload\" alt=\"\" data-srcset=\"https:\/\/spcsigns.com\/wp-content\/uploads\/2020\/07\/nameplates-metal-300x300.png 300w, https:\/\/spcsigns.com\/wp-content\/uploads\/2020\/07\/nameplates-metal-1024x1024.png 1024w, https:\/\/spcsigns.com\/wp-content\/uploads\/2020\/07\/nameplates-metal-150x150.png 150w, https:\/\/spcsigns.com\/wp-content\/uploads\/2020\/07\/nameplates-metal.png 1251w\" data-sizes=\"auto, (max-width: 300px) 100vw, 300px\" src=\"data:image\/gif;base64,R0lGODlhAQABAAAAACH5BAEKAAEALAAAAAABAAEAAAICTAEAOw==\" style=\"--smush-placeholder-width: 300px; --smush-placeholder-aspect-ratio: 300\/300;\" \/><\/div><\/div><\/div><\/div><\/div><\/div><div class=\"w-separator size_small with_line width_default thick_1 style_solid color_border align_center\"><div class=\"w-separator-h\"><\/div><\/div><div class=\"g-cols wpb_row via_flex valign_top type_default stacking_default\"><div class=\"vc_col-sm-8 wpb_column vc_column_container\"><div class=\"vc_column-inner\"><div class=\"wpb_wrapper\"><div class=\"wpb_text_column\"><div class=\"wpb_wrapper\"><h3><strong>Plaques signal\u00e9tiques imprim\u00e9es sur mesure<\/strong><\/h3>\n<p>Nous pouvons imprimer directement sur n&rsquo;importe quel type de plaque, y compris le plastique, l&rsquo;acrylique, le laiton, le cuivre, l&rsquo;aluminium et le bois. Des tailles standard \u00e0 toutes les tailles personnalis\u00e9es. Vous pouvez imprimer des noms, des titres, des logos ou toute autre image personnalis\u00e9e.  <\/p>\n<\/div><\/div><\/div><\/div><\/div><div class=\"vc_col-sm-4 wpb_column vc_column_container\"><div class=\"vc_column-inner\"><div class=\"wpb_wrapper\"><div class=\"w-image align_none\"><div class=\"w-image-h\"><img decoding=\"async\" width=\"300\" height=\"296\" data-src=\"https:\/\/spcsigns.com\/wp-content\/uploads\/2020\/07\/printed-plates-300x296.png\" class=\"attachment-medium size-medium lazyload\" alt=\"\" data-srcset=\"https:\/\/spcsigns.com\/wp-content\/uploads\/2020\/07\/printed-plates-300x296.png 300w, https:\/\/spcsigns.com\/wp-content\/uploads\/2020\/07\/printed-plates-1024x1012.png 1024w, https:\/\/spcsigns.com\/wp-content\/uploads\/2020\/07\/printed-plates.png 1266w\" data-sizes=\"auto, (max-width: 300px) 100vw, 300px\" src=\"data:image\/gif;base64,R0lGODlhAQABAAAAACH5BAEKAAEALAAAAAABAAEAAAICTAEAOw==\" style=\"--smush-placeholder-width: 300px; --smush-placeholder-aspect-ratio: 300\/296;\" \/><\/div><\/div><\/div><\/div><\/div><\/div><div class=\"w-separator size_small with_line width_default thick_1 style_solid color_border align_center\"><div class=\"w-separator-h\"><\/div><\/div><\/div><\/div><\/div><div class=\"w-tabs-section\" id=\"h8dd\"><button class=\"w-tabs-section-header\" aria-controls=\"content-h8dd\" aria-expanded=\"false\"><p class=\"w-tabs-section-title\">Carte des couleurs des mat\u00e9riaux m\u00e9talliques<\/p><div class=\"w-tabs-section-control\"><\/div><\/button><div  class=\"w-tabs-section-content\" id=\"content-h8dd\"><div class=\"w-tabs-section-content-h i-cf\"><div class=\"w-image align_none\"><div class=\"w-image-h\"><img decoding=\"async\" width=\"990\" height=\"502\" data-src=\"https:\/\/spcsigns.com\/wp-content\/uploads\/2020\/07\/metals-colorchart-1024x519.png\" class=\"attachment-large size-large lazyload\" alt=\"\" data-srcset=\"https:\/\/spcsigns.com\/wp-content\/uploads\/2020\/07\/metals-colorchart-1024x519.png 1024w, https:\/\/spcsigns.com\/wp-content\/uploads\/2020\/07\/metals-colorchart-300x152.png 300w\" data-sizes=\"auto, (max-width: 990px) 100vw, 990px\" src=\"data:image\/gif;base64,R0lGODlhAQABAAAAACH5BAEKAAEALAAAAAABAAEAAAICTAEAOw==\" style=\"--smush-placeholder-width: 990px; --smush-placeholder-aspect-ratio: 990\/502;\" \/><\/div><\/div><\/div><\/div><\/div><\/div><\/div><div class=\"w-tabs layout_hor style_default switch_hover has_scrolling\" style=\"--sections-title-size:1em\"><div class=\"w-tabs-list items_2 align_justify\" style=\"font-weight:700;\"><div class=\"w-tabs-list-h\"><button class=\"w-tabs-item active\" aria-controls=\"content-ld1c\" aria-expanded=\"false\"><span class=\"w-tabs-item-title\">Porte-plaques muraux<\/span><\/button><button class=\"w-tabs-item\" aria-controls=\"content-ma73\" aria-expanded=\"false\"><span class=\"w-tabs-item-title\">Porte-plaques de bureau<\/span><\/button><\/div><\/div><div class=\"w-tabs-sections titles-align_none icon_chevron cpos_right\"><div class=\"w-tabs-section active\" id=\"ld1c\"><button class=\"w-tabs-section-header active\" aria-controls=\"content-ld1c\" aria-expanded=\"true\"><p class=\"w-tabs-section-title\">Porte-plaques muraux<\/p><div class=\"w-tabs-section-control\"><\/div><\/button><div  class=\"w-tabs-section-content\" id=\"content-ld1c\"><div class=\"w-tabs-section-content-h i-cf\"><div class=\"g-cols wpb_row via_flex valign_top type_default stacking_default\"><div class=\"vc_col-sm-8 wpb_column vc_column_container\"><div class=\"vc_column-inner\"><div class=\"wpb_wrapper\"><div class=\"wpb_text_column\"><div class=\"wpb_wrapper\"><h3>Supports de plaque murale<\/h3>\n<p>Les supports de plaque murale sont disponibles en argent, en or et en noir.&nbsp;  Hauteurs disponibles &#8211; 0,75&Prime;, 1&Prime;, 1,5&Prime;, 2&Prime;, 2,5&Prime;, 3&Prime;, 4&Prime;. Longueurs standard disponibles &#8211; 4&Prime;, 6&Prime;, 8&Prime;, 10&Prime;, 12&Prime; et 36&Prime;. Les longueurs de 36&Prime; peuvent \u00eatre coup\u00e9es sur mesure \u00e0 n&rsquo;importe quelle taille. Viss\u00e9 ou fourni avec un support adh\u00e9sif \u00e0 appliquer sur les portes ou les murs.<\/p>\n<\/div><\/div><\/div><\/div><\/div><div class=\"vc_col-sm-4 wpb_column vc_column_container\"><div class=\"vc_column-inner\"><div class=\"wpb_wrapper\"><div class=\"w-image align_none\"><div class=\"w-image-h\"><img decoding=\"async\" width=\"300\" height=\"148\" data-src=\"https:\/\/spcsigns.com\/wp-content\/uploads\/2020\/07\/wallplate-300x148.png\" class=\"attachment-medium size-medium lazyload\" alt=\"\" data-srcset=\"https:\/\/spcsigns.com\/wp-content\/uploads\/2020\/07\/wallplate-300x148.png 300w, https:\/\/spcsigns.com\/wp-content\/uploads\/2020\/07\/wallplate-1024x504.png 1024w\" data-sizes=\"auto, (max-width: 300px) 100vw, 300px\" src=\"data:image\/gif;base64,R0lGODlhAQABAAAAACH5BAEKAAEALAAAAAABAAEAAAICTAEAOw==\" style=\"--smush-placeholder-width: 300px; --smush-placeholder-aspect-ratio: 300\/148;\" \/><\/div><\/div><\/div><\/div><\/div><\/div><div class=\"w-separator size_small with_line width_default thick_1 style_solid color_border align_center\"><div class=\"w-separator-h\"><\/div><\/div><\/div><\/div><\/div><div class=\"w-tabs-section\" id=\"ma73\"><button class=\"w-tabs-section-header\" aria-controls=\"content-ma73\" aria-expanded=\"false\"><p class=\"w-tabs-section-title\">Porte-plaques de bureau<\/p><div class=\"w-tabs-section-control\"><\/div><\/button><div  class=\"w-tabs-section-content\" id=\"content-ma73\"><div class=\"w-tabs-section-content-h i-cf\"><div class=\"g-cols wpb_row via_flex valign_top type_default stacking_default\"><div class=\"vc_col-sm-8 wpb_column vc_column_container\"><div class=\"vc_column-inner\"><div class=\"wpb_wrapper\"><div class=\"wpb_text_column\"><div class=\"wpb_wrapper\"><p>Porte-assiettes de bureau<\/p>\n<p>Les porte-plaques de bureau standard sont disponibles en noir, argent et or. Les hauteurs disponibles sont de 1&Prime;, 1,5&Prime; et 2&Prime;. Longueurs standard de 6&Prime;, 8&Prime;, 10&Prime; et 12&Prime;.<br \/>\nSupports de bureau \u00e0 2 fentes disponibles en 2 tailles<br \/>\nLes supports de bureau \u00e0 double face sont disponibles en 2&Prime; de hauteur et 8&Prime; ou 10&Prime; de largeur.<\/p>\n<\/div><\/div><\/div><\/div><\/div><div class=\"vc_col-sm-4 wpb_column vc_column_container\"><div class=\"vc_column-inner\"><div class=\"wpb_wrapper\"><div class=\"w-image align_none\"><div class=\"w-image-h\"><img decoding=\"async\" width=\"300\" height=\"206\" data-src=\"https:\/\/spcsigns.com\/wp-content\/uploads\/2020\/07\/desk-holder-300x206.png\" class=\"attachment-medium size-medium lazyload\" alt=\"\" data-srcset=\"https:\/\/spcsigns.com\/wp-content\/uploads\/2020\/07\/desk-holder-300x206.png 300w, https:\/\/spcsigns.com\/wp-content\/uploads\/2020\/07\/desk-holder-1024x702.png 1024w, https:\/\/spcsigns.com\/wp-content\/uploads\/2020\/07\/desk-holder.png 1035w\" data-sizes=\"auto, (max-width: 300px) 100vw, 300px\" src=\"data:image\/gif;base64,R0lGODlhAQABAAAAACH5BAEKAAEALAAAAAABAAEAAAICTAEAOw==\" style=\"--smush-placeholder-width: 300px; --smush-placeholder-aspect-ratio: 300\/206;\" \/><\/div><\/div><\/div><\/div><\/div><\/div><\/div><\/div><\/div><\/div><\/div><\/div><\/div><\/div><\/div><\/div><\/section>\n","protected":false},"excerpt":{"rendered":"&nbsp;PLAQUES MURALES, PLAQUES DE BUREAU Plaques de bureau, murales et de porte Les nameplates peuvent \u00eatre grav\u00e9es au laser, par gravure rotation et imprim\u00e9es directement sur un large choix de mat\u00e9riaux, sabl\u00e9es sur le verre et l&rsquo;acrylique. Grav\u00e9es sur plastique, bois et m\u00e9tal, avec des logos en couleur. Impression directe sur presque toutes les surfaces...","protected":false},"author":1,"featured_media":0,"parent":3439,"menu_order":0,"comment_status":"closed","ping_status":"closed","template":"","meta":{"ngg_post_thumbnail":0,"footnotes":""},"class_list":["post-3411","page","type-page","status-publish","hentry"],"_links":{"self":[{"href":"https:\/\/spcsigns.com\/fr\/wp-json\/wp\/v2\/pages\/3411","targetHints":{"allow":["GET"]}}],"collection":[{"href":"https:\/\/spcsigns.com\/fr\/wp-json\/wp\/v2\/pages"}],"about":[{"href":"https:\/\/spcsigns.com\/fr\/wp-json\/wp\/v2\/types\/page"}],"author":[{"embeddable":true,"href":"https:\/\/spcsigns.com\/fr\/wp-json\/wp\/v2\/users\/1"}],"replies":[{"embeddable":true,"href":"https:\/\/spcsigns.com\/fr\/wp-json\/wp\/v2\/comments?post=3411"}],"version-history":[{"count":1,"href":"https:\/\/spcsigns.com\/fr\/wp-json\/wp\/v2\/pages\/3411\/revisions"}],"predecessor-version":[{"id":3443,"href":"https:\/\/spcsigns.com\/fr\/wp-json\/wp\/v2\/pages\/3411\/revisions\/3443"}],"up":[{"embeddable":true,"href":"https:\/\/spcsigns.com\/fr\/wp-json\/wp\/v2\/pages\/3439"}],"wp:attachment":[{"href":"https:\/\/spcsigns.com\/fr\/wp-json\/wp\/v2\/media?parent=3411"}],"curies":[{"name":"wp","href":"https:\/\/api.w.org\/{rel}","templated":true}]}}