{"id":3409,"date":"2015-01-20T19:16:03","date_gmt":"2015-01-20T23:16:03","guid":{"rendered":"https:\/\/spcsigns.com\/lamicoides-plastique-gravable\/"},"modified":"2025-05-17T13:58:35","modified_gmt":"2025-05-17T17:58:35","slug":"lamicoides-plastique-gravable","status":"publish","type":"page","link":"https:\/\/spcsigns.com\/fr\/gravure\/lamicoides-plastique-gravable\/","title":{"rendered":"Lamico\u00efdes &#8211; Plastique gravable"},"content":{"rendered":"<section class=\"l-section wpb_row height_medium\"><div class=\"l-section-h i-cf\"><div class=\"g-cols vc_row via_flex valign_top type_default stacking_default\"><div class=\"vc_col-sm-12 wpb_column vc_column_container\"><div class=\"vc_column-inner\"><div class=\"wpb_wrapper\"><div class=\"wpb_text_column us_custom_fcfb512a has_text_color\"><div class=\"wpb_wrapper\"><h1><strong>&nbsp;Lamaco\u00efdes ou Lamico\u00efdes<\/strong><\/h1>\n<\/div><\/div><div class=\"w-image us_custom_fab4abd9 align_none\"><div class=\"w-image-h\"><img decoding=\"async\" width=\"990\" height=\"277\" data-src=\"https:\/\/spcsigns.com\/wp-content\/uploads\/2020\/08\/lamacoids-1024x287.png\" class=\"attachment-large size-large lazyload\" alt=\"\" data-srcset=\"https:\/\/spcsigns.com\/wp-content\/uploads\/2020\/08\/lamacoids-1024x287.png 1024w, https:\/\/spcsigns.com\/wp-content\/uploads\/2020\/08\/lamacoids-300x84.png 300w, https:\/\/spcsigns.com\/wp-content\/uploads\/2020\/08\/lamacoids.png 1251w\" data-sizes=\"auto, (max-width: 990px) 100vw, 990px\" src=\"data:image\/gif;base64,R0lGODlhAQABAAAAACH5BAEKAAEALAAAAAABAAEAAAICTAEAOw==\" style=\"--smush-placeholder-width: 990px; --smush-placeholder-aspect-ratio: 990\/277;\" \/><\/div><\/div><div class=\"wpb_text_column us_custom_e66236f2\"><div class=\"wpb_wrapper\"><\/div><\/div><div class=\"w-separator size_medium\"><\/div><div class=\"g-cols wpb_row via_flex valign_top type_default stacking_default\"><div class=\"vc_col-sm-8 wpb_column vc_column_container\"><div class=\"vc_column-inner\"><div class=\"wpb_wrapper\"><div class=\"wpb_text_column\"><div class=\"wpb_wrapper\"><div class=\"wpb_text_column wpb_content_element \">\n<div class=\"wpb_wrapper\">\n<p>Lamicoids (ou Lamacoids ) est un nom commercial utilis\u00e9 dans l&rsquo;industrie de la construction pour un mat\u00e9riau de gravure ph\u00e9nolique rigide. Il s&rsquo;agit d&rsquo;un mat\u00e9riau de gravure en plastique lamin\u00e9 \u00e0 2 ou 3 plis. Lorsque la gravure est effectu\u00e9e \u00e0 travers la couleur de la face, la couleur de base est expos\u00e9e.&nbsp;  Elles sont \u00e9galement appel\u00e9es plaques signal\u00e9tiques, plaques de l\u00e9gende, \u00e9tiquettes en plastique, \u00e9tiquettes de vannes et conviennent pour l&rsquo;int\u00e9rieur et l&rsquo;ext\u00e9rieur.<\/p>\n<p>Les lamaco\u00efdes sont fix\u00e9s \u00e0 l&rsquo;aide d&rsquo;un adh\u00e9sif 3m, de rivets, d&rsquo;attaches en m\u00e9tal ou en plastique ou de trous pour les vis. Les couleurs les plus courantes sont le blanc avec texte noir, le noir avec texte blanc, le rouge avec texte blanc, le blanc avec texte rouge et le jaune avec texte noir. Vous pouvez \u00e9galement obtenir presque toutes les combinaisons de couleurs, comme indiqu\u00e9 ci-dessous.<\/p>\n<p>&nbsp;<\/p>\n<p>&nbsp;<\/p>\n<\/div>\n<\/div>\n<\/div><\/div><\/div><\/div><\/div><div class=\"vc_col-sm-4 wpb_column vc_column_container\"><div class=\"vc_column-inner\"><div class=\"wpb_wrapper\"><div class=\"w-image us_custom_a828458c align_none\"><div class=\"w-image-h\"><img decoding=\"async\" width=\"275\" height=\"300\" data-src=\"https:\/\/spcsigns.com\/wp-content\/uploads\/2020\/08\/lamacoids-1-275x300.png\" class=\"attachment-medium size-medium lazyload\" alt=\"\" data-srcset=\"https:\/\/spcsigns.com\/wp-content\/uploads\/2020\/08\/lamacoids-1-275x300.png 275w, https:\/\/spcsigns.com\/wp-content\/uploads\/2020\/08\/lamacoids-1-938x1024.png 938w\" data-sizes=\"auto, (max-width: 275px) 100vw, 275px\" src=\"data:image\/gif;base64,R0lGODlhAQABAAAAACH5BAEKAAEALAAAAAABAAEAAAICTAEAOw==\" style=\"--smush-placeholder-width: 275px; --smush-placeholder-aspect-ratio: 275\/300;\" \/><\/div><\/div><\/div><\/div><\/div><\/div><div class=\"w-separator size_small\"><\/div><div class=\"w-image align_none\"><div class=\"w-image-h\"><img decoding=\"async\" width=\"990\" height=\"495\" data-src=\"https:\/\/spcsigns.com\/wp-content\/uploads\/2020\/07\/colorchart-1024x512.png\" class=\"attachment-large size-large lazyload\" alt=\"\" data-srcset=\"https:\/\/spcsigns.com\/wp-content\/uploads\/2020\/07\/colorchart-1024x512.png 1024w, https:\/\/spcsigns.com\/wp-content\/uploads\/2020\/07\/colorchart-300x150.png 300w\" data-sizes=\"auto, (max-width: 990px) 100vw, 990px\" src=\"data:image\/gif;base64,R0lGODlhAQABAAAAACH5BAEKAAEALAAAAAABAAEAAAICTAEAOw==\" style=\"--smush-placeholder-width: 990px; --smush-placeholder-aspect-ratio: 990\/495;\" \/><\/div><\/div><\/div><\/div><\/div><\/div><\/div><\/section>\n","protected":false},"excerpt":{"rendered":"&nbsp;Lamaco\u00efdes ou Lamico\u00efdes Lamicoids (ou Lamacoids ) est un nom commercial utilis\u00e9 dans l&rsquo;industrie de la construction pour un mat\u00e9riau de gravure ph\u00e9nolique rigide. Il s&rsquo;agit d&rsquo;un mat\u00e9riau de gravure en plastique lamin\u00e9 \u00e0 2 ou 3 plis. Lorsque la gravure est effectu\u00e9e \u00e0 travers la couleur de la face, la couleur de base est...","protected":false},"author":1,"featured_media":0,"parent":3439,"menu_order":0,"comment_status":"closed","ping_status":"closed","template":"","meta":{"ngg_post_thumbnail":0,"footnotes":""},"class_list":["post-3409","page","type-page","status-publish","hentry"],"_links":{"self":[{"href":"https:\/\/spcsigns.com\/fr\/wp-json\/wp\/v2\/pages\/3409","targetHints":{"allow":["GET"]}}],"collection":[{"href":"https:\/\/spcsigns.com\/fr\/wp-json\/wp\/v2\/pages"}],"about":[{"href":"https:\/\/spcsigns.com\/fr\/wp-json\/wp\/v2\/types\/page"}],"author":[{"embeddable":true,"href":"https:\/\/spcsigns.com\/fr\/wp-json\/wp\/v2\/users\/1"}],"replies":[{"embeddable":true,"href":"https:\/\/spcsigns.com\/fr\/wp-json\/wp\/v2\/comments?post=3409"}],"version-history":[{"count":1,"href":"https:\/\/spcsigns.com\/fr\/wp-json\/wp\/v2\/pages\/3409\/revisions"}],"predecessor-version":[{"id":3445,"href":"https:\/\/spcsigns.com\/fr\/wp-json\/wp\/v2\/pages\/3409\/revisions\/3445"}],"up":[{"embeddable":true,"href":"https:\/\/spcsigns.com\/fr\/wp-json\/wp\/v2\/pages\/3439"}],"wp:attachment":[{"href":"https:\/\/spcsigns.com\/fr\/wp-json\/wp\/v2\/media?parent=3409"}],"curies":[{"name":"wp","href":"https:\/\/api.w.org\/{rel}","templated":true}]}}