{"id":3408,"date":"2015-01-22T19:57:23","date_gmt":"2015-01-22T23:57:23","guid":{"rendered":"https:\/\/spcsigns.com\/signalisation-du-stationnement\/"},"modified":"2015-01-22T19:57:23","modified_gmt":"2015-01-22T23:57:23","slug":"signalisation-du-stationnement","status":"publish","type":"page","link":"https:\/\/spcsigns.com\/fr\/signalisation-du-stationnement\/","title":{"rendered":"Signalisation du stationnement"},"content":{"rendered":"<section class=\"l-section wpb_row height_medium\"><div class=\"l-section-h i-cf\"><div class=\"g-cols vc_row via_flex valign_top type_default stacking_default\"><div class=\"vc_col-sm-12 wpb_column vc_column_container\"><div class=\"vc_column-inner\"><div class=\"wpb_wrapper\"><div class=\"wpb_text_column us_custom_22b6fb70 has_text_color\"><div class=\"wpb_wrapper\"><h2><strong>&nbsp;  SIGNALISATION DU STATIONNEMENT, DE L&rsquo;INTERDICTION DE STATIONNER ET DE LA CIRCULATION<\/strong><\/h2>\n<\/div><\/div><div class=\"w-image us_custom_6217dcc9 align_none\"><div class=\"w-image-h\"><img decoding=\"async\" width=\"990\" height=\"281\" data-src=\"https:\/\/spcsigns.com\/wp-content\/uploads\/2020\/09\/parking-signs-1024x291.png\" class=\"attachment-large size-large lazyload\" alt=\"\" data-srcset=\"https:\/\/spcsigns.com\/wp-content\/uploads\/2020\/09\/parking-signs-1024x291.png 1024w, https:\/\/spcsigns.com\/wp-content\/uploads\/2020\/09\/parking-signs-300x85.png 300w, https:\/\/spcsigns.com\/wp-content\/uploads\/2020\/09\/parking-signs.png 1245w\" data-sizes=\"auto, (max-width: 990px) 100vw, 990px\" src=\"data:image\/gif;base64,R0lGODlhAQABAAAAACH5BAEKAAEALAAAAAABAAEAAAICTAEAOw==\" style=\"--smush-placeholder-width: 990px; --smush-placeholder-aspect-ratio: 990\/281;\" \/><\/div><\/div><div class=\"wpb_text_column us_custom_cbf56327\"><div class=\"wpb_wrapper\"><\/div><\/div><div class=\"g-cols wpb_row via_flex valign_top type_default stacking_default\"><div class=\"vc_col-sm-4 wpb_column vc_column_container\"><div class=\"vc_column-inner\"><div class=\"wpb_wrapper\"><div class=\"w-image align_none\"><div class=\"w-image-h\"><img decoding=\"async\" width=\"235\" height=\"300\" data-src=\"https:\/\/spcsigns.com\/wp-content\/uploads\/2020\/09\/parking-sign-235x300.png\" class=\"attachment-medium size-medium lazyload\" alt=\"\" data-srcset=\"https:\/\/spcsigns.com\/wp-content\/uploads\/2020\/09\/parking-sign-235x300.png 235w, https:\/\/spcsigns.com\/wp-content\/uploads\/2020\/09\/parking-sign-801x1024.png 801w\" data-sizes=\"auto, (max-width: 235px) 100vw, 235px\" src=\"data:image\/gif;base64,R0lGODlhAQABAAAAACH5BAEKAAEALAAAAAABAAEAAAICTAEAOw==\" style=\"--smush-placeholder-width: 235px; --smush-placeholder-aspect-ratio: 235\/300;\" \/><\/div><\/div><\/div><\/div><\/div><div class=\"vc_col-sm-8 wpb_column vc_column_container\"><div class=\"vc_column-inner\"><div class=\"wpb_wrapper\"><div class=\"wpb_text_column\"><div class=\"wpb_wrapper\"><p>Fabriqu\u00e9 en aluminium peint en blanc, avec des graphiques appliqu\u00e9s. Graphiques et textes standard ou personnalis\u00e9s. Qu&rsquo;il s&rsquo;agisse de panneaux de stationnement, de panneaux d&rsquo;interdiction de stationner, de panneaux directionnels, de panneaux d&rsquo;avertissement, de panneaux r\u00e9glementaires, de panneaux d&rsquo;arr\u00eat et de panneaux de vitesse, nous pouvons fabriquer n&rsquo;importe quel type de panneau.  <\/p>\n<ul>\n<li>&nbsp;Epaisseurs de .020, .025, .040, .063 et .081<\/li>\n<li>Toute taille personnalis\u00e9e \u00e0 partir d&rsquo;une quantit\u00e9 de un<\/li>\n<li>Dimensions standard de 3&Prime;-3&Prime; \u00e0 48&Prime;-48&Prime;.<\/li>\n<li>finition peinte en blanc standard<\/li>\n<li>Vinyle ordinaire, vinyle r\u00e9fl\u00e9chissant ou texte et graphiques imprim\u00e9s<\/li>\n<li>Disponible en alupanel (mat\u00e9riau composite d&rsquo;aluminium avec centre en ABS) et en autocollants en vinyle.<\/li>\n<li>poteaux de montage et quincaillerie disponibles<\/li>\n<\/ul>\n<\/div><\/div><\/div><\/div><\/div><\/div><div class=\"w-separator size_medium\"><\/div><div class=\"wpb_text_column us_custom_eb777777 has_text_color\"><div class=\"wpb_wrapper\"><h2><strong>PANNEAUX PERSONNALIS\u00c9S OU STANDARD<br \/>\n<\/strong><\/h2>\n<\/div><\/div><div class=\"w-image align_none\"><div class=\"w-image-h\"><img decoding=\"async\" width=\"990\" height=\"578\" data-src=\"https:\/\/spcsigns.com\/wp-content\/uploads\/2020\/09\/PARKING-SIGNS-LOT-1024x598.png\" class=\"attachment-large size-large lazyload\" alt=\"\" data-srcset=\"https:\/\/spcsigns.com\/wp-content\/uploads\/2020\/09\/PARKING-SIGNS-LOT-1024x598.png 1024w, https:\/\/spcsigns.com\/wp-content\/uploads\/2020\/09\/PARKING-SIGNS-LOT-300x175.png 300w, https:\/\/spcsigns.com\/wp-content\/uploads\/2020\/09\/PARKING-SIGNS-LOT.png 1253w\" data-sizes=\"auto, (max-width: 990px) 100vw, 990px\" src=\"data:image\/gif;base64,R0lGODlhAQABAAAAACH5BAEKAAEALAAAAAABAAEAAAICTAEAOw==\" style=\"--smush-placeholder-width: 990px; --smush-placeholder-aspect-ratio: 990\/578;\" \/><\/div><\/div><div class=\"w-separator size_small\"><\/div><div class=\"w-image align_none\"><div class=\"w-image-h\"><img decoding=\"async\" width=\"990\" height=\"190\" data-src=\"https:\/\/spcsigns.com\/wp-content\/uploads\/2020\/09\/parkingsigns-18-1024x197.png\" class=\"attachment-large size-large lazyload\" alt=\"\" data-srcset=\"https:\/\/spcsigns.com\/wp-content\/uploads\/2020\/09\/parkingsigns-18-1024x197.png 1024w, https:\/\/spcsigns.com\/wp-content\/uploads\/2020\/09\/parkingsigns-18-300x58.png 300w, https:\/\/spcsigns.com\/wp-content\/uploads\/2020\/09\/parkingsigns-18.png 1253w\" data-sizes=\"auto, (max-width: 990px) 100vw, 990px\" src=\"data:image\/gif;base64,R0lGODlhAQABAAAAACH5BAEKAAEALAAAAAABAAEAAAICTAEAOw==\" style=\"--smush-placeholder-width: 990px; --smush-placeholder-aspect-ratio: 990\/190;\" \/><\/div><\/div><div class=\"w-separator size_small\"><\/div><div class=\"w-image align_none\"><div class=\"w-image-h\"><img decoding=\"async\" width=\"990\" height=\"270\" data-src=\"https:\/\/spcsigns.com\/wp-content\/uploads\/2020\/09\/parking-24-1024x279.png\" class=\"attachment-large size-large lazyload\" alt=\"\" data-srcset=\"https:\/\/spcsigns.com\/wp-content\/uploads\/2020\/09\/parking-24-1024x279.png 1024w, https:\/\/spcsigns.com\/wp-content\/uploads\/2020\/09\/parking-24-300x82.png 300w, https:\/\/spcsigns.com\/wp-content\/uploads\/2020\/09\/parking-24.png 1253w\" data-sizes=\"auto, (max-width: 990px) 100vw, 990px\" src=\"data:image\/gif;base64,R0lGODlhAQABAAAAACH5BAEKAAEALAAAAAABAAEAAAICTAEAOw==\" style=\"--smush-placeholder-width: 990px; --smush-placeholder-aspect-ratio: 990\/270;\" \/><\/div><\/div><div class=\"w-separator size_small\"><\/div><div class=\"wpb_text_column us_custom_a01d1a56 has_text_color\"><div class=\"wpb_wrapper\"><h2>&nbsp;POTEAUX DE SIGNALISATION ET QUINCAILLERIE<\/h2>\n<\/div><\/div><div class=\"w-separator size_small\"><\/div><div class=\"g-cols wpb_row via_flex valign_top type_default stacking_default\"><div class=\"vc_col-sm-4 wpb_column vc_column_container\"><div class=\"vc_column-inner\"><div class=\"wpb_wrapper\"><div class=\"wpb_text_column\"><div class=\"wpb_wrapper\"><p><strong>Poteaux de signalisation en U galvanis\u00e9s<\/strong><br \/>\n8,10 et 12 pieds<br \/>\nFournis avec des boulons de montage<\/p>\n<\/div><\/div><div class=\"w-image align_none\"><div class=\"w-image-h\"><img decoding=\"async\" width=\"300\" height=\"300\" data-src=\"https:\/\/spcsigns.com\/wp-content\/uploads\/2020\/09\/sign-post-u-channel-300x300.png\" class=\"attachment-medium size-medium lazyload\" alt=\"\" data-srcset=\"https:\/\/spcsigns.com\/wp-content\/uploads\/2020\/09\/sign-post-u-channel-300x300.png 300w, https:\/\/spcsigns.com\/wp-content\/uploads\/2020\/09\/sign-post-u-channel-1024x1024.png 1024w, https:\/\/spcsigns.com\/wp-content\/uploads\/2020\/09\/sign-post-u-channel-150x150.png 150w, https:\/\/spcsigns.com\/wp-content\/uploads\/2020\/09\/sign-post-u-channel.png 1250w\" data-sizes=\"auto, (max-width: 300px) 100vw, 300px\" src=\"data:image\/gif;base64,R0lGODlhAQABAAAAACH5BAEKAAEALAAAAAABAAEAAAICTAEAOw==\" style=\"--smush-placeholder-width: 300px; --smush-placeholder-aspect-ratio: 300\/300;\" \/><\/div><\/div><\/div><\/div><\/div><div class=\"vc_col-sm-4 wpb_column vc_column_container\"><div class=\"vc_column-inner\"><div class=\"wpb_wrapper\"><div class=\"wpb_text_column\"><div class=\"wpb_wrapper\"><p><strong>Poteaux de signalisation carr\u00e9s galvanis\u00e9s<\/strong><br \/>\n8, 10, et 12 pieds.<br \/>\nFournis avec des boulons de montage<\/p>\n<\/div><\/div><div class=\"w-image align_none\"><div class=\"w-image-h\"><img decoding=\"async\" width=\"300\" height=\"242\" data-src=\"https:\/\/spcsigns.com\/wp-content\/uploads\/2020\/09\/sign-post-square-300x242.png\" class=\"attachment-medium size-medium lazyload\" alt=\"\" data-srcset=\"https:\/\/spcsigns.com\/wp-content\/uploads\/2020\/09\/sign-post-square-300x242.png 300w, https:\/\/spcsigns.com\/wp-content\/uploads\/2020\/09\/sign-post-square-1024x825.png 1024w, https:\/\/spcsigns.com\/wp-content\/uploads\/2020\/09\/sign-post-square.png 1551w\" data-sizes=\"auto, (max-width: 300px) 100vw, 300px\" src=\"data:image\/gif;base64,R0lGODlhAQABAAAAACH5BAEKAAEALAAAAAABAAEAAAICTAEAOw==\" style=\"--smush-placeholder-width: 300px; --smush-placeholder-aspect-ratio: 300\/242;\" \/><\/div><\/div><\/div><\/div><\/div><div class=\"vc_col-sm-4 wpb_column vc_column_container\"><div class=\"vc_column-inner\"><div class=\"wpb_wrapper\"><div class=\"wpb_text_column\"><div class=\"wpb_wrapper\"><p><strong>Base carr\u00e9e galvanis\u00e9e pour panneau de signalisation<\/strong><br \/>\n8&Prime; x 8&Prime;<\/p>\n<\/div><\/div><div class=\"w-image align_none\"><div class=\"w-image-h\"><img decoding=\"async\" width=\"300\" height=\"286\" data-src=\"https:\/\/spcsigns.com\/wp-content\/uploads\/2020\/09\/sign-base-300x286.png\" class=\"attachment-medium size-medium lazyload\" alt=\"\" data-srcset=\"https:\/\/spcsigns.com\/wp-content\/uploads\/2020\/09\/sign-base-300x286.png 300w, https:\/\/spcsigns.com\/wp-content\/uploads\/2020\/09\/sign-base-1024x975.png 1024w, https:\/\/spcsigns.com\/wp-content\/uploads\/2020\/09\/sign-base.png 1250w\" data-sizes=\"auto, (max-width: 300px) 100vw, 300px\" src=\"data:image\/gif;base64,R0lGODlhAQABAAAAACH5BAEKAAEALAAAAAABAAEAAAICTAEAOw==\" style=\"--smush-placeholder-width: 300px; --smush-placeholder-aspect-ratio: 300\/286;\" \/><\/div><\/div><\/div><\/div><\/div><\/div><\/div><\/div><\/div><\/div><\/div><\/section>\n","protected":false},"excerpt":{"rendered":"&nbsp; SIGNALISATION DU STATIONNEMENT, DE L&rsquo;INTERDICTION DE STATIONNER ET DE LA CIRCULATION Fabriqu\u00e9 en aluminium peint en blanc, avec des graphiques appliqu\u00e9s. Graphiques et textes standard ou personnalis\u00e9s. Qu&rsquo;il s&rsquo;agisse de panneaux de stationnement, de panneaux d&rsquo;interdiction de stationner, de panneaux directionnels, de panneaux d&rsquo;avertissement, de panneaux r\u00e9glementaires, de panneaux d&rsquo;arr\u00eat et de panneaux de...","protected":false},"author":1,"featured_media":0,"parent":0,"menu_order":0,"comment_status":"closed","ping_status":"closed","template":"","meta":{"ngg_post_thumbnail":0,"footnotes":""},"class_list":["post-3408","page","type-page","status-publish","hentry"],"_links":{"self":[{"href":"https:\/\/spcsigns.com\/fr\/wp-json\/wp\/v2\/pages\/3408","targetHints":{"allow":["GET"]}}],"collection":[{"href":"https:\/\/spcsigns.com\/fr\/wp-json\/wp\/v2\/pages"}],"about":[{"href":"https:\/\/spcsigns.com\/fr\/wp-json\/wp\/v2\/types\/page"}],"author":[{"embeddable":true,"href":"https:\/\/spcsigns.com\/fr\/wp-json\/wp\/v2\/users\/1"}],"replies":[{"embeddable":true,"href":"https:\/\/spcsigns.com\/fr\/wp-json\/wp\/v2\/comments?post=3408"}],"version-history":[{"count":0,"href":"https:\/\/spcsigns.com\/fr\/wp-json\/wp\/v2\/pages\/3408\/revisions"}],"wp:attachment":[{"href":"https:\/\/spcsigns.com\/fr\/wp-json\/wp\/v2\/media?parent=3408"}],"curies":[{"name":"wp","href":"https:\/\/api.w.org\/{rel}","templated":true}]}}