{"id":3407,"date":"2015-01-22T21:26:25","date_gmt":"2015-01-23T01:26:25","guid":{"rendered":"https:\/\/spcsigns.com\/gravure-au-diamant\/"},"modified":"2015-01-22T21:26:25","modified_gmt":"2015-01-23T01:26:25","slug":"gravure-au-diamant","status":"publish","type":"page","link":"https:\/\/spcsigns.com\/fr\/gravure-au-diamant\/","title":{"rendered":"Gravure au diamant"},"content":{"rendered":"<section class=\"l-section wpb_row height_medium\"><div class=\"l-section-h i-cf\"><div class=\"g-cols vc_row via_flex valign_top type_default stacking_default\"><div class=\"vc_col-sm-12 wpb_column vc_column_container\"><div class=\"vc_column-inner\"><div class=\"wpb_wrapper\"><div class=\"w-image us_custom_19737bc8 align_none\"><div class=\"w-image-h\"><img decoding=\"async\" width=\"990\" height=\"247\" data-src=\"https:\/\/spcsigns.com\/wp-content\/uploads\/2020\/05\/diamond-engraving-header-1-1024x255.jpg\" class=\"attachment-large size-large lazyload\" alt=\"\" data-srcset=\"https:\/\/spcsigns.com\/wp-content\/uploads\/2020\/05\/diamond-engraving-header-1-1024x255.jpg 1024w, https:\/\/spcsigns.com\/wp-content\/uploads\/2020\/05\/diamond-engraving-header-1-300x75.jpg 300w, https:\/\/spcsigns.com\/wp-content\/uploads\/2020\/05\/diamond-engraving-header-1.jpg 1250w\" data-sizes=\"auto, (max-width: 990px) 100vw, 990px\" src=\"data:image\/gif;base64,R0lGODlhAQABAAAAACH5BAEKAAEALAAAAAABAAEAAAICTAEAOw==\" style=\"--smush-placeholder-width: 990px; --smush-placeholder-aspect-ratio: 990\/247;\" \/><\/div><\/div><div class=\"w-separator size_medium\"><\/div><div class=\"wpb_text_column us_custom_00350702 has_text_color\"><div class=\"wpb_wrapper\"><h2 style=\"text-align: center;\"><strong>GRAVURE AU DIAMANT<\/strong><\/h2>\n<\/div><\/div><div class=\"w-separator size_medium\"><\/div><div class=\"wpb_text_column\"><div class=\"wpb_wrapper\"><p>La gravure au diamant est utilis\u00e9e sur des m\u00e9taux tels que le laiton, l&rsquo;aluminium, l&rsquo;acier inoxydable, l&rsquo;\u00e9tain, l&rsquo;argent et l&rsquo;or, ainsi que sur le verre, la pierre, la c\u00e9ramique, le granit et de nombreux autres mat\u00e9riaux. Ce proc\u00e9d\u00e9 permet de \u00ab\u00a0gratter\u00a0\u00bb un texte ou une image sur la surface, qu&rsquo;elle soit plate, incurv\u00e9e ou ronde. Il est utilis\u00e9 pour des applications industrielles et commerciales, la gravure de troph\u00e9es, la gravure de cadeaux, de stylos, de montres, de briquets zippo, de flacons et de nombreux autres articles.<\/p>\n<\/div><\/div><div class=\"w-separator size_medium\"><\/div><div class=\"w-grid type_grid layout_gallery_default cols_4\" id=\"us_grid_1\" style=\"--columns:4;--gap:1.5rem;\" data-filterable=\"true\"><style>@media (max-width:1280px){#us_grid_1{--columns:3!important}}@media (max-width:1024px){#us_grid_1{--columns:2!important}}@media (max-width:600px){#us_grid_1{--columns:1!important}}.layout_gallery_default .w-grid-item-h{}<\/style><div class=\"w-grid-list\">\t<article class=\"w-grid-item size_1x1 post-3342 attachment type-attachment status-inherit hentry\" data-id=\"3342\">\r\n\t\t<div class=\"w-grid-item-h\">\r\n\t\t\t\t\t\t<div class=\"w-post-elm post_image usg_post_image_1 stretched\"><img decoding=\"async\" width=\"990\" height=\"990\" data-src=\"https:\/\/spcsigns.com\/wp-content\/uploads\/2020\/07\/cylindrical-spoon-1024x1024.png\" class=\"attachment-large size-large lazyload\" alt=\"\" data-srcset=\"https:\/\/spcsigns.com\/wp-content\/uploads\/2020\/07\/cylindrical-spoon-1024x1024.png 1024w, https:\/\/spcsigns.com\/wp-content\/uploads\/2020\/07\/cylindrical-spoon-300x300.png 300w, https:\/\/spcsigns.com\/wp-content\/uploads\/2020\/07\/cylindrical-spoon-150x150.png 150w, https:\/\/spcsigns.com\/wp-content\/uploads\/2020\/07\/cylindrical-spoon.png 1251w\" data-sizes=\"(max-width: 990px) 100vw, 990px\" src=\"data:image\/gif;base64,R0lGODlhAQABAAAAACH5BAEKAAEALAAAAAABAAEAAAICTAEAOw==\" style=\"--smush-placeholder-width: 990px; --smush-placeholder-aspect-ratio: 990\/990;\" \/><\/div>\t\t<\/div>\r\n\t\t\t<\/article>\r\n\t<article class=\"w-grid-item size_1x1 post-3341 attachment type-attachment status-inherit hentry\" data-id=\"3341\">\r\n\t\t<div class=\"w-grid-item-h\">\r\n\t\t\t\t\t\t<div class=\"w-post-elm post_image usg_post_image_1 stretched\"><img decoding=\"async\" width=\"990\" height=\"990\" data-src=\"https:\/\/spcsigns.com\/wp-content\/uploads\/2020\/07\/cylindrical-medal-1024x1024.png\" class=\"attachment-large size-large lazyload\" alt=\"\" data-srcset=\"https:\/\/spcsigns.com\/wp-content\/uploads\/2020\/07\/cylindrical-medal-1024x1024.png 1024w, https:\/\/spcsigns.com\/wp-content\/uploads\/2020\/07\/cylindrical-medal-300x300.png 300w, https:\/\/spcsigns.com\/wp-content\/uploads\/2020\/07\/cylindrical-medal-150x150.png 150w, https:\/\/spcsigns.com\/wp-content\/uploads\/2020\/07\/cylindrical-medal.png 1251w\" data-sizes=\"(max-width: 990px) 100vw, 990px\" src=\"data:image\/gif;base64,R0lGODlhAQABAAAAACH5BAEKAAEALAAAAAABAAEAAAICTAEAOw==\" style=\"--smush-placeholder-width: 990px; --smush-placeholder-aspect-ratio: 990\/990;\" \/><\/div>\t\t<\/div>\r\n\t\t\t<\/article>\r\n\t<article class=\"w-grid-item size_1x1 post-3197 attachment type-attachment status-inherit hentry\" data-id=\"3197\">\r\n\t\t<div class=\"w-grid-item-h\">\r\n\t\t\t\t\t\t<div class=\"w-post-elm post_image usg_post_image_1 stretched\"><img decoding=\"async\" width=\"902\" height=\"902\" data-src=\"https:\/\/spcsigns.com\/wp-content\/uploads\/2020\/05\/urn-1.jpg\" class=\"attachment-large size-large lazyload\" alt=\"\" data-srcset=\"https:\/\/spcsigns.com\/wp-content\/uploads\/2020\/05\/urn-1.jpg 902w, https:\/\/spcsigns.com\/wp-content\/uploads\/2020\/05\/urn-1-300x300.jpg 300w, https:\/\/spcsigns.com\/wp-content\/uploads\/2020\/05\/urn-1-150x150.jpg 150w\" data-sizes=\"(max-width: 902px) 100vw, 902px\" src=\"data:image\/gif;base64,R0lGODlhAQABAAAAACH5BAEKAAEALAAAAAABAAEAAAICTAEAOw==\" style=\"--smush-placeholder-width: 902px; --smush-placeholder-aspect-ratio: 902\/902;\" \/><\/div>\t\t<\/div>\r\n\t\t\t<\/article>\r\n\t<article class=\"w-grid-item size_1x1 post-3196 attachment type-attachment status-inherit hentry\" data-id=\"3196\">\r\n\t\t<div class=\"w-grid-item-h\">\r\n\t\t\t\t\t\t<div class=\"w-post-elm post_image usg_post_image_1 stretched\"><img decoding=\"async\" width=\"902\" height=\"902\" data-src=\"https:\/\/spcsigns.com\/wp-content\/uploads\/2020\/05\/pewter-mug.jpg\" class=\"attachment-large size-large lazyload\" alt=\"\" data-srcset=\"https:\/\/spcsigns.com\/wp-content\/uploads\/2020\/05\/pewter-mug.jpg 902w, https:\/\/spcsigns.com\/wp-content\/uploads\/2020\/05\/pewter-mug-300x300.jpg 300w, https:\/\/spcsigns.com\/wp-content\/uploads\/2020\/05\/pewter-mug-150x150.jpg 150w\" data-sizes=\"(max-width: 902px) 100vw, 902px\" src=\"data:image\/gif;base64,R0lGODlhAQABAAAAACH5BAEKAAEALAAAAAABAAEAAAICTAEAOw==\" style=\"--smush-placeholder-width: 902px; --smush-placeholder-aspect-ratio: 902\/902;\" \/><\/div>\t\t<\/div>\r\n\t\t\t<\/article>\r\n\t<article class=\"w-grid-item size_1x1 post-3195 attachment type-attachment status-inherit hentry\" data-id=\"3195\">\r\n\t\t<div class=\"w-grid-item-h\">\r\n\t\t\t\t\t\t<div class=\"w-post-elm post_image usg_post_image_1 stretched\"><img decoding=\"async\" width=\"902\" height=\"902\" data-src=\"https:\/\/spcsigns.com\/wp-content\/uploads\/2020\/05\/drum-stick.jpg\" class=\"attachment-large size-large lazyload\" alt=\"\" data-srcset=\"https:\/\/spcsigns.com\/wp-content\/uploads\/2020\/05\/drum-stick.jpg 902w, https:\/\/spcsigns.com\/wp-content\/uploads\/2020\/05\/drum-stick-300x300.jpg 300w, https:\/\/spcsigns.com\/wp-content\/uploads\/2020\/05\/drum-stick-150x150.jpg 150w\" data-sizes=\"(max-width: 902px) 100vw, 902px\" src=\"data:image\/gif;base64,R0lGODlhAQABAAAAACH5BAEKAAEALAAAAAABAAEAAAICTAEAOw==\" style=\"--smush-placeholder-width: 902px; --smush-placeholder-aspect-ratio: 902\/902;\" \/><\/div>\t\t<\/div>\r\n\t\t\t<\/article>\r\n\t<article class=\"w-grid-item size_1x1 post-3194 attachment type-attachment status-inherit hentry\" data-id=\"3194\">\r\n\t\t<div class=\"w-grid-item-h\">\r\n\t\t\t\t\t\t<div class=\"w-post-elm post_image usg_post_image_1 stretched\"><img decoding=\"async\" width=\"902\" height=\"902\" data-src=\"https:\/\/spcsigns.com\/wp-content\/uploads\/2020\/05\/cup.jpg\" class=\"attachment-large size-large lazyload\" alt=\"\" data-srcset=\"https:\/\/spcsigns.com\/wp-content\/uploads\/2020\/05\/cup.jpg 902w, https:\/\/spcsigns.com\/wp-content\/uploads\/2020\/05\/cup-300x300.jpg 300w, https:\/\/spcsigns.com\/wp-content\/uploads\/2020\/05\/cup-150x150.jpg 150w\" data-sizes=\"(max-width: 902px) 100vw, 902px\" src=\"data:image\/gif;base64,R0lGODlhAQABAAAAACH5BAEKAAEALAAAAAABAAEAAAICTAEAOw==\" style=\"--smush-placeholder-width: 902px; --smush-placeholder-aspect-ratio: 902\/902;\" \/><\/div>\t\t<\/div>\r\n\t\t\t<\/article>\r\n\t<article class=\"w-grid-item size_1x1 post-3193 attachment type-attachment status-inherit hentry\" data-id=\"3193\">\r\n\t\t<div class=\"w-grid-item-h\">\r\n\t\t\t\t\t\t<div class=\"w-post-elm post_image usg_post_image_1 stretched\"><img decoding=\"async\" width=\"902\" height=\"902\" data-src=\"https:\/\/spcsigns.com\/wp-content\/uploads\/2020\/05\/watch.jpg\" class=\"attachment-large size-large lazyload\" alt=\"\" data-srcset=\"https:\/\/spcsigns.com\/wp-content\/uploads\/2020\/05\/watch.jpg 902w, https:\/\/spcsigns.com\/wp-content\/uploads\/2020\/05\/watch-300x300.jpg 300w, https:\/\/spcsigns.com\/wp-content\/uploads\/2020\/05\/watch-150x150.jpg 150w\" data-sizes=\"(max-width: 902px) 100vw, 902px\" src=\"data:image\/gif;base64,R0lGODlhAQABAAAAACH5BAEKAAEALAAAAAABAAEAAAICTAEAOw==\" style=\"--smush-placeholder-width: 902px; --smush-placeholder-aspect-ratio: 902\/902;\" \/><\/div>\t\t<\/div>\r\n\t\t\t<\/article>\r\n\t<article class=\"w-grid-item size_1x1 post-3192 attachment type-attachment status-inherit hentry\" data-id=\"3192\">\r\n\t\t<div class=\"w-grid-item-h\">\r\n\t\t\t\t\t\t<div class=\"w-post-elm post_image usg_post_image_1 stretched\"><img decoding=\"async\" width=\"902\" height=\"902\" data-src=\"https:\/\/spcsigns.com\/wp-content\/uploads\/2020\/05\/urn.jpg\" class=\"attachment-large size-large lazyload\" alt=\"\" data-srcset=\"https:\/\/spcsigns.com\/wp-content\/uploads\/2020\/05\/urn.jpg 902w, https:\/\/spcsigns.com\/wp-content\/uploads\/2020\/05\/urn-300x300.jpg 300w, https:\/\/spcsigns.com\/wp-content\/uploads\/2020\/05\/urn-150x150.jpg 150w\" data-sizes=\"(max-width: 902px) 100vw, 902px\" src=\"data:image\/gif;base64,R0lGODlhAQABAAAAACH5BAEKAAEALAAAAAABAAEAAAICTAEAOw==\" style=\"--smush-placeholder-width: 902px; --smush-placeholder-aspect-ratio: 902\/902;\" \/><\/div>\t\t<\/div>\r\n\t\t\t<\/article>\r\n<\/div><div class=\"w-grid-preloader\">\t<div class=\"g-preloader type_1\">\r\n\t\t<div><\/div>\r\n\t<\/div>\r\n\t<\/div>\t<div class=\"w-grid-json hidden\" onclick='return {&quot;action&quot;:&quot;us_ajax_grid&quot;,&quot;infinite_scroll&quot;:0,&quot;max_num_pages&quot;:1,&quot;pagination&quot;:&quot;none&quot;,&quot;template_vars&quot;:{&quot;columns&quot;:&quot;4&quot;,&quot;exclude_items&quot;:&quot;none&quot;,&quot;img_size&quot;:&quot;default&quot;,&quot;ignore_items_size&quot;:0,&quot;items_layout&quot;:&quot;gallery_default&quot;,&quot;items_offset&quot;:&quot;1&quot;,&quot;load_animation&quot;:&quot;none&quot;,&quot;overriding_link&quot;:&quot;{\\&quot;url\\&quot;:\\&quot;\\&quot;}&quot;,&quot;post_id&quot;:0,&quot;query_args&quot;:{&quot;post_type&quot;:[&quot;attachment&quot;],&quot;post__in&quot;:[&quot;2432&quot;,&quot;2433&quot;,&quot;2436&quot;,&quot;2437&quot;,&quot;2438&quot;,&quot;2435&quot;,&quot;2917&quot;,&quot;2916&quot;],&quot;post_status&quot;:&quot;inherit&quot;,&quot;post_mime_type&quot;:&quot;image&quot;,&quot;posts_per_page&quot;:&quot;10&quot;},&quot;orderby_query_args&quot;:{&quot;orderby&quot;:{&quot;date&quot;:&quot;DESC&quot;}},&quot;type&quot;:&quot;grid&quot;,&quot;us_grid_post_type&quot;:&quot;attachment&quot;,&quot;us_grid_ajax_index&quot;:1,&quot;us_grid_filter_query_string&quot;:null,&quot;us_grid_index&quot;:1,&quot;page_args&quot;:[],&quot;lang&quot;:&quot;fr&quot;}}'><\/div>\r\n\t<\/div><\/div><\/div><\/div><\/div><\/div><\/section><section class=\"l-section wpb_row height_medium\"><div class=\"l-section-h i-cf\"><div class=\"g-cols vc_row via_flex valign_top type_default stacking_default\"><div class=\"vc_col-sm-12 wpb_column vc_column_container\"><div class=\"vc_column-inner\"><div class=\"wpb_wrapper\"><\/div><\/div><\/div><\/div><\/div><\/section>\n","protected":false},"excerpt":{"rendered":"","protected":false},"author":1,"featured_media":0,"parent":0,"menu_order":0,"comment_status":"closed","ping_status":"closed","template":"","meta":{"ngg_post_thumbnail":0,"footnotes":""},"class_list":["post-3407","page","type-page","status-publish","hentry"],"_links":{"self":[{"href":"https:\/\/spcsigns.com\/fr\/wp-json\/wp\/v2\/pages\/3407","targetHints":{"allow":["GET"]}}],"collection":[{"href":"https:\/\/spcsigns.com\/fr\/wp-json\/wp\/v2\/pages"}],"about":[{"href":"https:\/\/spcsigns.com\/fr\/wp-json\/wp\/v2\/types\/page"}],"author":[{"embeddable":true,"href":"https:\/\/spcsigns.com\/fr\/wp-json\/wp\/v2\/users\/1"}],"replies":[{"embeddable":true,"href":"https:\/\/spcsigns.com\/fr\/wp-json\/wp\/v2\/comments?post=3407"}],"version-history":[{"count":0,"href":"https:\/\/spcsigns.com\/fr\/wp-json\/wp\/v2\/pages\/3407\/revisions"}],"wp:attachment":[{"href":"https:\/\/spcsigns.com\/fr\/wp-json\/wp\/v2\/media?parent=3407"}],"curies":[{"name":"wp","href":"https:\/\/api.w.org\/{rel}","templated":true}]}}