{"id":3405,"date":"2015-01-22T19:45:16","date_gmt":"2015-01-22T23:45:16","guid":{"rendered":"https:\/\/spcsigns.com\/signalisation-sur-poteaux-et-panneaux\/"},"modified":"2015-01-22T19:45:16","modified_gmt":"2015-01-22T23:45:16","slug":"signalisation-sur-poteaux-et-panneaux","status":"publish","type":"page","link":"https:\/\/spcsigns.com\/fr\/signalisation-sur-poteaux-et-panneaux\/","title":{"rendered":"Signalisation sur poteaux et panneaux"},"content":{"rendered":"<section class=\"l-section wpb_row height_medium\"><div class=\"l-section-h i-cf\"><div class=\"g-cols vc_row via_flex valign_top type_default stacking_default\"><div class=\"vc_col-sm-12 wpb_column vc_column_container\"><div class=\"vc_column-inner\"><div class=\"wpb_wrapper\"><div class=\"wpb_text_column us_custom_100dc7ca has_text_color\"><div class=\"wpb_wrapper\"><h1 style=\"text-align: center;\">Signalisation sur poteaux et panneaux<\/h1>\n<\/div><\/div><div class=\"w-separator size_small\"><\/div><div class=\"w-image align_none\"><div class=\"w-image-h\"><img decoding=\"async\" width=\"990\" height=\"196\" data-src=\"https:\/\/spcsigns.com\/wp-content\/uploads\/2020\/05\/EXT-SIGN-IMAGE.jpg\" class=\"attachment-large size-large lazyload\" alt=\"\" data-srcset=\"https:\/\/spcsigns.com\/wp-content\/uploads\/2020\/05\/EXT-SIGN-IMAGE.jpg 1012w, https:\/\/spcsigns.com\/wp-content\/uploads\/2020\/05\/EXT-SIGN-IMAGE-300x59.jpg 300w\" data-sizes=\"auto, (max-width: 990px) 100vw, 990px\" src=\"data:image\/gif;base64,R0lGODlhAQABAAAAACH5BAEKAAEALAAAAAABAAEAAAICTAEAOw==\" style=\"--smush-placeholder-width: 990px; --smush-placeholder-aspect-ratio: 990\/196;\" \/><\/div><\/div><div class=\"w-separator size_small\"><\/div><div class=\"wpb_text_column us_custom_63eef2f1\"><div class=\"wpb_wrapper\"><\/div><\/div><div class=\"w-separator size_medium\"><\/div><div class=\"g-cols wpb_row via_flex valign_top type_default stacking_default\"><div class=\"vc_col-sm-6 wpb_column vc_column_container\"><div class=\"vc_column-inner\"><div class=\"wpb_wrapper\"><div class=\"wpb_text_column\"><div class=\"wpb_wrapper\"><p>Les syst\u00e8mes de poteaux et de panneaux peuvent \u00eatre fabriqu\u00e9s \u00e0 partir de poteaux m\u00e9talliques en U ou de poteaux en bois pour les chantiers de construction, les fermes, l&rsquo;immobilier et la signalisation des b\u00e2timents, ou \u00e0 partir de syst\u00e8mes de panneaux architecturaux en aluminium \u00e0 parois \u00e9paisses avec des poteaux cannel\u00e9s, des embouts d\u00e9coratifs, des bases et des panneaux de signalisation.<\/p>\n<\/div><\/div><div class=\"w-separator size_medium\"><\/div><div class=\"w-btn-wrapper align_none\"><a class=\"w-btn us-btn-style_1\" title=\"Contact Us\" href=\"https:\/\/spcsigns.com\/contact-us\/\"><span class=\"w-btn-label\">Contactez nous<\/span><\/a><\/div><\/div><\/div><\/div><div class=\"vc_col-sm-4 wpb_column vc_column_container\"><div class=\"vc_column-inner\"><div class=\"wpb_wrapper\"><div class=\"w-image us_custom_dd23a833 has_height align_center\"><div class=\"w-image-h\"><img decoding=\"async\" width=\"990\" height=\"990\" data-src=\"https:\/\/spcsigns.com\/wp-content\/uploads\/2020\/06\/la-scala.jpg\" class=\"attachment-large size-large lazyload\" alt=\"\" data-srcset=\"https:\/\/spcsigns.com\/wp-content\/uploads\/2020\/06\/la-scala.jpg 1025w, https:\/\/spcsigns.com\/wp-content\/uploads\/2020\/06\/la-scala-300x300.jpg 300w, https:\/\/spcsigns.com\/wp-content\/uploads\/2020\/06\/la-scala-150x150.jpg 150w\" data-sizes=\"auto, (max-width: 990px) 100vw, 990px\" src=\"data:image\/gif;base64,R0lGODlhAQABAAAAACH5BAEKAAEALAAAAAABAAEAAAICTAEAOw==\" style=\"--smush-placeholder-width: 990px; --smush-placeholder-aspect-ratio: 990\/990;\" \/><\/div><\/div><\/div><\/div><\/div><div class=\"vc_col-sm-2 wpb_column vc_column_container\"><div class=\"vc_column-inner us_custom_13865033\"><div class=\"wpb_wrapper\"><nav class=\"w-menu layout_ver style_links us_menu_1\" style=\"--main-gap:5px;--main-ver-indent:0.8em;--main-hor-indent:0.8em;--main-color:inherit;\"><ul id=\"menu-menu-sample\" class=\"menu\"><li id=\"menu-item-2583\" class=\"menu-item menu-item-type-post_type menu-item-object-page menu-item-2583\"><a href=\"https:\/\/spcsigns.com\/exterior-signage\/\">Signalisation ext\u00e9rieure<\/a><\/li><li id=\"menu-item-2588\" class=\"menu-item menu-item-type-post_type menu-item-object-page menu-item-2588\"><a href=\"https:\/\/spcsigns.com\/interior-signage\/\">Signalisation int\u00e9rieure<\/a><\/li><li id=\"menu-item-2389\" class=\"menu-item menu-item-type-post_type menu-item-object-page menu-item-2389\"><a href=\"https:\/\/spcsigns.com\/engraving\/\">Gravure<\/a><\/li><li id=\"menu-item-2388\" class=\"menu-item menu-item-type-post_type menu-item-object-page menu-item-2388\"><a href=\"https:\/\/spcsigns.com\/contact-us\/\">Contactez nous<\/a><\/li><\/ul><style>@media ( max-width:600px ){.us_menu_1 .menu{display:block!important}.us_menu_1 .menu>li{margin:0 0 var(--main-gap,5px)!important}}<\/style><\/nav><\/div><\/div><\/div><\/div><div class=\"w-separator size_medium with_line width_default thick_1 style_solid color_border align_center\"><div class=\"w-separator-h\"><\/div><\/div><div class=\"w-grid type_grid layout_gallery_default cols_3\" id=\"us_grid_1\" style=\"--columns:3;--gap:1.5rem;\" data-filterable=\"true\"><style>@media (max-width:1024px){#us_grid_1{--columns:2!important}}@media (max-width:600px){#us_grid_1{--columns:1!important}}.layout_gallery_default .w-grid-item-h{}<\/style><div class=\"w-grid-list\">\t<article class=\"w-grid-item size_1x1 post-3501 attachment type-attachment status-inherit hentry\" data-id=\"3501\">\r\n\t\t<div class=\"w-grid-item-h\">\r\n\t\t\t\t\t\t<div class=\"w-post-elm post_image usg_post_image_1 stretched\"><img decoding=\"async\" width=\"990\" height=\"762\" data-src=\"https:\/\/spcsigns.com\/wp-content\/uploads\/2026\/03\/hyc-1024x788.jpg\" class=\"attachment-large size-large lazyload\" alt=\"\" data-srcset=\"https:\/\/spcsigns.com\/wp-content\/uploads\/2026\/03\/hyc-1024x788.jpg 1024w, https:\/\/spcsigns.com\/wp-content\/uploads\/2026\/03\/hyc-300x231.jpg 300w\" data-sizes=\"(max-width: 990px) 100vw, 990px\" src=\"data:image\/gif;base64,R0lGODlhAQABAAAAACH5BAEKAAEALAAAAAABAAEAAAICTAEAOw==\" style=\"--smush-placeholder-width: 990px; --smush-placeholder-aspect-ratio: 990\/762;\" \/><\/div>\t\t<\/div>\r\n\t\t\t<\/article>\r\n\t<article class=\"w-grid-item size_1x1 post-3498 attachment type-attachment status-inherit hentry\" data-id=\"3498\">\r\n\t\t<div class=\"w-grid-item-h\">\r\n\t\t\t\t\t\t<div class=\"w-post-elm post_image usg_post_image_1 stretched\"><img decoding=\"async\" width=\"990\" height=\"616\" data-src=\"https:\/\/spcsigns.com\/wp-content\/uploads\/2026\/03\/bronze-plaque-with-etched-photo-insert-1024x637.jpg\" class=\"attachment-large size-large lazyload\" alt=\"\" data-srcset=\"https:\/\/spcsigns.com\/wp-content\/uploads\/2026\/03\/bronze-plaque-with-etched-photo-insert-1024x637.jpg 1024w, https:\/\/spcsigns.com\/wp-content\/uploads\/2026\/03\/bronze-plaque-with-etched-photo-insert-300x187.jpg 300w, https:\/\/spcsigns.com\/wp-content\/uploads\/2026\/03\/bronze-plaque-with-etched-photo-insert.jpg 1889w\" data-sizes=\"(max-width: 990px) 100vw, 990px\" src=\"data:image\/gif;base64,R0lGODlhAQABAAAAACH5BAEKAAEALAAAAAABAAEAAAICTAEAOw==\" style=\"--smush-placeholder-width: 990px; --smush-placeholder-aspect-ratio: 990\/616;\" \/><\/div>\t\t<\/div>\r\n\t\t\t<\/article>\r\n\t<article class=\"w-grid-item size_1x1 post-3386 attachment type-attachment status-inherit hentry\" data-id=\"3386\">\r\n\t\t<div class=\"w-grid-item-h\">\r\n\t\t\t\t\t\t<div class=\"w-post-elm post_image usg_post_image_1 stretched\"><img decoding=\"async\" width=\"480\" height=\"302\" data-src=\"https:\/\/spcsigns.com\/wp-content\/uploads\/2025\/01\/lef300.webp\" class=\"attachment-large size-large lazyload\" alt=\"\" data-srcset=\"https:\/\/spcsigns.com\/wp-content\/uploads\/2025\/01\/lef300.webp 480w, https:\/\/spcsigns.com\/wp-content\/uploads\/2025\/01\/lef300-300x189.webp 300w\" data-sizes=\"(max-width: 480px) 100vw, 480px\" src=\"data:image\/gif;base64,R0lGODlhAQABAAAAACH5BAEKAAEALAAAAAABAAEAAAICTAEAOw==\" style=\"--smush-placeholder-width: 480px; --smush-placeholder-aspect-ratio: 480\/302;\" \/><\/div>\t\t<\/div>\r\n\t\t\t<\/article>\r\n\t<article class=\"w-grid-item size_1x1 post-3385 attachment type-attachment status-inherit hentry\" data-id=\"3385\">\r\n\t\t<div class=\"w-grid-item-h\">\r\n\t\t\t\t\t\t<div class=\"w-post-elm post_image usg_post_image_1 stretched\"><img decoding=\"async\" width=\"990\" height=\"668\" data-src=\"https:\/\/spcsigns.com\/wp-content\/uploads\/2024\/07\/des-plaque-1024x691.jpg\" class=\"attachment-large size-large lazyload\" alt=\"\" data-srcset=\"https:\/\/spcsigns.com\/wp-content\/uploads\/2024\/07\/des-plaque-1024x691.jpg 1024w, https:\/\/spcsigns.com\/wp-content\/uploads\/2024\/07\/des-plaque-300x202.jpg 300w, https:\/\/spcsigns.com\/wp-content\/uploads\/2024\/07\/des-plaque.jpg 1944w\" data-sizes=\"(max-width: 990px) 100vw, 990px\" src=\"data:image\/gif;base64,R0lGODlhAQABAAAAACH5BAEKAAEALAAAAAABAAEAAAICTAEAOw==\" style=\"--smush-placeholder-width: 990px; --smush-placeholder-aspect-ratio: 990\/668;\" \/><\/div>\t\t<\/div>\r\n\t\t\t<\/article>\r\n\t<article class=\"w-grid-item size_1x1 post-3384 attachment type-attachment status-inherit hentry\" data-id=\"3384\">\r\n\t\t<div class=\"w-grid-item-h\">\r\n\t\t\t\t\t\t<div class=\"w-post-elm post_image usg_post_image_1 stretched\"><img decoding=\"async\" width=\"990\" height=\"990\" data-src=\"https:\/\/spcsigns.com\/wp-content\/uploads\/2021\/01\/mcgill-arts-building-1024x1024.png\" class=\"attachment-large size-large lazyload\" alt=\"\" data-srcset=\"https:\/\/spcsigns.com\/wp-content\/uploads\/2021\/01\/mcgill-arts-building-1024x1024.png 1024w, https:\/\/spcsigns.com\/wp-content\/uploads\/2021\/01\/mcgill-arts-building-300x300.png 300w, https:\/\/spcsigns.com\/wp-content\/uploads\/2021\/01\/mcgill-arts-building-150x150.png 150w, https:\/\/spcsigns.com\/wp-content\/uploads\/2021\/01\/mcgill-arts-building.png 1051w\" data-sizes=\"(max-width: 990px) 100vw, 990px\" src=\"data:image\/gif;base64,R0lGODlhAQABAAAAACH5BAEKAAEALAAAAAABAAEAAAICTAEAOw==\" style=\"--smush-placeholder-width: 990px; --smush-placeholder-aspect-ratio: 990\/990;\" \/><\/div>\t\t<\/div>\r\n\t\t\t<\/article>\r\n\t<article class=\"w-grid-item size_1x1 post-3383 attachment type-attachment status-inherit hentry\" data-id=\"3383\">\r\n\t\t<div class=\"w-grid-item-h\">\r\n\t\t\t\t\t\t<div class=\"w-post-elm post_image usg_post_image_1 stretched\"><img decoding=\"async\" width=\"990\" height=\"990\" data-src=\"https:\/\/spcsigns.com\/wp-content\/uploads\/2020\/11\/ANGELLSTONE-1024x1024.png\" class=\"attachment-large size-large lazyload\" alt=\"\" data-srcset=\"https:\/\/spcsigns.com\/wp-content\/uploads\/2020\/11\/ANGELLSTONE-1024x1024.png 1024w, https:\/\/spcsigns.com\/wp-content\/uploads\/2020\/11\/ANGELLSTONE-300x300.png 300w, https:\/\/spcsigns.com\/wp-content\/uploads\/2020\/11\/ANGELLSTONE-150x150.png 150w, https:\/\/spcsigns.com\/wp-content\/uploads\/2020\/11\/ANGELLSTONE.png 1026w\" data-sizes=\"(max-width: 990px) 100vw, 990px\" src=\"data:image\/gif;base64,R0lGODlhAQABAAAAACH5BAEKAAEALAAAAAABAAEAAAICTAEAOw==\" style=\"--smush-placeholder-width: 990px; --smush-placeholder-aspect-ratio: 990\/990;\" \/><\/div>\t\t<\/div>\r\n\t\t\t<\/article>\r\n\t<article class=\"w-grid-item size_1x1 post-3382 attachment type-attachment status-inherit hentry\" data-id=\"3382\">\r\n\t\t<div class=\"w-grid-item-h\">\r\n\t\t\t\t\t\t<div class=\"w-post-elm post_image usg_post_image_1 stretched\"><img decoding=\"async\" width=\"479\" height=\"350\" data-src=\"https:\/\/spcsigns.com\/wp-content\/uploads\/2020\/09\/static-cling-decals.png\" class=\"attachment-large size-large lazyload\" alt=\"\" data-srcset=\"https:\/\/spcsigns.com\/wp-content\/uploads\/2020\/09\/static-cling-decals.png 479w, https:\/\/spcsigns.com\/wp-content\/uploads\/2020\/09\/static-cling-decals-300x219.png 300w\" data-sizes=\"(max-width: 479px) 100vw, 479px\" src=\"data:image\/gif;base64,R0lGODlhAQABAAAAACH5BAEKAAEALAAAAAABAAEAAAICTAEAOw==\" style=\"--smush-placeholder-width: 479px; --smush-placeholder-aspect-ratio: 479\/350;\" \/><\/div>\t\t<\/div>\r\n\t\t\t<\/article>\r\n\t<article class=\"w-grid-item size_1x1 post-3381 attachment type-attachment status-inherit hentry\" data-id=\"3381\">\r\n\t\t<div class=\"w-grid-item-h\">\r\n\t\t\t\t\t\t<div class=\"w-post-elm post_image usg_post_image_1 stretched\"><img decoding=\"async\" width=\"584\" height=\"350\" data-src=\"https:\/\/spcsigns.com\/wp-content\/uploads\/2020\/09\/decal-die-cut.png\" class=\"attachment-large size-large lazyload\" alt=\"\" data-srcset=\"https:\/\/spcsigns.com\/wp-content\/uploads\/2020\/09\/decal-die-cut.png 584w, https:\/\/spcsigns.com\/wp-content\/uploads\/2020\/09\/decal-die-cut-300x180.png 300w\" data-sizes=\"(max-width: 584px) 100vw, 584px\" src=\"data:image\/gif;base64,R0lGODlhAQABAAAAACH5BAEKAAEALAAAAAABAAEAAAICTAEAOw==\" style=\"--smush-placeholder-width: 584px; --smush-placeholder-aspect-ratio: 584\/350;\" \/><\/div>\t\t<\/div>\r\n\t\t\t<\/article>\r\n\t<article class=\"w-grid-item size_1x1 post-3380 attachment type-attachment status-inherit hentry\" data-id=\"3380\">\r\n\t\t<div class=\"w-grid-item-h\">\r\n\t\t\t\t\t\t<div class=\"w-post-elm post_image usg_post_image_1 stretched\"><img decoding=\"async\" width=\"990\" height=\"277\" data-src=\"https:\/\/spcsigns.com\/wp-content\/uploads\/2020\/09\/VINYL-DECALS-1024x287.png\" class=\"attachment-large size-large lazyload\" alt=\"\" data-srcset=\"https:\/\/spcsigns.com\/wp-content\/uploads\/2020\/09\/VINYL-DECALS-1024x287.png 1024w, https:\/\/spcsigns.com\/wp-content\/uploads\/2020\/09\/VINYL-DECALS-300x84.png 300w, https:\/\/spcsigns.com\/wp-content\/uploads\/2020\/09\/VINYL-DECALS.png 1250w\" data-sizes=\"(max-width: 990px) 100vw, 990px\" src=\"data:image\/gif;base64,R0lGODlhAQABAAAAACH5BAEKAAEALAAAAAABAAEAAAICTAEAOw==\" style=\"--smush-placeholder-width: 990px; --smush-placeholder-aspect-ratio: 990\/277;\" \/><\/div>\t\t<\/div>\r\n\t\t\t<\/article>\r\n\t<article class=\"w-grid-item size_1x1 post-3379 attachment type-attachment status-inherit hentry\" data-id=\"3379\">\r\n\t\t<div class=\"w-grid-item-h\">\r\n\t\t\t\t\t\t<div class=\"w-post-elm post_image usg_post_image_1 stretched\"><img decoding=\"async\" width=\"990\" height=\"943\" data-src=\"https:\/\/spcsigns.com\/wp-content\/uploads\/2020\/09\/sign-base-1024x975.png\" class=\"attachment-large size-large lazyload\" alt=\"\" data-srcset=\"https:\/\/spcsigns.com\/wp-content\/uploads\/2020\/09\/sign-base-1024x975.png 1024w, https:\/\/spcsigns.com\/wp-content\/uploads\/2020\/09\/sign-base-300x286.png 300w, https:\/\/spcsigns.com\/wp-content\/uploads\/2020\/09\/sign-base.png 1250w\" data-sizes=\"(max-width: 990px) 100vw, 990px\" src=\"data:image\/gif;base64,R0lGODlhAQABAAAAACH5BAEKAAEALAAAAAABAAEAAAICTAEAOw==\" style=\"--smush-placeholder-width: 990px; --smush-placeholder-aspect-ratio: 990\/943;\" \/><\/div>\t\t<\/div>\r\n\t\t\t<\/article>\r\n<\/div><div class=\"w-grid-preloader\">\t<div class=\"g-preloader type_1\">\r\n\t\t<div><\/div>\r\n\t<\/div>\r\n\t<\/div>\t<div class=\"w-grid-json hidden\" onclick='return {&quot;action&quot;:&quot;us_ajax_grid&quot;,&quot;infinite_scroll&quot;:0,&quot;max_num_pages&quot;:25,&quot;pagination&quot;:&quot;none&quot;,&quot;template_vars&quot;:{&quot;columns&quot;:&quot;3&quot;,&quot;exclude_items&quot;:&quot;none&quot;,&quot;img_size&quot;:&quot;default&quot;,&quot;ignore_items_size&quot;:0,&quot;items_layout&quot;:&quot;gallery_default&quot;,&quot;items_offset&quot;:&quot;1&quot;,&quot;load_animation&quot;:&quot;none&quot;,&quot;overriding_link&quot;:&quot;{\\&quot;url\\&quot;:\\&quot;\\&quot;}&quot;,&quot;post_id&quot;:0,&quot;query_args&quot;:{&quot;post_type&quot;:[&quot;attachment&quot;],&quot;post_status&quot;:&quot;inherit&quot;,&quot;post_mime_type&quot;:&quot;image&quot;,&quot;posts_per_page&quot;:&quot;10&quot;},&quot;orderby_query_args&quot;:{&quot;orderby&quot;:{&quot;date&quot;:&quot;DESC&quot;}},&quot;type&quot;:&quot;grid&quot;,&quot;us_grid_post_type&quot;:&quot;attachment&quot;,&quot;us_grid_ajax_index&quot;:1,&quot;us_grid_filter_query_string&quot;:null,&quot;us_grid_index&quot;:1,&quot;page_args&quot;:[],&quot;lang&quot;:&quot;fr&quot;}}'><\/div>\r\n\t<\/div><\/div><\/div><\/div><\/div><\/div><\/section>\n","protected":false},"excerpt":{"rendered":"","protected":false},"author":1,"featured_media":0,"parent":0,"menu_order":0,"comment_status":"closed","ping_status":"closed","template":"","meta":{"ngg_post_thumbnail":0,"footnotes":""},"class_list":["post-3405","page","type-page","status-publish","hentry"],"_links":{"self":[{"href":"https:\/\/spcsigns.com\/fr\/wp-json\/wp\/v2\/pages\/3405","targetHints":{"allow":["GET"]}}],"collection":[{"href":"https:\/\/spcsigns.com\/fr\/wp-json\/wp\/v2\/pages"}],"about":[{"href":"https:\/\/spcsigns.com\/fr\/wp-json\/wp\/v2\/types\/page"}],"author":[{"embeddable":true,"href":"https:\/\/spcsigns.com\/fr\/wp-json\/wp\/v2\/users\/1"}],"replies":[{"embeddable":true,"href":"https:\/\/spcsigns.com\/fr\/wp-json\/wp\/v2\/comments?post=3405"}],"version-history":[{"count":0,"href":"https:\/\/spcsigns.com\/fr\/wp-json\/wp\/v2\/pages\/3405\/revisions"}],"wp:attachment":[{"href":"https:\/\/spcsigns.com\/fr\/wp-json\/wp\/v2\/media?parent=3405"}],"curies":[{"name":"wp","href":"https:\/\/api.w.org\/{rel}","templated":true}]}}