{"id":3404,"date":"2015-01-22T21:01:09","date_gmt":"2015-01-23T01:01:09","guid":{"rendered":"https:\/\/spcsigns.com\/signalisation-exterieure\/"},"modified":"2015-01-22T21:01:09","modified_gmt":"2015-01-23T01:01:09","slug":"signalisation-exterieure","status":"publish","type":"page","link":"https:\/\/spcsigns.com\/fr\/signalisation-exterieure\/","title":{"rendered":"Signalisation ext\u00e9rieure"},"content":{"rendered":"<section class=\"l-section wpb_row height_medium\"><div class=\"l-section-h i-cf\"><div class=\"g-cols vc_row via_flex valign_top type_default stacking_default\"><div class=\"vc_col-sm-12 wpb_column vc_column_container\"><div class=\"vc_column-inner\"><div class=\"wpb_wrapper\"><div class=\"wpb_text_column us_custom_1fa2de30 has_text_color\"><div class=\"wpb_wrapper\"><h2 style=\"text-align: left;\"><strong>&nbsp;  SIGNALISATION EXT\u00c9RIEURE<\/strong><\/h2>\n<\/div><\/div><div class=\"w-image us_custom_6aacc832 align_none has_bg_color\"><div class=\"w-image-h\"><img decoding=\"async\" width=\"990\" height=\"292\" data-src=\"https:\/\/spcsigns.com\/wp-content\/uploads\/2020\/05\/header-ext-signs-1024x302.jpg\" class=\"attachment-large size-large lazyload\" alt=\"\" data-srcset=\"https:\/\/spcsigns.com\/wp-content\/uploads\/2020\/05\/header-ext-signs-1024x302.jpg 1024w, https:\/\/spcsigns.com\/wp-content\/uploads\/2020\/05\/header-ext-signs-300x88.jpg 300w, https:\/\/spcsigns.com\/wp-content\/uploads\/2020\/05\/header-ext-signs.jpg 1251w\" data-sizes=\"auto, (max-width: 990px) 100vw, 990px\" src=\"data:image\/gif;base64,R0lGODlhAQABAAAAACH5BAEKAAEALAAAAAABAAEAAAICTAEAOw==\" style=\"--smush-placeholder-width: 990px; --smush-placeholder-aspect-ratio: 990\/292;\" \/><\/div><\/div><div class=\"wpb_text_column us_custom_4c7b5142 has_text_color\"><div class=\"wpb_wrapper\"><p style=\"text-align: center;\">POTEAUX ET PANNEAUX \u2502 <a href=\"https:\/\/spcsigns.com\/exterior-signage\/dimensional-letters\/\">SIGNALISATION DIMENSIONNELLE<\/a> \u2502 CIRCULATION ET STATIONNEMENT \u2502 PLAQUES COMM\u00c9MORATIVES \u2502 BANNI\u00c8RES \u2502 GRAPHIQUES EN VINYLE<\/p>\n<\/div><\/div><div class=\"w-separator size_small\"><\/div><div class=\"g-cols wpb_row via_flex valign_top type_default stacking_default\"><div class=\"vc_col-sm-8 wpb_column vc_column_container\"><div class=\"vc_column-inner\"><div class=\"wpb_wrapper\"><div class=\"wpb_text_column\"><div class=\"wpb_wrapper\"><p>Avec plus de 20 ans d&rsquo;exp\u00e9rience en tant que fabricant de panneaux ext\u00e9rieurs, tels que les panneaux \u00e0 lettres dimensionnelles, les panneaux directionnels, les panneaux de stationnement et d&rsquo;interdiction de stationnement, les panneaux d&rsquo;interdiction de fumer, les panneaux de circulation et de construction, les panneaux magn\u00e9tiques, les plaques en m\u00e9tal moul\u00e9, les banni\u00e8res, les cadres de trottoir en A, ainsi que de nombreux autres types de panneaux.<\/p>\n<\/div><\/div><div class=\"w-separator size_medium\"><\/div><div class=\"w-btn-wrapper align_none\"><a class=\"w-btn us-btn-style_1\" title=\"Contact Us\" href=\"https:\/\/spcsigns.com\/contact-us\/\"><span class=\"w-btn-label\">Contactez nous<\/span><\/a><\/div><\/div><\/div><\/div><div class=\"vc_col-sm-4 wpb_column vc_column_container\"><div class=\"vc_column-inner\"><div class=\"wpb_wrapper\"><div class=\"w-image us_custom_dd23a833 has_height align_center\"><div class=\"w-image-h\"><img decoding=\"async\" width=\"990\" height=\"990\" data-src=\"https:\/\/spcsigns.com\/wp-content\/uploads\/2020\/05\/ext-sign-wic-1024x1024.jpg\" class=\"attachment-large size-large lazyload\" alt=\"\" data-srcset=\"https:\/\/spcsigns.com\/wp-content\/uploads\/2020\/05\/ext-sign-wic-1024x1024.jpg 1024w, https:\/\/spcsigns.com\/wp-content\/uploads\/2020\/05\/ext-sign-wic-300x300.jpg 300w, https:\/\/spcsigns.com\/wp-content\/uploads\/2020\/05\/ext-sign-wic-150x150.jpg 150w, https:\/\/spcsigns.com\/wp-content\/uploads\/2020\/05\/ext-sign-wic.jpg 1026w\" data-sizes=\"auto, (max-width: 990px) 100vw, 990px\" src=\"data:image\/gif;base64,R0lGODlhAQABAAAAACH5BAEKAAEALAAAAAABAAEAAAICTAEAOw==\" style=\"--smush-placeholder-width: 990px; --smush-placeholder-aspect-ratio: 990\/990;\" \/><\/div><\/div><\/div><\/div><\/div><\/div><div class=\"w-separator size_small with_line width_default thick_1 style_solid color_border align_center\"><div class=\"w-separator-h\"><\/div><\/div><div class=\"g-cols wpb_row via_flex valign_top type_default stacking_default\"><div class=\"vc_col-sm-3 wpb_column vc_column_container\"><div class=\"vc_column-inner\"><div class=\"wpb_wrapper\"><div class=\"w-image us_custom_abd4fa96 align_none\"><a title=\"Post &amp; Panel Signage\" href=\"https:\/\/spcsigns.com\/ornamental-signage\/\" aria-label=\"post panel\" class=\"w-image-h\"><img decoding=\"async\" width=\"990\" height=\"990\" data-src=\"https:\/\/spcsigns.com\/wp-content\/uploads\/2020\/05\/post-panel.jpg\" class=\"attachment-large size-large lazyload\" alt=\"\" data-srcset=\"https:\/\/spcsigns.com\/wp-content\/uploads\/2020\/05\/post-panel.jpg 1025w, https:\/\/spcsigns.com\/wp-content\/uploads\/2020\/05\/post-panel-300x300.jpg 300w, https:\/\/spcsigns.com\/wp-content\/uploads\/2020\/05\/post-panel-150x150.jpg 150w\" data-sizes=\"auto, (max-width: 990px) 100vw, 990px\" src=\"data:image\/gif;base64,R0lGODlhAQABAAAAACH5BAEKAAEALAAAAAABAAEAAAICTAEAOw==\" style=\"--smush-placeholder-width: 990px; --smush-placeholder-aspect-ratio: 990\/990;\" \/><\/a><\/div><div class=\"wpb_text_column us_custom_1a5ec151 has_text_color\"><div class=\"wpb_wrapper\"><h3 style=\"text-align: center;\"><strong>Signalisation sur poteaux et panneaux<br \/>\n<\/strong><\/h3>\n<\/div><\/div><div class=\"w-separator us_custom_e78011fc size_small with_line width_50 thick_3 style_solid color_primary align_center\"><div class=\"w-separator-h\"><\/div><\/div><div class=\"wpb_text_column us_custom_cafb92cd\"><div class=\"wpb_wrapper\"><p>Enseignes architecturales sur poteaux et panneaux avec poteaux d\u00e9coratifs en aluminium et panneaux en aluminium. Poteaux en bois avec panneaux composites en PVC ou en aluminium <\/p>\n<\/div><\/div><\/div><\/div><\/div><div class=\"vc_col-sm-3 wpb_column vc_column_container\"><div class=\"vc_column-inner\"><div class=\"wpb_wrapper\"><div class=\"w-image us_custom_abd4fa96 align_none\"><a title=\"Dimensional Letters\" href=\"https:\/\/spcsigns.com\/exterior-signage\/dimensional-letters\/\" aria-label=\"dimensional-ext-1024\" class=\"w-image-h\"><img decoding=\"async\" width=\"990\" height=\"990\" data-src=\"https:\/\/spcsigns.com\/wp-content\/uploads\/2020\/05\/dimensional-ext-1024.jpg\" class=\"attachment-large size-large lazyload\" alt=\"\" data-srcset=\"https:\/\/spcsigns.com\/wp-content\/uploads\/2020\/05\/dimensional-ext-1024.jpg 1025w, https:\/\/spcsigns.com\/wp-content\/uploads\/2020\/05\/dimensional-ext-1024-300x300.jpg 300w, https:\/\/spcsigns.com\/wp-content\/uploads\/2020\/05\/dimensional-ext-1024-150x150.jpg 150w\" data-sizes=\"auto, (max-width: 990px) 100vw, 990px\" src=\"data:image\/gif;base64,R0lGODlhAQABAAAAACH5BAEKAAEALAAAAAABAAEAAAICTAEAOw==\" style=\"--smush-placeholder-width: 990px; --smush-placeholder-aspect-ratio: 990\/990;\" \/><\/a><\/div><div class=\"wpb_text_column us_custom_1a5ec151 has_text_color\"><div class=\"wpb_wrapper\"><h3 style=\"text-align: center;\"><strong>Lettres dimensionnelles<\/strong><\/h3>\n<\/div><\/div><div class=\"w-separator us_custom_e78011fc size_small with_line width_50 thick_3 style_solid color_primary align_center\"><div class=\"w-separator-h\"><\/div><\/div><div class=\"wpb_text_column us_custom_cafb92cd\"><div class=\"wpb_wrapper\"><p>Fabriqu\u00e9s en acrylique, en plastique ou en m\u00e9tal (laiton, cuivre, aluminium, acier inoxydable), ils sont fix\u00e9s individuellement au mur. Ils peuvent \u00eatre sur\u00e9lev\u00e9s sur des entretoises ou mont\u00e9s au ras du mur. &nbsp;<\/p>\n<\/div><\/div><\/div><\/div><\/div><div class=\"vc_col-sm-3 wpb_column vc_column_container\"><div class=\"vc_column-inner\"><div class=\"wpb_wrapper\"><div class=\"w-image us_custom_abd4fa96 align_none\"><div class=\"w-image-h\"><img decoding=\"async\" width=\"990\" height=\"990\" data-src=\"https:\/\/spcsigns.com\/wp-content\/uploads\/2020\/05\/traffic-signage.jpg\" class=\"attachment-large size-large lazyload\" alt=\"\" data-srcset=\"https:\/\/spcsigns.com\/wp-content\/uploads\/2020\/05\/traffic-signage.jpg 1025w, https:\/\/spcsigns.com\/wp-content\/uploads\/2020\/05\/traffic-signage-300x300.jpg 300w, https:\/\/spcsigns.com\/wp-content\/uploads\/2020\/05\/traffic-signage-150x150.jpg 150w\" data-sizes=\"auto, (max-width: 990px) 100vw, 990px\" src=\"data:image\/gif;base64,R0lGODlhAQABAAAAACH5BAEKAAEALAAAAAABAAEAAAICTAEAOw==\" style=\"--smush-placeholder-width: 990px; --smush-placeholder-aspect-ratio: 990\/990;\" \/><\/div><\/div><div class=\"wpb_text_column us_custom_1a5ec151 has_text_color\"><div class=\"wpb_wrapper\"><h3 style=\"text-align: center;\"><strong>Panneaux de stationnement et de circulation<br \/>\n<\/strong><\/h3>\n<\/div><\/div><div class=\"w-separator us_custom_e78011fc size_small with_line width_50 thick_3 style_solid color_primary align_center\"><div class=\"w-separator-h\"><\/div><\/div><div class=\"wpb_text_column us_custom_cafb92cd\"><div class=\"wpb_wrapper\"><p>Les panneaux de stationnement et de circulation sont disponibles dans une vari\u00e9t\u00e9 de tailles et de mat\u00e9riaux. Ils sont disponibles avec des coins arrondis et des trous de fixation pr\u00e9-perc\u00e9s, avec une finition r\u00e9fl\u00e9chissante ou en \u00e9mail blanc. Profil\u00e9s m\u00e9talliques en U ou poteaux carr\u00e9s pour le montage.  <\/p>\n<\/div><\/div><\/div><\/div><\/div><div class=\"vc_col-sm-3 wpb_column vc_column_container\"><div class=\"vc_column-inner\"><div class=\"wpb_wrapper\"><div class=\"w-image us_custom_abd4fa96 align_none\"><div class=\"w-image-h\"><img decoding=\"async\" width=\"990\" height=\"982\" data-src=\"https:\/\/spcsigns.com\/wp-content\/uploads\/2020\/05\/commemorative-plaque-1024-1024x1016.jpg\" class=\"attachment-large size-large lazyload\" alt=\"\" data-srcset=\"https:\/\/spcsigns.com\/wp-content\/uploads\/2020\/05\/commemorative-plaque-1024-1024x1016.jpg 1024w, https:\/\/spcsigns.com\/wp-content\/uploads\/2020\/05\/commemorative-plaque-1024-300x298.jpg 300w, https:\/\/spcsigns.com\/wp-content\/uploads\/2020\/05\/commemorative-plaque-1024-150x150.jpg 150w, https:\/\/spcsigns.com\/wp-content\/uploads\/2020\/05\/commemorative-plaque-1024.jpg 1035w\" data-sizes=\"auto, (max-width: 990px) 100vw, 990px\" src=\"data:image\/gif;base64,R0lGODlhAQABAAAAACH5BAEKAAEALAAAAAABAAEAAAICTAEAOw==\" style=\"--smush-placeholder-width: 990px; --smush-placeholder-aspect-ratio: 990\/982;\" \/><\/div><\/div><div class=\"wpb_text_column us_custom_1a5ec151 has_text_color\"><div class=\"wpb_wrapper\"><h3 style=\"text-align: center;\"><strong>Plaques comm\u00e9moratives<br \/>\n<\/strong><\/h3>\n<\/div><\/div><div class=\"w-separator us_custom_e78011fc size_small with_line width_50 thick_3 style_solid color_primary align_center\"><div class=\"w-separator-h\"><\/div><\/div><div class=\"wpb_text_column us_custom_cafb92cd\"><div class=\"wpb_wrapper\"><p>Les plaques comm\u00e9moratives sont disponibles en bronze, aluminium, laiton, cuivre, acier inoxydable avec des lettres ou des logos en relief ou grav\u00e9s.<\/p>\n<\/div><\/div><\/div><\/div><\/div><\/div><div class=\"w-separator size_small with_line width_default thick_1 style_solid color_border align_center\"><div class=\"w-separator-h\"><\/div><\/div><div class=\"g-cols wpb_row via_flex valign_top type_default stacking_default\"><div class=\"vc_col-sm-3 wpb_column vc_column_container\"><div class=\"vc_column-inner\"><div class=\"wpb_wrapper\"><div class=\"w-image us_custom_abd4fa96 align_none\"><a href=\"https:\/\/spcsigns.com\/banners\/\" aria-label=\"ext-banner\" class=\"w-image-h\"><img decoding=\"async\" width=\"990\" height=\"991\" data-src=\"https:\/\/spcsigns.com\/wp-content\/uploads\/2020\/05\/ext-banner.jpg\" class=\"attachment-large size-large lazyload\" alt=\"\" data-srcset=\"https:\/\/spcsigns.com\/wp-content\/uploads\/2020\/05\/ext-banner.jpg 1024w, https:\/\/spcsigns.com\/wp-content\/uploads\/2020\/05\/ext-banner-300x300.jpg 300w, https:\/\/spcsigns.com\/wp-content\/uploads\/2020\/05\/ext-banner-150x150.jpg 150w\" data-sizes=\"auto, (max-width: 990px) 100vw, 990px\" src=\"data:image\/gif;base64,R0lGODlhAQABAAAAACH5BAEKAAEALAAAAAABAAEAAAICTAEAOw==\" style=\"--smush-placeholder-width: 990px; --smush-placeholder-aspect-ratio: 990\/991;\" \/><\/a><\/div><div class=\"wpb_text_column us_custom_1a5ec151 has_text_color\"><div class=\"wpb_wrapper\"><h3 style=\"text-align: center;\"><strong>Banni\u00e8res, cadres A, drapeaux<br \/>\n<\/strong><\/h3>\n<\/div><\/div><div class=\"w-separator us_custom_e78011fc size_small with_line width_50 thick_3 style_solid color_primary align_center\"><div class=\"w-separator-h\"><\/div><\/div><div class=\"wpb_text_column us_custom_cafb92cd\"><div class=\"wpb_wrapper\"><p>Banni\u00e8res int\u00e9rieures et ext\u00e9rieures personnalis\u00e9es, cadres et supports de trottoir, drapeaux rectangulaires, en forme de goutte d&rsquo;eau et en forme de plume.<\/p>\n<\/div><\/div><\/div><\/div><\/div><div class=\"vc_col-sm-3 wpb_column vc_column_container\"><div class=\"vc_column-inner\"><div class=\"wpb_wrapper\"><div class=\"w-image us_custom_abd4fa96 align_none\"><div class=\"w-image-h\"><img decoding=\"async\" width=\"990\" height=\"990\" data-src=\"https:\/\/spcsigns.com\/wp-content\/uploads\/2020\/05\/CORPLAST.jpg\" class=\"attachment-large size-large lazyload\" alt=\"\" data-srcset=\"https:\/\/spcsigns.com\/wp-content\/uploads\/2020\/05\/CORPLAST.jpg 1025w, https:\/\/spcsigns.com\/wp-content\/uploads\/2020\/05\/CORPLAST-300x300.jpg 300w, https:\/\/spcsigns.com\/wp-content\/uploads\/2020\/05\/CORPLAST-150x150.jpg 150w\" data-sizes=\"auto, (max-width: 990px) 100vw, 990px\" src=\"data:image\/gif;base64,R0lGODlhAQABAAAAACH5BAEKAAEALAAAAAABAAEAAAICTAEAOw==\" style=\"--smush-placeholder-width: 990px; --smush-placeholder-aspect-ratio: 990\/990;\" \/><\/div><\/div><div class=\"wpb_text_column us_custom_1a5ec151 has_text_color\"><div class=\"wpb_wrapper\"><h3 style=\"text-align: center;\"><strong>Coroplast et panneaux de jardin<\/strong><strong><br \/>\n<\/strong><\/h3>\n<\/div><\/div><div class=\"w-separator us_custom_e78011fc size_small with_line width_50 thick_3 style_solid color_primary align_center\"><div class=\"w-separator-h\"><\/div><\/div><div class=\"wpb_text_column us_custom_cafb92cd\"><div class=\"wpb_wrapper\"><p><span class=\"st\">Coroplast est une feuille de plastique ondul\u00e9e tr\u00e8s durable. Elle est utilis\u00e9e pour les enseignes int\u00e9rieures ou ext\u00e9rieures car elle est l\u00e9g\u00e8re, solide et r\u00e9sistante aux intemp\u00e9ries. Disponible en 6mm, 8mm ou 10mm d&rsquo;\u00e9paisseur, pour des tailles allant jusqu&rsquo;\u00e0 48&Prime;-96&Prime;. Impression sur une face ou sur les deux faces<br \/>\n<\/span><\/p>\n<\/div><\/div><\/div><\/div><\/div><div class=\"vc_col-sm-3 wpb_column vc_column_container\"><div class=\"vc_column-inner\"><div class=\"wpb_wrapper\"><div class=\"w-image us_custom_abd4fa96 align_none\"><div class=\"w-image-h\"><img decoding=\"async\" width=\"990\" height=\"990\" data-src=\"https:\/\/spcsigns.com\/wp-content\/uploads\/2020\/06\/stencils.jpg\" class=\"attachment-large size-large lazyload\" alt=\"\" data-srcset=\"https:\/\/spcsigns.com\/wp-content\/uploads\/2020\/06\/stencils.jpg 1025w, https:\/\/spcsigns.com\/wp-content\/uploads\/2020\/06\/stencils-300x300.jpg 300w, https:\/\/spcsigns.com\/wp-content\/uploads\/2020\/06\/stencils-150x150.jpg 150w\" data-sizes=\"auto, (max-width: 990px) 100vw, 990px\" src=\"data:image\/gif;base64,R0lGODlhAQABAAAAACH5BAEKAAEALAAAAAABAAEAAAICTAEAOw==\" style=\"--smush-placeholder-width: 990px; --smush-placeholder-aspect-ratio: 990\/990;\" \/><\/div><\/div><div class=\"wpb_text_column us_custom_1a5ec151 has_text_color\"><div class=\"wpb_wrapper\"><h3 style=\"text-align: center;\"><strong>Pochoirs de stationnement commercial et<\/p>\n<p><\/strong><\/h3>\n<\/div><\/div><div class=\"w-separator us_custom_e78011fc size_small with_line width_50 thick_3 style_solid color_primary align_center\"><div class=\"w-separator-h\"><\/div><\/div><div class=\"wpb_text_column us_custom_cafb92cd\"><div class=\"wpb_wrapper\"><p>Pochoirs en plastique r\u00e9utilisable de 1\/16&Prime; ou 1\/8&Prime;, faciles \u00e0 nettoyer, tailles jusqu&rsquo;\u00e0 48&Prime;-96&Prime;.&nbsp;  Pochoirs pour logo personnalis\u00e9, pochoirs pour handicap\u00e9s, pochoirs pour chiffres, pochoirs pour lettres, pochoirs pour fl\u00e8ches, pochoirs pour parkings et aires de jeux<\/p>\n<\/div><\/div><\/div><\/div><\/div><div class=\"vc_col-sm-3 wpb_column vc_column_container\"><div class=\"vc_column-inner\"><div class=\"wpb_wrapper\"><div class=\"w-image us_custom_abd4fa96 align_none\"><div class=\"w-image-h\"><img decoding=\"async\" width=\"990\" height=\"990\" data-src=\"https:\/\/spcsigns.com\/wp-content\/uploads\/2020\/05\/dibond-1024x1024.jpg\" class=\"attachment-large size-large lazyload\" alt=\"\" data-srcset=\"https:\/\/spcsigns.com\/wp-content\/uploads\/2020\/05\/dibond-1024x1024.jpg 1024w, https:\/\/spcsigns.com\/wp-content\/uploads\/2020\/05\/dibond-300x300.jpg 300w, https:\/\/spcsigns.com\/wp-content\/uploads\/2020\/05\/dibond-150x150.jpg 150w, https:\/\/spcsigns.com\/wp-content\/uploads\/2020\/05\/dibond.jpg 1026w\" data-sizes=\"auto, (max-width: 990px) 100vw, 990px\" src=\"data:image\/gif;base64,R0lGODlhAQABAAAAACH5BAEKAAEALAAAAAABAAEAAAICTAEAOw==\" style=\"--smush-placeholder-width: 990px; --smush-placeholder-aspect-ratio: 990\/990;\" \/><\/div><\/div><div class=\"wpb_text_column us_custom_1a5ec151 has_text_color\"><div class=\"wpb_wrapper\"><h3 style=\"text-align: center;\"><strong>Panneaux en aluminium composite<br \/>\n<\/strong><\/h3>\n<\/div><\/div><div class=\"w-separator us_custom_e78011fc size_small with_line width_50 thick_3 style_solid color_primary align_center\"><div class=\"w-separator-h\"><\/div><\/div><div class=\"wpb_text_column us_custom_cafb92cd\"><div class=\"wpb_wrapper\"><p>La feuille de mat\u00e9riau composite aluminium est constitu\u00e9e de deux fines couches d&rsquo;aluminium coll\u00e9es de part et d&rsquo;autre d&rsquo;un noyau de poly\u00e9thyl\u00e8ne.&nbsp;  Disponible en couleurs m\u00e9tallis\u00e9es et standard<\/p>\n<\/div><\/div><\/div><\/div><\/div><\/div><div class=\"w-separator size_small with_line width_default thick_1 style_solid color_border align_center\"><div class=\"w-separator-h\"><\/div><\/div><div class=\"g-cols wpb_row via_flex valign_top type_default stacking_default\"><div class=\"vc_col-sm-3 wpb_column vc_column_container\"><div class=\"vc_column-inner\"><div class=\"wpb_wrapper\"><div class=\"w-image us_custom_abd4fa96 align_none\"><a title=\"Vinyl Graphics\" href=\"https:\/\/spcsigns.com\/vinyl-graphics\/\" aria-label=\"MAGNETIC SIGNS\" class=\"w-image-h\"><img decoding=\"async\" width=\"990\" height=\"990\" data-src=\"https:\/\/spcsigns.com\/wp-content\/uploads\/2020\/07\/MAGNETIC-SIGNS-1024x1024.png\" class=\"attachment-large size-large lazyload\" alt=\"\" data-srcset=\"https:\/\/spcsigns.com\/wp-content\/uploads\/2020\/07\/MAGNETIC-SIGNS-1024x1024.png 1024w, https:\/\/spcsigns.com\/wp-content\/uploads\/2020\/07\/MAGNETIC-SIGNS-300x300.png 300w, https:\/\/spcsigns.com\/wp-content\/uploads\/2020\/07\/MAGNETIC-SIGNS-150x150.png 150w, https:\/\/spcsigns.com\/wp-content\/uploads\/2020\/07\/MAGNETIC-SIGNS.png 1026w\" data-sizes=\"auto, (max-width: 990px) 100vw, 990px\" src=\"data:image\/gif;base64,R0lGODlhAQABAAAAACH5BAEKAAEALAAAAAABAAEAAAICTAEAOw==\" style=\"--smush-placeholder-width: 990px; --smush-placeholder-aspect-ratio: 990\/990;\" \/><\/a><\/div><div class=\"wpb_text_column us_custom_1a5ec151 has_text_color\"><div class=\"wpb_wrapper\"><h3 style=\"text-align: center;\"><strong>Panneaux magn\u00e9tiques<br \/>\n<\/strong><\/h3>\n<\/div><\/div><div class=\"w-separator us_custom_e78011fc size_small with_line width_50 thick_3 style_solid color_primary align_center\"><div class=\"w-separator-h\"><\/div><\/div><div class=\"wpb_text_column us_custom_cafb92cd\"><div class=\"wpb_wrapper\"><p>La signalisation magn\u00e9tique peut \u00eatre utilis\u00e9e pour de multiples applications. Pour les voitures, les camions et les camionnettes, la signalisation dans les entrep\u00f4ts ou toute autre application n\u00e9cessitant un panneau magn\u00e9tique. &nbsp;  Nous utilisons du mat\u00e9riel .030 et n&rsquo;importe quel dessin peut \u00eatre imprim\u00e9.<\/p>\n<\/div><\/div><\/div><\/div><\/div><div class=\"vc_col-sm-3 wpb_column vc_column_container\"><div class=\"vc_column-inner\"><div class=\"wpb_wrapper\"><div class=\"w-image us_custom_abd4fa96 align_none\"><div class=\"w-image-h\"><img decoding=\"async\" width=\"990\" height=\"990\" data-src=\"https:\/\/spcsigns.com\/wp-content\/uploads\/2020\/05\/vinyl-graphics.jpg\" class=\"attachment-large size-large lazyload\" alt=\"\" data-srcset=\"https:\/\/spcsigns.com\/wp-content\/uploads\/2020\/05\/vinyl-graphics.jpg 1025w, https:\/\/spcsigns.com\/wp-content\/uploads\/2020\/05\/vinyl-graphics-300x300.jpg 300w, https:\/\/spcsigns.com\/wp-content\/uploads\/2020\/05\/vinyl-graphics-150x150.jpg 150w\" data-sizes=\"auto, (max-width: 990px) 100vw, 990px\" src=\"data:image\/gif;base64,R0lGODlhAQABAAAAACH5BAEKAAEALAAAAAABAAEAAAICTAEAOw==\" style=\"--smush-placeholder-width: 990px; --smush-placeholder-aspect-ratio: 990\/990;\" \/><\/div><\/div><div class=\"wpb_text_column us_custom_1a5ec151 has_text_color\"><div class=\"wpb_wrapper\"><h3 style=\"text-align: center;\"><strong>Fen\u00eatres et murs<br \/>\n<\/strong><strong>Graphiques<\/strong><strong><br \/>\n<\/strong><\/h3>\n<\/div><\/div><div class=\"w-separator us_custom_e78011fc size_small with_line width_50 thick_3 style_solid color_primary align_center\"><div class=\"w-separator-h\"><\/div><\/div><div class=\"wpb_text_column us_custom_cafb92cd\"><div class=\"wpb_wrapper\"><p><span class=\"st\">Int\u00e9rieur ou ext\u00e9rieur, mur, sol, porte et fen\u00eatre, graphismes en vinyle en couleur, vinyle d\u00e9coup\u00e9 de premi\u00e8re qualit\u00e9, vinyle perfor\u00e9 et givr\u00e9 (grav\u00e9).<\/span><\/p>\n<\/div><\/div><\/div><\/div><\/div><div class=\"vc_col-sm-3 wpb_column vc_column_container\"><div class=\"vc_column-inner\"><div class=\"wpb_wrapper\"><div class=\"w-image us_custom_abd4fa96 align_none\"><div class=\"w-image-h\"><img decoding=\"async\" width=\"990\" height=\"1017\" data-src=\"https:\/\/spcsigns.com\/wp-content\/uploads\/2020\/06\/no-smoking-997x1024.jpg\" class=\"attachment-large size-large lazyload\" alt=\"\" data-srcset=\"https:\/\/spcsigns.com\/wp-content\/uploads\/2020\/06\/no-smoking-997x1024.jpg 997w, https:\/\/spcsigns.com\/wp-content\/uploads\/2020\/06\/no-smoking-292x300.jpg 292w, https:\/\/spcsigns.com\/wp-content\/uploads\/2020\/06\/no-smoking.jpg 999w\" data-sizes=\"auto, (max-width: 990px) 100vw, 990px\" src=\"data:image\/gif;base64,R0lGODlhAQABAAAAACH5BAEKAAEALAAAAAABAAEAAAICTAEAOw==\" style=\"--smush-placeholder-width: 990px; --smush-placeholder-aspect-ratio: 990\/1017;\" \/><\/div><\/div><div class=\"wpb_text_column us_custom_1a5ec151 has_text_color\"><div class=\"wpb_wrapper\"><h3 style=\"text-align: center;\"><strong>Interdiction de fumer<br \/>\nInterdiction de vaping<\/strong><\/h3>\n<\/div><\/div><div class=\"w-separator us_custom_e78011fc size_small with_line width_50 thick_3 style_solid color_primary align_center\"><div class=\"w-separator-h\"><\/div><\/div><div class=\"wpb_text_column us_custom_cafb92cd\"><div class=\"wpb_wrapper\"><p>Les panneaux de stationnement et de circulation sont disponibles dans une vari\u00e9t\u00e9 de tailles et de mat\u00e9riaux. Ils sont disponibles avec des coins arrondis et des trous de fixation pr\u00e9-perc\u00e9s, avec une finition r\u00e9fl\u00e9chissante ou en \u00e9mail blanc. Profil\u00e9s m\u00e9talliques en U ou poteaux carr\u00e9s pour le montage.  <\/p>\n<\/div><\/div><\/div><\/div><\/div><div class=\"vc_col-sm-3 wpb_column vc_column_container\"><div class=\"vc_column-inner\"><div class=\"wpb_wrapper\"><div class=\"w-image us_custom_abd4fa96 align_none\"><div class=\"w-image-h\"><img decoding=\"async\" width=\"990\" height=\"990\" data-src=\"https:\/\/spcsigns.com\/wp-content\/uploads\/2020\/06\/sign-bracket-posts.jpg\" class=\"attachment-large size-large lazyload\" alt=\"\" data-srcset=\"https:\/\/spcsigns.com\/wp-content\/uploads\/2020\/06\/sign-bracket-posts.jpg 1024w, https:\/\/spcsigns.com\/wp-content\/uploads\/2020\/06\/sign-bracket-posts-300x300.jpg 300w, https:\/\/spcsigns.com\/wp-content\/uploads\/2020\/06\/sign-bracket-posts-150x150.jpg 150w\" data-sizes=\"auto, (max-width: 990px) 100vw, 990px\" src=\"data:image\/gif;base64,R0lGODlhAQABAAAAACH5BAEKAAEALAAAAAABAAEAAAICTAEAOw==\" style=\"--smush-placeholder-width: 990px; --smush-placeholder-aspect-ratio: 990\/990;\" \/><\/div><\/div><div class=\"wpb_text_column us_custom_1a5ec151 has_text_color\"><div class=\"wpb_wrapper\"><h3 style=\"text-align: center;\"><strong>Poteaux de signalisation et accessoires<br \/>\n<\/strong><\/h3>\n<\/div><\/div><div class=\"w-separator us_custom_e78011fc size_small with_line width_50 thick_3 style_solid color_primary align_center\"><div class=\"w-separator-h\"><\/div><\/div><div class=\"wpb_text_column us_custom_cafb92cd\"><div class=\"wpb_wrapper\"><p>Poteaux carr\u00e9s, poteaux en U, mat\u00e9riel de montage, bases pour montage en surface et bases portables<\/p>\n<p>.<\/p>\n<\/div><\/div><\/div><\/div><\/div><\/div><div class=\"w-separator size_small with_line width_default thick_1 style_solid color_border align_center\"><div class=\"w-separator-h\"><\/div><\/div><\/div><\/div><\/div><\/div><\/div><\/section>\n","protected":false},"excerpt":{"rendered":"&nbsp; SIGNALISATION EXT\u00c9RIEURE POTEAUX ET PANNEAUX \u2502 SIGNALISATION DIMENSIONNELLE \u2502 CIRCULATION ET STATIONNEMENT \u2502 PLAQUES COMM\u00c9MORATIVES \u2502 BANNI\u00c8RES \u2502 GRAPHIQUES EN VINYLE Avec plus de 20 ans d&rsquo;exp\u00e9rience en tant que fabricant de panneaux ext\u00e9rieurs, tels que les panneaux \u00e0 lettres dimensionnelles, les panneaux directionnels, les panneaux de stationnement et d&rsquo;interdiction de stationnement, les panneaux...","protected":false},"author":1,"featured_media":0,"parent":0,"menu_order":0,"comment_status":"closed","ping_status":"closed","template":"","meta":{"ngg_post_thumbnail":0,"footnotes":""},"class_list":["post-3404","page","type-page","status-publish","hentry"],"_links":{"self":[{"href":"https:\/\/spcsigns.com\/fr\/wp-json\/wp\/v2\/pages\/3404","targetHints":{"allow":["GET"]}}],"collection":[{"href":"https:\/\/spcsigns.com\/fr\/wp-json\/wp\/v2\/pages"}],"about":[{"href":"https:\/\/spcsigns.com\/fr\/wp-json\/wp\/v2\/types\/page"}],"author":[{"embeddable":true,"href":"https:\/\/spcsigns.com\/fr\/wp-json\/wp\/v2\/users\/1"}],"replies":[{"embeddable":true,"href":"https:\/\/spcsigns.com\/fr\/wp-json\/wp\/v2\/comments?post=3404"}],"version-history":[{"count":0,"href":"https:\/\/spcsigns.com\/fr\/wp-json\/wp\/v2\/pages\/3404\/revisions"}],"wp:attachment":[{"href":"https:\/\/spcsigns.com\/fr\/wp-json\/wp\/v2\/media?parent=3404"}],"curies":[{"name":"wp","href":"https:\/\/api.w.org\/{rel}","templated":true}]}}