{"id":3403,"date":"2015-01-29T20:30:01","date_gmt":"2015-01-30T00:30:01","guid":{"rendered":"https:\/\/spcsigns.com\/gravure-au-jet-de-sable\/"},"modified":"2015-01-29T20:30:01","modified_gmt":"2015-01-30T00:30:01","slug":"gravure-au-jet-de-sable","status":"publish","type":"page","link":"https:\/\/spcsigns.com\/fr\/gravure-au-jet-de-sable\/","title":{"rendered":"Gravure au jet de sable"},"content":{"rendered":"<p>Nous sommes sp\u00e9cialis\u00e9s dans le gravure au jet de sable (\u00e9galement connu sous le nom de sculpture au sable) du verre, du cristal, du granit et du marbre. Des r\u00e9compenses, de la verrerie et des carafes aux urnes en marbre et en granit, nous sommes sp\u00e9cialis\u00e9s dans le sablage depuis plus de 20 ans. Tous nos travaux de sablage sont effectu\u00e9s en interne afin de vous garantir un d\u00e9lai d&rsquo;ex\u00e9cution rapide.<\/p>\n<p>Le sablage consiste \u00e0 utiliser de l&rsquo;air comprim\u00e9 pour faire passer un jet d&rsquo;abrasif \u00e0 travers une buse et sur le verre afin de graver ou de sculpter un motif. La polyvalence et la sup\u00e9riorit\u00e9 des r\u00e9sultats finaux sont les principales raisons qui motivent le choix de cette m\u00e9thode de marquage. Avec le sablage, vous pouvez obtenir \u00e0 peu pr\u00e8s n&rsquo;importe quel aspect sur n&rsquo;importe quel type de verre, de cristal, de granit ou de marbre.<\/p>\n<p>Il est devenu courant d&rsquo;utiliser uniquement un laser pour personnaliser ces r\u00e9compenses, mais la gravure sur sable permet d&rsquo;obtenir des lignes tr\u00e8s lisses et nettes, car elle ne fracture pas le verre comme d&rsquo;autres m\u00e9thodes de gravure, ce qui peut entra\u00eener des \u00e9clats ou des fissures sur les bords des lignes grav\u00e9es. Si la gravure au laser et la d\u00e9coupe au diamant pr\u00e9sentent toutes deux des avantages, la gravure au laser ne peut pas aller tr\u00e8s loin et la d\u00e9coupe au diamant ne peut pas produire un bord bien d\u00e9fini. Avec le sablage, vous obtenez les deux.<\/p>\nngg_shortcode_0_placeholder<p>Invalid Displayed Gallery<\/p><\/p>\n<p>&nbsp;<\/p>\n","protected":false},"excerpt":{"rendered":"<p>Nous sommes sp\u00e9cialis\u00e9s dans le gravure au jet de sable (\u00e9galement connu sous le nom de sculpture au sable) du verre, du cristal, du granit et du marbre. Des r\u00e9compenses, de la verrerie et des carafes aux urnes en marbre et en granit, nous sommes sp\u00e9cialis\u00e9s dans le sablage depuis plus de 20 ans. Tous&#8230;<\/p>\n","protected":false},"author":1,"featured_media":0,"parent":0,"menu_order":0,"comment_status":"closed","ping_status":"closed","template":"","meta":{"ngg_post_thumbnail":0,"footnotes":""},"class_list":["post-3403","page","type-page","status-publish","hentry"],"_links":{"self":[{"href":"https:\/\/spcsigns.com\/fr\/wp-json\/wp\/v2\/pages\/3403","targetHints":{"allow":["GET"]}}],"collection":[{"href":"https:\/\/spcsigns.com\/fr\/wp-json\/wp\/v2\/pages"}],"about":[{"href":"https:\/\/spcsigns.com\/fr\/wp-json\/wp\/v2\/types\/page"}],"author":[{"embeddable":true,"href":"https:\/\/spcsigns.com\/fr\/wp-json\/wp\/v2\/users\/1"}],"replies":[{"embeddable":true,"href":"https:\/\/spcsigns.com\/fr\/wp-json\/wp\/v2\/comments?post=3403"}],"version-history":[{"count":0,"href":"https:\/\/spcsigns.com\/fr\/wp-json\/wp\/v2\/pages\/3403\/revisions"}],"wp:attachment":[{"href":"https:\/\/spcsigns.com\/fr\/wp-json\/wp\/v2\/media?parent=3403"}],"curies":[{"name":"wp","href":"https:\/\/api.w.org\/{rel}","templated":true}]}}