{"id":3399,"date":"2015-12-17T21:04:49","date_gmt":"2015-12-18T01:04:49","guid":{"rendered":"https:\/\/spcsigns.com\/signalisation-interieure\/"},"modified":"2015-12-17T21:04:49","modified_gmt":"2015-12-18T01:04:49","slug":"signalisation-interieure","status":"publish","type":"page","link":"https:\/\/spcsigns.com\/fr\/signalisation-interieure\/","title":{"rendered":"Signalisation int\u00e9rieure"},"content":{"rendered":"<section class=\"l-section wpb_row height_medium\"><div class=\"l-section-h i-cf\"><div class=\"g-cols vc_row via_flex valign_top type_default stacking_default\"><div class=\"vc_col-sm-12 wpb_column vc_column_container\"><div class=\"vc_column-inner\"><div class=\"wpb_wrapper\"><div class=\"wpb_text_column us_custom_319e6db2 has_text_color\"><div class=\"wpb_wrapper\"><h2><strong>&nbsp;  SIGNALISATION INT\u00c9RIEURE<\/strong><\/h2>\n<\/div><\/div><div class=\"w-image us_custom_df4eb941 align_none\"><div class=\"w-image-h\"><img decoding=\"async\" width=\"990\" height=\"339\" data-src=\"https:\/\/spcsigns.com\/wp-content\/uploads\/2020\/06\/interior-signage-header.png\" class=\"attachment-large size-large lazyload\" alt=\"\" data-srcset=\"https:\/\/spcsigns.com\/wp-content\/uploads\/2020\/06\/interior-signage-header.png 1025w, https:\/\/spcsigns.com\/wp-content\/uploads\/2020\/06\/interior-signage-header-300x103.png 300w\" data-sizes=\"auto, (max-width: 990px) 100vw, 990px\" src=\"data:image\/gif;base64,R0lGODlhAQABAAAAACH5BAEKAAEALAAAAAABAAEAAAICTAEAOw==\" style=\"--smush-placeholder-width: 990px; --smush-placeholder-aspect-ratio: 990\/339;\" \/><\/div><\/div><div class=\"wpb_text_column us_custom_40c103e8 has_text_color\"><div class=\"wpb_wrapper\"><p style=\"text-align: center;\">ADA BRAILLE \u2502 PANNEAUX ACRYLIQUES \u2502 SIGNALISATION DE R\u00c9PERTOIRE \u2502 PANNEAUX DE R\u00c9CEPTION \u2502<\/p>\n<\/div><\/div><div class=\"w-separator size_small\"><\/div><div class=\"g-cols wpb_row via_flex valign_top type_default stacking_default\"><div class=\"vc_col-sm-8 wpb_column vc_column_container\"><div class=\"vc_column-inner\"><div class=\"wpb_wrapper\"><div class=\"wpb_text_column\"><div class=\"wpb_wrapper\"><p>Signalisation int\u00e9rieure personnalis\u00e9e \u00e0 partir d&rsquo;un panneau en acrylique transparent avec supports, signalisation en braille ADA, signalisation dimensionnelle, signalisation de porte, plaques de bureau et plaques de bureau, signalisation de toilettes, signalisation en saillie ou de couloir, signalisation d&rsquo;\u00e9vacuation personnalis\u00e9e et signalisation d&rsquo;orientation. Si vous ne trouvez pas ce que vous cherchez, nous pouvons le fabriquer sur mesure. <\/p>\n<\/div><\/div><div class=\"w-separator size_small\"><\/div><div class=\"w-btn-wrapper align_none\"><a class=\"w-btn us-btn-style_1\" title=\"Contact Us\" href=\"https:\/\/spcsigns.com\/contact-us\/\"><span class=\"w-btn-label\">Contactez nous<\/span><\/a><\/div><\/div><\/div><\/div><div class=\"vc_col-sm-4 wpb_column vc_column_container\"><div class=\"vc_column-inner\"><div class=\"wpb_wrapper\"><div class=\"w-image us_custom_dd23a833 has_height align_none\"><div class=\"w-image-h\"><img decoding=\"async\" width=\"990\" height=\"990\" data-src=\"https:\/\/spcsigns.com\/wp-content\/uploads\/2020\/07\/interior-signage-casa.png\" class=\"attachment-large size-large lazyload\" alt=\"\" data-srcset=\"https:\/\/spcsigns.com\/wp-content\/uploads\/2020\/07\/interior-signage-casa.png 1025w, https:\/\/spcsigns.com\/wp-content\/uploads\/2020\/07\/interior-signage-casa-300x300.png 300w, https:\/\/spcsigns.com\/wp-content\/uploads\/2020\/07\/interior-signage-casa-150x150.png 150w\" data-sizes=\"auto, (max-width: 990px) 100vw, 990px\" src=\"data:image\/gif;base64,R0lGODlhAQABAAAAACH5BAEKAAEALAAAAAABAAEAAAICTAEAOw==\" style=\"--smush-placeholder-width: 990px; --smush-placeholder-aspect-ratio: 990\/990;\" \/><\/div><\/div><\/div><\/div><\/div><\/div><div class=\"w-separator size_small with_line width_default thick_1 style_solid color_border align_center\"><div class=\"w-separator-h\"><\/div><\/div><div class=\"g-cols wpb_row via_flex valign_top type_default stacking_default\"><div class=\"vc_col-sm-3 wpb_column vc_column_container\"><div class=\"vc_column-inner\"><div class=\"wpb_wrapper\"><div class=\"w-image us_custom_d4381338 align_none\"><a title=\"Acrylic Signs\" href=\"https:\/\/spcsigns.com\/interior-signage\/acrylic-signs\/\" aria-label=\"ACRYLIC SIGN\" class=\"w-image-h\"><img decoding=\"async\" width=\"990\" height=\"990\" data-src=\"https:\/\/spcsigns.com\/wp-content\/uploads\/2020\/07\/ACRYLIC-SIGN.png\" class=\"attachment-large size-large lazyload\" alt=\"\" data-srcset=\"https:\/\/spcsigns.com\/wp-content\/uploads\/2020\/07\/ACRYLIC-SIGN.png 1025w, https:\/\/spcsigns.com\/wp-content\/uploads\/2020\/07\/ACRYLIC-SIGN-300x300.png 300w, https:\/\/spcsigns.com\/wp-content\/uploads\/2020\/07\/ACRYLIC-SIGN-150x150.png 150w\" data-sizes=\"auto, (max-width: 990px) 100vw, 990px\" src=\"data:image\/gif;base64,R0lGODlhAQABAAAAACH5BAEKAAEALAAAAAABAAEAAAICTAEAOw==\" style=\"--smush-placeholder-width: 990px; --smush-placeholder-aspect-ratio: 990\/990;\" \/><\/a><\/div><div class=\"wpb_text_column us_custom_1a5ec151 has_text_color\"><div class=\"wpb_wrapper\"><h3 style=\"text-align: center;\"><strong>Panneaux en acrylique<br \/>\n<\/strong><\/h3>\n<\/div><\/div><div class=\"w-separator us_custom_c2f20314 size_small with_line width_50 thick_3 style_solid color_primary align_center\"><div class=\"w-separator-h\"><\/div><\/div><div class=\"wpb_text_column us_custom_477ec717\"><div class=\"wpb_wrapper\"><p>Panneaux en acrylique, transparents, grav\u00e9s ou de n&rsquo;importe quelle couleur, avec des supports ou des capuchons et des entretoises. Toutes les tailles, \u00e9paisseurs, coins ronds ou carr\u00e9s ou coup\u00e9s sur mesure selon vos sp\u00e9cifications. Nous pouvons vinyliser, imprimer directement ou laminer n&rsquo;importe quelle image, texte ou logo.  <\/p>\n<\/div><\/div><\/div><\/div><\/div><div class=\"vc_col-sm-3 wpb_column vc_column_container\"><div class=\"vc_column-inner\"><div class=\"wpb_wrapper\"><div class=\"w-image us_custom_88631f23 align_none\"><a title=\"Dimensional Letters\" href=\"https:\/\/spcsigns.com\/exterior-signage\/dimensional-letters\/\" aria-label=\"nestle\" class=\"w-image-h\"><img decoding=\"async\" width=\"990\" height=\"990\" data-src=\"https:\/\/spcsigns.com\/wp-content\/uploads\/2020\/06\/nestle-1024x1024.jpg\" class=\"attachment-large size-large lazyload\" alt=\"\" data-srcset=\"https:\/\/spcsigns.com\/wp-content\/uploads\/2020\/06\/nestle-1024x1024.jpg 1024w, https:\/\/spcsigns.com\/wp-content\/uploads\/2020\/06\/nestle-300x300.jpg 300w, https:\/\/spcsigns.com\/wp-content\/uploads\/2020\/06\/nestle-150x150.jpg 150w, https:\/\/spcsigns.com\/wp-content\/uploads\/2020\/06\/nestle.jpg 1026w\" data-sizes=\"auto, (max-width: 990px) 100vw, 990px\" src=\"data:image\/gif;base64,R0lGODlhAQABAAAAACH5BAEKAAEALAAAAAABAAEAAAICTAEAOw==\" style=\"--smush-placeholder-width: 990px; --smush-placeholder-aspect-ratio: 990\/990;\" \/><\/a><\/div><div class=\"wpb_text_column us_custom_1a5ec151 has_text_color\"><div class=\"wpb_wrapper\"><h3 style=\"text-align: center;\"><strong>Dimensionnel<\/strong><br \/>\n<strong>Signalisation<\/strong><\/h3>\n<\/div><\/div><div class=\"w-separator us_custom_c2f20314 size_small with_line width_50 thick_3 style_solid color_primary align_center\"><div class=\"w-separator-h\"><\/div><\/div><div class=\"wpb_text_column us_custom_477ec717\"><div class=\"wpb_wrapper\"><p>Lettrage et logos personnalis\u00e9s en laiton, bronze, aluminium, acier inoxydable, plastique acrylique et finitions stratifi\u00e9es. Peintures personnalis\u00e9es avec des goupilles arri\u00e8re et des entretoises ou avec du ruban adh\u00e9sif double face. <\/p>\n<\/div><\/div><\/div><\/div><\/div><div class=\"vc_col-sm-3 wpb_column vc_column_container\"><div class=\"vc_column-inner\"><div class=\"wpb_wrapper\"><div class=\"w-image us_custom_88631f23 align_none\"><a title=\"ADA Signage\" href=\"https:\/\/spcsigns.com\/interior-signage\/ada-signage\/\" aria-label=\"ada sign\" class=\"w-image-h\"><img decoding=\"async\" width=\"990\" height=\"990\" data-src=\"https:\/\/spcsigns.com\/wp-content\/uploads\/2020\/07\/ada-sign.png\" class=\"attachment-large size-large lazyload\" alt=\"\" data-srcset=\"https:\/\/spcsigns.com\/wp-content\/uploads\/2020\/07\/ada-sign.png 1025w, https:\/\/spcsigns.com\/wp-content\/uploads\/2020\/07\/ada-sign-300x300.png 300w, https:\/\/spcsigns.com\/wp-content\/uploads\/2020\/07\/ada-sign-150x150.png 150w\" data-sizes=\"auto, (max-width: 990px) 100vw, 990px\" src=\"data:image\/gif;base64,R0lGODlhAQABAAAAACH5BAEKAAEALAAAAAABAAEAAAICTAEAOw==\" style=\"--smush-placeholder-width: 990px; --smush-placeholder-aspect-ratio: 990\/990;\" \/><\/a><\/div><div class=\"wpb_text_column us_custom_1a5ec151 has_text_color\"><div class=\"wpb_wrapper\"><h3 style=\"text-align: center;\"><strong>ADA Braille<br \/>\n<\/strong><\/h3>\n<\/div><\/div><div class=\"w-separator us_custom_c2f20314 size_small with_line width_50 thick_3 style_solid color_primary align_center\"><div class=\"w-separator-h\"><\/div><\/div><div class=\"wpb_text_column us_custom_477ec717\"><div class=\"wpb_wrapper\"><p>Signalisation Ada (braille) pour les h\u00f4tels, les appartements, les copropri\u00e9t\u00e9s et les b\u00e2timents commerciaux. Nous r\u00e9pondons \u00e0 toutes les exigences gouvernementales et r\u00e9glementaires en utilisant du braille de grade 2. <\/p>\n<\/div><\/div><\/div><\/div><\/div><div class=\"vc_col-sm-3 wpb_column vc_column_container\"><div class=\"vc_column-inner\"><div class=\"wpb_wrapper\"><div class=\"w-image us_custom_88631f23 align_none\"><a title=\"Directional Signage\" href=\"https:\/\/spcsigns.com\/interior-signage\/directional-signage\/\" aria-label=\"directional sign\" class=\"w-image-h\"><img decoding=\"async\" width=\"990\" height=\"990\" data-src=\"https:\/\/spcsigns.com\/wp-content\/uploads\/2020\/07\/directional-sign.png\" class=\"attachment-large size-large lazyload\" alt=\"\" data-srcset=\"https:\/\/spcsigns.com\/wp-content\/uploads\/2020\/07\/directional-sign.png 1025w, https:\/\/spcsigns.com\/wp-content\/uploads\/2020\/07\/directional-sign-300x300.png 300w, https:\/\/spcsigns.com\/wp-content\/uploads\/2020\/07\/directional-sign-150x150.png 150w\" data-sizes=\"auto, (max-width: 990px) 100vw, 990px\" src=\"data:image\/gif;base64,R0lGODlhAQABAAAAACH5BAEKAAEALAAAAAABAAEAAAICTAEAOw==\" style=\"--smush-placeholder-width: 990px; --smush-placeholder-aspect-ratio: 990\/990;\" \/><\/a><\/div><div class=\"wpb_text_column us_custom_1a5ec151 has_text_color\"><div class=\"wpb_wrapper\"><h3 style=\"text-align: center;\"><strong>Signalisation directionnelle<\/p>\n<p><\/strong><\/h3>\n<\/div><\/div><div class=\"w-separator us_custom_c2f20314 size_small with_line width_50 thick_3 style_solid color_primary align_center\"><div class=\"w-separator-h\"><\/div><\/div><div class=\"wpb_text_column us_custom_477ec717\"><div class=\"wpb_wrapper\"><p>La signalisation directionnelle est principalement utilis\u00e9e dans les immeubles de bureaux, les h\u00f4pitaux, les b\u00e2timents municipaux, les parkings et les aires de stationnement.<\/p>\n<\/div><\/div><\/div><\/div><\/div><\/div><div class=\"g-cols wpb_row via_flex valign_top type_default stacking_default\"><div class=\"vc_col-sm-3 wpb_column vc_column_container\"><div class=\"vc_column-inner\"><div class=\"wpb_wrapper\"><div class=\"w-image us_custom_d4381338 align_none\"><a title=\"EVACUATION MAP SIGNS\" href=\"https:\/\/spcsigns.com\/interior-signage\/evacuation-map-signs\/\" aria-label=\"evac-3\" class=\"w-image-h\"><img decoding=\"async\" width=\"990\" height=\"990\" data-src=\"https:\/\/spcsigns.com\/wp-content\/uploads\/2020\/07\/evac-3.png\" class=\"attachment-large size-large lazyload\" alt=\"\" data-srcset=\"https:\/\/spcsigns.com\/wp-content\/uploads\/2020\/07\/evac-3.png 1025w, https:\/\/spcsigns.com\/wp-content\/uploads\/2020\/07\/evac-3-300x300.png 300w, https:\/\/spcsigns.com\/wp-content\/uploads\/2020\/07\/evac-3-150x150.png 150w\" data-sizes=\"auto, (max-width: 990px) 100vw, 990px\" src=\"data:image\/gif;base64,R0lGODlhAQABAAAAACH5BAEKAAEALAAAAAABAAEAAAICTAEAOw==\" style=\"--smush-placeholder-width: 990px; --smush-placeholder-aspect-ratio: 990\/990;\" \/><\/a><\/div><div class=\"wpb_text_column us_custom_1a5ec151 has_text_color\"><div class=\"wpb_wrapper\"><h3 style=\"text-align: center;\"><strong>Plan d&rsquo;\u00e9vacuation<\/strong><\/h3>\n<\/div><\/div><div class=\"w-separator us_custom_c2f20314 size_small with_line width_50 thick_3 style_solid color_primary align_center\"><div class=\"w-separator-h\"><\/div><\/div><div class=\"wpb_text_column us_custom_477ec717\"><div class=\"wpb_wrapper\"><p>Plan d&rsquo;\u00e9vacuation personnalis\u00e9es en acrylique, plastique pvc-sintra, aluminium bross\u00e9 ou composite d&rsquo;aluminium blanc. Dimensions personnalis\u00e9es ou standard, avec trous ou ruban adh\u00e9sif double face de 3 m au dos. <\/p>\n<\/div><\/div><\/div><\/div><\/div><div class=\"vc_col-sm-3 wpb_column vc_column_container\"><div class=\"vc_column-inner\"><div class=\"wpb_wrapper\"><div class=\"w-image us_custom_88631f23 align_none\"><div class=\"w-image-h\"><img decoding=\"async\" width=\"990\" height=\"990\" data-src=\"https:\/\/spcsigns.com\/wp-content\/uploads\/2020\/07\/nameplates-deskplates.png\" class=\"attachment-large size-large lazyload\" alt=\"\" data-srcset=\"https:\/\/spcsigns.com\/wp-content\/uploads\/2020\/07\/nameplates-deskplates.png 1025w, https:\/\/spcsigns.com\/wp-content\/uploads\/2020\/07\/nameplates-deskplates-300x300.png 300w, https:\/\/spcsigns.com\/wp-content\/uploads\/2020\/07\/nameplates-deskplates-150x150.png 150w\" data-sizes=\"auto, (max-width: 990px) 100vw, 990px\" src=\"data:image\/gif;base64,R0lGODlhAQABAAAAACH5BAEKAAEALAAAAAABAAEAAAICTAEAOw==\" style=\"--smush-placeholder-width: 990px; --smush-placeholder-aspect-ratio: 990\/990;\" \/><\/div><\/div><div class=\"wpb_text_column us_custom_1a5ec151 has_text_color\"><div class=\"wpb_wrapper\"><h3 style=\"text-align: center;\"><strong>Plaques signal\u00e9tiques<br \/>\nPlaques de bureau<\/strong><\/h3>\n<\/div><\/div><div class=\"w-separator us_custom_c2f20314 size_small with_line width_50 thick_3 style_solid color_primary align_center\"><div class=\"w-separator-h\"><\/div><\/div><div class=\"wpb_text_column us_custom_477ec717\"><div class=\"wpb_wrapper\"><p>Plaques nominatives standard ou personnalis\u00e9es, plaques de bureau, plaques de bureau et plaques murales. Disponibles en plusieurs couleurs, options et tailles. <\/p>\n<\/div><\/div><\/div><\/div><\/div><div class=\"vc_col-sm-3 wpb_column vc_column_container\"><div class=\"vc_column-inner\"><div class=\"wpb_wrapper\"><div class=\"w-image us_custom_88631f23 align_none\"><div class=\"w-image-h\"><img decoding=\"async\" width=\"990\" height=\"990\" data-src=\"https:\/\/spcsigns.com\/wp-content\/uploads\/2020\/07\/RESTROOM.png\" class=\"attachment-large size-large lazyload\" alt=\"\" data-srcset=\"https:\/\/spcsigns.com\/wp-content\/uploads\/2020\/07\/RESTROOM.png 1025w, https:\/\/spcsigns.com\/wp-content\/uploads\/2020\/07\/RESTROOM-300x300.png 300w, https:\/\/spcsigns.com\/wp-content\/uploads\/2020\/07\/RESTROOM-150x150.png 150w\" data-sizes=\"auto, (max-width: 990px) 100vw, 990px\" src=\"data:image\/gif;base64,R0lGODlhAQABAAAAACH5BAEKAAEALAAAAAABAAEAAAICTAEAOw==\" style=\"--smush-placeholder-width: 990px; --smush-placeholder-aspect-ratio: 990\/990;\" \/><\/div><\/div><div class=\"wpb_text_column us_custom_1a5ec151 has_text_color\"><div class=\"wpb_wrapper\"><h3 style=\"text-align: center;\"><strong>Enseigne de Toilettes<\/p>\n<p><\/strong><\/h3>\n<\/div><\/div><div class=\"w-separator us_custom_c2f20314 size_small with_line width_50 thick_3 style_solid color_primary align_center\"><div class=\"w-separator-h\"><\/div><\/div><div class=\"wpb_text_column us_custom_477ec717\"><div class=\"wpb_wrapper\"><p>Signalisation standard ou personnalis\u00e9e des toilettes dans de nombreuses finitions, styles et couleurs. Formes carr\u00e9es, rectangulaires, rondes, en losange ou personnalis\u00e9es. <\/p>\n<\/div><\/div><\/div><\/div><\/div><div class=\"vc_col-sm-3 wpb_column vc_column_container\"><div class=\"vc_column-inner\"><div class=\"wpb_wrapper\"><div class=\"w-image us_custom_88631f23 align_none\"><div class=\"w-image-h\"><img decoding=\"async\" width=\"990\" height=\"990\" data-src=\"https:\/\/spcsigns.com\/wp-content\/uploads\/2020\/07\/corridor.png\" class=\"attachment-large size-large lazyload\" alt=\"\" data-srcset=\"https:\/\/spcsigns.com\/wp-content\/uploads\/2020\/07\/corridor.png 1025w, https:\/\/spcsigns.com\/wp-content\/uploads\/2020\/07\/corridor-300x300.png 300w, https:\/\/spcsigns.com\/wp-content\/uploads\/2020\/07\/corridor-150x150.png 150w\" data-sizes=\"auto, (max-width: 990px) 100vw, 990px\" src=\"data:image\/gif;base64,R0lGODlhAQABAAAAACH5BAEKAAEALAAAAAABAAEAAAICTAEAOw==\" style=\"--smush-placeholder-width: 990px; --smush-placeholder-aspect-ratio: 990\/990;\" \/><\/div><\/div><div class=\"wpb_text_column us_custom_1a5ec151 has_text_color\"><div class=\"wpb_wrapper\"><h3 style=\"text-align: center;\"><strong>Enseignes de couloir<br \/>\n<\/strong><\/h3>\n<\/div><\/div><div class=\"w-separator us_custom_c2f20314 size_small with_line width_50 thick_3 style_solid color_primary align_center\"><div class=\"w-separator-h\"><\/div><\/div><div class=\"wpb_text_column us_custom_477ec717\"><div class=\"wpb_wrapper\"><p>Panneaux \u00e0 double face qui peuvent \u00eatre lus des deux c\u00f4t\u00e9s. Disponibles en diff\u00e9rentes couleurs et tailles. <\/p>\n<\/div><\/div><\/div><\/div><\/div><\/div><\/div><\/div><\/div><\/div><\/div><\/section>\n","protected":false},"excerpt":{"rendered":"&nbsp; SIGNALISATION INT\u00c9RIEURE ADA BRAILLE \u2502 PANNEAUX ACRYLIQUES \u2502 SIGNALISATION DE R\u00c9PERTOIRE \u2502 PANNEAUX DE R\u00c9CEPTION \u2502 Signalisation int\u00e9rieure personnalis\u00e9e \u00e0 partir d&rsquo;un panneau en acrylique transparent avec supports, signalisation en braille ADA, signalisation dimensionnelle, signalisation de porte, plaques de bureau et plaques de bureau, signalisation de toilettes, signalisation en saillie ou de couloir, signalisation...","protected":false},"author":1,"featured_media":0,"parent":0,"menu_order":0,"comment_status":"closed","ping_status":"closed","template":"","meta":{"ngg_post_thumbnail":0,"footnotes":""},"class_list":["post-3399","page","type-page","status-publish","hentry"],"_links":{"self":[{"href":"https:\/\/spcsigns.com\/fr\/wp-json\/wp\/v2\/pages\/3399","targetHints":{"allow":["GET"]}}],"collection":[{"href":"https:\/\/spcsigns.com\/fr\/wp-json\/wp\/v2\/pages"}],"about":[{"href":"https:\/\/spcsigns.com\/fr\/wp-json\/wp\/v2\/types\/page"}],"author":[{"embeddable":true,"href":"https:\/\/spcsigns.com\/fr\/wp-json\/wp\/v2\/users\/1"}],"replies":[{"embeddable":true,"href":"https:\/\/spcsigns.com\/fr\/wp-json\/wp\/v2\/comments?post=3399"}],"version-history":[{"count":0,"href":"https:\/\/spcsigns.com\/fr\/wp-json\/wp\/v2\/pages\/3399\/revisions"}],"wp:attachment":[{"href":"https:\/\/spcsigns.com\/fr\/wp-json\/wp\/v2\/media?parent=3399"}],"curies":[{"name":"wp","href":"https:\/\/api.w.org\/{rel}","templated":true}]}}