{"id":3397,"date":"2020-06-06T15:18:11","date_gmt":"2020-06-06T19:18:11","guid":{"rendered":"https:\/\/spcsigns.com\/lettres-en-aluminium\/"},"modified":"2025-05-17T13:45:56","modified_gmt":"2025-05-17T17:45:56","slug":"lettres-en-aluminium","status":"publish","type":"page","link":"https:\/\/spcsigns.com\/fr\/signalisation-exterieure\/lettres-dimensionnelles\/lettres-en-aluminium\/","title":{"rendered":"Lettres en aluminium"},"content":{"rendered":"<section class=\"l-section wpb_row height_medium\"><div class=\"l-section-h i-cf\"><div class=\"g-cols vc_row via_flex valign_top type_default stacking_default\"><div class=\"vc_col-sm-12 wpb_column vc_column_container\"><div class=\"vc_column-inner\"><div class=\"wpb_wrapper\"><div class=\"wpb_text_column us_custom_308a82b2 has_text_color\"><div class=\"wpb_wrapper\"><h2>&nbsp;Lettres et logos en aluminium<\/h2>\n<\/div><\/div><div class=\"w-image us_custom_168f3546 align_none\"><div class=\"w-image-h\"><img decoding=\"async\" width=\"990\" height=\"339\" data-src=\"https:\/\/spcsigns.com\/wp-content\/uploads\/2020\/06\/dimensional-sign.jpg\" class=\"attachment-large size-large lazyload\" alt=\"\" data-srcset=\"https:\/\/spcsigns.com\/wp-content\/uploads\/2020\/06\/dimensional-sign.jpg 1025w, https:\/\/spcsigns.com\/wp-content\/uploads\/2020\/06\/dimensional-sign-300x103.jpg 300w\" data-sizes=\"auto, (max-width: 990px) 100vw, 990px\" src=\"data:image\/gif;base64,R0lGODlhAQABAAAAACH5BAEKAAEALAAAAAABAAEAAAICTAEAOw==\" style=\"--smush-placeholder-width: 990px; --smush-placeholder-aspect-ratio: 990\/339;\" \/><\/div><\/div><div class=\"wpb_text_column us_custom_e66236f2\"><div class=\"wpb_wrapper\"><\/div><\/div><div class=\"w-separator size_small\"><\/div><div class=\"g-cols wpb_row via_flex valign_top type_default stacking_default\"><div class=\"vc_col-sm-8 wpb_column vc_column_container\"><div class=\"vc_column-inner\"><div class=\"wpb_wrapper\"><div class=\"wpb_text_column\"><div class=\"wpb_wrapper\"><h2><strong><span style=\"color: #000080;\">Lettres et logos en aluminium<\/span><\/strong><br \/>\n<strong><span style=\"color: #000080;\">Coul\u00e9 ou coup\u00e9 sur mesure<\/span><\/strong><\/h2>\n<\/div><\/div><div class=\"wpb_text_column\"><div class=\"wpb_wrapper\"><p>Pour la signalisation dimensionnelle, les lettres en aluminium sont les plus populaires en raison de leur durabilit\u00e9 et de leur prix. Les lettres en aluminium peuvent \u00eatre utilis\u00e9es \u00e0 l&rsquo;int\u00e9rieur et \u00e0 l&rsquo;ext\u00e9rieur, elles sont r\u00e9sistantes \u00e0 la rouille et dureront toute une vie. &nbsp;<\/p>\n<\/div><\/div><div class=\"wpb_text_column\"><div class=\"wpb_wrapper\"><h4>Options de lettres et de logos en aluminium<\/h4>\n<\/div><\/div><div class=\"wpb_text_column\"><div class=\"wpb_wrapper\"><ul>\n<li>Tailles de 1\/2&Prime; \u00e0 48&Prime; de hauteur.<\/li>\n<li>De 1\/8&Prime; \u00e0 1&Prime; d&rsquo;\u00e9paisseur.<\/li>\n<li>Finitions : Standard bross\u00e9 satin\u00e9 (le plus populaire), poli, anodis\u00e9 et peint.<\/li>\n<li>Couleurs de peinture standard ou couleurs pms personnalis\u00e9es.<\/li>\n<li>Les options de montage comprennent l&rsquo;adh\u00e9sif (coll\u00e9) pour les petites lettres, l&rsquo;\u00e9pinglage arri\u00e8re (clout\u00e9) pour les lettres de 2 pouces et plus, l&rsquo;encastrement (\u00e0 plat sur le mur) ou les entretoises (pour un aspect sur\u00e9lev\u00e9).<\/li>\n<li>Fournis avec un template de montage pour l&rsquo;installation par le client ou nous pouvons les installer pour vous.<\/li>\n<\/ul>\n<p>&nbsp;<\/p>\n<\/div><\/div><\/div><\/div><\/div><div class=\"vc_col-sm-4 wpb_column vc_column_container\"><div class=\"vc_column-inner\"><div class=\"wpb_wrapper\"><div class=\"wpb_text_column us_custom_fcfb512a has_text_color\"><div class=\"wpb_wrapper\"><h3 style=\"text-align: center;\">Contactez-nous pour plus d&rsquo;informations<\/h3>\n<\/div><\/div><form class=\"w-form  us-field-style_1 layout_ver for_cform us_form_1\" autocomplete=\"off\" action=\"https:\/\/spcsigns.com\/fr\/wp-json\/wp\/v2\/pages\/3397\" method=\"post\"><div class=\"w-form-h\"><div class=\"w-form-row for_text\">\r\n\t\t<div class=\"w-form-row-field\">\r\n\t\t\t\t\t\t<input aria-label=\"Name\" type=\"text\" name=\"us_form_1_text_1\" value placeholder=\"Name\"\/>\r\n\t\t\t<\/div>\r\n\t\t<div class=\"w-form-row-state\">Vous devez remplir ce champ<\/div>\r\n<\/div>\r\n<div class=\"w-form-row for_email\">\r\n\t\t<div class=\"w-form-row-field\">\r\n\t\t\t\t\t\t<input aria-label=\"Email\" type=\"email\" name=\"us_form_1_email_1\" value placeholder=\"Email\"\/>\r\n\t\t\t<\/div>\r\n\t\t<div class=\"w-form-row-state\">Veuillez saisir une adresse e-mail valide.<\/div>\r\n<\/div>\r\n<div class=\"w-form-row for_textarea\">\r\n\t\t<div class=\"w-form-row-field\">\r\n\t\t\t\t\t\t<textarea aria-label=\"Text\" name=\"us_form_1_textarea_1\" placeholder=\"Text\"><\/textarea>\r\n\t\t\t<\/div>\r\n\t\t<div class=\"w-form-row-state\">Vous devez remplir ce champ<\/div>\r\n<\/div>\r\n<input type=\"hidden\" name=\"action\" value=\"us_ajax_cform\" \/>\r\n<input type=\"hidden\" name=\"post_id\" value=\"0\" \/>\r\n<input type=\"hidden\" name=\"form_index\" value=\"1\" \/>\r\n<div class=\"w-form-row for_submit align_none\">\r\n\t<button class=\"w-btn  us-btn-style_1\" aria-label=\"Envoyer\" type=\"submit\">\r\n\t\t<span class=\"g-preloader type_1\"><\/span>\r\n\t\t\t\t<span class=\"w-btn-label\">Envoyer<\/span>\r\n\t\t\t<\/button>\r\n\t<\/div>\r\n<\/div><div class=\"w-form-message\"><\/div><div class=\"w-form-json hidden\" onclick='return {&quot;ajaxurl&quot;:&quot;https:\\\/\\\/spcsigns.com\\\/wp-admin\\\/admin-ajax.php&quot;,&quot;messages&quot;:{&quot;err_empty&quot;:&quot;Vous devez remplir ce champ&quot;,&quot;err_size&quot;:&quot;La taille du fichier ne peut pas d\\u00e9passer %s Mo&quot;,&quot;err_extension&quot;:&quot;Le type de fichier %s n&#039;est pas autoris\\u00e9&quot;,&quot;err_recaptcha_keys&quot;:&quot;Les cl\\u00e9s reCAPTCHA sont incorrectes&quot;}}'><\/div><\/form><\/div><\/div><\/div><\/div><div class=\"wpb_text_column\"><div class=\"wpb_wrapper\"><h3>M\u00e9thodes d&rsquo;installation<\/h3>\n<\/div><\/div><div class=\"g-cols wpb_row via_flex valign_top type_default stacking_default\"><div class=\"vc_col-sm-3 wpb_column vc_column_container\"><div class=\"vc_column-inner\"><div class=\"wpb_wrapper\"><div class=\"w-image align_none\"><div class=\"w-image-h\"><img decoding=\"async\" width=\"990\" height=\"990\" data-src=\"https:\/\/spcsigns.com\/wp-content\/uploads\/2020\/06\/metal-studmount.jpg\" class=\"attachment-large size-large lazyload\" alt=\"\" data-srcset=\"https:\/\/spcsigns.com\/wp-content\/uploads\/2020\/06\/metal-studmount.jpg 1025w, https:\/\/spcsigns.com\/wp-content\/uploads\/2020\/06\/metal-studmount-300x300.jpg 300w, https:\/\/spcsigns.com\/wp-content\/uploads\/2020\/06\/metal-studmount-150x150.jpg 150w\" data-sizes=\"auto, (max-width: 990px) 100vw, 990px\" src=\"data:image\/gif;base64,R0lGODlhAQABAAAAACH5BAEKAAEALAAAAAABAAEAAAICTAEAOw==\" style=\"--smush-placeholder-width: 990px; --smush-placeholder-aspect-ratio: 990\/990;\" \/><\/div><\/div><\/div><\/div><\/div><div class=\"vc_col-sm-3 wpb_column vc_column_container\"><div class=\"vc_column-inner\"><div class=\"wpb_wrapper\"><div class=\"wpb_text_column\"><div class=\"wpb_wrapper\"><h4><strong>Montage sur goujon<\/strong><\/h4>\n<\/div><\/div><div class=\"wpb_text_column\"><div class=\"wpb_wrapper\"><p>Le dos des lettres et des logos, d&rsquo;une \u00e9paisseur d&rsquo;au moins \u00bc\u00a0\u00bb, est perc\u00e9 et taraud\u00e9 pour recevoir des goujons filet\u00e9s, en vue d&rsquo;une fixation au mur.<\/p>\n<\/div><\/div><\/div><\/div><\/div><div class=\"vc_col-sm-3 wpb_column vc_column_container\"><div class=\"vc_column-inner\"><div class=\"wpb_wrapper\"><div class=\"w-image align_none\"><div class=\"w-image-h\"><img decoding=\"async\" width=\"990\" height=\"990\" data-src=\"https:\/\/spcsigns.com\/wp-content\/uploads\/2020\/06\/top-stud.jpg\" class=\"attachment-large size-large lazyload\" alt=\"\" data-srcset=\"https:\/\/spcsigns.com\/wp-content\/uploads\/2020\/06\/top-stud.jpg 1025w, https:\/\/spcsigns.com\/wp-content\/uploads\/2020\/06\/top-stud-300x300.jpg 300w, https:\/\/spcsigns.com\/wp-content\/uploads\/2020\/06\/top-stud-150x150.jpg 150w\" data-sizes=\"auto, (max-width: 990px) 100vw, 990px\" src=\"data:image\/gif;base64,R0lGODlhAQABAAAAACH5BAEKAAEALAAAAAABAAEAAAICTAEAOw==\" style=\"--smush-placeholder-width: 990px; --smush-placeholder-aspect-ratio: 990\/990;\" \/><\/div><\/div><\/div><\/div><\/div><div class=\"vc_col-sm-3 wpb_column vc_column_container\"><div class=\"vc_column-inner\"><div class=\"wpb_wrapper\"><div class=\"wpb_text_column\"><div class=\"wpb_wrapper\"><h4><strong>Montage sur goujon inf\u00e9rieur ou sup\u00e9rieur<\/strong><\/h4>\n<\/div><\/div><div class=\"wpb_text_column\"><div class=\"wpb_wrapper\"><p>Les retours inf\u00e9rieurs ou sup\u00e9rieurs des lettres et logos, d&rsquo;une \u00e9paisseur minimale de 3\/8&Prime;, sont perc\u00e9s et taraud\u00e9s pour recevoir des goujons filet\u00e9s.<\/p>\n<\/div><\/div><\/div><\/div><\/div><\/div><div class=\"w-separator size_small\"><\/div><div class=\"g-cols wpb_row via_flex valign_top type_default stacking_default\"><div class=\"vc_col-sm-3 wpb_column vc_column_container\"><div class=\"vc_column-inner\"><div class=\"wpb_wrapper\"><div class=\"w-image align_none\"><div class=\"w-image-h\"><img decoding=\"async\" width=\"990\" height=\"990\" data-src=\"https:\/\/spcsigns.com\/wp-content\/uploads\/2020\/06\/metal-rail-mount-1024x1024.jpg\" class=\"attachment-large size-large lazyload\" alt=\"\" data-srcset=\"https:\/\/spcsigns.com\/wp-content\/uploads\/2020\/06\/metal-rail-mount-1024x1024.jpg 1024w, https:\/\/spcsigns.com\/wp-content\/uploads\/2020\/06\/metal-rail-mount-300x300.jpg 300w, https:\/\/spcsigns.com\/wp-content\/uploads\/2020\/06\/metal-rail-mount-150x150.jpg 150w, https:\/\/spcsigns.com\/wp-content\/uploads\/2020\/06\/metal-rail-mount.jpg 1026w\" data-sizes=\"auto, (max-width: 990px) 100vw, 990px\" src=\"data:image\/gif;base64,R0lGODlhAQABAAAAACH5BAEKAAEALAAAAAABAAEAAAICTAEAOw==\" style=\"--smush-placeholder-width: 990px; --smush-placeholder-aspect-ratio: 990\/990;\" \/><\/div><\/div><\/div><\/div><\/div><div class=\"vc_col-sm-3 wpb_column vc_column_container\"><div class=\"vc_column-inner\"><div class=\"wpb_wrapper\"><div class=\"wpb_text_column\"><div class=\"wpb_wrapper\"><h4><strong>Montage sur rail Simple ou double<br \/>\n<\/strong><\/h4>\n<\/div><\/div><div class=\"wpb_text_column\"><div class=\"wpb_wrapper\"><p>Le dos des lettres et des logos, d&rsquo;une \u00e9paisseur d&rsquo;au moins \u00bc\u00a0\u00bb, est perc\u00e9 et taraud\u00e9 pour recevoir des vis destin\u00e9es \u00e0 fixer les lettres sur des rails m\u00e9talliques horizontaux (barres ou profil\u00e9s en C) &#8211; pour le montage au mur.<\/p>\n<\/div><\/div><\/div><\/div><\/div><div class=\"vc_col-sm-3 wpb_column vc_column_container\"><div class=\"vc_column-inner\"><div class=\"wpb_wrapper\"><div class=\"w-image align_none\"><div class=\"w-image-h\"><img decoding=\"async\" width=\"990\" height=\"990\" data-src=\"https:\/\/spcsigns.com\/wp-content\/uploads\/2020\/06\/pattern.jpg\" class=\"attachment-large size-large lazyload\" alt=\"\" data-srcset=\"https:\/\/spcsigns.com\/wp-content\/uploads\/2020\/06\/pattern.jpg 1025w, https:\/\/spcsigns.com\/wp-content\/uploads\/2020\/06\/pattern-300x300.jpg 300w, https:\/\/spcsigns.com\/wp-content\/uploads\/2020\/06\/pattern-150x150.jpg 150w\" data-sizes=\"auto, (max-width: 990px) 100vw, 990px\" src=\"data:image\/gif;base64,R0lGODlhAQABAAAAACH5BAEKAAEALAAAAAABAAEAAAICTAEAOw==\" style=\"--smush-placeholder-width: 990px; --smush-placeholder-aspect-ratio: 990\/990;\" \/><\/div><\/div><\/div><\/div><\/div><div class=\"vc_col-sm-3 wpb_column vc_column_container\"><div class=\"vc_column-inner\"><div class=\"wpb_wrapper\"><div class=\"wpb_text_column\"><div class=\"wpb_wrapper\"><h4><strong>Pochoir pour motif de per\u00e7age<\/strong><\/h4>\n<\/div><\/div><div class=\"wpb_text_column\"><div class=\"wpb_wrapper\"><p>Trac\u00e9 de lettres g\u00e9n\u00e9r\u00e9 par ordinateur avec l&#8217;emplacement des trous des goujons, imprim\u00e9 sur papier.&nbsp;  Une fois coll\u00e9s au mur, les trous sont perc\u00e9s et remplis d&rsquo;adh\u00e9sif.<\/p>\n<\/div><\/div><\/div><\/div><\/div><\/div><div class=\"w-separator size_medium with_line width_screen thick_5 style_solid color_text align_center\"><div class=\"w-separator-h\"><\/div><\/div><div class=\"w-grid type_grid layout_gallery_default cols_5\" id=\"us_grid_1\" style=\"--columns:5;--gap:.5rem;\" data-filterable=\"true\"><style>@media (max-width:1280px){#us_grid_1{--columns:3!important}}@media (max-width:1024px){#us_grid_1{--columns:2!important}}@media (max-width:600px){#us_grid_1{--columns:1!important}}.layout_gallery_default .w-grid-item-h{}<\/style><div class=\"w-grid-list\">\t<article class=\"w-grid-item size_1x1 post-3225 attachment type-attachment status-inherit hentry\" data-id=\"3225\">\r\n\t\t<div class=\"w-grid-item-h\">\r\n\t\t\t\t\t\t<div class=\"w-post-elm post_image usg_post_image_1 stretched\"><img decoding=\"async\" width=\"300\" height=\"300\" data-src=\"https:\/\/spcsigns.com\/wp-content\/uploads\/2020\/06\/corot2-300x300.jpg\" class=\"attachment-medium size-medium lazyload\" alt=\"\" data-srcset=\"https:\/\/spcsigns.com\/wp-content\/uploads\/2020\/06\/corot2-300x300.jpg 300w, https:\/\/spcsigns.com\/wp-content\/uploads\/2020\/06\/corot2-150x150.jpg 150w, https:\/\/spcsigns.com\/wp-content\/uploads\/2020\/06\/corot2.jpg 1025w\" data-sizes=\"(max-width: 300px) 100vw, 300px\" src=\"data:image\/gif;base64,R0lGODlhAQABAAAAACH5BAEKAAEALAAAAAABAAEAAAICTAEAOw==\" style=\"--smush-placeholder-width: 300px; --smush-placeholder-aspect-ratio: 300\/300;\" \/><\/div>\t\t<\/div>\r\n\t\t\t<\/article>\r\n\t<article class=\"w-grid-item size_1x1 post-3226 attachment type-attachment status-inherit hentry\" data-id=\"3226\">\r\n\t\t<div class=\"w-grid-item-h\">\r\n\t\t\t\t\t\t<div class=\"w-post-elm post_image usg_post_image_1 stretched\"><img decoding=\"async\" width=\"300\" height=\"300\" data-src=\"https:\/\/spcsigns.com\/wp-content\/uploads\/2020\/06\/corot3-300x300.jpg\" class=\"attachment-medium size-medium lazyload\" alt=\"\" data-srcset=\"https:\/\/spcsigns.com\/wp-content\/uploads\/2020\/06\/corot3-300x300.jpg 300w, https:\/\/spcsigns.com\/wp-content\/uploads\/2020\/06\/corot3-150x150.jpg 150w, https:\/\/spcsigns.com\/wp-content\/uploads\/2020\/06\/corot3.jpg 1025w\" data-sizes=\"(max-width: 300px) 100vw, 300px\" src=\"data:image\/gif;base64,R0lGODlhAQABAAAAACH5BAEKAAEALAAAAAABAAEAAAICTAEAOw==\" style=\"--smush-placeholder-width: 300px; --smush-placeholder-aspect-ratio: 300\/300;\" \/><\/div>\t\t<\/div>\r\n\t\t\t<\/article>\r\n\t<article class=\"w-grid-item size_1x1 post-3224 attachment type-attachment status-inherit hentry\" data-id=\"3224\">\r\n\t\t<div class=\"w-grid-item-h\">\r\n\t\t\t\t\t\t<div class=\"w-post-elm post_image usg_post_image_1 stretched\"><img decoding=\"async\" width=\"300\" height=\"300\" data-src=\"https:\/\/spcsigns.com\/wp-content\/uploads\/2020\/06\/corot-300x300.jpg\" class=\"attachment-medium size-medium lazyload\" alt=\"\" data-srcset=\"https:\/\/spcsigns.com\/wp-content\/uploads\/2020\/06\/corot-300x300.jpg 300w, https:\/\/spcsigns.com\/wp-content\/uploads\/2020\/06\/corot-150x150.jpg 150w, https:\/\/spcsigns.com\/wp-content\/uploads\/2020\/06\/corot.jpg 1025w\" data-sizes=\"(max-width: 300px) 100vw, 300px\" src=\"data:image\/gif;base64,R0lGODlhAQABAAAAACH5BAEKAAEALAAAAAABAAEAAAICTAEAOw==\" style=\"--smush-placeholder-width: 300px; --smush-placeholder-aspect-ratio: 300\/300;\" \/><\/div>\t\t<\/div>\r\n\t\t\t<\/article>\r\n\t<article class=\"w-grid-item size_1x1 post-3240 attachment type-attachment status-inherit hentry\" data-id=\"3240\">\r\n\t\t<div class=\"w-grid-item-h\">\r\n\t\t\t\t\t\t<div class=\"w-post-elm post_image usg_post_image_1 stretched\"><img decoding=\"async\" width=\"300\" height=\"300\" data-src=\"https:\/\/spcsigns.com\/wp-content\/uploads\/2020\/06\/vopak-300x300.jpg\" class=\"attachment-medium size-medium lazyload\" alt=\"\" data-srcset=\"https:\/\/spcsigns.com\/wp-content\/uploads\/2020\/06\/vopak-300x300.jpg 300w, https:\/\/spcsigns.com\/wp-content\/uploads\/2020\/06\/vopak-150x150.jpg 150w, https:\/\/spcsigns.com\/wp-content\/uploads\/2020\/06\/vopak.jpg 1025w\" data-sizes=\"(max-width: 300px) 100vw, 300px\" src=\"data:image\/gif;base64,R0lGODlhAQABAAAAACH5BAEKAAEALAAAAAABAAEAAAICTAEAOw==\" style=\"--smush-placeholder-width: 300px; --smush-placeholder-aspect-ratio: 300\/300;\" \/><\/div>\t\t<\/div>\r\n\t\t\t<\/article>\r\n\t<article class=\"w-grid-item size_1x1 post-3239 attachment type-attachment status-inherit hentry\" data-id=\"3239\">\r\n\t\t<div class=\"w-grid-item-h\">\r\n\t\t\t\t\t\t<div class=\"w-post-elm post_image usg_post_image_1 stretched\"><img decoding=\"async\" width=\"300\" height=\"300\" data-src=\"https:\/\/spcsigns.com\/wp-content\/uploads\/2020\/06\/univar-300x300.jpg\" class=\"attachment-medium size-medium lazyload\" alt=\"\" data-srcset=\"https:\/\/spcsigns.com\/wp-content\/uploads\/2020\/06\/univar-300x300.jpg 300w, https:\/\/spcsigns.com\/wp-content\/uploads\/2020\/06\/univar-150x150.jpg 150w, https:\/\/spcsigns.com\/wp-content\/uploads\/2020\/06\/univar.jpg 1025w\" data-sizes=\"(max-width: 300px) 100vw, 300px\" src=\"data:image\/gif;base64,R0lGODlhAQABAAAAACH5BAEKAAEALAAAAAABAAEAAAICTAEAOw==\" style=\"--smush-placeholder-width: 300px; --smush-placeholder-aspect-ratio: 300\/300;\" \/><\/div>\t\t<\/div>\r\n\t\t\t<\/article>\r\n\t<article class=\"w-grid-item size_1x1 post-3233 attachment type-attachment status-inherit hentry\" data-id=\"3233\">\r\n\t\t<div class=\"w-grid-item-h\">\r\n\t\t\t\t\t\t<div class=\"w-post-elm post_image usg_post_image_1 stretched\"><img decoding=\"async\" width=\"240\" height=\"160\" data-src=\"https:\/\/spcsigns.com\/wp-content\/uploads\/2020\/06\/thumbs_buffedalum_m.jpg\" class=\"attachment-medium size-medium lazyload\" alt=\"\" src=\"data:image\/gif;base64,R0lGODlhAQABAAAAACH5BAEKAAEALAAAAAABAAEAAAICTAEAOw==\" style=\"--smush-placeholder-width: 240px; --smush-placeholder-aspect-ratio: 240\/160;\" \/><\/div>\t\t<\/div>\r\n\t\t\t<\/article>\r\n\t<article class=\"w-grid-item size_1x1 post-3244 attachment type-attachment status-inherit hentry\" data-id=\"3244\">\r\n\t\t<div class=\"w-grid-item-h\">\r\n\t\t\t\t\t\t<div class=\"w-post-elm post_image usg_post_image_1 stretched\"><img decoding=\"async\" width=\"300\" height=\"300\" data-src=\"https:\/\/spcsigns.com\/wp-content\/uploads\/2020\/06\/cut-aluminum-300x300.jpg\" class=\"attachment-medium size-medium lazyload\" alt=\"\" data-srcset=\"https:\/\/spcsigns.com\/wp-content\/uploads\/2020\/06\/cut-aluminum-300x300.jpg 300w, https:\/\/spcsigns.com\/wp-content\/uploads\/2020\/06\/cut-aluminum-150x150.jpg 150w, https:\/\/spcsigns.com\/wp-content\/uploads\/2020\/06\/cut-aluminum.jpg 1025w\" data-sizes=\"(max-width: 300px) 100vw, 300px\" src=\"data:image\/gif;base64,R0lGODlhAQABAAAAACH5BAEKAAEALAAAAAABAAEAAAICTAEAOw==\" style=\"--smush-placeholder-width: 300px; --smush-placeholder-aspect-ratio: 300\/300;\" \/><\/div>\t\t<\/div>\r\n\t\t\t<\/article>\r\n<\/div><div class=\"w-grid-preloader\">\t<div class=\"g-preloader type_1\">\r\n\t\t<div><\/div>\r\n\t<\/div>\r\n\t<\/div>\t<div class=\"w-grid-json hidden\" onclick='return {&quot;action&quot;:&quot;us_ajax_grid&quot;,&quot;infinite_scroll&quot;:0,&quot;max_num_pages&quot;:1,&quot;pagination&quot;:&quot;none&quot;,&quot;template_vars&quot;:{&quot;columns&quot;:&quot;5&quot;,&quot;exclude_items&quot;:&quot;none&quot;,&quot;img_size&quot;:&quot;medium&quot;,&quot;ignore_items_size&quot;:0,&quot;items_layout&quot;:&quot;gallery_default&quot;,&quot;items_offset&quot;:&quot;1&quot;,&quot;load_animation&quot;:&quot;none&quot;,&quot;overriding_link&quot;:&quot;{\\&quot;url\\&quot;:\\&quot;\\&quot;}&quot;,&quot;post_id&quot;:0,&quot;query_args&quot;:{&quot;post_type&quot;:[&quot;attachment&quot;],&quot;post__in&quot;:[&quot;2547&quot;,&quot;2548&quot;,&quot;2546&quot;,&quot;2564&quot;,&quot;2563&quot;,&quot;2557&quot;,&quot;2596&quot;],&quot;post_status&quot;:&quot;inherit&quot;,&quot;post_mime_type&quot;:&quot;image&quot;,&quot;posts_per_page&quot;:&quot;10&quot;},&quot;orderby_query_args&quot;:{&quot;orderby&quot;:{&quot;post__in&quot;:&quot;ASC&quot;},&quot;order&quot;:&quot;ASC&quot;},&quot;type&quot;:&quot;grid&quot;,&quot;us_grid_post_type&quot;:&quot;attachment&quot;,&quot;us_grid_ajax_index&quot;:1,&quot;us_grid_filter_query_string&quot;:null,&quot;us_grid_index&quot;:1,&quot;page_args&quot;:[],&quot;lang&quot;:&quot;fr&quot;}}'><\/div>\r\n\t<\/div><div class=\"w-separator size_medium with_line width_screen thick_5 style_solid color_text align_center\"><div class=\"w-separator-h\"><\/div><\/div><\/div><\/div><\/div><\/div><\/div><\/section>\n","protected":false},"excerpt":{"rendered":"","protected":false},"author":1,"featured_media":0,"parent":3420,"menu_order":0,"comment_status":"closed","ping_status":"closed","template":"","meta":{"ngg_post_thumbnail":0,"footnotes":""},"class_list":["post-3397","page","type-page","status-publish","hentry"],"_links":{"self":[{"href":"https:\/\/spcsigns.com\/fr\/wp-json\/wp\/v2\/pages\/3397","targetHints":{"allow":["GET"]}}],"collection":[{"href":"https:\/\/spcsigns.com\/fr\/wp-json\/wp\/v2\/pages"}],"about":[{"href":"https:\/\/spcsigns.com\/fr\/wp-json\/wp\/v2\/types\/page"}],"author":[{"embeddable":true,"href":"https:\/\/spcsigns.com\/fr\/wp-json\/wp\/v2\/users\/1"}],"replies":[{"embeddable":true,"href":"https:\/\/spcsigns.com\/fr\/wp-json\/wp\/v2\/comments?post=3397"}],"version-history":[{"count":1,"href":"https:\/\/spcsigns.com\/fr\/wp-json\/wp\/v2\/pages\/3397\/revisions"}],"predecessor-version":[{"id":3423,"href":"https:\/\/spcsigns.com\/fr\/wp-json\/wp\/v2\/pages\/3397\/revisions\/3423"}],"up":[{"embeddable":true,"href":"https:\/\/spcsigns.com\/fr\/wp-json\/wp\/v2\/pages\/3420"}],"wp:attachment":[{"href":"https:\/\/spcsigns.com\/fr\/wp-json\/wp\/v2\/media?parent=3397"}],"curies":[{"name":"wp","href":"https:\/\/api.w.org\/{rel}","templated":true}]}}