{"id":3396,"date":"2020-06-06T20:10:27","date_gmt":"2020-06-07T00:10:27","guid":{"rendered":"https:\/\/spcsigns.com\/lettres-en-laiton\/"},"modified":"2025-05-17T13:45:56","modified_gmt":"2025-05-17T17:45:56","slug":"lettres-en-laiton","status":"publish","type":"page","link":"https:\/\/spcsigns.com\/fr\/signalisation-exterieure\/lettres-dimensionnelles\/lettres-en-laiton\/","title":{"rendered":"Lettres en laiton"},"content":{"rendered":"<section class=\"l-section wpb_row height_medium\"><div class=\"l-section-h i-cf\"><div class=\"g-cols vc_row via_flex valign_top type_default stacking_default\"><div class=\"vc_col-sm-12 wpb_column vc_column_container\"><div class=\"vc_column-inner\"><div class=\"wpb_wrapper\"><div class=\"wpb_text_column us_custom_308a82b2 has_text_color\"><div class=\"wpb_wrapper\"><h2>Lettres et logos en laiton<\/h2>\n<\/div><\/div><div class=\"w-image us_custom_168f3546 align_none\"><div class=\"w-image-h\"><img decoding=\"async\" width=\"990\" height=\"339\" data-src=\"https:\/\/spcsigns.com\/wp-content\/uploads\/2020\/06\/dimensional-sign.jpg\" class=\"attachment-large size-large lazyload\" alt=\"\" data-srcset=\"https:\/\/spcsigns.com\/wp-content\/uploads\/2020\/06\/dimensional-sign.jpg 1025w, https:\/\/spcsigns.com\/wp-content\/uploads\/2020\/06\/dimensional-sign-300x103.jpg 300w\" data-sizes=\"auto, (max-width: 990px) 100vw, 990px\" src=\"data:image\/gif;base64,R0lGODlhAQABAAAAACH5BAEKAAEALAAAAAABAAEAAAICTAEAOw==\" style=\"--smush-placeholder-width: 990px; --smush-placeholder-aspect-ratio: 990\/339;\" \/><\/div><\/div><div class=\"wpb_text_column us_custom_e66236f2\"><div class=\"wpb_wrapper\"><\/div><\/div><div class=\"w-separator size_small\"><\/div><div class=\"g-cols wpb_row via_flex valign_top type_default stacking_default\"><div class=\"vc_col-sm-8 wpb_column vc_column_container\"><div class=\"vc_column-inner\"><div class=\"wpb_wrapper\"><div class=\"wpb_text_column\"><div class=\"wpb_wrapper\"><h2><strong><span style=\"color: #000080;\">Lettres et logos en laiton<\/span><\/strong><br \/>\n<strong><span style=\"color: #000080;\">Coul\u00e9 ou coup\u00e9 sur mesure<\/span><\/strong><\/h2>\n<\/div><\/div><div class=\"wpb_text_column\"><div class=\"wpb_wrapper\"><p>Lettres et logos en laiton de premi\u00e8re qualit\u00e9 qui v\u00e9hiculent la qualit\u00e9, la tradition et le luxe. Des finitions satin\u00e9es bross\u00e9es aux finitions hautement polies qui enrichissent les enseignes int\u00e9rieures ou ext\u00e9rieures. <\/p>\n<\/div><\/div><div class=\"wpb_text_column\"><div class=\"wpb_wrapper\"><h4><span style=\"color: #1a1a1a;\">Options de lettres et logos en laiton<\/span><\/h4>\n<\/div><\/div><div class=\"wpb_text_column\"><div class=\"wpb_wrapper\"><ul>\n<li>Tailles de 1\/2&Prime; \u00e0 48&Prime; de hauteur.<\/li>\n<li>De 1\/8&Prime; \u00e0 3\/4&Prime; d&rsquo;\u00e9paisseur.<\/li>\n<li>Finitions : Standard bross\u00e9 satin\u00e9 (le plus populaire), poli et anodis\u00e9.<\/li>\n<li>Les options de montage comprennent l&rsquo;adh\u00e9sif (coll\u00e9) ou la soudure de goujon pour les petites lettres, l&rsquo;\u00e9pinglage arri\u00e8re (goujon) pour les lettres de 2 pouces et plus, le montage encastr\u00e9 (\u00e0 plat sur le mur) ou avec des entretoises (pour un aspect sur\u00e9lev\u00e9).<\/li>\n<li>Sans plomb<\/li>\n<li>Fournis avec un template de montage pour l&rsquo;installation par le client ou nous pouvons les installer pour vous.<\/li>\n<\/ul>\n<\/div><\/div><\/div><\/div><\/div><div class=\"vc_col-sm-4 wpb_column vc_column_container\"><div class=\"vc_column-inner\"><div class=\"wpb_wrapper\"><div class=\"wpb_text_column us_custom_fcfb512a has_text_color\"><div class=\"wpb_wrapper\"><h3 style=\"text-align: center;\">Contactez-nous pour plus d&rsquo;informations<\/h3>\n<\/div><\/div><form class=\"w-form  us-field-style_1 layout_ver for_cform us_form_1\" autocomplete=\"off\" action=\"https:\/\/spcsigns.com\/fr\/wp-json\/wp\/v2\/pages\/3396\" method=\"post\"><div class=\"w-form-h\"><div class=\"w-form-row for_text\">\r\n\t\t<div class=\"w-form-row-field\">\r\n\t\t\t\t\t\t<input aria-label=\"Name\" type=\"text\" name=\"us_form_1_text_1\" value placeholder=\"Name\"\/>\r\n\t\t\t<\/div>\r\n\t\t<div class=\"w-form-row-state\">Vous devez remplir ce champ<\/div>\r\n<\/div>\r\n<div class=\"w-form-row for_email\">\r\n\t\t<div class=\"w-form-row-field\">\r\n\t\t\t\t\t\t<input aria-label=\"Email\" type=\"email\" name=\"us_form_1_email_1\" value placeholder=\"Email\"\/>\r\n\t\t\t<\/div>\r\n\t\t<div class=\"w-form-row-state\">Veuillez saisir une adresse e-mail valide.<\/div>\r\n<\/div>\r\n<div class=\"w-form-row for_textarea\">\r\n\t\t<div class=\"w-form-row-field\">\r\n\t\t\t\t\t\t<textarea aria-label=\"Text\" name=\"us_form_1_textarea_1\" placeholder=\"Text\"><\/textarea>\r\n\t\t\t<\/div>\r\n\t\t<div class=\"w-form-row-state\">Vous devez remplir ce champ<\/div>\r\n<\/div>\r\n<input type=\"hidden\" name=\"action\" value=\"us_ajax_cform\" \/>\r\n<input type=\"hidden\" name=\"post_id\" value=\"0\" \/>\r\n<input type=\"hidden\" name=\"form_index\" value=\"1\" \/>\r\n<div class=\"w-form-row for_submit align_none\">\r\n\t<button class=\"w-btn  us-btn-style_1\" aria-label=\"Envoyer\" type=\"submit\">\r\n\t\t<span class=\"g-preloader type_1\"><\/span>\r\n\t\t\t\t<span class=\"w-btn-label\">Envoyer<\/span>\r\n\t\t\t<\/button>\r\n\t<\/div>\r\n<\/div><div class=\"w-form-message\"><\/div><div class=\"w-form-json hidden\" onclick='return {&quot;ajaxurl&quot;:&quot;https:\\\/\\\/spcsigns.com\\\/wp-admin\\\/admin-ajax.php&quot;,&quot;messages&quot;:{&quot;err_empty&quot;:&quot;Vous devez remplir ce champ&quot;,&quot;err_size&quot;:&quot;La taille du fichier ne peut pas d\\u00e9passer %s Mo&quot;,&quot;err_extension&quot;:&quot;Le type de fichier %s n&#039;est pas autoris\\u00e9&quot;,&quot;err_recaptcha_keys&quot;:&quot;Les cl\\u00e9s reCAPTCHA sont incorrectes&quot;}}'><\/div><\/form><\/div><\/div><\/div><\/div><div class=\"w-separator size_small\"><\/div><div class=\"wpb_text_column\"><div class=\"wpb_wrapper\"><h3>M\u00e9thodes d&rsquo;installation :<\/h3>\n<\/div><\/div><div class=\"g-cols wpb_row via_flex valign_top type_default stacking_default\"><div class=\"vc_col-sm-3 wpb_column vc_column_container\"><div class=\"vc_column-inner\"><div class=\"wpb_wrapper\"><\/div><\/div><\/div><div class=\"vc_col-sm-3 wpb_column vc_column_container\"><div class=\"vc_column-inner\"><div class=\"wpb_wrapper\"><div class=\"wpb_text_column\"><div class=\"wpb_wrapper\"><h4><strong>Montage sur goujon<\/strong><\/h4>\n<\/div><\/div><div class=\"wpb_text_column\"><div class=\"wpb_wrapper\"><p>Le dos des lettres et des logos, d&rsquo;une \u00e9paisseur d&rsquo;au moins \u00bc\u00a0\u00bb, est perc\u00e9 et taraud\u00e9 pour recevoir des goujons filet\u00e9s, en vue d&rsquo;une fixation au mur. Pour les petites pi\u00e8ces de 1\/8&Prime; d&rsquo;\u00e9paisseur, elles sont soud\u00e9es par goujons.<\/p>\n<\/div><\/div><\/div><\/div><\/div><div class=\"vc_col-sm-3 wpb_column vc_column_container\"><div class=\"vc_column-inner\"><div class=\"wpb_wrapper\"><\/div><\/div><\/div><div class=\"vc_col-sm-3 wpb_column vc_column_container\"><div class=\"vc_column-inner\"><div class=\"wpb_wrapper\"><div class=\"wpb_text_column\"><div class=\"wpb_wrapper\"><h4><strong>Guide des pochoirs<\/strong><\/h4>\n<\/div><\/div><div class=\"wpb_text_column\"><div class=\"wpb_wrapper\"><p>Tra\u00e7age sur papier des lettres et des logos, g\u00e9n\u00e9r\u00e9 par ordinateur, avec l&#8217;emplacement des goujons.<\/p>\n<\/div><\/div><\/div><\/div><\/div><\/div><div class=\"w-separator size_large with_line width_default thick_5 style_solid color_text align_center\"><div class=\"w-separator-h\"><\/div><\/div><\/div><\/div><\/div><\/div><\/div><\/section>\n","protected":false},"excerpt":{"rendered":"Lettres et logos en laiton Lettres et logos en laiton Coul\u00e9 ou coup\u00e9 sur mesure Lettres et logos en laiton de premi\u00e8re qualit\u00e9 qui v\u00e9hiculent la qualit\u00e9, la tradition et le luxe. Des finitions satin\u00e9es bross\u00e9es aux finitions hautement polies qui enrichissent les enseignes int\u00e9rieures ou ext\u00e9rieures. Options de lettres et logos en laiton Tailles...","protected":false},"author":1,"featured_media":0,"parent":3420,"menu_order":0,"comment_status":"closed","ping_status":"closed","template":"","meta":{"ngg_post_thumbnail":0,"footnotes":""},"class_list":["post-3396","page","type-page","status-publish","hentry"],"_links":{"self":[{"href":"https:\/\/spcsigns.com\/fr\/wp-json\/wp\/v2\/pages\/3396","targetHints":{"allow":["GET"]}}],"collection":[{"href":"https:\/\/spcsigns.com\/fr\/wp-json\/wp\/v2\/pages"}],"about":[{"href":"https:\/\/spcsigns.com\/fr\/wp-json\/wp\/v2\/types\/page"}],"author":[{"embeddable":true,"href":"https:\/\/spcsigns.com\/fr\/wp-json\/wp\/v2\/users\/1"}],"replies":[{"embeddable":true,"href":"https:\/\/spcsigns.com\/fr\/wp-json\/wp\/v2\/comments?post=3396"}],"version-history":[{"count":1,"href":"https:\/\/spcsigns.com\/fr\/wp-json\/wp\/v2\/pages\/3396\/revisions"}],"predecessor-version":[{"id":3424,"href":"https:\/\/spcsigns.com\/fr\/wp-json\/wp\/v2\/pages\/3396\/revisions\/3424"}],"up":[{"embeddable":true,"href":"https:\/\/spcsigns.com\/fr\/wp-json\/wp\/v2\/pages\/3420"}],"wp:attachment":[{"href":"https:\/\/spcsigns.com\/fr\/wp-json\/wp\/v2\/media?parent=3396"}],"curies":[{"name":"wp","href":"https:\/\/api.w.org\/{rel}","templated":true}]}}