{"id":3394,"date":"2020-06-17T16:59:50","date_gmt":"2020-06-17T20:59:50","guid":{"rendered":"https:\/\/spcsigns.com\/lettres-et-logos-en-acier-inoxydable\/"},"modified":"2025-05-17T13:45:56","modified_gmt":"2025-05-17T17:45:56","slug":"lettres-et-logos-en-acier-inoxydable","status":"publish","type":"page","link":"https:\/\/spcsigns.com\/fr\/signalisation-exterieure\/lettres-dimensionnelles\/lettres-et-logos-en-acier-inoxydable\/","title":{"rendered":"Lettres et logos en acier inoxydable"},"content":{"rendered":"<section class=\"l-section wpb_row height_medium\"><div class=\"l-section-h i-cf\"><div class=\"g-cols vc_row via_flex valign_top type_default stacking_default\"><div class=\"vc_col-sm-12 wpb_column vc_column_container\"><div class=\"vc_column-inner\"><div class=\"wpb_wrapper\"><div class=\"g-cols wpb_row via_flex valign_top type_default stacking_default\"><div class=\"vc_col-sm-8 wpb_column vc_column_container\"><div class=\"vc_column-inner\"><div class=\"wpb_wrapper\"><div class=\"wpb_text_column\"><div class=\"wpb_wrapper\"><h2><strong>Lettres et logos en acier inoxydable<\/strong><br \/>\n<strong>Coul\u00e9 ou coup\u00e9 sur mesure<\/strong><\/h2>\n<\/div><\/div><div class=\"wpb_text_column\"><div class=\"wpb_wrapper\"><p>Les lettres et logos en acier inoxydable conviennent mieux aux environnements difficiles et aux applications marines. Fabriqu\u00e9 en 304 (le plus utilis\u00e9) et 316 (plus grande r\u00e9sistance \u00e0 la corrosion).<\/p>\n<\/div><\/div><div class=\"wpb_text_column\"><div class=\"wpb_wrapper\"><ul>\n<li>Tailles de 1&Prime; \u00e0 46&Prime; de hauteur.<\/li>\n<li>De 1\/8&Prime; \u00e0 1\/2&Prime; d&rsquo;\u00e9paisseur.<\/li>\n<li>Finitions : Standard : satin\u00e9 bross\u00e9 (le plus populaire) et poli.<\/li>\n<li>Les options de montage comprennent l&rsquo;adh\u00e9sif (coll\u00e9) pour les petites lettres, l&rsquo;\u00e9pinglage arri\u00e8re (clout\u00e9) pour les lettres de 2 pouces et plus, l&rsquo;encastrement (\u00e0 plat sur le mur) ou les entretoises (pour un aspect sur\u00e9lev\u00e9).<\/li>\n<li>Fournis avec un gabarit de montage pour l&rsquo;installation par le client ou nous pouvons les installer pour vous.<\/li>\n<\/ul>\n<\/div><\/div><div class=\"w-separator size_medium\"><\/div><div class=\"wpb_text_column us_custom_5bfa4586 has_text_color\"><div class=\"wpb_wrapper\"><h2 style=\"text-align: center;\"><strong>Contactez-nous pour plus d&rsquo;informations<\/strong><\/h2>\n<\/div><\/div><form class=\"w-form  us-field-style_1 layout_ver for_cform us_form_1\" autocomplete=\"off\" action=\"https:\/\/spcsigns.com\/fr\/wp-json\/wp\/v2\/pages\/3394\" method=\"post\"><div class=\"w-form-h\"><div class=\"w-form-row for_text\">\r\n\t\t<div class=\"w-form-row-field\">\r\n\t\t\t\t\t\t<input aria-label=\"Name\" type=\"text\" name=\"us_form_1_text_1\" value placeholder=\"Name\"\/>\r\n\t\t\t<\/div>\r\n\t\t<div class=\"w-form-row-state\">Vous devez remplir ce champ<\/div>\r\n<\/div>\r\n<div class=\"w-form-row for_email\">\r\n\t\t<div class=\"w-form-row-field\">\r\n\t\t\t\t\t\t<input aria-label=\"Email\" type=\"email\" name=\"us_form_1_email_1\" value placeholder=\"Email\"\/>\r\n\t\t\t<\/div>\r\n\t\t<div class=\"w-form-row-state\">Veuillez saisir une adresse e-mail valide.<\/div>\r\n<\/div>\r\n<div class=\"w-form-row for_textarea\">\r\n\t\t<div class=\"w-form-row-field\">\r\n\t\t\t\t\t\t<textarea aria-label=\"Text\" name=\"us_form_1_textarea_1\" placeholder=\"Text\"><\/textarea>\r\n\t\t\t<\/div>\r\n\t\t<div class=\"w-form-row-state\">Vous devez remplir ce champ<\/div>\r\n<\/div>\r\n<input type=\"hidden\" name=\"action\" value=\"us_ajax_cform\" \/>\r\n<input type=\"hidden\" name=\"post_id\" value=\"0\" \/>\r\n<input type=\"hidden\" name=\"form_index\" value=\"1\" \/>\r\n<div class=\"w-form-row for_submit align_none\">\r\n\t<button class=\"w-btn  us-btn-style_1\" aria-label=\"Envoyer\" type=\"submit\">\r\n\t\t<span class=\"g-preloader type_1\"><\/span>\r\n\t\t\t\t<span class=\"w-btn-label\">Envoyer<\/span>\r\n\t\t\t<\/button>\r\n\t<\/div>\r\n<\/div><div class=\"w-form-message\"><\/div><div class=\"w-form-json hidden\" onclick='return {&quot;ajaxurl&quot;:&quot;https:\\\/\\\/spcsigns.com\\\/wp-admin\\\/admin-ajax.php&quot;,&quot;messages&quot;:{&quot;err_empty&quot;:&quot;Vous devez remplir ce champ&quot;,&quot;err_size&quot;:&quot;La taille du fichier ne peut pas d\\u00e9passer %s Mo&quot;,&quot;err_extension&quot;:&quot;Le type de fichier %s n&#039;est pas autoris\\u00e9&quot;,&quot;err_recaptcha_keys&quot;:&quot;Les cl\\u00e9s reCAPTCHA sont incorrectes&quot;}}'><\/div><\/form><\/div><\/div><\/div><div class=\"vc_col-sm-4 wpb_column vc_column_container\"><div class=\"vc_column-inner\"><div class=\"wpb_wrapper\"><div class=\"w-image align_none\"><div class=\"w-image-h\"><img decoding=\"async\" width=\"1025\" height=\"1025\" data-src=\"https:\/\/spcsigns.com\/wp-content\/uploads\/2020\/06\/stainless-steel.jpg\" class=\"attachment-full size-full lazyload\" alt=\"\" data-srcset=\"https:\/\/spcsigns.com\/wp-content\/uploads\/2020\/06\/stainless-steel.jpg 1025w, https:\/\/spcsigns.com\/wp-content\/uploads\/2020\/06\/stainless-steel-300x300.jpg 300w, https:\/\/spcsigns.com\/wp-content\/uploads\/2020\/06\/stainless-steel-150x150.jpg 150w\" data-sizes=\"auto, (max-width: 1025px) 100vw, 1025px\" src=\"data:image\/gif;base64,R0lGODlhAQABAAAAACH5BAEKAAEALAAAAAABAAEAAAICTAEAOw==\" style=\"--smush-placeholder-width: 1025px; --smush-placeholder-aspect-ratio: 1025\/1025;\" \/><\/div><\/div><\/div><\/div><\/div><\/div><\/div><\/div><\/div><\/div><\/div><\/section>\n","protected":false},"excerpt":{"rendered":"Lettres et logos en acier inoxydable Coul\u00e9 ou coup\u00e9 sur mesure Les lettres et logos en acier inoxydable conviennent mieux aux environnements difficiles et aux applications marines. Fabriqu\u00e9 en 304 (le plus utilis\u00e9) et 316 (plus grande r\u00e9sistance \u00e0 la corrosion). Tailles de 1&Prime; \u00e0 46&Prime; de hauteur. De 1\/8&Prime; \u00e0 1\/2&Prime; d&rsquo;\u00e9paisseur. Finitions :...","protected":false},"author":1,"featured_media":0,"parent":3420,"menu_order":0,"comment_status":"closed","ping_status":"closed","template":"","meta":{"ngg_post_thumbnail":0,"footnotes":""},"class_list":["post-3394","page","type-page","status-publish","hentry"],"_links":{"self":[{"href":"https:\/\/spcsigns.com\/fr\/wp-json\/wp\/v2\/pages\/3394","targetHints":{"allow":["GET"]}}],"collection":[{"href":"https:\/\/spcsigns.com\/fr\/wp-json\/wp\/v2\/pages"}],"about":[{"href":"https:\/\/spcsigns.com\/fr\/wp-json\/wp\/v2\/types\/page"}],"author":[{"embeddable":true,"href":"https:\/\/spcsigns.com\/fr\/wp-json\/wp\/v2\/users\/1"}],"replies":[{"embeddable":true,"href":"https:\/\/spcsigns.com\/fr\/wp-json\/wp\/v2\/comments?post=3394"}],"version-history":[{"count":1,"href":"https:\/\/spcsigns.com\/fr\/wp-json\/wp\/v2\/pages\/3394\/revisions"}],"predecessor-version":[{"id":3422,"href":"https:\/\/spcsigns.com\/fr\/wp-json\/wp\/v2\/pages\/3394\/revisions\/3422"}],"up":[{"embeddable":true,"href":"https:\/\/spcsigns.com\/fr\/wp-json\/wp\/v2\/pages\/3420"}],"wp:attachment":[{"href":"https:\/\/spcsigns.com\/fr\/wp-json\/wp\/v2\/media?parent=3394"}],"curies":[{"name":"wp","href":"https:\/\/api.w.org\/{rel}","templated":true}]}}