{"id":3392,"date":"2020-06-18T12:59:14","date_gmt":"2020-06-18T16:59:14","guid":{"rendered":"https:\/\/spcsigns.com\/lettres-et-logos-en-plastique-acrylique\/"},"modified":"2025-05-17T13:45:56","modified_gmt":"2025-05-17T17:45:56","slug":"lettres-et-logos-en-plastique-acrylique","status":"publish","type":"page","link":"https:\/\/spcsigns.com\/fr\/signalisation-exterieure\/lettres-dimensionnelles\/lettres-et-logos-en-plastique-acrylique\/","title":{"rendered":"Lettres et logos en plastique acrylique"},"content":{"rendered":"<section class=\"l-section wpb_row height_medium\"><div class=\"l-section-h i-cf\"><div class=\"g-cols vc_row via_flex valign_top type_default stacking_default\"><div class=\"vc_col-sm-12 wpb_column vc_column_container\"><div class=\"vc_column-inner\"><div class=\"wpb_wrapper\"><div class=\"wpb_text_column us_custom_a88c64da has_text_color\"><div class=\"wpb_wrapper\"><h2><strong>&nbsp;Lettres et logos en plastique acrylique<\/strong><\/h2>\n<\/div><\/div><div class=\"w-image us_custom_168f3546 align_none\"><div class=\"w-image-h\"><img decoding=\"async\" width=\"990\" height=\"339\" data-src=\"https:\/\/spcsigns.com\/wp-content\/uploads\/2020\/06\/plastic-letters.png\" class=\"attachment-large size-large lazyload\" alt=\"\" data-srcset=\"https:\/\/spcsigns.com\/wp-content\/uploads\/2020\/06\/plastic-letters.png 1025w, https:\/\/spcsigns.com\/wp-content\/uploads\/2020\/06\/plastic-letters-300x103.png 300w\" data-sizes=\"auto, (max-width: 990px) 100vw, 990px\" src=\"data:image\/gif;base64,R0lGODlhAQABAAAAACH5BAEKAAEALAAAAAABAAEAAAICTAEAOw==\" style=\"--smush-placeholder-width: 990px; --smush-placeholder-aspect-ratio: 990\/339;\" \/><\/div><\/div><div class=\"wpb_text_column us_custom_e66236f2\"><div class=\"wpb_wrapper\"><\/div><\/div><div class=\"w-separator size_small\"><\/div><div class=\"g-cols wpb_row via_flex valign_top type_default stacking_default\"><div class=\"vc_col-sm-8 wpb_column vc_column_container\"><div class=\"vc_column-inner\"><div class=\"wpb_wrapper\"><div class=\"wpb_text_column\"><div class=\"wpb_wrapper\"><h2><strong>Lettres et logos en plastique acrylique d\u00e9coup\u00e9s au laser<\/strong><\/h2>\n<\/div><\/div><div class=\"wpb_text_column\"><div class=\"wpb_wrapper\"><p>Les lettres et logos en acrylique d\u00e9coup\u00e9s au laser peuvent \u00eatre d\u00e9coup\u00e9s ou personnalis\u00e9s pour presque toutes les applications. Notre acrylique est disponible dans un large choix de couleurs standard et peut \u00eatre peint ou m\u00eame imprim\u00e9 num\u00e9riquement. <\/p>\n<\/div><\/div><div class=\"wpb_text_column\"><div class=\"wpb_wrapper\"><ul>\n<li>Tailles de 1\/2&Prime; \u00e0 48&Prime; de hauteur.<\/li>\n<li>De 1\/8&Prime; \u00e0 1,5&Prime; d&rsquo;\u00e9paisseur.<\/li>\n<li>Finitions : Finition brillante<\/li>\n<li>Couleurs standard claires, blanches, noires ou opaques.<\/li>\n<li>Couleurs de peinture standard ou couleurs pms personnalis\u00e9es en finition mate ou satin\u00e9e.<\/li>\n<li>N&rsquo;importe quelle police ou logo<\/li>\n<li>Les options de montage comprennent l&rsquo;adh\u00e9sif (ruban double face), l&rsquo;\u00e9pinglage arri\u00e8re (clous), l&rsquo;encastrement (\u00e0 plat sur le mur) ou l&rsquo;utilisation d&rsquo;entretoises (pour un aspect sur\u00e9lev\u00e9).<\/li>\n<li>Fournis avec un gabarit de montage pour l&rsquo;installation par le client ou nous pouvons les installer pour vous.<\/li>\n<\/ul>\n<\/div><\/div><\/div><\/div><\/div><div class=\"vc_col-sm-4 wpb_column vc_column_container\"><div class=\"vc_column-inner\"><div class=\"wpb_wrapper\"><div class=\"wpb_text_column us_custom_fcfb512a has_text_color\"><div class=\"wpb_wrapper\"><h3 style=\"text-align: center;\"><strong>Contactez-nous pour plus d&rsquo;informations<br \/>\n<\/strong><\/h3>\n<\/div><\/div><form class=\"w-form  us-field-style_1 layout_ver for_cform us_form_1\" autocomplete=\"off\" action=\"https:\/\/spcsigns.com\/fr\/wp-json\/wp\/v2\/pages\/3392\" method=\"post\"><div class=\"w-form-h\"><div class=\"w-form-row for_text\">\r\n\t\t<div class=\"w-form-row-field\">\r\n\t\t\t\t\t\t<input aria-label=\"Name\" type=\"text\" name=\"us_form_1_text_1\" value placeholder=\"Name\"\/>\r\n\t\t\t<\/div>\r\n\t\t<div class=\"w-form-row-state\">Vous devez remplir ce champ<\/div>\r\n<\/div>\r\n<div class=\"w-form-row for_email\">\r\n\t\t<div class=\"w-form-row-field\">\r\n\t\t\t\t\t\t<input aria-label=\"Email\" type=\"email\" name=\"us_form_1_email_1\" value placeholder=\"Email\"\/>\r\n\t\t\t<\/div>\r\n\t\t<div class=\"w-form-row-state\">Veuillez saisir une adresse e-mail valide.<\/div>\r\n<\/div>\r\n<div class=\"w-form-row for_textarea\">\r\n\t\t<div class=\"w-form-row-field\">\r\n\t\t\t\t\t\t<textarea aria-label=\"Text\" name=\"us_form_1_textarea_1\" placeholder=\"Text\"><\/textarea>\r\n\t\t\t<\/div>\r\n\t\t<div class=\"w-form-row-state\">Vous devez remplir ce champ<\/div>\r\n<\/div>\r\n<input type=\"hidden\" name=\"action\" value=\"us_ajax_cform\" \/>\r\n<input type=\"hidden\" name=\"post_id\" value=\"0\" \/>\r\n<input type=\"hidden\" name=\"form_index\" value=\"1\" \/>\r\n<div class=\"w-form-row for_submit align_none\">\r\n\t<button class=\"w-btn  us-btn-style_1\" aria-label=\"Envoyer\" type=\"submit\">\r\n\t\t<span class=\"g-preloader type_1\"><\/span>\r\n\t\t\t\t<span class=\"w-btn-label\">Envoyer<\/span>\r\n\t\t\t<\/button>\r\n\t<\/div>\r\n<\/div><div class=\"w-form-message\"><\/div><div class=\"w-form-json hidden\" onclick='return {&quot;ajaxurl&quot;:&quot;https:\\\/\\\/spcsigns.com\\\/wp-admin\\\/admin-ajax.php&quot;,&quot;messages&quot;:{&quot;err_empty&quot;:&quot;Vous devez remplir ce champ&quot;,&quot;err_size&quot;:&quot;La taille du fichier ne peut pas d\\u00e9passer %s Mo&quot;,&quot;err_extension&quot;:&quot;Le type de fichier %s n&#039;est pas autoris\\u00e9&quot;,&quot;err_recaptcha_keys&quot;:&quot;Les cl\\u00e9s reCAPTCHA sont incorrectes&quot;}}'><\/div><\/form><\/div><\/div><\/div><\/div><div class=\"w-separator size_medium\"><\/div><div class=\"wpb_text_column\"><div class=\"wpb_wrapper\"><h3 style=\"text-align: left;\"><strong>M\u00e9thodes d&rsquo;installation<\/strong><\/h3>\n<\/div><\/div><div class=\"w-separator size_small\"><\/div><div class=\"g-cols wpb_row via_flex valign_top type_default stacking_default\"><div class=\"vc_col-sm-3 wpb_column vc_column_container\"><div class=\"vc_column-inner\"><div class=\"wpb_wrapper\"><div class=\"w-image align_none\"><div class=\"w-image-h\"><img decoding=\"async\" width=\"990\" height=\"883\" data-src=\"https:\/\/spcsigns.com\/wp-content\/uploads\/2020\/06\/plastic-with-adhesive-1024x913.png\" class=\"attachment-large size-large lazyload\" alt=\"\" data-srcset=\"https:\/\/spcsigns.com\/wp-content\/uploads\/2020\/06\/plastic-with-adhesive-1024x913.png 1024w, https:\/\/spcsigns.com\/wp-content\/uploads\/2020\/06\/plastic-with-adhesive-300x267.png 300w, https:\/\/spcsigns.com\/wp-content\/uploads\/2020\/06\/plastic-with-adhesive.png 1149w\" data-sizes=\"auto, (max-width: 990px) 100vw, 990px\" src=\"data:image\/gif;base64,R0lGODlhAQABAAAAACH5BAEKAAEALAAAAAABAAEAAAICTAEAOw==\" style=\"--smush-placeholder-width: 990px; --smush-placeholder-aspect-ratio: 990\/883;\" \/><\/div><\/div><\/div><\/div><\/div><div class=\"vc_col-sm-3 wpb_column vc_column_container\"><div class=\"vc_column-inner\"><div class=\"wpb_wrapper\"><div class=\"wpb_text_column\"><div class=\"wpb_wrapper\"><h4><strong>Montage adh\u00e9sif<\/strong><\/h4>\n<\/div><\/div><div class=\"wpb_text_column\"><div class=\"wpb_wrapper\"><p>Le dos des lettres ou des logos est recouvert d&rsquo;un adh\u00e9sif double face de 3 m\u00e8tres.<\/p>\n<\/div><\/div><\/div><\/div><\/div><div class=\"vc_col-sm-3 wpb_column vc_column_container\"><div class=\"vc_column-inner\"><div class=\"wpb_wrapper\"><div class=\"w-image align_none\"><div class=\"w-image-h\"><img decoding=\"async\" width=\"972\" height=\"1024\" data-src=\"https:\/\/spcsigns.com\/wp-content\/uploads\/2020\/06\/plastic-stud-mount.png\" class=\"attachment-large size-large lazyload\" alt=\"\" data-srcset=\"https:\/\/spcsigns.com\/wp-content\/uploads\/2020\/06\/plastic-stud-mount.png 972w, https:\/\/spcsigns.com\/wp-content\/uploads\/2020\/06\/plastic-stud-mount-285x300.png 285w\" data-sizes=\"auto, (max-width: 972px) 100vw, 972px\" src=\"data:image\/gif;base64,R0lGODlhAQABAAAAACH5BAEKAAEALAAAAAABAAEAAAICTAEAOw==\" style=\"--smush-placeholder-width: 972px; --smush-placeholder-aspect-ratio: 972\/1024;\" \/><\/div><\/div><\/div><\/div><\/div><div class=\"vc_col-sm-3 wpb_column vc_column_container\"><div class=\"vc_column-inner\"><div class=\"wpb_wrapper\"><div class=\"wpb_text_column\"><div class=\"wpb_wrapper\"><h4><strong>Montage sur goujon<\/strong><\/h4>\n<\/div><\/div><div class=\"wpb_text_column\"><div class=\"wpb_wrapper\"><p>Le dos des lettres et des logos, d&rsquo;une \u00e9paisseur minimale de \u00bc\u00a0\u00bb, est perc\u00e9 et taraud\u00e9 pour recevoir des goujons filet\u00e9s, en vue d&rsquo;une fixation au mur. Des entretoises peuvent \u00eatre ajout\u00e9es pour donner un aspect flottant. <\/p>\n<\/div><\/div><\/div><\/div><\/div><\/div><div class=\"w-separator size_small\"><\/div><div class=\"g-cols wpb_row via_flex valign_top type_default stacking_default\"><div class=\"vc_col-sm-3 wpb_column vc_column_container\"><div class=\"vc_column-inner\"><div class=\"wpb_wrapper\"><div class=\"w-image align_none\"><div class=\"w-image-h\"><img decoding=\"async\" width=\"990\" height=\"996\" data-src=\"https:\/\/spcsigns.com\/wp-content\/uploads\/2020\/06\/plastic-pad-stud.png\" class=\"attachment-large size-large lazyload\" alt=\"\" data-srcset=\"https:\/\/spcsigns.com\/wp-content\/uploads\/2020\/06\/plastic-pad-stud.png 1018w, https:\/\/spcsigns.com\/wp-content\/uploads\/2020\/06\/plastic-pad-stud-298x300.png 298w, https:\/\/spcsigns.com\/wp-content\/uploads\/2020\/06\/plastic-pad-stud-150x150.png 150w\" data-sizes=\"auto, (max-width: 990px) 100vw, 990px\" src=\"data:image\/gif;base64,R0lGODlhAQABAAAAACH5BAEKAAEALAAAAAABAAEAAAICTAEAOw==\" style=\"--smush-placeholder-width: 990px; --smush-placeholder-aspect-ratio: 990\/996;\" \/><\/div><\/div><\/div><\/div><\/div><div class=\"vc_col-sm-3 wpb_column vc_column_container\"><div class=\"vc_column-inner\"><div class=\"wpb_wrapper\"><div class=\"wpb_text_column\"><div class=\"wpb_wrapper\"><h4><strong>Montage sur coussinets avec goujon<br \/>\n<\/strong><\/h4>\n<\/div><\/div><div class=\"wpb_text_column\"><div class=\"wpb_wrapper\"><p>Les dos des lettres ou des logos sont munis d&rsquo;un tampon coll\u00e9 avec un goujon. Les tampons servent d&rsquo;espacement contre le mur. <\/p>\n<\/div><\/div><\/div><\/div><\/div><div class=\"vc_col-sm-3 wpb_column vc_column_container\"><div class=\"vc_column-inner\"><div class=\"wpb_wrapper\"><div class=\"w-image align_none\"><div class=\"w-image-h\"><img decoding=\"async\" width=\"990\" height=\"990\" data-src=\"https:\/\/spcsigns.com\/wp-content\/uploads\/2020\/06\/stencil-guide.jpg\" class=\"attachment-large size-large lazyload\" alt=\"\" data-srcset=\"https:\/\/spcsigns.com\/wp-content\/uploads\/2020\/06\/stencil-guide.jpg 1025w, https:\/\/spcsigns.com\/wp-content\/uploads\/2020\/06\/stencil-guide-300x300.jpg 300w, https:\/\/spcsigns.com\/wp-content\/uploads\/2020\/06\/stencil-guide-150x150.jpg 150w\" data-sizes=\"auto, (max-width: 990px) 100vw, 990px\" src=\"data:image\/gif;base64,R0lGODlhAQABAAAAACH5BAEKAAEALAAAAAABAAEAAAICTAEAOw==\" style=\"--smush-placeholder-width: 990px; --smush-placeholder-aspect-ratio: 990\/990;\" \/><\/div><\/div><\/div><\/div><\/div><div class=\"vc_col-sm-3 wpb_column vc_column_container\"><div class=\"vc_column-inner\"><div class=\"wpb_wrapper\"><div class=\"wpb_text_column\"><div class=\"wpb_wrapper\"><h4><strong>Mod\u00e8les de montage<br \/>\n<\/strong><\/h4>\n<\/div><\/div><div class=\"wpb_text_column\"><div class=\"wpb_wrapper\"><p>Le dos des lettres et des logos, d&rsquo;une \u00e9paisseur minimale de \u00bc\u00a0\u00bb, est perc\u00e9 et taraud\u00e9 pour recevoir des goujons filet\u00e9s, en vue d&rsquo;une fixation au mur. Des entretoises peuvent \u00eatre ajout\u00e9es pour donner un aspect flottant. <\/p>\n<\/div><\/div><\/div><\/div><\/div><\/div><\/div><\/div><\/div><\/div><\/div><\/section><section class=\"l-section wpb_row height_medium\"><div class=\"l-section-h i-cf\"><div class=\"g-cols vc_row via_flex valign_top type_default stacking_default\"><div class=\"vc_col-sm-12 wpb_column vc_column_container\"><div class=\"vc_column-inner\"><div class=\"wpb_wrapper\"><div class=\"wpb_text_column us_custom_8d320ee1 has_text_color\"><div class=\"wpb_wrapper\"><h2><strong>Lettres en plastique form\u00e9es ou moul\u00e9es par injection<\/strong><\/h2>\n<\/div><\/div><div class=\"w-separator size_small\"><\/div><div class=\"g-cols wpb_row via_flex valign_top type_default stacking_default\"><div class=\"vc_col-sm-8 wpb_column vc_column_container\"><div class=\"vc_column-inner\"><div class=\"wpb_wrapper\"><div class=\"wpb_text_column\"><div class=\"wpb_wrapper\"><h4><strong>Lettres en plastique form\u00e9es<\/strong><\/h4>\n<\/div><\/div><div class=\"wpb_text_column\"><div class=\"wpb_wrapper\"><p>Plastique recyclable stable aux UV, disponible dans une vari\u00e9t\u00e9 de styles de lettres standard ou personnalis\u00e9es avec n&rsquo;importe quelle police ou logo.<\/p>\n<\/div><\/div><div class=\"wpb_text_column\"><div class=\"wpb_wrapper\"><ul>\n<li>27 couleurs pigment\u00e9es standard.<\/li>\n<li>Nombre illimit\u00e9 de couleurs peintes et de finitions m\u00e9talliques.<\/li>\n<li>Finition brillante standard, semi-brillante, satin\u00e9e et mate disponible.<\/li>\n<li>Lettres de forme standard de 2&Prime; \u00e0 36&Prime;.<\/li>\n<li>Lettre form\u00e9e sur mesure de 2&Prime; \u00e0 48&Prime;.<\/li>\n<li>Logos form\u00e9s sur mesure jusqu&rsquo;\u00e0 48&Prime;.<\/li>\n<li>Options de montage simple, sur goujon, sur tampon, sur bride ou sur support<\/li>\n<\/ul>\n<\/div><\/div><\/div><\/div><\/div><div class=\"vc_col-sm-4 wpb_column vc_column_container\"><div class=\"vc_column-inner\"><div class=\"wpb_wrapper\"><div class=\"w-image align_none\"><div class=\"w-image-h\"><img decoding=\"async\" width=\"990\" height=\"919\" data-src=\"https:\/\/spcsigns.com\/wp-content\/uploads\/2020\/06\/formed-plastic-letters.png\" class=\"attachment-large size-large lazyload\" alt=\"\" data-srcset=\"https:\/\/spcsigns.com\/wp-content\/uploads\/2020\/06\/formed-plastic-letters.png 1024w, https:\/\/spcsigns.com\/wp-content\/uploads\/2020\/06\/formed-plastic-letters-300x279.png 300w\" data-sizes=\"auto, (max-width: 990px) 100vw, 990px\" src=\"data:image\/gif;base64,R0lGODlhAQABAAAAACH5BAEKAAEALAAAAAABAAEAAAICTAEAOw==\" style=\"--smush-placeholder-width: 990px; --smush-placeholder-aspect-ratio: 990\/919;\" \/><\/div><\/div><\/div><\/div><\/div><\/div><\/div><\/div><\/div><\/div><\/div><\/section>\n","protected":false},"excerpt":{"rendered":"&nbsp;Lettres et logos en plastique acrylique Lettres et logos en plastique acrylique d\u00e9coup\u00e9s au laser Les lettres et logos en acrylique d\u00e9coup\u00e9s au laser peuvent \u00eatre d\u00e9coup\u00e9s ou personnalis\u00e9s pour presque toutes les applications. Notre acrylique est disponible dans un large choix de couleurs standard et peut \u00eatre peint ou m\u00eame imprim\u00e9 num\u00e9riquement. Tailles de...","protected":false},"author":1,"featured_media":0,"parent":3420,"menu_order":0,"comment_status":"closed","ping_status":"closed","template":"","meta":{"ngg_post_thumbnail":0,"footnotes":""},"class_list":["post-3392","page","type-page","status-publish","hentry"],"_links":{"self":[{"href":"https:\/\/spcsigns.com\/fr\/wp-json\/wp\/v2\/pages\/3392","targetHints":{"allow":["GET"]}}],"collection":[{"href":"https:\/\/spcsigns.com\/fr\/wp-json\/wp\/v2\/pages"}],"about":[{"href":"https:\/\/spcsigns.com\/fr\/wp-json\/wp\/v2\/types\/page"}],"author":[{"embeddable":true,"href":"https:\/\/spcsigns.com\/fr\/wp-json\/wp\/v2\/users\/1"}],"replies":[{"embeddable":true,"href":"https:\/\/spcsigns.com\/fr\/wp-json\/wp\/v2\/comments?post=3392"}],"version-history":[{"count":1,"href":"https:\/\/spcsigns.com\/fr\/wp-json\/wp\/v2\/pages\/3392\/revisions"}],"predecessor-version":[{"id":3421,"href":"https:\/\/spcsigns.com\/fr\/wp-json\/wp\/v2\/pages\/3392\/revisions\/3421"}],"up":[{"embeddable":true,"href":"https:\/\/spcsigns.com\/fr\/wp-json\/wp\/v2\/pages\/3420"}],"wp:attachment":[{"href":"https:\/\/spcsigns.com\/fr\/wp-json\/wp\/v2\/media?parent=3392"}],"curies":[{"name":"wp","href":"https:\/\/api.w.org\/{rel}","templated":true}]}}