{"id":3391,"date":"2020-06-18T15:56:03","date_gmt":"2020-06-18T19:56:03","guid":{"rendered":"https:\/\/spcsigns.com\/lettres-lamines\/"},"modified":"2025-05-17T13:45:57","modified_gmt":"2025-05-17T17:45:57","slug":"lettres-lamines","status":"publish","type":"page","link":"https:\/\/spcsigns.com\/fr\/signalisation-exterieure\/lettres-dimensionnelles\/lettres-lamines\/","title":{"rendered":"Lettres lamin\u00e9s"},"content":{"rendered":"<section class=\"l-section wpb_row height_medium\"><div class=\"l-section-h i-cf\"><div class=\"g-cols vc_row via_flex valign_top type_default stacking_default\"><div class=\"vc_col-sm-12 wpb_column vc_column_container\"><div class=\"vc_column-inner\"><div class=\"wpb_wrapper\"><div class=\"wpb_text_column us_custom_d0109100 has_text_color\"><div class=\"wpb_wrapper\"><h2>Lettres et logos lamin\u00e9s<\/h2>\n<\/div><\/div><div class=\"w-image us_custom_168f3546 align_none\"><div class=\"w-image-h\"><img decoding=\"async\" width=\"990\" height=\"339\" data-src=\"https:\/\/spcsigns.com\/wp-content\/uploads\/2020\/06\/lamintaed-letters-front.png\" class=\"attachment-large size-large lazyload\" alt=\"\" data-srcset=\"https:\/\/spcsigns.com\/wp-content\/uploads\/2020\/06\/lamintaed-letters-front.png 1025w, https:\/\/spcsigns.com\/wp-content\/uploads\/2020\/06\/lamintaed-letters-front-300x103.png 300w\" data-sizes=\"auto, (max-width: 990px) 100vw, 990px\" src=\"data:image\/gif;base64,R0lGODlhAQABAAAAACH5BAEKAAEALAAAAAABAAEAAAICTAEAOw==\" style=\"--smush-placeholder-width: 990px; --smush-placeholder-aspect-ratio: 990\/339;\" \/><\/div><\/div><div class=\"wpb_text_column us_custom_e66236f2\"><div class=\"wpb_wrapper\"><\/div><\/div><div class=\"w-separator size_small\"><\/div><div class=\"g-cols wpb_row via_flex valign_top type_default stacking_default\"><div class=\"vc_col-sm-8 wpb_column vc_column_container\"><div class=\"vc_column-inner\"><div class=\"wpb_wrapper\"><div class=\"wpb_text_column\"><div class=\"wpb_wrapper\"><h2><strong>Lettres et logos en acrylique lamin\u00e9<\/strong><\/h2>\n<\/div><\/div><div class=\"wpb_text_column\"><div class=\"wpb_wrapper\"><p>Les lettres et logos en stratifi\u00e9 sont une bonne alternative aux mat\u00e9riaux \u00e0 \u00e2me pleine comme l&rsquo;aluminium. Les finitions chimiques standard sont disponibles sur un support acrylique ou en mousse. <\/p>\n<\/div><\/div><div class=\"wpb_text_column\"><div class=\"wpb_wrapper\"><h4><strong>Options de lettres en acrylique stratifi\u00e9<\/strong><\/h4>\n<\/div><\/div><div class=\"wpb_text_column\"><div class=\"wpb_wrapper\"><ul>\n<li>\u00c9paisseur disponible : 1\/8&Prime;, 1\/4&Prime;, 3\/8&Prime;, 1\/2&Prime;, 3\/4&Prime;, 1&Prime; et 1,5&Prime;.<\/li>\n<li>plus de 22 finitions chimiques standard.<\/li>\n<li>.030 \u00e9paisseur du lamin\u00e9s<\/li>\n<li>hauteur des lettres de 3 \u00e0 24 pouces<\/li>\n<li>Bords peints pour correspondre \u00e0 la couleur de la face.<\/li>\n<\/ul>\n<\/div><\/div><\/div><\/div><\/div><div class=\"vc_col-sm-4 wpb_column vc_column_container\"><div class=\"vc_column-inner\"><div class=\"wpb_wrapper\"><div class=\"w-image us_custom_4e3a96f9 align_none\"><div class=\"w-image-h\"><img decoding=\"async\" width=\"990\" height=\"990\" data-src=\"https:\/\/spcsigns.com\/wp-content\/uploads\/2020\/06\/laminated-acrylic.jpg\" class=\"attachment-large size-large lazyload\" alt=\"\" data-srcset=\"https:\/\/spcsigns.com\/wp-content\/uploads\/2020\/06\/laminated-acrylic.jpg 1025w, https:\/\/spcsigns.com\/wp-content\/uploads\/2020\/06\/laminated-acrylic-300x300.jpg 300w, https:\/\/spcsigns.com\/wp-content\/uploads\/2020\/06\/laminated-acrylic-150x150.jpg 150w\" data-sizes=\"auto, (max-width: 990px) 100vw, 990px\" src=\"data:image\/gif;base64,R0lGODlhAQABAAAAACH5BAEKAAEALAAAAAABAAEAAAICTAEAOw==\" style=\"--smush-placeholder-width: 990px; --smush-placeholder-aspect-ratio: 990\/990;\" \/><\/div><\/div><\/div><\/div><\/div><\/div><div class=\"w-separator size_medium\"><\/div><div class=\"wpb_text_column\"><div class=\"wpb_wrapper\"><h3><strong>Options d&rsquo;installation et de couleur<\/strong><\/h3>\n<\/div><\/div><div class=\"g-cols wpb_row via_flex valign_top type_default stacking_default\"><div class=\"vc_col-sm-3 wpb_column vc_column_container\"><div class=\"vc_column-inner\"><div class=\"wpb_wrapper\"><div class=\"w-image align_none\"><div class=\"w-image-h\"><img decoding=\"async\" width=\"990\" height=\"883\" data-src=\"https:\/\/spcsigns.com\/wp-content\/uploads\/2020\/06\/plastic-with-adhesive-1024x913.png\" class=\"attachment-large size-large lazyload\" alt=\"\" data-srcset=\"https:\/\/spcsigns.com\/wp-content\/uploads\/2020\/06\/plastic-with-adhesive-1024x913.png 1024w, https:\/\/spcsigns.com\/wp-content\/uploads\/2020\/06\/plastic-with-adhesive-300x267.png 300w, https:\/\/spcsigns.com\/wp-content\/uploads\/2020\/06\/plastic-with-adhesive.png 1149w\" data-sizes=\"auto, (max-width: 990px) 100vw, 990px\" src=\"data:image\/gif;base64,R0lGODlhAQABAAAAACH5BAEKAAEALAAAAAABAAEAAAICTAEAOw==\" style=\"--smush-placeholder-width: 990px; --smush-placeholder-aspect-ratio: 990\/883;\" \/><\/div><\/div><\/div><\/div><\/div><div class=\"vc_col-sm-3 wpb_column vc_column_container\"><div class=\"vc_column-inner\"><div class=\"wpb_wrapper\"><div class=\"wpb_text_column\"><div class=\"wpb_wrapper\"><h4><strong>Adh\u00e9sif double face<\/strong><\/h4>\n<\/div><\/div><div class=\"wpb_text_column\"><div class=\"wpb_wrapper\"><p>Adh\u00e9sif 3M appliqu\u00e9 au dos des lettres ou des logos.<\/p>\n<\/div><\/div><\/div><\/div><\/div><div class=\"vc_col-sm-3 wpb_column vc_column_container\"><div class=\"vc_column-inner\"><div class=\"wpb_wrapper\"><div class=\"w-image align_none\"><div class=\"w-image-h\"><img decoding=\"async\" width=\"972\" height=\"1024\" data-src=\"https:\/\/spcsigns.com\/wp-content\/uploads\/2020\/06\/plastic-stud-mount.png\" class=\"attachment-large size-large lazyload\" alt=\"\" data-srcset=\"https:\/\/spcsigns.com\/wp-content\/uploads\/2020\/06\/plastic-stud-mount.png 972w, https:\/\/spcsigns.com\/wp-content\/uploads\/2020\/06\/plastic-stud-mount-285x300.png 285w\" data-sizes=\"auto, (max-width: 972px) 100vw, 972px\" src=\"data:image\/gif;base64,R0lGODlhAQABAAAAACH5BAEKAAEALAAAAAABAAEAAAICTAEAOw==\" style=\"--smush-placeholder-width: 972px; --smush-placeholder-aspect-ratio: 972\/1024;\" \/><\/div><\/div><\/div><\/div><\/div><div class=\"vc_col-sm-3 wpb_column vc_column_container\"><div class=\"vc_column-inner\"><div class=\"wpb_wrapper\"><div class=\"wpb_text_column\"><div class=\"wpb_wrapper\"><p>Le dos des lettres et des logos, d&rsquo;une \u00e9paisseur d&rsquo;au moins \u00bc\u00a0\u00bb, est perc\u00e9 et taraud\u00e9 pour recevoir des goujons filet\u00e9s, en vue d&rsquo;une fixation au mur.<\/p>\n<\/div><\/div><\/div><\/div><\/div><\/div><div class=\"w-separator size_medium\"><\/div><div class=\"g-cols wpb_row via_flex valign_top type_default stacking_default\"><div class=\"vc_col-sm-3 wpb_column vc_column_container\"><div class=\"vc_column-inner\"><div class=\"wpb_wrapper\"><div class=\"w-image align_none\"><div class=\"w-image-h\"><img decoding=\"async\" width=\"820\" height=\"1024\" data-src=\"https:\/\/spcsigns.com\/wp-content\/uploads\/2020\/06\/chemetal-colors.png\" class=\"attachment-large size-large lazyload\" alt=\"\" data-srcset=\"https:\/\/spcsigns.com\/wp-content\/uploads\/2020\/06\/chemetal-colors.png 820w, https:\/\/spcsigns.com\/wp-content\/uploads\/2020\/06\/chemetal-colors-240x300.png 240w\" data-sizes=\"auto, (max-width: 820px) 100vw, 820px\" src=\"data:image\/gif;base64,R0lGODlhAQABAAAAACH5BAEKAAEALAAAAAABAAEAAAICTAEAOw==\" style=\"--smush-placeholder-width: 820px; --smush-placeholder-aspect-ratio: 820\/1024;\" \/><\/div><\/div><\/div><\/div><\/div><div class=\"vc_col-sm-3 wpb_column vc_column_container\"><div class=\"vc_column-inner\"><div class=\"wpb_wrapper\"><div class=\"wpb_text_column\"><div class=\"wpb_wrapper\"><h4><strong>Couleurs Chemetal<br \/>\n<\/strong><\/h4>\n<\/div><\/div><div class=\"wpb_text_column\"><div class=\"wpb_wrapper\"><p>Couleurs standard des stratifi\u00e9s pour l&rsquo;int\u00e9rieur, grain horizontal standard.<\/p>\n<\/div><\/div><\/div><\/div><\/div><div class=\"vc_col-sm-3 wpb_column vc_column_container\"><div class=\"vc_column-inner\"><div class=\"wpb_wrapper\"><div class=\"w-image align_none\"><div class=\"w-image-h\"><img decoding=\"async\" width=\"990\" height=\"990\" data-src=\"https:\/\/spcsigns.com\/wp-content\/uploads\/2020\/06\/stencil-guide.jpg\" class=\"attachment-large size-large lazyload\" alt=\"\" data-srcset=\"https:\/\/spcsigns.com\/wp-content\/uploads\/2020\/06\/stencil-guide.jpg 1025w, https:\/\/spcsigns.com\/wp-content\/uploads\/2020\/06\/stencil-guide-300x300.jpg 300w, https:\/\/spcsigns.com\/wp-content\/uploads\/2020\/06\/stencil-guide-150x150.jpg 150w\" data-sizes=\"auto, (max-width: 990px) 100vw, 990px\" src=\"data:image\/gif;base64,R0lGODlhAQABAAAAACH5BAEKAAEALAAAAAABAAEAAAICTAEAOw==\" style=\"--smush-placeholder-width: 990px; --smush-placeholder-aspect-ratio: 990\/990;\" \/><\/div><\/div><\/div><\/div><\/div><div class=\"vc_col-sm-3 wpb_column vc_column_container\"><div class=\"vc_column-inner\"><div class=\"wpb_wrapper\"><div class=\"wpb_text_column\"><div class=\"wpb_wrapper\"><p>Trac\u00e9 de lettres g\u00e9n\u00e9r\u00e9 par ordinateur avec l&#8217;emplacement des trous des goujons, imprim\u00e9 sur papier.&nbsp;  Une fois le ruban adh\u00e9sif coll\u00e9 au mur, les trous sont perc\u00e9s et remplis d&rsquo;adh\u00e9sif. Mod\u00e8les d&rsquo;espacement des lettres pour les lettres utilisant du ruban adh\u00e9sif <\/p>\n<\/div><\/div><\/div><\/div><\/div><\/div><\/div><\/div><\/div><\/div><\/div><\/section>\n","protected":false},"excerpt":{"rendered":"Lettres et logos lamin\u00e9s Lettres et logos en acrylique lamin\u00e9 Les lettres et logos en stratifi\u00e9 sont une bonne alternative aux mat\u00e9riaux \u00e0 \u00e2me pleine comme l&rsquo;aluminium. Les finitions chimiques standard sont disponibles sur un support acrylique ou en mousse. Options de lettres en acrylique stratifi\u00e9 \u00c9paisseur disponible : 1\/8&Prime;, 1\/4&Prime;, 3\/8&Prime;, 1\/2&Prime;, 3\/4&Prime;, 1&Prime;...","protected":false},"author":1,"featured_media":0,"parent":3420,"menu_order":0,"comment_status":"closed","ping_status":"closed","template":"","meta":{"ngg_post_thumbnail":0,"footnotes":""},"class_list":["post-3391","page","type-page","status-publish","hentry"],"_links":{"self":[{"href":"https:\/\/spcsigns.com\/fr\/wp-json\/wp\/v2\/pages\/3391","targetHints":{"allow":["GET"]}}],"collection":[{"href":"https:\/\/spcsigns.com\/fr\/wp-json\/wp\/v2\/pages"}],"about":[{"href":"https:\/\/spcsigns.com\/fr\/wp-json\/wp\/v2\/types\/page"}],"author":[{"embeddable":true,"href":"https:\/\/spcsigns.com\/fr\/wp-json\/wp\/v2\/users\/1"}],"replies":[{"embeddable":true,"href":"https:\/\/spcsigns.com\/fr\/wp-json\/wp\/v2\/comments?post=3391"}],"version-history":[{"count":1,"href":"https:\/\/spcsigns.com\/fr\/wp-json\/wp\/v2\/pages\/3391\/revisions"}],"predecessor-version":[{"id":3427,"href":"https:\/\/spcsigns.com\/fr\/wp-json\/wp\/v2\/pages\/3391\/revisions\/3427"}],"up":[{"embeddable":true,"href":"https:\/\/spcsigns.com\/fr\/wp-json\/wp\/v2\/pages\/3420"}],"wp:attachment":[{"href":"https:\/\/spcsigns.com\/fr\/wp-json\/wp\/v2\/media?parent=3391"}],"curies":[{"name":"wp","href":"https:\/\/api.w.org\/{rel}","templated":true}]}}