{"id":3390,"date":"2020-07-07T13:42:59","date_gmt":"2020-07-07T17:42:59","guid":{"rendered":"https:\/\/spcsigns.com\/panneaux-en-acrylique\/"},"modified":"2025-05-17T13:14:49","modified_gmt":"2025-05-17T17:14:49","slug":"panneaux-en-acrylique","status":"publish","type":"page","link":"https:\/\/spcsigns.com\/fr\/signalisation-interieure\/panneaux-en-acrylique\/","title":{"rendered":"Panneaux en acrylique"},"content":{"rendered":"<section class=\"l-section wpb_row height_medium\"><div class=\"l-section-h i-cf\"><div class=\"g-cols vc_row via_flex valign_top type_default stacking_default\"><div class=\"vc_col-sm-12 wpb_column vc_column_container\"><div class=\"vc_column-inner\"><div class=\"wpb_wrapper\"><div class=\"wpb_text_column us_custom_eb777777 has_text_color\"><div class=\"wpb_wrapper\"><h2><strong>&nbsp;ENSEIGNES ACRYLIQUES<\/strong><\/h2>\n<\/div><\/div><div class=\"w-image us_custom_fab4abd9 align_none\"><div class=\"w-image-h\"><img decoding=\"async\" width=\"990\" height=\"277\" data-src=\"https:\/\/spcsigns.com\/wp-content\/uploads\/2020\/09\/acrylic-head-1024x287.png\" class=\"attachment-large size-large lazyload\" alt=\"\" data-srcset=\"https:\/\/spcsigns.com\/wp-content\/uploads\/2020\/09\/acrylic-head-1024x287.png 1024w, https:\/\/spcsigns.com\/wp-content\/uploads\/2020\/09\/acrylic-head-300x84.png 300w, https:\/\/spcsigns.com\/wp-content\/uploads\/2020\/09\/acrylic-head.png 1251w\" data-sizes=\"auto, (max-width: 990px) 100vw, 990px\" src=\"data:image\/gif;base64,R0lGODlhAQABAAAAACH5BAEKAAEALAAAAAABAAEAAAICTAEAOw==\" style=\"--smush-placeholder-width: 990px; --smush-placeholder-aspect-ratio: 990\/277;\" \/><\/div><\/div><div class=\"wpb_text_column us_custom_ea890650\"><div class=\"wpb_wrapper\"><\/div><\/div><div class=\"w-separator size_medium\"><\/div><div class=\"g-cols wpb_row via_flex valign_top type_default stacking_default\"><div class=\"vc_col-sm-6 wpb_column vc_column_container\"><div class=\"vc_column-inner\"><div class=\"wpb_wrapper\"><div class=\"wpb_text_column\"><div class=\"wpb_wrapper\"><p>Les panneaux acryliques personnalis\u00e9s sont disponibles dans une grande vari\u00e9t\u00e9 de tailles, de formes, de couleurs et d&rsquo;\u00e9paisseurs. Les bords sont polis pour obtenir une finition miroir. Les panneaux en acrylique peuvent \u00eatre imprim\u00e9s directement, avec du texte, des logos ou des graphiques en relief, des logos et du texte grav\u00e9s ou des graphiques complets imprim\u00e9s \u00e0 l&rsquo;arri\u00e8re. Les supports ou les capuchons et les vis sont utilis\u00e9s pour accrocher les panneaux en acrylique au mur. Ils sont disponibles en diff\u00e9rentes couleurs et peuvent \u00eatre dot\u00e9s d&rsquo;entretoises pour donner l&rsquo;impression d&rsquo;une plaque flottante.<br \/>\nL&rsquo;acrylique clair, givr\u00e9 ou color\u00e9 est disponible dans des tailles allant jusqu&rsquo;\u00e0 48-96&Prime;, dans des \u00e9paisseurs de 1\/8&Prime;, 3\/16&Prime;, 1\/4&Prime;, 3\/8&Prime;, 1\/2&Prime;, 3\/4&Prime; et 1&Prime;. Dimensions ou formes sur mesure, coins arrondis ou carr\u00e9s et bords polis clairs. D\u00e9coupe au laser polie ou polie et lustr\u00e9e. Mont\u00e9s sur la surface \u00e0 l&rsquo;aide d&rsquo;entretoises ou de capuchons et de vis avec des entretoises disponibles en plusieurs couleurs.     &nbsp;  Les graphiques peuvent \u00eatre mont\u00e9s \u00e0 l&rsquo;avant ou \u00e0 l&rsquo;arri\u00e8re. Une option plus s\u00fbre et meilleure que le verre. <\/p>\n<\/div><\/div><\/div><\/div><\/div><div class=\"vc_col-sm-6 wpb_column vc_column_container\"><div class=\"vc_column-inner\"><div class=\"wpb_wrapper\"><div class=\"w-image align_right\"><div class=\"w-image-h\"><img decoding=\"async\" width=\"300\" height=\"300\" data-src=\"https:\/\/spcsigns.com\/wp-content\/uploads\/2020\/07\/ACRYLIC-HILTON-300x300.png\" class=\"attachment-medium size-medium lazyload\" alt=\"\" data-srcset=\"https:\/\/spcsigns.com\/wp-content\/uploads\/2020\/07\/ACRYLIC-HILTON-300x300.png 300w, https:\/\/spcsigns.com\/wp-content\/uploads\/2020\/07\/ACRYLIC-HILTON-150x150.png 150w, https:\/\/spcsigns.com\/wp-content\/uploads\/2020\/07\/ACRYLIC-HILTON.png 1025w\" data-sizes=\"auto, (max-width: 300px) 100vw, 300px\" src=\"data:image\/gif;base64,R0lGODlhAQABAAAAACH5BAEKAAEALAAAAAABAAEAAAICTAEAOw==\" style=\"--smush-placeholder-width: 300px; --smush-placeholder-aspect-ratio: 300\/300;\" \/><\/div><\/div><\/div><\/div><\/div><\/div><div class=\"w-separator size_medium\"><\/div><div class=\"g-cols wpb_row via_flex valign_top type_default stacking_default\"><div class=\"vc_col-sm-6 wpb_column vc_column_container\"><div class=\"vc_column-inner\"><div class=\"wpb_wrapper\"><div class=\"wpb_text_column\"><div class=\"wpb_wrapper\"><p><strong>Supports standard<\/strong><br \/>\nDisponibles en diff\u00e9rents diam\u00e8tres et couleurs, montage \u00e0 travers l&rsquo;acrylique avec des trous pr\u00e9-perc\u00e9s ou sur le c\u00f4t\u00e9 avec des supports de montage lat\u00e9raux.<\/p>\n<\/div><\/div><div class=\"w-image align_none\"><div class=\"w-image-h\"><img decoding=\"async\" width=\"300\" height=\"300\" data-src=\"https:\/\/spcsigns.com\/wp-content\/uploads\/2020\/07\/standoffs-300x300.png\" class=\"attachment-medium size-medium lazyload\" alt=\"\" data-srcset=\"https:\/\/spcsigns.com\/wp-content\/uploads\/2020\/07\/standoffs-300x300.png 300w, https:\/\/spcsigns.com\/wp-content\/uploads\/2020\/07\/standoffs-1024x1022.png 1024w, https:\/\/spcsigns.com\/wp-content\/uploads\/2020\/07\/standoffs-150x150.png 150w, https:\/\/spcsigns.com\/wp-content\/uploads\/2020\/07\/standoffs.png 1027w\" data-sizes=\"auto, (max-width: 300px) 100vw, 300px\" src=\"data:image\/gif;base64,R0lGODlhAQABAAAAACH5BAEKAAEALAAAAAABAAEAAAICTAEAOw==\" style=\"--smush-placeholder-width: 300px; --smush-placeholder-aspect-ratio: 300\/300;\" \/><\/div><\/div><\/div><\/div><\/div><div class=\"vc_col-sm-6 wpb_column vc_column_container\"><div class=\"vc_column-inner\"><div class=\"wpb_wrapper\"><div class=\"wpb_text_column\"><div class=\"wpb_wrapper\"><p><strong>Capuchons et vis<br \/>\n<\/strong>Capuchons d\u00e9coratifs qui couvrent la t\u00eate des vis, disponibles en 0,5&Prime;, 0,75&Prime; et 1&Prime; en aluminium, or ou noir.<\/p>\n<p>&nbsp;<\/p>\n<\/div><\/div><div class=\"w-image align_none\"><div class=\"w-image-h\"><img decoding=\"async\" width=\"300\" height=\"296\" data-src=\"https:\/\/spcsigns.com\/wp-content\/uploads\/2020\/07\/caps-screws-300x296.png\" class=\"attachment-medium size-medium lazyload\" alt=\"\" data-srcset=\"https:\/\/spcsigns.com\/wp-content\/uploads\/2020\/07\/caps-screws-300x296.png 300w, https:\/\/spcsigns.com\/wp-content\/uploads\/2020\/07\/caps-screws-1024x1011.png 1024w, https:\/\/spcsigns.com\/wp-content\/uploads\/2020\/07\/caps-screws.png 1038w\" data-sizes=\"auto, (max-width: 300px) 100vw, 300px\" src=\"data:image\/gif;base64,R0lGODlhAQABAAAAACH5BAEKAAEALAAAAAABAAEAAAICTAEAOw==\" style=\"--smush-placeholder-width: 300px; --smush-placeholder-aspect-ratio: 300\/296;\" \/><\/div><\/div><\/div><\/div><\/div><\/div><div class=\"w-separator size_large\"><\/div><div class=\"w-grid type_grid layout_gallery_default cols_2\" id=\"us_grid_1\" style=\"--columns:2;--gap:1.5rem;\" data-filterable=\"true\"><style>@media (max-width:600px){#us_grid_1{--columns:1!important}}.layout_gallery_default .w-grid-item-h{}<\/style><div class=\"w-grid-list\">\t<article class=\"w-grid-item size_1x1 post-3316 attachment type-attachment status-inherit hentry\" data-id=\"3316\">\r\n\t\t<div class=\"w-grid-item-h\">\r\n\t\t\t\t\t\t<div class=\"w-post-elm post_image usg_post_image_1 stretched\"><img decoding=\"async\" width=\"300\" height=\"300\" data-src=\"https:\/\/spcsigns.com\/wp-content\/uploads\/2020\/07\/acrylic-signs5-300x300.png\" class=\"attachment-medium size-medium lazyload\" alt=\"\" data-srcset=\"https:\/\/spcsigns.com\/wp-content\/uploads\/2020\/07\/acrylic-signs5-300x300.png 300w, https:\/\/spcsigns.com\/wp-content\/uploads\/2020\/07\/acrylic-signs5-150x150.png 150w, https:\/\/spcsigns.com\/wp-content\/uploads\/2020\/07\/acrylic-signs5.png 1025w\" data-sizes=\"(max-width: 300px) 100vw, 300px\" src=\"data:image\/gif;base64,R0lGODlhAQABAAAAACH5BAEKAAEALAAAAAABAAEAAAICTAEAOw==\" style=\"--smush-placeholder-width: 300px; --smush-placeholder-aspect-ratio: 300\/300;\" \/><\/div>\t\t<\/div>\r\n\t\t\t<\/article>\r\n\t<article class=\"w-grid-item size_1x1 post-3315 attachment type-attachment status-inherit hentry\" data-id=\"3315\">\r\n\t\t<div class=\"w-grid-item-h\">\r\n\t\t\t\t\t\t<div class=\"w-post-elm post_image usg_post_image_1 stretched\"><img decoding=\"async\" width=\"300\" height=\"300\" data-src=\"https:\/\/spcsigns.com\/wp-content\/uploads\/2020\/07\/acrylic-signs4-300x300.png\" class=\"attachment-medium size-medium lazyload\" alt=\"\" data-srcset=\"https:\/\/spcsigns.com\/wp-content\/uploads\/2020\/07\/acrylic-signs4-300x300.png 300w, https:\/\/spcsigns.com\/wp-content\/uploads\/2020\/07\/acrylic-signs4-150x150.png 150w, https:\/\/spcsigns.com\/wp-content\/uploads\/2020\/07\/acrylic-signs4.png 1025w\" data-sizes=\"(max-width: 300px) 100vw, 300px\" src=\"data:image\/gif;base64,R0lGODlhAQABAAAAACH5BAEKAAEALAAAAAABAAEAAAICTAEAOw==\" style=\"--smush-placeholder-width: 300px; --smush-placeholder-aspect-ratio: 300\/300;\" \/><\/div>\t\t<\/div>\r\n\t\t\t<\/article>\r\n\t<article class=\"w-grid-item size_1x1 post-3314 attachment type-attachment status-inherit hentry\" data-id=\"3314\">\r\n\t\t<div class=\"w-grid-item-h\">\r\n\t\t\t\t\t\t<div class=\"w-post-elm post_image usg_post_image_1 stretched\"><img decoding=\"async\" width=\"300\" height=\"300\" data-src=\"https:\/\/spcsigns.com\/wp-content\/uploads\/2020\/07\/acrylic-signs3-300x300.png\" class=\"attachment-medium size-medium lazyload\" alt=\"\" data-srcset=\"https:\/\/spcsigns.com\/wp-content\/uploads\/2020\/07\/acrylic-signs3-300x300.png 300w, https:\/\/spcsigns.com\/wp-content\/uploads\/2020\/07\/acrylic-signs3-150x150.png 150w, https:\/\/spcsigns.com\/wp-content\/uploads\/2020\/07\/acrylic-signs3.png 1025w\" data-sizes=\"(max-width: 300px) 100vw, 300px\" src=\"data:image\/gif;base64,R0lGODlhAQABAAAAACH5BAEKAAEALAAAAAABAAEAAAICTAEAOw==\" style=\"--smush-placeholder-width: 300px; --smush-placeholder-aspect-ratio: 300\/300;\" \/><\/div>\t\t<\/div>\r\n\t\t\t<\/article>\r\n\t<article class=\"w-grid-item size_1x1 post-3313 attachment type-attachment status-inherit hentry\" data-id=\"3313\">\r\n\t\t<div class=\"w-grid-item-h\">\r\n\t\t\t\t\t\t<div class=\"w-post-elm post_image usg_post_image_1 stretched\"><img decoding=\"async\" width=\"300\" height=\"300\" data-src=\"https:\/\/spcsigns.com\/wp-content\/uploads\/2020\/07\/acrylic-signs2-300x300.png\" class=\"attachment-medium size-medium lazyload\" alt=\"\" data-srcset=\"https:\/\/spcsigns.com\/wp-content\/uploads\/2020\/07\/acrylic-signs2-300x300.png 300w, https:\/\/spcsigns.com\/wp-content\/uploads\/2020\/07\/acrylic-signs2-150x150.png 150w, https:\/\/spcsigns.com\/wp-content\/uploads\/2020\/07\/acrylic-signs2.png 1025w\" data-sizes=\"(max-width: 300px) 100vw, 300px\" src=\"data:image\/gif;base64,R0lGODlhAQABAAAAACH5BAEKAAEALAAAAAABAAEAAAICTAEAOw==\" style=\"--smush-placeholder-width: 300px; --smush-placeholder-aspect-ratio: 300\/300;\" \/><\/div>\t\t<\/div>\r\n\t\t\t<\/article>\r\n\t<article class=\"w-grid-item size_1x1 post-3310 attachment type-attachment status-inherit hentry\" data-id=\"3310\">\r\n\t\t<div class=\"w-grid-item-h\">\r\n\t\t\t\t\t\t<div class=\"w-post-elm post_image usg_post_image_1 stretched\"><img decoding=\"async\" width=\"300\" height=\"300\" data-src=\"https:\/\/spcsigns.com\/wp-content\/uploads\/2020\/07\/ACRYLIC-HILTON-300x300.png\" class=\"attachment-medium size-medium lazyload\" alt=\"\" data-srcset=\"https:\/\/spcsigns.com\/wp-content\/uploads\/2020\/07\/ACRYLIC-HILTON-300x300.png 300w, https:\/\/spcsigns.com\/wp-content\/uploads\/2020\/07\/ACRYLIC-HILTON-150x150.png 150w, https:\/\/spcsigns.com\/wp-content\/uploads\/2020\/07\/ACRYLIC-HILTON.png 1025w\" data-sizes=\"(max-width: 300px) 100vw, 300px\" src=\"data:image\/gif;base64,R0lGODlhAQABAAAAACH5BAEKAAEALAAAAAABAAEAAAICTAEAOw==\" style=\"--smush-placeholder-width: 300px; --smush-placeholder-aspect-ratio: 300\/300;\" \/><\/div>\t\t<\/div>\r\n\t\t\t<\/article>\r\n\t<article class=\"w-grid-item size_1x1 post-3292 attachment type-attachment status-inherit hentry\" data-id=\"3292\">\r\n\t\t<div class=\"w-grid-item-h\">\r\n\t\t\t\t\t\t<div class=\"w-post-elm post_image usg_post_image_1 stretched\"><img decoding=\"async\" width=\"300\" height=\"300\" data-src=\"https:\/\/spcsigns.com\/wp-content\/uploads\/2020\/07\/interior-signage-casa-300x300.png\" class=\"attachment-medium size-medium lazyload\" alt=\"\" data-srcset=\"https:\/\/spcsigns.com\/wp-content\/uploads\/2020\/07\/interior-signage-casa-300x300.png 300w, https:\/\/spcsigns.com\/wp-content\/uploads\/2020\/07\/interior-signage-casa-150x150.png 150w, https:\/\/spcsigns.com\/wp-content\/uploads\/2020\/07\/interior-signage-casa.png 1025w\" data-sizes=\"(max-width: 300px) 100vw, 300px\" src=\"data:image\/gif;base64,R0lGODlhAQABAAAAACH5BAEKAAEALAAAAAABAAEAAAICTAEAOw==\" style=\"--smush-placeholder-width: 300px; --smush-placeholder-aspect-ratio: 300\/300;\" \/><\/div>\t\t<\/div>\r\n\t\t\t<\/article>\r\n<\/div><div class=\"w-grid-preloader\">\t<div class=\"g-preloader type_1\">\r\n\t\t<div><\/div>\r\n\t<\/div>\r\n\t<\/div>\t<div class=\"w-grid-json hidden\" onclick='return {&quot;action&quot;:&quot;us_ajax_grid&quot;,&quot;infinite_scroll&quot;:0,&quot;max_num_pages&quot;:1,&quot;pagination&quot;:&quot;none&quot;,&quot;template_vars&quot;:{&quot;columns&quot;:&quot;2&quot;,&quot;exclude_items&quot;:&quot;none&quot;,&quot;img_size&quot;:&quot;medium&quot;,&quot;ignore_items_size&quot;:0,&quot;items_layout&quot;:&quot;gallery_default&quot;,&quot;items_offset&quot;:&quot;1&quot;,&quot;load_animation&quot;:&quot;none&quot;,&quot;overriding_link&quot;:&quot;{\\&quot;url\\&quot;:\\&quot;\\&quot;}&quot;,&quot;post_id&quot;:0,&quot;query_args&quot;:{&quot;post_type&quot;:[&quot;attachment&quot;],&quot;post__in&quot;:[&quot;2827&quot;,&quot;2826&quot;,&quot;2825&quot;,&quot;2824&quot;,&quot;2814&quot;,&quot;2768&quot;],&quot;post_status&quot;:&quot;inherit&quot;,&quot;post_mime_type&quot;:&quot;image&quot;,&quot;posts_per_page&quot;:&quot;10&quot;},&quot;orderby_query_args&quot;:{&quot;orderby&quot;:{&quot;date&quot;:&quot;DESC&quot;}},&quot;type&quot;:&quot;grid&quot;,&quot;us_grid_post_type&quot;:&quot;attachment&quot;,&quot;us_grid_ajax_index&quot;:1,&quot;us_grid_filter_query_string&quot;:null,&quot;us_grid_index&quot;:1,&quot;page_args&quot;:[],&quot;lang&quot;:&quot;fr&quot;}}'><\/div>\r\n\t<\/div><\/div><\/div><\/div><\/div><\/div><\/section>\n","protected":false},"excerpt":{"rendered":"","protected":false},"author":1,"featured_media":0,"parent":3399,"menu_order":0,"comment_status":"closed","ping_status":"closed","template":"","meta":{"ngg_post_thumbnail":0,"footnotes":""},"class_list":["post-3390","page","type-page","status-publish","hentry"],"_links":{"self":[{"href":"https:\/\/spcsigns.com\/fr\/wp-json\/wp\/v2\/pages\/3390","targetHints":{"allow":["GET"]}}],"collection":[{"href":"https:\/\/spcsigns.com\/fr\/wp-json\/wp\/v2\/pages"}],"about":[{"href":"https:\/\/spcsigns.com\/fr\/wp-json\/wp\/v2\/types\/page"}],"author":[{"embeddable":true,"href":"https:\/\/spcsigns.com\/fr\/wp-json\/wp\/v2\/users\/1"}],"replies":[{"embeddable":true,"href":"https:\/\/spcsigns.com\/fr\/wp-json\/wp\/v2\/comments?post=3390"}],"version-history":[{"count":1,"href":"https:\/\/spcsigns.com\/fr\/wp-json\/wp\/v2\/pages\/3390\/revisions"}],"predecessor-version":[{"id":3400,"href":"https:\/\/spcsigns.com\/fr\/wp-json\/wp\/v2\/pages\/3390\/revisions\/3400"}],"up":[{"embeddable":true,"href":"https:\/\/spcsigns.com\/fr\/wp-json\/wp\/v2\/pages\/3399"}],"wp:attachment":[{"href":"https:\/\/spcsigns.com\/fr\/wp-json\/wp\/v2\/media?parent=3390"}],"curies":[{"name":"wp","href":"https:\/\/api.w.org\/{rel}","templated":true}]}}