{"id":3388,"date":"2020-07-09T16:01:06","date_gmt":"2020-07-09T20:01:06","guid":{"rendered":"https:\/\/spcsigns.com\/panneaux-de-signalisation-de-la-carte-devacuation\/"},"modified":"2025-05-19T11:07:23","modified_gmt":"2025-05-19T15:07:23","slug":"panneaux-de-signalisation-de-la-carte-devacuation","status":"publish","type":"page","link":"https:\/\/spcsigns.com\/fr\/signalisation-interieure\/panneaux-de-signalisation-de-la-carte-devacuation\/","title":{"rendered":"PLANS D&rsquo;\u00c9VACUATION"},"content":{"rendered":"<section class=\"l-section wpb_row height_medium\"><div class=\"l-section-h i-cf\"><div class=\"g-cols vc_row via_flex valign_top type_default stacking_default\"><div class=\"vc_col-sm-12 wpb_column vc_column_container\"><div class=\"vc_column-inner\"><div class=\"wpb_wrapper\"><div class=\"wpb_text_column us_custom_a01d1a56 has_text_color\"><div class=\"wpb_wrapper\"><h2><strong>&nbsp; SIGNALISATION DE PLANS D&rsquo;\u00c9VACUATION<\/strong><\/h2>\n<\/div><\/div><div class=\"w-image us_custom_337527de align_none\"><div class=\"w-image-h\"><img decoding=\"async\" width=\"990\" height=\"277\" data-src=\"https:\/\/spcsigns.com\/wp-content\/uploads\/2020\/07\/EVAC-MAP-1024x287.png\" class=\"attachment-large size-large lazyload\" alt=\"\" data-srcset=\"https:\/\/spcsigns.com\/wp-content\/uploads\/2020\/07\/EVAC-MAP-1024x287.png 1024w, https:\/\/spcsigns.com\/wp-content\/uploads\/2020\/07\/EVAC-MAP-300x84.png 300w, https:\/\/spcsigns.com\/wp-content\/uploads\/2020\/07\/EVAC-MAP.png 1251w\" data-sizes=\"auto, (max-width: 990px) 100vw, 990px\" src=\"data:image\/gif;base64,R0lGODlhAQABAAAAACH5BAEKAAEALAAAAAABAAEAAAICTAEAOw==\" style=\"--smush-placeholder-width: 990px; --smush-placeholder-aspect-ratio: 990\/277;\" \/><\/div><\/div><div class=\"wpb_text_column us_custom_48d82a9b\"><div class=\"wpb_wrapper\"><\/div><\/div><div class=\"w-separator size_small\"><\/div><div class=\"g-cols wpb_row via_flex valign_top type_default stacking_default\"><div class=\"vc_col-sm-8 wpb_column vc_column_container\"><div class=\"vc_column-inner\"><div class=\"wpb_wrapper\"><div class=\"wpb_text_column\"><div class=\"wpb_wrapper\"><p>Les plans d&rsquo;\u00e9vacuation des b\u00e2timents, les panneaux d&rsquo;incendie et les panneaux de sortie de secours sont essentiels pour r\u00e9pondre aux exigences du code du b\u00e2timent et du code de pr\u00e9vention des incendies. Ces plans indiquent les caract\u00e9ristiques du b\u00e2timent telles que les pi\u00e8ces, les portes, les sorties, les couloirs, les cages d&rsquo;escalier, l&#8217;emplacement de la mention \u00ab\u00a0Vous \u00eates ici\u00a0\u00bb et les voies d&rsquo;\u00e9vacuation s\u00fbres. Ils sont fabriqu\u00e9s en plastique sintra, en acrylique transparent imprim\u00e9 \u00e0 l&rsquo;arri\u00e8re, en aluminium bross\u00e9 et en mat\u00e9riau composite aluminium blanc. Ils se fixent au mur \u00e0 l&rsquo;aide d&rsquo;un adh\u00e9sif double face 3M, de capuchons d\u00e9coratifs et de vis ou d&rsquo;attaches.   <\/p>\n<\/div><\/div><div class=\"w-btn-wrapper align_none\"><a class=\"w-btn us-btn-style_1\" title=\"Contact Us\" href=\"https:\/\/spcsigns.com\/contact-us\/\"><span class=\"w-btn-label\">Contactez nous<\/span><\/a><\/div><\/div><\/div><\/div><div class=\"vc_col-sm-4 wpb_column vc_column_container\"><div class=\"vc_column-inner\"><div class=\"wpb_wrapper\"><div class=\"w-image us_custom_5413d8c5 align_none\"><div class=\"w-image-h\"><img decoding=\"async\" width=\"300\" height=\"300\" data-src=\"https:\/\/spcsigns.com\/wp-content\/uploads\/2020\/07\/evac-2-300x300.png\" class=\"attachment-medium size-medium lazyload\" alt=\"\" data-srcset=\"https:\/\/spcsigns.com\/wp-content\/uploads\/2020\/07\/evac-2-300x300.png 300w, https:\/\/spcsigns.com\/wp-content\/uploads\/2020\/07\/evac-2-150x150.png 150w, https:\/\/spcsigns.com\/wp-content\/uploads\/2020\/07\/evac-2.png 1025w\" data-sizes=\"auto, (max-width: 300px) 100vw, 300px\" src=\"data:image\/gif;base64,R0lGODlhAQABAAAAACH5BAEKAAEALAAAAAABAAEAAAICTAEAOw==\" style=\"--smush-placeholder-width: 300px; --smush-placeholder-aspect-ratio: 300\/300;\" \/><\/div><\/div><\/div><\/div><\/div><\/div><div class=\"w-separator size_large\"><\/div><div class=\"wpb_text_column us_custom_a01d1a56 has_text_color\"><div class=\"wpb_wrapper\"><h2>&nbsp;<strong>  PANNEAUX D&rsquo;\u00c9VACUATION EN PLASTIQUE SINTRA<\/strong><\/h2>\n<\/div><\/div><div class=\"g-cols wpb_row via_flex valign_top type_default stacking_default\"><div class=\"vc_col-sm-4 wpb_column vc_column_container\"><div class=\"vc_column-inner\"><div class=\"wpb_wrapper\"><div class=\"w-image us_custom_88631f23 align_none\"><div class=\"w-image-h\"><img decoding=\"async\" width=\"300\" height=\"300\" data-src=\"https:\/\/spcsigns.com\/wp-content\/uploads\/2020\/07\/evac-1-300x300.png\" class=\"attachment-medium size-medium lazyload\" alt=\"\" data-srcset=\"https:\/\/spcsigns.com\/wp-content\/uploads\/2020\/07\/evac-1-300x300.png 300w, https:\/\/spcsigns.com\/wp-content\/uploads\/2020\/07\/evac-1-150x150.png 150w, https:\/\/spcsigns.com\/wp-content\/uploads\/2020\/07\/evac-1.png 1025w\" data-sizes=\"auto, (max-width: 300px) 100vw, 300px\" src=\"data:image\/gif;base64,R0lGODlhAQABAAAAACH5BAEKAAEALAAAAAABAAEAAAICTAEAOw==\" style=\"--smush-placeholder-width: 300px; --smush-placeholder-aspect-ratio: 300\/300;\" \/><\/div><\/div><\/div><\/div><\/div><div class=\"vc_col-sm-8 wpb_column vc_column_container\"><div class=\"vc_column-inner\"><div class=\"wpb_wrapper\"><div class=\"wpb_text_column\"><div class=\"wpb_wrapper\"><p><strong>Les panneaux d&rsquo;\u00e9vacuation sont<\/strong> imprim\u00e9s directement sur du plastique sintra (PVC) blanc de 1\/8&Prime; ou 1\/4&Prime;. Il s&rsquo;agit de la version la plus \u00e9conomique des panneaux d&rsquo;\u00e9vacuation. Nous utilisons des encres ext\u00e9rieures UV pour une finition durable. Les panneaux sont livr\u00e9s avec un adh\u00e9sif double face de 3 m, des capuchons, des vis et des supports. Nous pouvons d\u00e9couper n&rsquo;importe quelle taille pour r\u00e9pondre \u00e0 vos besoins.    <\/p>\n<\/div><\/div><\/div><\/div><\/div><\/div><div class=\"w-separator size_small\"><\/div><div class=\"wpb_text_column us_custom_a01d1a56 has_text_color\"><div class=\"wpb_wrapper\"><h2>&nbsp;<strong>  PANNEAUX D&rsquo;\u00c9VACUATION EN PLASTIQUE ACRYLIQUE<\/strong><\/h2>\n<\/div><\/div><div class=\"g-cols wpb_row via_flex valign_top type_default stacking_default\"><div class=\"vc_col-sm-4 wpb_column vc_column_container\"><div class=\"vc_column-inner\"><div class=\"wpb_wrapper\"><div class=\"w-image us_custom_88631f23 align_none\"><div class=\"w-image-h\"><img decoding=\"async\" width=\"300\" height=\"300\" data-src=\"https:\/\/spcsigns.com\/wp-content\/uploads\/2020\/07\/evac-2-300x300.png\" class=\"attachment-medium size-medium lazyload\" alt=\"\" data-srcset=\"https:\/\/spcsigns.com\/wp-content\/uploads\/2020\/07\/evac-2-300x300.png 300w, https:\/\/spcsigns.com\/wp-content\/uploads\/2020\/07\/evac-2-150x150.png 150w, https:\/\/spcsigns.com\/wp-content\/uploads\/2020\/07\/evac-2.png 1025w\" data-sizes=\"auto, (max-width: 300px) 100vw, 300px\" src=\"data:image\/gif;base64,R0lGODlhAQABAAAAACH5BAEKAAEALAAAAAABAAEAAAICTAEAOw==\" style=\"--smush-placeholder-width: 300px; --smush-placeholder-aspect-ratio: 300\/300;\" \/><\/div><\/div><\/div><\/div><\/div><div class=\"vc_col-sm-8 wpb_column vc_column_container\"><div class=\"vc_column-inner\"><div class=\"wpb_wrapper\"><div class=\"wpb_text_column\"><div class=\"wpb_wrapper\"><p><strong>Les panneaux d&rsquo;\u00e9vacuation sont<\/strong> imprim\u00e9s directement sur du plastique acrylique transparent de 1\/8&Prime; avec un support en vinyle blanc. Ils sont tr\u00e8s r\u00e9sistants aux rayures et \u00e0 l&rsquo;usure car les images et le texte sont imprim\u00e9s au verso. Nous utilisons des encres ext\u00e9rieures UV pour une finition durable. Les panneaux sont livr\u00e9s avec un adh\u00e9sif double face de 3 m, des capuchons, des vis et des supports. Nous pouvons d\u00e9couper au laser (ce qui laisse un bord poli) n&rsquo;importe quelle taille pour r\u00e9pondre \u00e0 vos besoins.    <\/p>\n<\/div><\/div><\/div><\/div><\/div><\/div><div class=\"w-separator size_small\"><\/div><div class=\"wpb_text_column us_custom_a01d1a56 has_text_color\"><div class=\"wpb_wrapper\"><h2>&nbsp;<strong>  PANNEAUX D&rsquo;\u00c9VACUATION EN ALUMINIUM COMPOSITE BROSS\u00c9<\/strong><\/h2>\n<\/div><\/div><div class=\"g-cols wpb_row via_flex valign_top type_default stacking_default\"><div class=\"vc_col-sm-4 wpb_column vc_column_container\"><div class=\"vc_column-inner\"><div class=\"wpb_wrapper\"><div class=\"w-image us_custom_88631f23 align_none\"><div class=\"w-image-h\"><img decoding=\"async\" width=\"300\" height=\"300\" data-src=\"https:\/\/spcsigns.com\/wp-content\/uploads\/2020\/07\/EVACUATION-SIGN-BRUSHED-ALUMINUM-300x300.png\" class=\"attachment-medium size-medium lazyload\" alt=\"\" data-srcset=\"https:\/\/spcsigns.com\/wp-content\/uploads\/2020\/07\/EVACUATION-SIGN-BRUSHED-ALUMINUM-300x300.png 300w, https:\/\/spcsigns.com\/wp-content\/uploads\/2020\/07\/EVACUATION-SIGN-BRUSHED-ALUMINUM-150x150.png 150w, https:\/\/spcsigns.com\/wp-content\/uploads\/2020\/07\/EVACUATION-SIGN-BRUSHED-ALUMINUM.png 1025w\" data-sizes=\"auto, (max-width: 300px) 100vw, 300px\" src=\"data:image\/gif;base64,R0lGODlhAQABAAAAACH5BAEKAAEALAAAAAABAAEAAAICTAEAOw==\" style=\"--smush-placeholder-width: 300px; --smush-placeholder-aspect-ratio: 300\/300;\" \/><\/div><\/div><\/div><\/div><\/div><div class=\"vc_col-sm-8 wpb_column vc_column_container\"><div class=\"vc_column-inner\"><div class=\"wpb_wrapper\"><div class=\"wpb_text_column\"><div class=\"wpb_wrapper\"><p><strong>Les panneaux d&rsquo;\u00e9vacuation sont<\/strong> imprim\u00e9s directement sur un mat\u00e9riau composite en aluminium bross\u00e9 de 1\/8&Prime; (le mat\u00e9riau composite est un lamin\u00e9 m\u00e9tallique en aluminium sur les deux faces avec du plastique noir abs entre les deux). Ces panneaux ont un aspect m\u00e9tallique plus bross\u00e9 pour vous donner un aspect plus moderne. Nous utilisons des encres ext\u00e9rieures UV pour une finition durable. Les panneaux sont livr\u00e9s avec un adh\u00e9sif double face de 3 m, des capuchons, des vis et des supports. Nous pouvons d\u00e9couper au laser n&rsquo;importe quelle taille pour r\u00e9pondre \u00e0 vos besoins.    <\/p>\n<\/div><\/div><\/div><\/div><\/div><\/div><\/div><\/div><\/div><\/div><\/div><\/section>\n","protected":false},"excerpt":{"rendered":"&nbsp; SIGNALISATION DE PLANS D&rsquo;\u00c9VACUATION Les plans d&rsquo;\u00e9vacuation des b\u00e2timents, les panneaux d&rsquo;incendie et les panneaux de sortie de secours sont essentiels pour r\u00e9pondre aux exigences du code du b\u00e2timent et du code de pr\u00e9vention des incendies. Ces plans indiquent les caract\u00e9ristiques du b\u00e2timent telles que les pi\u00e8ces, les portes, les sorties, les couloirs, les...","protected":false},"author":1,"featured_media":0,"parent":3399,"menu_order":0,"comment_status":"closed","ping_status":"closed","template":"","meta":{"ngg_post_thumbnail":0,"footnotes":""},"class_list":["post-3388","page","type-page","status-publish","hentry"],"_links":{"self":[{"href":"https:\/\/spcsigns.com\/fr\/wp-json\/wp\/v2\/pages\/3388","targetHints":{"allow":["GET"]}}],"collection":[{"href":"https:\/\/spcsigns.com\/fr\/wp-json\/wp\/v2\/pages"}],"about":[{"href":"https:\/\/spcsigns.com\/fr\/wp-json\/wp\/v2\/types\/page"}],"author":[{"embeddable":true,"href":"https:\/\/spcsigns.com\/fr\/wp-json\/wp\/v2\/users\/1"}],"replies":[{"embeddable":true,"href":"https:\/\/spcsigns.com\/fr\/wp-json\/wp\/v2\/comments?post=3388"}],"version-history":[{"count":2,"href":"https:\/\/spcsigns.com\/fr\/wp-json\/wp\/v2\/pages\/3388\/revisions"}],"predecessor-version":[{"id":3493,"href":"https:\/\/spcsigns.com\/fr\/wp-json\/wp\/v2\/pages\/3388\/revisions\/3493"}],"up":[{"embeddable":true,"href":"https:\/\/spcsigns.com\/fr\/wp-json\/wp\/v2\/pages\/3399"}],"wp:attachment":[{"href":"https:\/\/spcsigns.com\/fr\/wp-json\/wp\/v2\/media?parent=3388"}],"curies":[{"name":"wp","href":"https:\/\/api.w.org\/{rel}","templated":true}]}}