{"id":3387,"date":"2020-09-11T16:26:45","date_gmt":"2020-09-11T20:26:45","guid":{"rendered":"https:\/\/spcsigns.com\/decalcomanies-et-autocollants-en-vinyle\/"},"modified":"2025-05-19T11:04:55","modified_gmt":"2025-05-19T15:04:55","slug":"decalcomanies-et-autocollants-en-vinyle","status":"publish","type":"page","link":"https:\/\/spcsigns.com\/fr\/decalcomanies-et-autocollants-en-vinyle\/","title":{"rendered":"D\u00e9calques et autocollants en vinyle"},"content":{"rendered":"<section class=\"l-section wpb_row height_medium\"><div class=\"l-section-h i-cf\"><div class=\"g-cols vc_row via_flex valign_top type_default stacking_default\"><div class=\"vc_col-sm-12 wpb_column vc_column_container\"><div class=\"vc_column-inner\"><div class=\"wpb_wrapper\"><div class=\"wpb_text_column us_custom_8bea2776 has_text_color\"><div class=\"wpb_wrapper\"><h2><strong>&nbsp;D\u00c9CALQUES ET AUTOCOLLANTS EN VINYLE<\/strong><\/h2>\n<\/div><\/div><div class=\"w-image us_custom_fab4abd9 align_none\"><div class=\"w-image-h\"><img decoding=\"async\" width=\"990\" height=\"277\" data-src=\"https:\/\/spcsigns.com\/wp-content\/uploads\/2020\/09\/VINYL-DECALS-1024x287.png\" class=\"attachment-large size-large lazyload\" alt=\"\" data-srcset=\"https:\/\/spcsigns.com\/wp-content\/uploads\/2020\/09\/VINYL-DECALS-1024x287.png 1024w, https:\/\/spcsigns.com\/wp-content\/uploads\/2020\/09\/VINYL-DECALS-300x84.png 300w, https:\/\/spcsigns.com\/wp-content\/uploads\/2020\/09\/VINYL-DECALS.png 1250w\" data-sizes=\"auto, (max-width: 990px) 100vw, 990px\" src=\"data:image\/gif;base64,R0lGODlhAQABAAAAACH5BAEKAAEALAAAAAABAAEAAAICTAEAOw==\" style=\"--smush-placeholder-width: 990px; --smush-placeholder-aspect-ratio: 990\/277;\" \/><\/div><\/div><div class=\"wpb_text_column us_custom_d07b5d8b\"><div class=\"wpb_wrapper\"><\/div><\/div><div class=\"w-separator size_medium\"><\/div><div class=\"g-cols wpb_row via_flex valign_top type_default stacking_default\"><div class=\"vc_col-sm-6 wpb_column vc_column_container\"><div class=\"vc_column-inner\"><div class=\"wpb_wrapper\"><div class=\"wpb_text_column\"><div class=\"wpb_wrapper\"><h3><strong>D\u00e9calques et autocollants en vinyle<\/strong><\/h3>\n<p>D\u00e9calques en vinyle de premi\u00e8re qualit\u00e9, d\u00e9coup\u00e9es \u00e0 l&#8217;emporte-pi\u00e8ce, fabriqu\u00e9es \u00e0 partir de vinyle haute performance et recouvertes d&rsquo;une pellicule transparente. Ils peuvent \u00eatre imprim\u00e9s et d\u00e9coup\u00e9s \u00e0 l&#8217;emporte-pi\u00e8ce selon la forme et la quantit\u00e9 dont vous avez besoin. D&rsquo;une taille aussi petite que 1\/4&Prime; \u00e0 50&Prime; de haut, \u00e0 la longueur que vous souhaitez. Envoyez-nous un fichier ou demandez-nous de les concevoir pour vous. Nous pouvons fabriquer en 1 jour, parfois le jour m\u00eame.    <\/p>\n<\/div><\/div><\/div><\/div><\/div><div class=\"vc_col-sm-6 wpb_column vc_column_container\"><div class=\"vc_column-inner\"><div class=\"wpb_wrapper\"><div class=\"w-image align_none\"><div class=\"w-image-h\"><img decoding=\"async\" width=\"584\" height=\"350\" data-src=\"https:\/\/spcsigns.com\/wp-content\/uploads\/2020\/09\/decal-die-cut.png\" class=\"attachment-full size-full lazyload\" alt=\"\" data-srcset=\"https:\/\/spcsigns.com\/wp-content\/uploads\/2020\/09\/decal-die-cut.png 584w, https:\/\/spcsigns.com\/wp-content\/uploads\/2020\/09\/decal-die-cut-300x180.png 300w\" data-sizes=\"auto, (max-width: 584px) 100vw, 584px\" src=\"data:image\/gif;base64,R0lGODlhAQABAAAAACH5BAEKAAEALAAAAAABAAEAAAICTAEAOw==\" style=\"--smush-placeholder-width: 584px; --smush-placeholder-aspect-ratio: 584\/350;\" \/><\/div><\/div><\/div><\/div><\/div><\/div><div class=\"w-separator size_medium\"><\/div><div class=\"g-cols wpb_row via_flex valign_top type_default stacking_default\"><div class=\"vc_col-sm-6 wpb_column vc_column_container\"><div class=\"vc_column-inner\"><div class=\"wpb_wrapper\"><div class=\"wpb_text_column\"><div class=\"wpb_wrapper\"><h3><strong>D\u00e9calques et autocollants statiques en vinyle d\u00e9coup\u00e9<\/strong><\/h3>\n<p>Les autocollants statiques personnalis\u00e9s sont con\u00e7us pour tenir sur n&rsquo;importe quelle surface vitr\u00e9e sans utiliser d&rsquo;adh\u00e9sif.&nbsp; Num\u00e9ros cons\u00e9cutifs pour les autocollants de parking, impression au recto ou au verso. D\u00e9calques en vinyle de premi\u00e8re qualit\u00e9, d\u00e9coup\u00e9es \u00e0 l&#8217;emporte-pi\u00e8ce, fabriqu\u00e9es \u00e0 partir de vinyle haute performance. Ils peuvent \u00eatre imprim\u00e9s et d\u00e9coup\u00e9s \u00e0 l&#8217;emporte-pi\u00e8ce selon la forme et la quantit\u00e9 dont vous avez besoin. D&rsquo;une taille de 1\/4&Prime; \u00e0 48&Prime; de haut. Envoyez-nous un fichier ou demandez-nous de les concevoir pour vous.    <\/p>\n<\/div><\/div><\/div><\/div><\/div><div class=\"vc_col-sm-6 wpb_column vc_column_container\"><div class=\"vc_column-inner\"><div class=\"wpb_wrapper\"><div class=\"w-image align_none\"><div class=\"w-image-h\"><img decoding=\"async\" width=\"479\" height=\"350\" data-src=\"https:\/\/spcsigns.com\/wp-content\/uploads\/2020\/09\/static-cling-decals.png\" class=\"attachment-full size-full lazyload\" alt=\"\" data-srcset=\"https:\/\/spcsigns.com\/wp-content\/uploads\/2020\/09\/static-cling-decals.png 479w, https:\/\/spcsigns.com\/wp-content\/uploads\/2020\/09\/static-cling-decals-300x219.png 300w\" data-sizes=\"auto, (max-width: 479px) 100vw, 479px\" src=\"data:image\/gif;base64,R0lGODlhAQABAAAAACH5BAEKAAEALAAAAAABAAEAAAICTAEAOw==\" style=\"--smush-placeholder-width: 479px; --smush-placeholder-aspect-ratio: 479\/350;\" \/><\/div><\/div><\/div><\/div><\/div><\/div><div class=\"w-separator size_medium\"><\/div><div class=\"g-cols wpb_row via_flex valign_top type_default stacking_default\"><div class=\"vc_col-sm-6 wpb_column vc_column_container\"><div class=\"vc_column-inner\"><div class=\"wpb_wrapper\"><div class=\"wpb_text_column\"><div class=\"wpb_wrapper\"><h3><strong>D\u00e9calques et autocollants en vinyle transparent<\/strong><\/h3>\n<p>D\u00e9calques en vinyle transparent de premi\u00e8re qualit\u00e9, d\u00e9coup\u00e9es \u00e0 l&#8217;emporte-pi\u00e8ce, fabriqu\u00e9es \u00e0 partir de vinyle haute performance et recouvertes d&rsquo;un lamin\u00e9 transparent. Ils peuvent \u00eatre imprim\u00e9s et d\u00e9coup\u00e9s \u00e0 l&#8217;emporte-pi\u00e8ce selon la forme et la quantit\u00e9 dont vous avez besoin. D&rsquo;une taille aussi petite que 1\/4&Prime; \u00e0 50&Prime; de haut, \u00e0 la longueur que vous souhaitez. Envoyez-nous un fichier ou demandez-nous de les concevoir pour vous. Nous pouvons fabriquer en 1 jour, parfois le jour m\u00eame.    <\/p>\n<\/div><\/div><\/div><\/div><\/div><div class=\"vc_col-sm-6 wpb_column vc_column_container\"><div class=\"vc_column-inner\"><div class=\"wpb_wrapper\"><div class=\"w-image align_none\"><div class=\"w-image-h\"><img decoding=\"async\" width=\"584\" height=\"350\" data-src=\"https:\/\/spcsigns.com\/wp-content\/uploads\/2020\/09\/decal-die-cut.png\" class=\"attachment-full size-full lazyload\" alt=\"\" data-srcset=\"https:\/\/spcsigns.com\/wp-content\/uploads\/2020\/09\/decal-die-cut.png 584w, https:\/\/spcsigns.com\/wp-content\/uploads\/2020\/09\/decal-die-cut-300x180.png 300w\" data-sizes=\"auto, (max-width: 584px) 100vw, 584px\" src=\"data:image\/gif;base64,R0lGODlhAQABAAAAACH5BAEKAAEALAAAAAABAAEAAAICTAEAOw==\" style=\"--smush-placeholder-width: 584px; --smush-placeholder-aspect-ratio: 584\/350;\" \/><\/div><\/div><\/div><\/div><\/div><\/div><\/div><\/div><\/div><\/div><\/div><\/section>\n","protected":false},"excerpt":{"rendered":"&nbsp;D\u00c9CALQUES ET AUTOCOLLANTS EN VINYLE D\u00e9calques et autocollants en vinyle D\u00e9calques en vinyle de premi\u00e8re qualit\u00e9, d\u00e9coup\u00e9es \u00e0 l&#8217;emporte-pi\u00e8ce, fabriqu\u00e9es \u00e0 partir de vinyle haute performance et recouvertes d&rsquo;une pellicule transparente. Ils peuvent \u00eatre imprim\u00e9s et d\u00e9coup\u00e9s \u00e0 l&#8217;emporte-pi\u00e8ce selon la forme et la quantit\u00e9 dont vous avez besoin. D&rsquo;une taille aussi petite que 1\/4&Prime;...","protected":false},"author":1,"featured_media":0,"parent":0,"menu_order":0,"comment_status":"closed","ping_status":"closed","template":"","meta":{"ngg_post_thumbnail":0,"footnotes":""},"class_list":["post-3387","page","type-page","status-publish","hentry"],"_links":{"self":[{"href":"https:\/\/spcsigns.com\/fr\/wp-json\/wp\/v2\/pages\/3387","targetHints":{"allow":["GET"]}}],"collection":[{"href":"https:\/\/spcsigns.com\/fr\/wp-json\/wp\/v2\/pages"}],"about":[{"href":"https:\/\/spcsigns.com\/fr\/wp-json\/wp\/v2\/types\/page"}],"author":[{"embeddable":true,"href":"https:\/\/spcsigns.com\/fr\/wp-json\/wp\/v2\/users\/1"}],"replies":[{"embeddable":true,"href":"https:\/\/spcsigns.com\/fr\/wp-json\/wp\/v2\/comments?post=3387"}],"version-history":[{"count":1,"href":"https:\/\/spcsigns.com\/fr\/wp-json\/wp\/v2\/pages\/3387\/revisions"}],"predecessor-version":[{"id":3492,"href":"https:\/\/spcsigns.com\/fr\/wp-json\/wp\/v2\/pages\/3387\/revisions\/3492"}],"wp:attachment":[{"href":"https:\/\/spcsigns.com\/fr\/wp-json\/wp\/v2\/media?parent=3387"}],"curies":[{"name":"wp","href":"https:\/\/api.w.org\/{rel}","templated":true}]}}